{"id":6029,"date":"2025-10-20T17:13:48","date_gmt":"2025-10-20T15:13:48","guid":{"rendered":"https:\/\/valwicz.com\/?page_id=6029"},"modified":"2025-11-30T12:37:41","modified_gmt":"2025-11-30T11:37:41","slug":"personalizacja-formularza-kontaktowego","status":"publish","type":"page","link":"https:\/\/valwicz.com\/pl\/formulaire-de-contact-personnalisation\/","title":{"rendered":"Formularz kontaktowy (personalizacja)"},"content":{"rendered":"<h2 class=\"wp-block-heading has-text-align-center\">PERSONALIZACJA<\/h2>\n\n\n\n<p>Chcesz naszyjnik w 100% spersonalizowany?<br>To mo\u017cliwe i ju\u017c teraz!<br>Ju\u017c wkr\u00f3tce b\u0119dziecie mogli wybra\u0107 gatunek drewna i kamienia oraz przes\u0142a\u0107 nam sw\u00f3j projekt w specjalnej przestrzeni.<br>W mi\u0119dzyczasie mo\u017cesz si\u0119 z nami skontaktowa\u0107 za pomoc\u0105 poni\u017cszego formularza. Odpowiemy najszybciej jak to mo\u017cliwe.<br><\/p>\n\n\n\n<div class=\"wp-block-columns is-layout-flex wp-container-core-columns-is-layout-9d6595d7 wp-block-columns-is-layout-flex\">\n<div class=\"wp-block-column is-layout-flow wp-block-column-is-layout-flow\" style=\"flex-basis:33.33%\">\n<div class=\"wpcf7 no-js\" id=\"wpcf7-f6027-o1\" lang=\"fr-FR\" dir=\"ltr\" data-wpcf7-id=\"6027\">\n<div class=\"screen-reader-response\"><p role=\"status\" aria-live=\"polite\" aria-atomic=\"true\"><\/p> <ul><\/ul><\/div>\n<form action=\"\/pl\/wp-json\/wp\/v2\/pages\/6029#wpcf7-f6027-o1\" method=\"post\" class=\"wpcf7-form init\" aria-label=\"Formularz kontaktowy\" enctype=\"multipart\/form-data\" novalidate=\"novalidate\" data-status=\"init\" data-trp-original-action=\"\/pl\/wp-json\/wp\/v2\/pages\/6029#wpcf7-f6027-o1\">\n<fieldset class=\"hidden-fields-container\"><input type=\"hidden\" name=\"_wpcf7\" value=\"6027\" \/><input type=\"hidden\" name=\"_wpcf7_version\" value=\"6.1.5\" \/><input type=\"hidden\" name=\"_wpcf7_locale\" value=\"fr_FR\" \/><input type=\"hidden\" name=\"_wpcf7_unit_tag\" value=\"wpcf7-f6027-o1\" \/><input type=\"hidden\" name=\"_wpcf7_container_post\" value=\"0\" \/><input type=\"hidden\" name=\"_wpcf7_posted_data_hash\" value=\"\" \/>\n<\/fieldset>\n<p><label> Twoje imi\u0119<\/label><br \/>\n<span class=\"wpcf7-form-control-wrap\" data-name=\"your-name\"><input size=\"40\" maxlength=\"400\" class=\"wpcf7-form-control wpcf7-text wpcf7-validates-as-required\" autocomplete=\"name\" aria-required=\"true\" aria-invalid=\"false\" value=\"\" type=\"text\" name=\"your-name\" \/><\/span>\n<\/p>\n<p><label> Tw\u00f3j adres e-mail<\/label><br \/>\n<span class=\"wpcf7-form-control-wrap\" data-name=\"your-email\"><input size=\"40\" maxlength=\"400\" class=\"wpcf7-form-control wpcf7-email wpcf7-validates-as-required wpcf7-text wpcf7-validates-as-email\" autocomplete=\"email\" aria-required=\"true\" aria-invalid=\"false\" value=\"\" type=\"email\" name=\"your-email\" \/><\/span>\n<\/p>\n<p><label> Opisz naszyjnik, kt\u00f3ry chcia\u0142by\u015b otrzyma\u0107:<\/label><br \/>\n<span class=\"wpcf7-form-control-wrap\" data-name=\"your-message\"><textarea cols=\"40\" rows=\"10\" maxlength=\"2000\" class=\"wpcf7-form-control wpcf7-textarea\" aria-invalid=\"false\" name=\"your-message\"><\/textarea><\/span><br \/>\n<label> A \u017ceby wys\u0142a\u0107 nam sw\u00f3j rysunek:<\/label><br \/>\n<span class=\"wpcf7-form-control-wrap\" data-name=\"file-431\"><input size=\"40\" class=\"wpcf7-form-control wpcf7-file\" accept=\"image\/*\" aria-invalid=\"false\" type=\"file\" name=\"file-431\" \/><\/span>\n<\/p>\n<p><input class=\"wpcf7-form-control wpcf7-submit has-spinner\" type=\"submit\" value=\"Wys\u0142a\u0107\" \/>\n<\/p><div class=\"wpcf7-response-output\" aria-hidden=\"true\"><\/div>\n<input type=\"hidden\" name=\"trp-form-language\" value=\"pl\"\/><\/form>\n<\/div>\n\n<\/div>\n\n\n\n<div class=\"wp-block-column is-layout-flow wp-block-column-is-layout-flow\" style=\"flex-basis:66.66%\">\n<figure class=\"wp-block-image size-full\"><img loading=\"lazy\" decoding=\"async\" width=\"1200\" height=\"534\" src=\"https:\/\/valwicz.com\/wp-content\/uploads\/sur_mesure-1.jpg\" alt=\"\" class=\"wp-image-5178\" srcset=\"https:\/\/valwicz.com\/wp-content\/uploads\/sur_mesure-1.jpg 1200w, https:\/\/valwicz.com\/wp-content\/uploads\/sur_mesure-1-450x200.jpg 450w, https:\/\/valwicz.com\/wp-content\/uploads\/sur_mesure-1-768x342.jpg 768w, https:\/\/valwicz.com\/wp-content\/uploads\/sur_mesure-1-18x8.jpg 18w, https:\/\/valwicz.com\/wp-content\/uploads\/sur_mesure-1-200x89.jpg 200w, https:\/\/valwicz.com\/wp-content\/uploads\/sur_mesure-1-900x401.jpg 900w\" sizes=\"auto, (max-width: 1200px) 100vw, 1200px\" \/><\/figure>\n<\/div>\n<\/div>\n\n\n<div class=\"wp-block-image\">\n<figure class=\"aligncenter size-large\"><img decoding=\"async\" src=\"https:\/\/valwicz.com\/wp-content\/uploads\/separateur-3.jpg\" alt=\"\"\/><\/figure>\n<\/div>","protected":false},"excerpt":{"rendered":"<p>PERSONNALISATION Vous souhaitez un collier 100% personnalis\u00e9 ?C&rsquo;est possible, et c&rsquo;est ici !Bient\u00f4t, un espace sera d\u00e9di\u00e9 pour que vous puissiez choisir vos essences de bois et de pierre et nous proposer votre dessin.En attendant, il vous suffit de prendre contact avec nous via le formulaire ci-dessous : nous vous recontacterons dans les meilleurs d\u00e9lais.<\/p>","protected":false},"author":4,"featured_media":0,"parent":0,"menu_order":0,"comment_status":"closed","ping_status":"closed","template":"","meta":{"sfsi_plus_gutenberg_text_before_share":"","sfsi_plus_gutenberg_show_text_before_share":"","sfsi_plus_gutenberg_icon_type":"","sfsi_plus_gutenberg_icon_alignemt":"","sfsi_plus_gutenburg_max_per_row":"","footnotes":""},"class_list":["post-6029","page","type-page","status-publish","hentry"],"yoast_head":"<!-- This site is optimized with the Yoast SEO plugin v27.3 - https:\/\/yoast.com\/product\/yoast-seo-wordpress\/ -->\n<title>Formulaire de contact (personnalisation) - Valwicz<\/title>\n<meta name=\"robots\" content=\"noindex, follow\" \/>\n<meta property=\"og:locale\" content=\"pl_PL\" \/>\n<meta property=\"og:type\" content=\"article\" \/>\n<meta property=\"og:title\" content=\"Formulaire de contact (personnalisation) - Valwicz\" \/>\n<meta property=\"og:description\" content=\"PERSONNALISATION Vous souhaitez un collier 100% personnalis\u00e9 ?C&rsquo;est possible, et c&rsquo;est ici !Bient\u00f4t, un espace sera d\u00e9di\u00e9 pour que vous puissiez choisir vos essences de bois et de pierre et nous proposer votre dessin.En attendant, il vous suffit de prendre contact avec nous via le formulaire ci-dessous : nous vous recontacterons dans les meilleurs d\u00e9lais.\" \/>\n<meta property=\"og:url\" content=\"https:\/\/valwicz.com\/pl\/personalizacja-formularza-kontaktowego\/\" \/>\n<meta property=\"og:site_name\" content=\"Valwicz\" \/>\n<meta property=\"article:modified_time\" content=\"2025-11-30T11:37:41+00:00\" \/>\n<meta property=\"og:image\" content=\"https:\/\/valwicz.com\/wp-content\/uploads\/sur_mesure-1.jpg\" \/>\n\t<meta property=\"og:image:width\" content=\"1200\" \/>\n\t<meta property=\"og:image:height\" content=\"534\" \/>\n\t<meta property=\"og:image:type\" content=\"image\/jpeg\" \/>\n<meta name=\"twitter:card\" content=\"summary_large_image\" \/>\n<meta name=\"twitter:site\" content=\"@Valwicz_\" \/>\n<script type=\"application\/ld+json\" class=\"yoast-schema-graph\">{\"@context\":\"https:\\\/\\\/schema.org\",\"@graph\":[{\"@type\":\"WebPage\",\"@id\":\"https:\\\/\\\/valwicz.com\\\/formulaire-de-contact-personnalisation\\\/\",\"url\":\"https:\\\/\\\/valwicz.com\\\/formulaire-de-contact-personnalisation\\\/\",\"name\":\"Formulaire de contact (personnalisation) - Valwicz\",\"isPartOf\":{\"@id\":\"https:\\\/\\\/valwicz.com\\\/#website\"},\"primaryImageOfPage\":{\"@id\":\"https:\\\/\\\/valwicz.com\\\/formulaire-de-contact-personnalisation\\\/#primaryimage\"},\"image\":{\"@id\":\"https:\\\/\\\/valwicz.com\\\/formulaire-de-contact-personnalisation\\\/#primaryimage\"},\"thumbnailUrl\":\"https:\\\/\\\/valwicz.com\\\/wp-content\\\/uploads\\\/sur_mesure-1.jpg\",\"datePublished\":\"2025-10-20T15:13:48+00:00\",\"dateModified\":\"2025-11-30T11:37:41+00:00\",\"breadcrumb\":{\"@id\":\"https:\\\/\\\/valwicz.com\\\/formulaire-de-contact-personnalisation\\\/#breadcrumb\"},\"inLanguage\":\"pl-PL\",\"potentialAction\":[{\"@type\":\"ReadAction\",\"target\":[\"https:\\\/\\\/valwicz.com\\\/formulaire-de-contact-personnalisation\\\/\"]}]},{\"@type\":\"ImageObject\",\"inLanguage\":\"pl-PL\",\"@id\":\"https:\\\/\\\/valwicz.com\\\/formulaire-de-contact-personnalisation\\\/#primaryimage\",\"url\":\"https:\\\/\\\/valwicz.com\\\/wp-content\\\/uploads\\\/sur_mesure-1.jpg\",\"contentUrl\":\"https:\\\/\\\/valwicz.com\\\/wp-content\\\/uploads\\\/sur_mesure-1.jpg\"},{\"@type\":\"BreadcrumbList\",\"@id\":\"https:\\\/\\\/valwicz.com\\\/formulaire-de-contact-personnalisation\\\/#breadcrumb\",\"itemListElement\":[{\"@type\":\"ListItem\",\"position\":1,\"name\":\"Accueil\",\"item\":\"https:\\\/\\\/valwicz.com\\\/\"},{\"@type\":\"ListItem\",\"position\":2,\"name\":\"Formulaire de contact (personnalisation)\"}]},{\"@type\":\"WebSite\",\"@id\":\"https:\\\/\\\/valwicz.com\\\/#website\",\"url\":\"https:\\\/\\\/valwicz.com\\\/\",\"name\":\"Valwicz\",\"description\":\"Audace | El\u00e9gance | D\u00e9sinvolture\",\"publisher\":{\"@id\":\"https:\\\/\\\/valwicz.com\\\/#organization\"},\"potentialAction\":[{\"@type\":\"SearchAction\",\"target\":{\"@type\":\"EntryPoint\",\"urlTemplate\":\"https:\\\/\\\/valwicz.com\\\/?s={search_term_string}\"},\"query-input\":{\"@type\":\"PropertyValueSpecification\",\"valueRequired\":true,\"valueName\":\"search_term_string\"}}],\"inLanguage\":\"pl-PL\"},{\"@type\":\"Organization\",\"@id\":\"https:\\\/\\\/valwicz.com\\\/#organization\",\"name\":\"Valwicz\",\"url\":\"https:\\\/\\\/valwicz.com\\\/\",\"logo\":{\"@type\":\"ImageObject\",\"inLanguage\":\"pl-PL\",\"@id\":\"https:\\\/\\\/valwicz.com\\\/#\\\/schema\\\/logo\\\/image\\\/\",\"url\":\"https:\\\/\\\/valwicz.com\\\/wp-content\\\/uploads\\\/2024\\\/10\\\/cropped-logo-Valwicz.jpg\",\"contentUrl\":\"https:\\\/\\\/valwicz.com\\\/wp-content\\\/uploads\\\/2024\\\/10\\\/cropped-logo-Valwicz.jpg\",\"width\":500,\"height\":234,\"caption\":\"Valwicz\"},\"image\":{\"@id\":\"https:\\\/\\\/valwicz.com\\\/#\\\/schema\\\/logo\\\/image\\\/\"},\"sameAs\":[\"https:\\\/\\\/x.com\\\/Valwicz_\",\"https:\\\/\\\/www.instagram.com\\\/_valwicz\\\/\",\"https:\\\/\\\/fr.pinterest.com\\\/Valwicz\\\/\",\"https:\\\/\\\/www.tiktok.com\\\/@_valwicz\"]}]}<\/script>\n<!-- \/ Yoast SEO plugin. -->","yoast_head_json":{"title":"Formularz kontaktowy (personalizacja) - Valwicz","robots":{"index":"noindex","follow":"follow"},"og_locale":"pl_PL","og_type":"article","og_title":"Formulaire de contact (personnalisation) - Valwicz","og_description":"PERSONNALISATION Vous souhaitez un collier 100% personnalis\u00e9 ?C&rsquo;est possible, et c&rsquo;est ici !Bient\u00f4t, un espace sera d\u00e9di\u00e9 pour que vous puissiez choisir vos essences de bois et de pierre et nous proposer votre dessin.En attendant, il vous suffit de prendre contact avec nous via le formulaire ci-dessous : nous vous recontacterons dans les meilleurs d\u00e9lais.","og_url":"https:\/\/valwicz.com\/pl\/personalizacja-formularza-kontaktowego\/","og_site_name":"Valwicz","article_modified_time":"2025-11-30T11:37:41+00:00","og_image":[{"width":1200,"height":534,"url":"https:\/\/valwicz.com\/wp-content\/uploads\/sur_mesure-1.jpg","type":"image\/jpeg"}],"twitter_card":"summary_large_image","twitter_site":"@Valwicz_","schema":{"@context":"https:\/\/schema.org","@graph":[{"@type":"WebPage","@id":"https:\/\/valwicz.com\/formulaire-de-contact-personnalisation\/","url":"https:\/\/valwicz.com\/formulaire-de-contact-personnalisation\/","name":"Formularz kontaktowy (personalizacja) - Valwicz","isPartOf":{"@id":"https:\/\/valwicz.com\/#website"},"primaryImageOfPage":{"@id":"https:\/\/valwicz.com\/formulaire-de-contact-personnalisation\/#primaryimage"},"image":{"@id":"https:\/\/valwicz.com\/formulaire-de-contact-personnalisation\/#primaryimage"},"thumbnailUrl":"https:\/\/valwicz.com\/wp-content\/uploads\/sur_mesure-1.jpg","datePublished":"2025-10-20T15:13:48+00:00","dateModified":"2025-11-30T11:37:41+00:00","breadcrumb":{"@id":"https:\/\/valwicz.com\/formulaire-de-contact-personnalisation\/#breadcrumb"},"inLanguage":"pl-PL","potentialAction":[{"@type":"ReadAction","target":["https:\/\/valwicz.com\/formulaire-de-contact-personnalisation\/"]}]},{"@type":"ImageObject","inLanguage":"pl-PL","@id":"https:\/\/valwicz.com\/formulaire-de-contact-personnalisation\/#primaryimage","url":"https:\/\/valwicz.com\/wp-content\/uploads\/sur_mesure-1.jpg","contentUrl":"https:\/\/valwicz.com\/wp-content\/uploads\/sur_mesure-1.jpg"},{"@type":"BreadcrumbList","@id":"https:\/\/valwicz.com\/formulaire-de-contact-personnalisation\/#breadcrumb","itemListElement":[{"@type":"ListItem","position":1,"name":"Accueil","item":"https:\/\/valwicz.com\/"},{"@type":"ListItem","position":2,"name":"Formulaire de contact (personnalisation)"}]},{"@type":"WebSite","@id":"https:\/\/valwicz.com\/#website","url":"https:\/\/valwicz.com\/","name":"Valwicz","description":"\u015amia\u0142o\u015b\u0107 | Elegancja | Swoboda","publisher":{"@id":"https:\/\/valwicz.com\/#organization"},"potentialAction":[{"@type":"SearchAction","target":{"@type":"EntryPoint","urlTemplate":"https:\/\/valwicz.com\/?s={search_term_string}"},"query-input":{"@type":"PropertyValueSpecification","valueRequired":true,"valueName":"search_term_string"}}],"inLanguage":"pl-PL"},{"@type":"Organization","@id":"https:\/\/valwicz.com\/#organization","name":"Valwicz","url":"https:\/\/valwicz.com\/","logo":{"@type":"ImageObject","inLanguage":"pl-PL","@id":"https:\/\/valwicz.com\/#\/schema\/logo\/image\/","url":"https:\/\/valwicz.com\/wp-content\/uploads\/2024\/10\/cropped-logo-Valwicz.jpg","contentUrl":"https:\/\/valwicz.com\/wp-content\/uploads\/2024\/10\/cropped-logo-Valwicz.jpg","width":500,"height":234,"caption":"Valwicz"},"image":{"@id":"https:\/\/valwicz.com\/#\/schema\/logo\/image\/"},"sameAs":["https:\/\/x.com\/Valwicz_","https:\/\/www.instagram.com\/_valwicz\/","https:\/\/fr.pinterest.com\/Valwicz\/","https:\/\/www.tiktok.com\/@_valwicz"]}]}},"_links":{"self":[{"href":"https:\/\/valwicz.com\/pl\/wp-json\/wp\/v2\/pages\/6029","targetHints":{"allow":["GET"]}}],"collection":[{"href":"https:\/\/valwicz.com\/pl\/wp-json\/wp\/v2\/pages"}],"about":[{"href":"https:\/\/valwicz.com\/pl\/wp-json\/wp\/v2\/types\/page"}],"author":[{"embeddable":true,"href":"https:\/\/valwicz.com\/pl\/wp-json\/wp\/v2\/users\/4"}],"replies":[{"embeddable":true,"href":"https:\/\/valwicz.com\/pl\/wp-json\/wp\/v2\/comments?post=6029"}],"version-history":[{"count":10,"href":"https:\/\/valwicz.com\/pl\/wp-json\/wp\/v2\/pages\/6029\/revisions"}],"predecessor-version":[{"id":6078,"href":"https:\/\/valwicz.com\/pl\/wp-json\/wp\/v2\/pages\/6029\/revisions\/6078"}],"wp:attachment":[{"href":"https:\/\/valwicz.com\/pl\/wp-json\/wp\/v2\/media?parent=6029"}],"curies":[{"name":"wp","href":"https:\/\/api.w.org\/{rel}","templated":true}]}}