{"id":4237,"date":"2025-03-10T01:13:03","date_gmt":"2025-03-10T00:13:03","guid":{"rendered":"https:\/\/valwicz.com\/?page_id=4237"},"modified":"2025-11-30T12:38:48","modified_gmt":"2025-11-30T11:38:48","slug":"polityka-dostaw","status":"publish","type":"page","link":"https:\/\/valwicz.com\/pl\/politique-de-livraison\/","title":{"rendered":"Zasady dostawy"},"content":{"rendered":"<h4 class=\"wp-block-heading\"><strong>Polityka wysy\u0142ki \u2013 Valwicz.com<\/strong><\/h4>\n\n\n\n<p>Witamy w <a href=\"https:\/\/valwicz.com\/pl\/\">Valwicz.com<\/a>, Tw\u00f3j sklep internetowy z r\u0119cznie robion\u0105 bi\u017cuteri\u0105. Dok\u0142adamy wszelkich stara\u0144, aby Twoje zam\u00f3wienia by\u0142y dostarczane szybko i bezpiecznie. Szczeg\u00f3\u0142y naszej polityki dostaw znajdziesz poni\u017cej.<\/p>\n\n\n\n<hr class=\"wp-block-separator has-alpha-channel-opacity\"\/>\n\n\n\n<h3 class=\"wp-block-heading\"><strong>1. Strefy dostaw<\/strong><\/h3>\n\n\n\n<p>Realizujemy dostawy na terenie Francji, Europy i ca\u0142ego \u015bwiata.<br>W przypadku dostaw do francuskich departament\u00f3w i terytori\u00f3w zamorskich korzystamy wy\u0142\u0105cznie z us\u0142ug firmy Colissimo.<\/p>\n\n\n\n<hr class=\"wp-block-separator has-alpha-channel-opacity\"\/>\n\n\n\n<h3 class=\"wp-block-heading\"><strong>2. Terminy i koszty dostawy<\/strong><\/h3>\n\n\n\n<p>Czas i koszt dostawy r\u00f3\u017cni\u0105 si\u0119 w zale\u017cno\u015bci od miejsca docelowego i wybranego przewo\u017anika. Oto podsumowanie: <\/p>\n\n\n\n<figure class=\"wp-block-table\"><table class=\"has-fixed-layout\"><tbody><tr><td>Strefy<\/td><td>Kraj<\/td><td>Przewo\u017anik<\/td><td>Czas dostawy<\/td><td>Koszt<\/td><\/tr><tr><td>Francja metropolitalna<\/td><td>Francja, Monako, Andora<\/td><td>Colissimo<\/td><td>od 2 do 7 dni roboczych<\/td><td>5,25\u20ac<\/td><\/tr><tr><td>Europa (UE)<\/td><td>Belgia, Niemcy, Luksemburg, Holandia, Austria, Czechy, Dania, Finlandia, W\u0142ochy, Grecja, W\u0119gry, Irlandia, Polska, Portugalia, Rumunia, Rosja, S\u0142owacja, Hiszpania, Szwecja, Szwajcaria, Turcja<\/td><td>Dostarcz<\/td><td>od 3 do 8 dni roboczych<\/td><td>8,30\u20ac<\/td><\/tr><tr><td>Europa (Wielka Brytania)<\/td><td>Wielka Brytania (UK)<\/td><td>Dostarcz<\/td><td>od 3 do 18 dni roboczych<\/td><td>8,30\u20ac<\/td><\/tr><tr><td>Europa (poza UE)<\/td><td>Norwegia, Rosja, Serbia, Ukraina, Algieria, Libia, Sahara Zachodnia, Mauretania, Albania, Bo\u015bnia i Hercegowina, Guernsey, Gibraltar, Irlandia, Islandia, Jersey, Liechtenstein, Luksemburg, Macedonia P\u00f3\u0142nocna, Mo\u0142dawia<\/td><td>Dostarcz<\/td><td>od 3 do 18 dni roboczych<\/td><td>15,30\u20ac<\/td><\/tr><tr><td>Za granic\u01051<\/td><td>Saint Barth\u00e9lemy, Gujana Francuska, Gwadelupa, Martynika, Saint-Pierre i Miquelon, Reunion, Majotta<\/td><td>Colissimo<\/td><td>od 5 do 22 dni roboczych<\/td><td>12,65\u20ac<\/td><\/tr><tr><td>Zagranica 2<\/td><td>Nowa Kaledonia, Polinezja Francuska, Francuskie Terytoria Po\u0142udniowe, Wallis i Futuna<\/td><td>Colissimo<\/td><td>od 5 do 22 dni roboczych<\/td><td>12,85\u20ac<\/td><\/tr><tr><td>Afryka<\/td><td>Angola, Kamerun, Wybrze\u017ce Ko\u015bci S\u0142oniowej, Egipt, Etiopia, Ghana, Kenia, Madagaskar, Mauritius, Mozambik, Nigeria, Senegal, Republika Po\u0142udniowej Afryki, Tanzania, Zambia, Zimbabwe<\/td><td>Dostarcz<\/td><td>od 7 do 13 dni roboczych<\/td><td>15,30\u20ac<\/td><\/tr><tr><td>Azja<\/td><td>Chiny, Hongkong, Indie, Japonia, Tajlandia, Tajwan, Wietnam, Bahrajn, Bangladesz, Kambod\u017ca, Zjednoczone Emiraty Arabskie, Indonezja, Iran, Irak, Izrael, Jordania, Kazachstan, Kuwejt, Laos, Liban, Malezja, Mongolia, Nepal, Arabia Saudyjska, Oman, Pakistan, Filipiny, Singapur, Katar, Sri Lanka, Uzbekistan<\/td><td>Dostarcz<\/td><td>od 7 do 13 dni roboczych<\/td><td>15,30\u20ac<\/td><\/tr><tr><td>Ameryka P\u00f3\u0142nocna<\/td><td><br>Belize, Kanada, Kostaryka, Kuba, Dominika, Stany Zjednoczone (USA), Gwatemala, Jamajka, Meksyk, Nikaragua, Panama, Portoryko, Dominikana, Salwador<\/td><td>Colissimo<\/td><td>od 5 do 13 dni roboczych<\/td><td>33,50\u20ac<\/td><\/tr><tr><td>Ameryka Po\u0142udniowa<\/td><td>Argentyna, Boliwia, Brazylia, Chile, Kolumbia, Ekwador, Paragwaj, Peru, Urugwaj, Wenezuela<\/td><td>Dostarcz<\/td><td>od 7 do 13 dni roboczych<\/td><td>15,30\u20ac<\/td><\/tr><tr><td rowspan=\"2\">Oceania<\/td><td rowspan=\"2\">Australia, Nowa Zelandia, Nowa Kaledonia, Polinezja Francuska<\/td><td>Dostarcz<\/td><td>od 7 do 13 dni roboczych<\/td><td>15,30\u20ac<\/td><\/tr><tr><td>Colissimo<\/td><td>od 5 do 13 dni roboczych<\/td><td>33,50\u20ac<\/td><\/tr><\/tbody><\/table><\/figure>\n\n\n\n<p><br><\/p>\n\n\n\n<hr class=\"wp-block-separator has-alpha-channel-opacity\"\/>\n\n\n\n<h3 class=\"wp-block-heading\"><strong>3. Przetwarzanie zam\u00f3wie\u0144<\/strong><\/h3>\n\n\n\n<ul class=\"wp-block-list\">\n<li>Zam\u00f3wienia s\u0105 przygotowywane pod <strong>2 dni robocze<\/strong> dla standardowych przedmiot\u00f3w.<\/li>\n\n\n\n<li>W przypadku naszyjnik\u00f3w wykonywanych na zam\u00f3wienie (szczeg\u00f3lnie choker\u00f3w) czas przygotowania mo\u017ce si\u0119 wyd\u0142u\u017cy\u0107 <strong>5 dni roboczych<\/strong>.<\/li>\n\n\n\n<li>Wysy\u0142ki odbywaj\u0105 si\u0119 od poniedzia\u0142ku do pi\u0105tku (z wy\u0142\u0105czeniem \u015bwi\u0105t). Zam\u00f3wienia nie b\u0119d\u0105 realizowane w weekendy i \u015bwi\u0119ta.<\/li>\n<\/ul>\n\n\n\n<hr class=\"wp-block-separator has-alpha-channel-opacity\"\/>\n\n\n\n<h3 class=\"wp-block-heading\"><strong>4. Przewo\u017anicy<\/strong><\/h3>\n\n\n\n<p>Wsp\u00f3\u0142pracujemy z <strong>Colissimo<\/strong> I <strong>Dostarcz<\/strong>, Wsp\u00f3\u0142pracujemy z dwoma sprawdzonymi przewo\u017anikami. Numer przesy\u0142ki zostanie Ci przes\u0142any zaraz po wys\u0142aniu zam\u00f3wienia.<\/p>\n\n\n\n<hr class=\"wp-block-separator has-alpha-channel-opacity\"\/>\n\n\n\n<h3 class=\"wp-block-heading\"><strong>5. Problemy z dostaw\u0105<\/strong><\/h3>\n\n\n\n<p>Nie ponosimy odpowiedzialno\u015bci za op\u00f3\u017anienia, straty ani szkody spowodowane przez przewo\u017anik\u00f3w. Pomo\u017cemy Ci jednak z\u0142o\u017cy\u0107 reklamacj\u0119 u danego przewo\u017anika.<br>Wszelkie skargi prosimy zg\u0142asza\u0107 w podanym terminie. <strong>14 dni<\/strong> po planowanym terminie dostawy.<\/p>\n\n\n\n<hr class=\"wp-block-separator has-alpha-channel-opacity\"\/>\n\n\n\n<h3 class=\"wp-block-heading\"><strong>6. Zwroty zwi\u0105zane z dostaw\u0105<\/strong><\/h3>\n\n\n\n<p>W przypadku zwrotu przesy\u0142ki do nas (np. z powodu nieprawid\u0142owego adresu lub nieodebrania przesy\u0142ki), koszty ponownej wysy\u0142ki pokrywa Klient.<\/p>\n\n\n\n<hr class=\"wp-block-separator has-alpha-channel-opacity\"\/>\n\n\n\n<h3 class=\"wp-block-heading\"><strong>7. Opakowanie<\/strong><\/h3>\n\n\n\n<p>Bi\u017cuteria jest starannie pakowana w drewniane pude\u0142ka, s\u0142om\u0119 lub filc, aby zapewni\u0107 jej ochron\u0119 podczas transportu.<\/p>\n\n\n\n<p><\/p>","protected":false},"excerpt":{"rendered":"<p>Politique de livraison &#8211; Valwicz.com Bienvenue sur Valwicz.com, votre boutique en ligne de bijoux artisanaux. Nous mettons tout en \u0153uvre pour que vos commandes soient livr\u00e9es rapidement et en toute s\u00e9curit\u00e9. Vous trouverez ci-apr\u00e8s les d\u00e9tails de notre politique de livraison. 1. Zones de livraison Nous livrons en France, en Europe et \u00e0 l\u2019international.Pour les livraisons vers les DOM-TOM, nous utilisons exclusivement Colissimo. 2. D\u00e9lais et frais de livraison Les d\u00e9lais et frais de livraison&#8230;<\/p>","protected":false},"author":4,"featured_media":0,"parent":0,"menu_order":0,"comment_status":"closed","ping_status":"closed","template":"","meta":{"sfsi_plus_gutenberg_text_before_share":"","sfsi_plus_gutenberg_show_text_before_share":"","sfsi_plus_gutenberg_icon_type":"","sfsi_plus_gutenberg_icon_alignemt":"","sfsi_plus_gutenburg_max_per_row":"","footnotes":""},"categories":[1312],"tags":[],"class_list":["post-4237","page","type-page","status-publish","hentry","category-francais"],"yoast_head":"<!-- This site is optimized with the Yoast SEO plugin v27.3 - https:\/\/yoast.com\/product\/yoast-seo-wordpress\/ -->\n<title>Politique de Livraison - Valwicz<\/title>\n<meta name=\"robots\" content=\"noindex, follow\" \/>\n<meta property=\"og:locale\" content=\"pl_PL\" \/>\n<meta property=\"og:type\" content=\"article\" \/>\n<meta property=\"og:title\" content=\"Politique de Livraison - Valwicz\" \/>\n<meta property=\"og:description\" content=\"Politique de livraison &#8211; Valwicz.com Bienvenue sur Valwicz.com, votre boutique en ligne de bijoux artisanaux. Nous mettons tout en \u0153uvre pour que vos commandes soient livr\u00e9es rapidement et en toute s\u00e9curit\u00e9. Vous trouverez ci-apr\u00e8s les d\u00e9tails de notre politique de livraison. 1. Zones de livraison Nous livrons en France, en Europe et \u00e0 l\u2019international.Pour les livraisons vers les DOM-TOM, nous utilisons exclusivement Colissimo. 2. D\u00e9lais et frais de livraison Les d\u00e9lais et frais de livraison...\" \/>\n<meta property=\"og:url\" content=\"https:\/\/valwicz.com\/pl\/polityka-dostaw\/\" \/>\n<meta property=\"og:site_name\" content=\"Valwicz\" \/>\n<meta property=\"article:modified_time\" content=\"2025-11-30T11:38:48+00:00\" \/>\n<meta name=\"twitter:card\" content=\"summary_large_image\" \/>\n<meta name=\"twitter:site\" content=\"@Valwicz_\" \/>\n<script type=\"application\/ld+json\" class=\"yoast-schema-graph\">{\"@context\":\"https:\\\/\\\/schema.org\",\"@graph\":[{\"@type\":\"WebPage\",\"@id\":\"https:\\\/\\\/valwicz.com\\\/politique-de-livraison\\\/\",\"url\":\"https:\\\/\\\/valwicz.com\\\/politique-de-livraison\\\/\",\"name\":\"Politique de Livraison - Valwicz\",\"isPartOf\":{\"@id\":\"https:\\\/\\\/valwicz.com\\\/#website\"},\"datePublished\":\"2025-03-10T00:13:03+00:00\",\"dateModified\":\"2025-11-30T11:38:48+00:00\",\"breadcrumb\":{\"@id\":\"https:\\\/\\\/valwicz.com\\\/politique-de-livraison\\\/#breadcrumb\"},\"inLanguage\":\"pl-PL\",\"potentialAction\":[{\"@type\":\"ReadAction\",\"target\":[\"https:\\\/\\\/valwicz.com\\\/politique-de-livraison\\\/\"]}]},{\"@type\":\"BreadcrumbList\",\"@id\":\"https:\\\/\\\/valwicz.com\\\/politique-de-livraison\\\/#breadcrumb\",\"itemListElement\":[{\"@type\":\"ListItem\",\"position\":1,\"name\":\"Accueil\",\"item\":\"https:\\\/\\\/valwicz.com\\\/\"},{\"@type\":\"ListItem\",\"position\":2,\"name\":\"Politique de Livraison\"}]},{\"@type\":\"WebSite\",\"@id\":\"https:\\\/\\\/valwicz.com\\\/#website\",\"url\":\"https:\\\/\\\/valwicz.com\\\/\",\"name\":\"Valwicz\",\"description\":\"Audace | El\u00e9gance | D\u00e9sinvolture\",\"publisher\":{\"@id\":\"https:\\\/\\\/valwicz.com\\\/#organization\"},\"potentialAction\":[{\"@type\":\"SearchAction\",\"target\":{\"@type\":\"EntryPoint\",\"urlTemplate\":\"https:\\\/\\\/valwicz.com\\\/?s={search_term_string}\"},\"query-input\":{\"@type\":\"PropertyValueSpecification\",\"valueRequired\":true,\"valueName\":\"search_term_string\"}}],\"inLanguage\":\"pl-PL\"},{\"@type\":\"Organization\",\"@id\":\"https:\\\/\\\/valwicz.com\\\/#organization\",\"name\":\"Valwicz\",\"url\":\"https:\\\/\\\/valwicz.com\\\/\",\"logo\":{\"@type\":\"ImageObject\",\"inLanguage\":\"pl-PL\",\"@id\":\"https:\\\/\\\/valwicz.com\\\/#\\\/schema\\\/logo\\\/image\\\/\",\"url\":\"https:\\\/\\\/valwicz.com\\\/wp-content\\\/uploads\\\/2024\\\/10\\\/cropped-logo-Valwicz.jpg\",\"contentUrl\":\"https:\\\/\\\/valwicz.com\\\/wp-content\\\/uploads\\\/2024\\\/10\\\/cropped-logo-Valwicz.jpg\",\"width\":500,\"height\":234,\"caption\":\"Valwicz\"},\"image\":{\"@id\":\"https:\\\/\\\/valwicz.com\\\/#\\\/schema\\\/logo\\\/image\\\/\"},\"sameAs\":[\"https:\\\/\\\/x.com\\\/Valwicz_\",\"https:\\\/\\\/www.instagram.com\\\/_valwicz\\\/\",\"https:\\\/\\\/fr.pinterest.com\\\/Valwicz\\\/\",\"https:\\\/\\\/www.tiktok.com\\\/@_valwicz\"]}]}<\/script>\n<!-- \/ Yoast SEO plugin. -->","yoast_head_json":{"title":"Polityka dostaw - Valwicz","robots":{"index":"noindex","follow":"follow"},"og_locale":"pl_PL","og_type":"article","og_title":"Politique de Livraison - Valwicz","og_description":"Politique de livraison &#8211; Valwicz.com Bienvenue sur Valwicz.com, votre boutique en ligne de bijoux artisanaux. Nous mettons tout en \u0153uvre pour que vos commandes soient livr\u00e9es rapidement et en toute s\u00e9curit\u00e9. Vous trouverez ci-apr\u00e8s les d\u00e9tails de notre politique de livraison. 1. Zones de livraison Nous livrons en France, en Europe et \u00e0 l\u2019international.Pour les livraisons vers les DOM-TOM, nous utilisons exclusivement Colissimo. 2. D\u00e9lais et frais de livraison Les d\u00e9lais et frais de livraison...","og_url":"https:\/\/valwicz.com\/pl\/polityka-dostaw\/","og_site_name":"Valwicz","article_modified_time":"2025-11-30T11:38:48+00:00","twitter_card":"summary_large_image","twitter_site":"@Valwicz_","schema":{"@context":"https:\/\/schema.org","@graph":[{"@type":"WebPage","@id":"https:\/\/valwicz.com\/politique-de-livraison\/","url":"https:\/\/valwicz.com\/politique-de-livraison\/","name":"Polityka dostaw - Valwicz","isPartOf":{"@id":"https:\/\/valwicz.com\/#website"},"datePublished":"2025-03-10T00:13:03+00:00","dateModified":"2025-11-30T11:38:48+00:00","breadcrumb":{"@id":"https:\/\/valwicz.com\/politique-de-livraison\/#breadcrumb"},"inLanguage":"pl-PL","potentialAction":[{"@type":"ReadAction","target":["https:\/\/valwicz.com\/politique-de-livraison\/"]}]},{"@type":"BreadcrumbList","@id":"https:\/\/valwicz.com\/politique-de-livraison\/#breadcrumb","itemListElement":[{"@type":"ListItem","position":1,"name":"Accueil","item":"https:\/\/valwicz.com\/"},{"@type":"ListItem","position":2,"name":"Politique de Livraison"}]},{"@type":"WebSite","@id":"https:\/\/valwicz.com\/#website","url":"https:\/\/valwicz.com\/","name":"Valwicz","description":"\u015amia\u0142o\u015b\u0107 | Elegancja | Swoboda","publisher":{"@id":"https:\/\/valwicz.com\/#organization"},"potentialAction":[{"@type":"SearchAction","target":{"@type":"EntryPoint","urlTemplate":"https:\/\/valwicz.com\/?s={search_term_string}"},"query-input":{"@type":"PropertyValueSpecification","valueRequired":true,"valueName":"search_term_string"}}],"inLanguage":"pl-PL"},{"@type":"Organization","@id":"https:\/\/valwicz.com\/#organization","name":"Valwicz","url":"https:\/\/valwicz.com\/","logo":{"@type":"ImageObject","inLanguage":"pl-PL","@id":"https:\/\/valwicz.com\/#\/schema\/logo\/image\/","url":"https:\/\/valwicz.com\/wp-content\/uploads\/2024\/10\/cropped-logo-Valwicz.jpg","contentUrl":"https:\/\/valwicz.com\/wp-content\/uploads\/2024\/10\/cropped-logo-Valwicz.jpg","width":500,"height":234,"caption":"Valwicz"},"image":{"@id":"https:\/\/valwicz.com\/#\/schema\/logo\/image\/"},"sameAs":["https:\/\/x.com\/Valwicz_","https:\/\/www.instagram.com\/_valwicz\/","https:\/\/fr.pinterest.com\/Valwicz\/","https:\/\/www.tiktok.com\/@_valwicz"]}]}},"_links":{"self":[{"href":"https:\/\/valwicz.com\/pl\/wp-json\/wp\/v2\/pages\/4237","targetHints":{"allow":["GET"]}}],"collection":[{"href":"https:\/\/valwicz.com\/pl\/wp-json\/wp\/v2\/pages"}],"about":[{"href":"https:\/\/valwicz.com\/pl\/wp-json\/wp\/v2\/types\/page"}],"author":[{"embeddable":true,"href":"https:\/\/valwicz.com\/pl\/wp-json\/wp\/v2\/users\/4"}],"replies":[{"embeddable":true,"href":"https:\/\/valwicz.com\/pl\/wp-json\/wp\/v2\/comments?post=4237"}],"version-history":[{"count":2,"href":"https:\/\/valwicz.com\/pl\/wp-json\/wp\/v2\/pages\/4237\/revisions"}],"predecessor-version":[{"id":6732,"href":"https:\/\/valwicz.com\/pl\/wp-json\/wp\/v2\/pages\/4237\/revisions\/6732"}],"wp:attachment":[{"href":"https:\/\/valwicz.com\/pl\/wp-json\/wp\/v2\/media?parent=4237"}],"wp:term":[{"taxonomy":"category","embeddable":true,"href":"https:\/\/valwicz.com\/pl\/wp-json\/wp\/v2\/categories?post=4237"},{"taxonomy":"post_tag","embeddable":true,"href":"https:\/\/valwicz.com\/pl\/wp-json\/wp\/v2\/tags?post=4237"}],"curies":[{"name":"wp","href":"https:\/\/api.w.org\/{rel}","templated":true}]}}