{"id":4144,"date":"2025-03-01T19:30:04","date_gmt":"2025-03-01T18:30:04","guid":{"rendered":"https:\/\/valwicz.com\/?page_id=4144"},"modified":"2025-11-30T12:37:07","modified_gmt":"2025-11-30T11:37:07","slug":"pielegnacja-naszyjnika-z-drewna-i-kamieni-naturalnych","status":"publish","type":"page","link":"https:\/\/valwicz.com\/pl\/entretien-de-votre-collier-en-bois-et-pierres-naturelles\/","title":{"rendered":"Piel\u0119gnacja naszyjnik\u00f3w z drewna i kamieni naturalnych: porady i wskaz\u00f3wki"},"content":{"rendered":"<h2 class=\"wp-block-heading\">Jak dba\u0107 o r\u0119cznie wykonany naszyjnik z drewna i pere\u0142?<\/h2>\n\n\n\n<div class=\"wp-block-columns is-layout-flex wp-container-core-columns-is-layout-9d6595d7 wp-block-columns-is-layout-flex\">\n<div class=\"wp-block-column is-layout-flow wp-block-column-is-layout-flow\" style=\"flex-basis:100%\">\n<h3 class=\"wp-block-heading\"><strong>Dbaj o sw\u00f3j naszyjnik tak, jak dbasz o siebie.<\/strong><\/h3>\n<\/div>\n<\/div>\n\n\n\n<div class=\"wp-block-columns is-layout-flex wp-container-core-columns-is-layout-9d6595d7 wp-block-columns-is-layout-flex\">\n<div class=\"wp-block-column is-layout-flow wp-block-column-is-layout-flow\">\n<p>B\u0105d\u017acie spokojni, drogie panie, piel\u0119gnacja naszyjnika z drewna i kamieni szlachetnych zajmuje niewiele czasu! To co\u015b wi\u0119cej ni\u017c tylko bi\u017cuteria. Nosi w sobie pami\u0119\u0107 rze\u017abionego drewna, energi\u0119 kamieni, z kt\u00f3rych jest wykonany, i intencj\u0119 rzemie\u015blnika, kt\u00f3ry go wykona\u0142. <strong><em>Jak nasze w\u0142asne cia\u0142a<\/em><\/strong>, Ewoluuje z czasem, oddycha, wch\u0142ania \u017cywio\u0142y i ruchy \u017cycia. Aby zachowa\u0107 swoje pi\u0119kno i si\u0142\u0119, wymaga szczeg\u00f3lnej uwagi.<\/p>\n\n\n\n<h6 class=\"wp-block-heading\">Drewno, \u017cywy materia\u0142<\/h6>\n\n\n\n<p>Drewno mi\u0119knie i nabiera patyny, gdy jest dotykane przez sk\u00f3r\u0119, ale mo\u017ce r\u00f3wnie\u017c wyschn\u0105\u0107, je\u015bli nie zostanie poddane obr\u00f3bce. Per\u0142y, zar\u00f3wno mineralne, jak i organiczne, absorbuj\u0105 \u015bwiat\u0142o i \u015brodowisko i zas\u0142uguj\u0105 na ochron\u0119 przed agresj\u0105 zewn\u0119trzn\u0105. Dbanie o naszyjnik oznacza nie tylko przed\u0142u\u017cenie jego \u017cywotno\u015bci, ale tak\u017ce poszanowanie materia\u0142u, <strong><em>szanowa\u0107 to, co naturalne<\/em><\/strong> i pozwoli\u0107 jej rozkwitn\u0105\u0107 z czasem.<br>Dzi\u0119ki kilku prostym gestom mo\u017cesz towarzyszy\u0107 swojej bi\u017cuterii w jej podr\u00f3\u017cy, daj\u0105c jej to, czego potrzebuje, aby przetrwa\u0107 pr\u00f3b\u0119 czasu z elegancj\u0105 i autentyczno\u015bci\u0105. <br>Dowiedz si\u0119, jak konserwowa\u0107 i dba\u0107 o drewniany naszyjnik i per\u0142y, aby s\u0142u\u017cy\u0142y Ci przez d\u0142ugi czas.<\/p>\n<\/div>\n<\/div>\n\n\n\n<h6 class=\"wp-block-heading\"><strong>Unikaj wody i wilgoci<\/strong><\/h6>\n\n\n\n<p>Drewno i niekt\u00f3re rodzaje kamienia naturalnego mog\u0105 by\u0107 <strong><em>wra\u017cliwy na wod\u0119<\/em><\/strong>. Zaleca si\u0119 :<br>Zdejmij obro\u017c\u0119 przed prysznicem, k\u0105piel\u0105 lub p\u0142ywaniem.<br>Aby zachowa\u0107 drewno i per\u0142y, nale\u017cy unika\u0107 bardzo wilgotnego \u015brodowiska.<\/p>\n\n\n\n<h6 class=\"wp-block-heading\"><strong>Delikatne, naturalne czyszczenie<\/strong><\/h6>\n\n\n\n<p>U\u017cyj <strong><em>mi\u0119kka, sucha \u015bciereczka<\/em><\/strong> aby regularnie usuwa\u0107 kurz z ko\u0142nierza.<br>W przypadku drewna na\u0142\u00f3\u017c kropl\u0119 naturalnego oleju (jojoba, ze s\u0142odkich migda\u0142\u00f3w). <strong><em>raz lub dwa razy w roku<\/em><\/strong> do od\u017cywiania i ochrony materia\u0142u.<br>W przypadku kamienia mo\u017ce wystarczy\u0107 lekkie przetarcie lekko wilgotn\u0105 szmatk\u0105.<\/p>\n\n\n\n<h6 class=\"wp-block-heading\"><strong>Ochrona przed wysok\u0105 temperatur\u0105 i chemikaliami<\/strong><\/h6>\n\n\n\n<p>Nie wystawia\u0107 obro\u017cy na dzia\u0142anie <strong><em>ekstremalne temperatury<\/em><\/strong> lub <em><strong>d\u0142ugotrwa\u0142e \u015bwiat\u0142o s\u0142oneczne<\/strong><\/em>.<br>Unikaj kontaktu z perfumami, chemikaliami lub makija\u017cem, kt\u00f3re mog\u0105 uszkodzi\u0107 kamienie i drewno.<\/p>\n\n\n\n<h6 class=\"wp-block-heading\"><strong>Energetyczne \u0142adowanie kamieni <\/strong><\/h6>\n\n\n\n<p>Umie\u015b\u0107 kamienie pod lamp\u0105 <strong><em>pe\u0142nia ksi\u0119\u017cyca<\/em><\/strong> dla naturalnego uzupe\u0142nienia.<br>W przypadku niekt\u00f3rych kamieni, takich jak labradoryt, \u0142adowanie na <strong><em>klaster kwarcowy<\/em><\/strong> lub <strong><em>geoda ametystowa<\/em><\/strong> mo\u017ce by\u0107 korzystne.<\/p>\n\n\n\n<div class=\"wp-block-columns is-layout-flex wp-container-core-columns-is-layout-9d6595d7 wp-block-columns-is-layout-flex\">\n<div class=\"wp-block-column is-layout-flow wp-block-column-is-layout-flow\">\n<p>The <strong>Drewno Padouk<\/strong> to egzotyczny gatunek znany ze swoich <strong>solidno\u015b\u0107, trwa\u0142o\u015b\u0107 i pomara\u0144czowo-czerwony kolor, kt\u00f3ry zmienia si\u0119 z up\u0142ywem czasu<\/strong>. Ma jedn\u0105 godn\u0105 uwagi cech\u0119: jest <strong>poty<\/strong> pod wp\u0142ywem ciep\u0142a i wilgoci. Ta \u00abtranspiracja\u00bb odpowiada wydzielaniu si\u0119 naturalnych \u017cywic zawartych w drewnie.<\/p>\n\n\n\n<h6 class=\"wp-block-heading\"><strong>Charakterystyka drewna Padouk<\/strong><\/h6>\n\n\n\n<p><strong>Dlaczego Padouk si\u0119 poci?<\/strong><\/p>\n\n\n\n<ul class=\"wp-block-list\">\n<li>Padouk jest bogaty w \u017cywice i naturalne oleje, kt\u00f3re chroni\u0105 go przed atakami zewn\u0119trznymi (owady, grzyby, wilgo\u0107).<\/li>\n\n\n\n<li>Gdy drewno jest nara\u017cone na wzrost temperatury lub wilgotno\u015bci, substancje te wydostaj\u0105 si\u0119 na powierzchni\u0119 w postaci mikrowyciek\u00f3w.<\/li>\n\n\n\n<li>Jest to szczeg\u00f3lnie widoczne na g\u0142adkich lub lakierowanych powierzchniach, na kt\u00f3rych wysi\u0119k czasami tworzy lepk\u0105 warstw\u0119.<\/li>\n<\/ul>\n\n\n\n<p><strong>Jak dba\u0107 o drewno Padouk?<\/strong><\/p>\n\n\n\n<ul class=\"wp-block-list\">\n<li><strong><em>Czyszczenie <\/em><\/strong>Zwyk\u0142e: Przetrzyj powierzchni\u0119 mi\u0119kk\u0105, czyst\u0105 szmatk\u0105, aby usun\u0105\u0107 nadmiar \u017cywicy.<\/li>\n\n\n\n<li>Korzystanie z <strong><em>odt\u0142uszczacz <\/em><\/strong>Delikatnie: rozcie\u0144czony spirytus lub ocet mog\u0105 pom\u00f3c usun\u0105\u0107 \u017cywic\u0119 bez uszkadzania drewna.<\/li>\n\n\n\n<li><em><strong>Oliwienie<\/strong> <\/em>(opcjonalnie): Specjalny olej do drewna egzotycznego mo\u017ce pom\u00f3c ustabilizowa\u0107 powierzchni\u0119 i ograniczy\u0107 podnoszenie si\u0119.<\/li>\n\n\n\n<li><strong><em>Szlifowanie <\/em><\/strong>W razie potrzeby lekkie szlifowanie: Je\u015bli przesi\u0105kanie stanie si\u0119 zbyt du\u017ce, lekkie szlifowanie za pomoc\u0105 g\u0105bki \u015bciernej mo\u017ce pom\u00f3c otworzy\u0107 pory drewna i ograniczy\u0107 to zjawisko.<\/li>\n<\/ul>\n<\/div>\n<\/div>\n\n\n\n<h6 class=\"wp-block-heading\">Informacje praktyczne<\/h6>\n\n\n\n<p>Mo\u017cesz odkry\u0107 nasze kolekcje r\u0119cznie wykonanych kreacji, klikaj\u0105c ten link <a href=\"https:\/\/valwicz.com\/pl\/kreacje\/\">link<\/a>. Ponadto, je\u015bli chcieliby Pa\u0144stwo porozmawia\u0107 o piel\u0119gnacji naszyjnika z drewna i kamieni lub zada\u0107 pytanie, zapraszamy do do\u0142\u0105czenia do naszego <a href=\"https:\/\/valwicz.com\/pl\/kontakt\/\">przestrze\u0144 do wymiany<\/a> dedykowane.<\/p>\n\n\n\n<p>I wreszcie.., <a href=\"https:\/\/valwicz.com\/pl\/pracownia-valwicz-rekodzielo-i-wyjatkowa-bizuteria\/\">warsztat<\/a> otwiera r\u00f3wnie\u017c swoje podwoje dla ca\u0142kowitego zanurzenia si\u0119 w \u015bwiecie Valwicza.<\/p>\n\n\n\n<div class=\"wp-block-columns is-layout-flex wp-container-core-columns-is-layout-9d6595d7 wp-block-columns-is-layout-flex\">\n<div class=\"wp-block-column is-layout-flow wp-block-column-is-layout-flow\"><\/div>\n\n\n\n<div class=\"wp-block-column is-vertically-aligned-center is-layout-flow wp-block-column-is-layout-flow\"><div class=\"sfsi_plus_widget\"><div id=\"sfsi_plus_wDiv\"><\/div><div class=\"sfsiplus_norm_row sfsi_plus_wDiv\"  style=\"width:270px;position:absolute;;text-align:center\"><div style='width:40px; height:auto;margin-left:5px;margin-bottom:5px;' class='sfsi_plus_wicons shuffeldiv1'><div class='sfsiplus_inerCnt'><a class='sficn1' data-effect='scale' target='_blank' rel='noopener'  href='https:\/\/valwicz.com\/pl\/feed\/'  style='width:40px; height:40px;opacity:1;' ><img alt='RSS' title='RSS' src='https:\/\/valwicz.com\/wp-content\/plugins\/ultimate-social-media-plus\/images\/icons_theme\/thin\/thin_rss.png' width='40' height='40' style='' class='sfcm sfsi_wicon sfsiplusid_round_icon_rss' data-effect='scale'  \/><\/a><\/div><\/div><div style='width:40px; height:auto;margin-left:5px;margin-bottom:5px;' class='sfsi_plus_wicons shuffeldiv1'><div class='sfsiplus_inerCnt'><a class='sficn1' data-effect='scale'   href='javascript:void(0);'  style='width:40px; height:40px;opacity:1;' ><img alt='Pinterest' title='Pinterest' src='https:\/\/valwicz.com\/wp-content\/plugins\/ultimate-social-media-plus\/images\/icons_theme\/thin\/thin_pinterest.png' width='40' height='40' style='' class='sfcm sfsi_wicon sfsiplusid_round_icon_pinterest' data-effect='scale'  \/><\/a><div class=\"sfsi_plus_tool_tip_2 sfsi_plus_printst_tool_bdr sfsi_plus_Tlleft sfsiplusid_pinterest\" style=\"display:block;width:73px;opacity:0;z-index:-1;\"><span class=\"bot_arow bot_pintst_arow\"><\/span><div class=\"sfsi_plus_inside\"><div  class='icon1'><a href='https:\/\/fr.pinterest.com\/Valwicz\/' target='_blank' rel='noopener'><img data-pin-nopin='true' class='sfsi_wicon'  alt='Pinterest' title='Pinterest' src='https:\/\/valwicz.com\/wp-content\/plugins\/ultimate-social-media-plus\/images\/visit_icons\/pinterest.png' \/><\/a><\/div><div  class='icon2'><a data-pin-custom='true' href='https:\/\/www.pinterest.com\/pin\/create\/button\/?url=https:\/\/valwicz.com\/pl\/wp-json\/wp\/v2\/pages\/4144' target='_blank' rel='noopener'><img class='sfsi_wicon' data-pin-nopin='true' alt='fb-share-icon' title='Pin Share' src='https:\/\/valwicz.com\/wp-content\/plugins\/ultimate-social-media-plus\/images\/share_icons\/Pinterest_Save\/fr_FR_save.svg' \/><\/a><\/div><\/div><\/div><\/div><\/div><div style='width:40px; height:auto;margin-left:5px;margin-bottom:5px;' class='sfsi_plus_wicons shuffeldiv1'><div class='sfsiplus_inerCnt'><a class='sficn1' data-effect='scale' target='_blank' rel='noopener'  href='https:\/\/www.facebook.com\/profile.php?id=61573895648767'  style='width:40px; height:40px;opacity:1;' ><img alt='Facebook' title='Facebook' src='https:\/\/valwicz.com\/wp-content\/plugins\/ultimate-social-media-plus\/images\/icons_theme\/thin\/thin_fb.png' width='40' height='40' style='' class='sfcm sfsi_wicon sfsiplusid_round_icon_facebook' data-effect='scale'  \/><\/a><div class=\"sfsi_plus_tool_tip_2 sfsi_plus_fb_tool_bdr sfsi_plus_Tlleft sfsiplusid_facebook\" style=\"display:block;width:62px;opacity:0;z-index:-1;\"><span class=\"bot_arow bot_fb_arow\"><\/span><div class=\"sfsi_plus_inside\"><div  class='icon1'><a href='https:\/\/www.facebook.com\/profile.php?id=61573895648767' target='_blank' rel='noopener'><img class='sfsi_plus_wicon' alt='Facebook' title='Facebook' src='https:\/\/valwicz.com\/wp-content\/plugins\/ultimate-social-media-plus\/images\/visit_icons\/Visit_us_fb\/icon_Visit_us_en_US.png'  \/><\/a><\/div><div  class='icon2'><div class=\"fb-like\" data-width=\"180\" data-show-faces=\"false\" data-href=\"https%3A%2F%2Fvalwicz.com%2Fpl%2Fwp-json%2Fwp%2Fv2%2Fpages%2F4144%2F\" data-layout=\"button\" data-action=\"like\" data-share=\"false\" ><\/div><\/div><div  class='icon3'><a target='_blank' href='https:\/\/www.facebook.com\/sharer\/sharer.php?u=https%3A%2F%2Fvalwicz.com%2Fpl%2Fwp-json%2Fwp%2Fv2%2Fpages%2F4144' style='display:inline-block;'> <img class='sfsi_wicon'  data-pin-nopin='true' width='auto' height='auto' alt='fb-share-icon' title='Facebook Udost\u0119pnij' src='https:\/\/valwicz.com\/wp-content\/plugins\/ultimate-social-media-plus\/images\/share_icons\/fb_icons\/fr_FR.svg'' \/><\/a><\/div><\/div><\/div><\/div><\/div><div style='width:40px; height:auto;margin-left:5px;margin-bottom:5px;' class='sfsi_plus_wicons shuffeldiv1'><div class='sfsiplus_inerCnt'><a class='sficn1' data-effect='scale' target='_blank' rel='noopener'  href='https:\/\/www.instagram.com\/valwicz__\/'  style='width:40px; height:40px;opacity:1;' ><img alt='Instagram' title='Instagram' src='https:\/\/valwicz.com\/wp-content\/plugins\/ultimate-social-media-plus\/images\/icons_theme\/thin\/thin_instagram.png' width='40' height='40' style='' class='sfcm sfsi_wicon sfsiplusid_round_icon_instagram' data-effect='scale'  \/><\/a><\/div><\/div><div style='width:40px; height:auto;margin-left:5px;margin-bottom:5px;' class='sfsi_plus_wicons shuffeldiv1'><div class='sfsiplus_inerCnt'><a class='sficn1' data-effect='scale' target='_blank' rel='noopener'  href='https:\/\/x.com\/Valwicz_'  style='width:40px; height:40px;opacity:1;' ><img alt='X (Twitter)' title='X (Twitter)' src='https:\/\/valwicz.com\/wp-content\/plugins\/ultimate-social-media-plus\/images\/icons_theme\/thin\/thin_twitter.png' width='40' height='40' style='' class='sfcm sfsi_wicon sfsiplusid_round_icon_twitter' data-effect='scale'  \/><\/a><div class=\"sfsi_plus_tool_tip_2 sfsi_plus_twt_tool_bdr sfsi_plus_Tlleft sfsiplusid_twitter\" style=\"display:block;width:59px;opacity:0;z-index:-1;\"><span class=\"bot_arow bot_twt_arow\"><\/span><div class=\"sfsi_plus_inside\"><style>#sfsi_plus_floater .sfsi_plus_twt_tool_bdr .sfsi_plus_inside{margin-top: -18px;}<\/style><div  class='cstmicon1'><a href='https:\/\/x.com\/Valwicz_' target='_blank' rel='noopener'><img class='sfsi_plus_wicon' alt='Odwied\u017a nas' title='Odwied\u017a nas' src='https:\/\/valwicz.com\/wp-content\/plugins\/ultimate-social-media-plus\/images\/visit_icons\/Visit_us_twitter\/icon_Visit_us_en_US.png'  \/><\/a><\/div><div  class='icon1'><a target='_blank' rel='noopener' href='https:\/\/twitter.com\/intent\/user?screen_name=Valwicz'><img nopin='nopin' width='auto' src='https:\/\/valwicz.com\/wp-content\/plugins\/ultimate-social-media-plus\/images\/share_icons\/Twitter_Follow\/fr_FR_Follow.svg' class='sfsi_premium_wicon' alt='Pod\u0105\u017caj za mn\u0105' title='Pod\u0105\u017caj za mn\u0105' style='opacity: 1;''><\/a><\/div><div  class='icon2'><div class='sf_twiter' style='display: inline-block;vertical-align: middle;width: auto;'>\n\t\t\t\t\t\t<a target='_blank' href='https:\/\/x.com\/intent\/post?text=site+de+vente+de+bijou+artisanal%3A+valwicz.com+%23BijouxArtisanal+via%40Valwicz https:\/\/valwicz.com\/pl\/wp-json\/wp\/v2\/pages\/4144'style='display:inline-block' >\n\t\t\t\t\t\t\t<img nopin=\"nopin\" width='auto' class='sfsi_plus_wicon' src='https:\/\/valwicz.com\/wp-content\/plugins\/ultimate-social-media-plus\/images\/share_icons\/Twitter_Tweet\/fr_FR_Tweet.svg' alt='Tweet' title='Tweet' >\n\t\t\t\t\t\t<\/a>\n\t\t\t\t\t<\/div><\/div><\/div><\/div><\/div><\/div><div style='width:40px; height:auto;margin-left:5px;margin-bottom:5px;' class='sfsi_plus_wicons shuffeldiv1'><div class='sfsiplus_inerCnt'><a class='sficn1' data-effect='scale' target='_blank' rel='noopener'  href='https:\/\/www.youtube.com\/@Valwicz-Les-Colliers'  style='width:40px; height:40px;opacity:1;' ><img alt='YouTube' title='YouTube' src='https:\/\/valwicz.com\/wp-content\/plugins\/ultimate-social-media-plus\/images\/icons_theme\/thin\/thin_youtube.png' width='40' height='40' style='' class='sfcm sfsi_wicon sfsiplusid_round_icon_youtube' data-effect='scale'  \/><\/a><div class=\"sfsi_plus_tool_tip_2 utube_tool_bdr sfsi_plus_Tlleft sfsiplusid_youtube\" style=\"display:block;width:96px;opacity:0;z-index:-1;\"><span class=\"bot_arow bot_utube_arow\"><\/span><div class=\"sfsi_plus_inside\"><div  class='icon1'><a href='https:\/\/www.youtube.com\/@Valwicz-Les-Colliers'  target='_blank' rel='noopener'><img class='sfsi_plus_wicon' alt='YouTube' title='YouTube' src='https:\/\/valwicz.com\/wp-content\/plugins\/ultimate-social-media-plus\/images\/visit_icons\/youtube.png'  \/><\/a><\/div><div  class='icon2'><div class=\"g-ytsubscribe\" data-channelid=\"UCu4iaWzioeUxGWQGAxdJGeQ\" data-layout=\"default\" data-count=\"hidden\"><\/div><\/div><\/div><\/div><\/div><\/div><\/div><div id=\"sfsi_holder\" class=\"sfsi_plus_holders\" style=\"position: relative; float: left;width:100%;z-index:-1;\"><\/div><script><\/script><div style=\"clear: both;\"><\/div><\/div>\n<\/div>\n\n\n\n<div class=\"wp-block-column is-layout-flow wp-block-column-is-layout-flow\"><\/div>\n<\/div>\n\n\n\n<p><\/p>\n\n\n\n<p><\/p>","protected":false},"excerpt":{"rendered":"<p>Comment entretenir votre collier artisanal en bois et perles ? Prendre soin de son collier, comme on prend soin de soi Je vous rassure Mesdames, l&rsquo;entretien d&rsquo;un collier en bois et en pierres ne n\u00e9cessite que peu de temps ! Il est bien plus qu\u2019un simple bijou. Il porte en lui la m\u00e9moire du bois sculpt\u00e9, l\u2019\u00e9nergie des pierres qui le composent et l\u2019intention de l\u2019artisan qui l\u2019a fa\u00e7onn\u00e9. Comme notre propre corps, il \u00e9volue&#8230;<\/p>","protected":false},"author":3,"featured_media":0,"parent":0,"menu_order":0,"comment_status":"closed","ping_status":"closed","template":"","meta":{"sfsi_plus_gutenberg_text_before_share":"","sfsi_plus_gutenberg_show_text_before_share":"","sfsi_plus_gutenberg_icon_type":"","sfsi_plus_gutenberg_icon_alignemt":"","sfsi_plus_gutenburg_max_per_row":"","footnotes":""},"categories":[1312],"tags":[],"class_list":["post-4144","page","type-page","status-publish","hentry","category-francais"],"yoast_head":"<!-- This site is optimized with the Yoast SEO plugin v27.3 - https:\/\/yoast.com\/product\/yoast-seo-wordpress\/ -->\n<title>Entretien collier bois et pierres | conseils et astuces - Valwicz<\/title>\n<meta name=\"description\" content=\"D\u00e9couvrez nos conseils d&#039;entretien du collier en bois et pierres naturelles : nettoyage, protection, astuces pour pr\u00e9server sa beaut\u00e9.\" \/>\n<meta name=\"robots\" content=\"noindex, follow\" \/>\n<meta property=\"og:locale\" content=\"pl_PL\" \/>\n<meta property=\"og:type\" content=\"article\" \/>\n<meta property=\"og:title\" content=\"Entretien collier bois et pierres | conseils et astuces - Valwicz\" \/>\n<meta property=\"og:description\" content=\"D\u00e9couvrez nos conseils d&#039;entretien du collier en bois et pierres naturelles : nettoyage, protection, astuces pour pr\u00e9server sa beaut\u00e9.\" \/>\n<meta property=\"og:url\" content=\"https:\/\/valwicz.com\/pl\/pielegnacja-naszyjnika-z-drewna-i-kamieni-naturalnych\/\" \/>\n<meta property=\"og:site_name\" content=\"Valwicz\" \/>\n<meta property=\"article:modified_time\" content=\"2025-11-30T11:37:07+00:00\" \/>\n<meta name=\"twitter:card\" content=\"summary_large_image\" \/>\n<meta name=\"twitter:site\" content=\"@Valwicz_\" \/>\n<script type=\"application\/ld+json\" class=\"yoast-schema-graph\">{\"@context\":\"https:\\\/\\\/schema.org\",\"@graph\":[{\"@type\":\"WebPage\",\"@id\":\"https:\\\/\\\/valwicz.com\\\/entretien-de-votre-collier-en-bois-et-pierres-naturelles\\\/\",\"url\":\"https:\\\/\\\/valwicz.com\\\/entretien-de-votre-collier-en-bois-et-pierres-naturelles\\\/\",\"name\":\"Entretien collier bois et pierres | conseils et astuces - Valwicz\",\"isPartOf\":{\"@id\":\"https:\\\/\\\/valwicz.com\\\/#website\"},\"datePublished\":\"2025-03-01T18:30:04+00:00\",\"dateModified\":\"2025-11-30T11:37:07+00:00\",\"description\":\"D\u00e9couvrez nos conseils d'entretien du collier en bois et pierres naturelles : nettoyage, protection, astuces pour pr\u00e9server sa beaut\u00e9.\",\"breadcrumb\":{\"@id\":\"https:\\\/\\\/valwicz.com\\\/entretien-de-votre-collier-en-bois-et-pierres-naturelles\\\/#breadcrumb\"},\"inLanguage\":\"pl-PL\",\"potentialAction\":[{\"@type\":\"ReadAction\",\"target\":[\"https:\\\/\\\/valwicz.com\\\/entretien-de-votre-collier-en-bois-et-pierres-naturelles\\\/\"]}]},{\"@type\":\"BreadcrumbList\",\"@id\":\"https:\\\/\\\/valwicz.com\\\/entretien-de-votre-collier-en-bois-et-pierres-naturelles\\\/#breadcrumb\",\"itemListElement\":[{\"@type\":\"ListItem\",\"position\":1,\"name\":\"Accueil\",\"item\":\"https:\\\/\\\/valwicz.com\\\/\"},{\"@type\":\"ListItem\",\"position\":2,\"name\":\"Entretien des colliers en bois et pierres naturelles : conseils et astuces\"}]},{\"@type\":\"WebSite\",\"@id\":\"https:\\\/\\\/valwicz.com\\\/#website\",\"url\":\"https:\\\/\\\/valwicz.com\\\/\",\"name\":\"Valwicz\",\"description\":\"Audace | El\u00e9gance | D\u00e9sinvolture\",\"publisher\":{\"@id\":\"https:\\\/\\\/valwicz.com\\\/#organization\"},\"potentialAction\":[{\"@type\":\"SearchAction\",\"target\":{\"@type\":\"EntryPoint\",\"urlTemplate\":\"https:\\\/\\\/valwicz.com\\\/?s={search_term_string}\"},\"query-input\":{\"@type\":\"PropertyValueSpecification\",\"valueRequired\":true,\"valueName\":\"search_term_string\"}}],\"inLanguage\":\"pl-PL\"},{\"@type\":\"Organization\",\"@id\":\"https:\\\/\\\/valwicz.com\\\/#organization\",\"name\":\"Valwicz\",\"url\":\"https:\\\/\\\/valwicz.com\\\/\",\"logo\":{\"@type\":\"ImageObject\",\"inLanguage\":\"pl-PL\",\"@id\":\"https:\\\/\\\/valwicz.com\\\/#\\\/schema\\\/logo\\\/image\\\/\",\"url\":\"https:\\\/\\\/valwicz.com\\\/wp-content\\\/uploads\\\/2024\\\/10\\\/cropped-logo-Valwicz.jpg\",\"contentUrl\":\"https:\\\/\\\/valwicz.com\\\/wp-content\\\/uploads\\\/2024\\\/10\\\/cropped-logo-Valwicz.jpg\",\"width\":500,\"height\":234,\"caption\":\"Valwicz\"},\"image\":{\"@id\":\"https:\\\/\\\/valwicz.com\\\/#\\\/schema\\\/logo\\\/image\\\/\"},\"sameAs\":[\"https:\\\/\\\/x.com\\\/Valwicz_\",\"https:\\\/\\\/www.instagram.com\\\/_valwicz\\\/\",\"https:\\\/\\\/fr.pinterest.com\\\/Valwicz\\\/\",\"https:\\\/\\\/www.tiktok.com\\\/@_valwicz\"]}]}<\/script>\n<!-- \/ Yoast SEO plugin. -->","yoast_head_json":{"title":"Piel\u0119gnacja naszyjnika z drewna i kamienia | Porady i triki - Valwicz","description":"Odkryj nasze wskaz\u00f3wki dotycz\u0105ce piel\u0119gnacji naszyjnika z drewna i kamieni naturalnych: czyszczenie, ochrona, wskaz\u00f3wki, jak zachowa\u0107 jego pi\u0119kno.","robots":{"index":"noindex","follow":"follow"},"og_locale":"pl_PL","og_type":"article","og_title":"Entretien collier bois et pierres | conseils et astuces - Valwicz","og_description":"D\u00e9couvrez nos conseils d'entretien du collier en bois et pierres naturelles : nettoyage, protection, astuces pour pr\u00e9server sa beaut\u00e9.","og_url":"https:\/\/valwicz.com\/pl\/pielegnacja-naszyjnika-z-drewna-i-kamieni-naturalnych\/","og_site_name":"Valwicz","article_modified_time":"2025-11-30T11:37:07+00:00","twitter_card":"summary_large_image","twitter_site":"@Valwicz_","schema":{"@context":"https:\/\/schema.org","@graph":[{"@type":"WebPage","@id":"https:\/\/valwicz.com\/entretien-de-votre-collier-en-bois-et-pierres-naturelles\/","url":"https:\/\/valwicz.com\/entretien-de-votre-collier-en-bois-et-pierres-naturelles\/","name":"Piel\u0119gnacja naszyjnika z drewna i kamienia | Porady i triki - Valwicz","isPartOf":{"@id":"https:\/\/valwicz.com\/#website"},"datePublished":"2025-03-01T18:30:04+00:00","dateModified":"2025-11-30T11:37:07+00:00","description":"Odkryj nasze wskaz\u00f3wki dotycz\u0105ce piel\u0119gnacji naszyjnika z drewna i kamieni naturalnych: czyszczenie, ochrona, wskaz\u00f3wki, jak zachowa\u0107 jego pi\u0119kno.","breadcrumb":{"@id":"https:\/\/valwicz.com\/entretien-de-votre-collier-en-bois-et-pierres-naturelles\/#breadcrumb"},"inLanguage":"pl-PL","potentialAction":[{"@type":"ReadAction","target":["https:\/\/valwicz.com\/entretien-de-votre-collier-en-bois-et-pierres-naturelles\/"]}]},{"@type":"BreadcrumbList","@id":"https:\/\/valwicz.com\/entretien-de-votre-collier-en-bois-et-pierres-naturelles\/#breadcrumb","itemListElement":[{"@type":"ListItem","position":1,"name":"Accueil","item":"https:\/\/valwicz.com\/"},{"@type":"ListItem","position":2,"name":"Entretien des colliers en bois et pierres naturelles : conseils et astuces"}]},{"@type":"WebSite","@id":"https:\/\/valwicz.com\/#website","url":"https:\/\/valwicz.com\/","name":"Valwicz","description":"\u015amia\u0142o\u015b\u0107 | Elegancja | Swoboda","publisher":{"@id":"https:\/\/valwicz.com\/#organization"},"potentialAction":[{"@type":"SearchAction","target":{"@type":"EntryPoint","urlTemplate":"https:\/\/valwicz.com\/?s={search_term_string}"},"query-input":{"@type":"PropertyValueSpecification","valueRequired":true,"valueName":"search_term_string"}}],"inLanguage":"pl-PL"},{"@type":"Organization","@id":"https:\/\/valwicz.com\/#organization","name":"Valwicz","url":"https:\/\/valwicz.com\/","logo":{"@type":"ImageObject","inLanguage":"pl-PL","@id":"https:\/\/valwicz.com\/#\/schema\/logo\/image\/","url":"https:\/\/valwicz.com\/wp-content\/uploads\/2024\/10\/cropped-logo-Valwicz.jpg","contentUrl":"https:\/\/valwicz.com\/wp-content\/uploads\/2024\/10\/cropped-logo-Valwicz.jpg","width":500,"height":234,"caption":"Valwicz"},"image":{"@id":"https:\/\/valwicz.com\/#\/schema\/logo\/image\/"},"sameAs":["https:\/\/x.com\/Valwicz_","https:\/\/www.instagram.com\/_valwicz\/","https:\/\/fr.pinterest.com\/Valwicz\/","https:\/\/www.tiktok.com\/@_valwicz"]}]}},"_links":{"self":[{"href":"https:\/\/valwicz.com\/pl\/wp-json\/wp\/v2\/pages\/4144","targetHints":{"allow":["GET"]}}],"collection":[{"href":"https:\/\/valwicz.com\/pl\/wp-json\/wp\/v2\/pages"}],"about":[{"href":"https:\/\/valwicz.com\/pl\/wp-json\/wp\/v2\/types\/page"}],"author":[{"embeddable":true,"href":"https:\/\/valwicz.com\/pl\/wp-json\/wp\/v2\/users\/3"}],"replies":[{"embeddable":true,"href":"https:\/\/valwicz.com\/pl\/wp-json\/wp\/v2\/comments?post=4144"}],"version-history":[{"count":2,"href":"https:\/\/valwicz.com\/pl\/wp-json\/wp\/v2\/pages\/4144\/revisions"}],"predecessor-version":[{"id":6727,"href":"https:\/\/valwicz.com\/pl\/wp-json\/wp\/v2\/pages\/4144\/revisions\/6727"}],"wp:attachment":[{"href":"https:\/\/valwicz.com\/pl\/wp-json\/wp\/v2\/media?parent=4144"}],"wp:term":[{"taxonomy":"category","embeddable":true,"href":"https:\/\/valwicz.com\/pl\/wp-json\/wp\/v2\/categories?post=4144"},{"taxonomy":"post_tag","embeddable":true,"href":"https:\/\/valwicz.com\/pl\/wp-json\/wp\/v2\/tags?post=4144"}],"curies":[{"name":"wp","href":"https:\/\/api.w.org\/{rel}","templated":true}]}}