{"id":3,"date":"2023-11-08T16:25:17","date_gmt":"2023-11-08T15:25:17","guid":{"rendered":"https:\/\/valwicz.com\/\/?page_id=3"},"modified":"2025-11-30T12:38:26","modified_gmt":"2025-11-30T11:38:26","slug":"polityka-prywatnosci","status":"publish","type":"page","link":"https:\/\/valwicz.com\/pl\/politique-de-confidentialite\/","title":{"rendered":"Polityka prywatno\u015bci"},"content":{"rendered":"<h2 class=\"wp-block-heading\">Kim jeste\u015bmy?<\/h2>\n\n\n\n<p>Valwicz.com to serwis wydawany przez firm\u0119 Valwicz, reprezentowan\u0105 przez Jean-Val\u00e9ry&#039;ego THORAVALA, dyrektora publikacji.<\/p>\n\n\n\n<p>Head office: 6, Rue Guillaume d&#039;Autignac 34070 MONTPELLIER<\/p>\n\n\n\n<p>Adres kontaktowy: contact@valwicz.com<\/p>\n\n\n\n<p>Telefon: 06 64 40 46 63<\/p>\n\n\n\n<p>Tytu\u0142, projekt, forma i tre\u015b\u0107 witryny internetowej&nbsp;<a href=\"https:\/\/valwicz.com\/pl\/\">https:\/\/valwicz.com<\/a>&nbsp;s\u0105 jego w\u0142asno\u015bci\u0105.<\/p>\n\n\n\n<p>Informacje o Tobie zbierane s\u0105 za po\u015brednictwem rejestracji i plik\u00f3w cookie.<br>Gromadzenie danych odbywa si\u0119 zgodnie z przepisami dotycz\u0105cymi ochrony danych osobowych.<\/p>\n\n\n\n<p>Masz prawo dost\u0119pu, modyfikacji, sprostowania i usuni\u0119cia danych, kt\u00f3re Ci\u0119 dotycz\u0105 (ustawa o ochronie danych osobowych z dnia 6 stycznia 1978 r.).<br>W razie pyta\u0144 prosimy o kontakt poprzez stron\u0119 kontaktow\u0105.<\/p>\n\n\n\n<p>Hosting: LWS \u2013 10, RUE PENTHIEVRE 75008 PARIS FRANCE<\/p>\n\n\n\n<h2 class=\"wp-block-heading\">Uwagi<\/h2>\n\n\n\n<p>Kiedy zostawiasz komentarz na naszej stronie, dane wpisane w formularzu komentarza, a tak\u017ce Tw\u00f3j adres IP i nazwa u\u017cytkownika przegl\u0105darki, s\u0105 gromadzone w celu u\u0142atwienia wykrywania spamu.<\/p>\n\n\n\n<p>Zanonimizowany ci\u0105g znak\u00f3w utworzony na podstawie Twojego adresu e-mail (nazywany r\u00f3wnie\u017c hashem) mo\u017ce zosta\u0107 wys\u0142any do us\u0142ugi Gravatar w celu sprawdzenia, czy z niej korzystasz. Polityka prywatno\u015bci us\u0142ugi Gravatar jest dost\u0119pna tutaj: https:\/\/automattic.com\/privacy\/. Po zatwierdzeniu komentarza, Twoje zdj\u0119cie profilowe b\u0119dzie publicznie widoczne obok komentarza.<\/p>\n\n\n\n<h2 class=\"wp-block-heading\">G\u0142oska bezd\u017awi\u0119czna<\/h2>\n\n\n\n<p>Je\u015bli przesy\u0142asz na stron\u0119 obrazy, zalecamy unikanie przesy\u0142ania obraz\u00f3w zawieraj\u0105cych dane wsp\u00f3\u0142rz\u0119dnych GPS EXIF. Osoby odwiedzaj\u0105ce Twoj\u0105 stron\u0119 mog\u0105 pobra\u0107 i wyodr\u0119bni\u0107 dane o lokalizacji z tych obraz\u00f3w.<\/p>\n\n\n\n<h2 class=\"wp-block-heading\">Ciastka<\/h2>\n\n\n\n<p>Je\u015bli zostawisz komentarz na naszej stronie, zostanie Ci zaoferowana opcja zapisania Twojego imienia i nazwiska, adresu e-mail oraz adresu witryny w plikach cookie. S\u0142u\u017cy to wy\u0142\u0105cznie Twojej wygodzie, aby\u015b nie musia\u0142 ponownie wprowadza\u0107 tych danych, je\u015bli p\u00f3\u017aniej zostawisz kolejny komentarz. Te pliki cookie wygasaj\u0105 po roku.<\/p>\n\n\n\n<p>Je\u015bli odwiedzisz stron\u0119 logowania, zostanie utworzony tymczasowy plik cookie, kt\u00f3ry sprawdzi, czy Twoja przegl\u0105darka akceptuje pliki cookie. Ten plik cookie nie zawiera \u017cadnych danych osobowych i zostanie automatycznie usuni\u0119ty po zamkni\u0119ciu przegl\u0105darki.<\/p>\n\n\n\n<p>Po zalogowaniu ustawimy kilka plik\u00f3w cookie, aby zapisa\u0107 Twoje dane logowania i preferencje ekranu. Pliki cookie logowania s\u0105 przechowywane przez dwa dni, a pliki cookie opcji ekranu przez rok. Je\u015bli zaznaczysz opcj\u0119 \u00abZapami\u0119taj mnie\u00bb, plik cookie logowania b\u0119dzie przechowywany przez dwa tygodnie. Je\u015bli wylogujesz si\u0119 z konta, plik cookie logowania zostanie usuni\u0119ty.<\/p>\n\n\n\n<p>Gdy edytujesz lub publikujesz post, w Twojej przegl\u0105darce zostanie zapisany dodatkowy plik cookie. Ten plik cookie nie zawiera \u017cadnych danych osobowych. Wskazuje on jedynie identyfikator edytowanego posta. Wygasa po jednym dniu.<\/p>\n\n\n\n<h2 class=\"wp-block-heading\">Tre\u015bci osadzone z innych witryn internetowych<\/h2>\n\n\n\n<p>Artyku\u0142y na tej stronie mog\u0105 zawiera\u0107 osadzone tre\u015bci (np. filmy, obrazy, artyku\u0142y itp.). Osadzone tre\u015bci z innych witryn internetowych zachowuj\u0105 si\u0119 tak samo, jakby u\u017cytkownik odwiedzi\u0142 t\u0119 inn\u0105 witryn\u0119.<\/p>\n\n\n\n<p>Te strony internetowe mog\u0105 zbiera\u0107 dane o Tobie, u\u017cywa\u0107 plik\u00f3w cookie, osadza\u0107 narz\u0119dzia \u015bledz\u0105ce stron trzecich i monitorowa\u0107 Twoje interakcje z osadzon\u0105 tre\u015bci\u0105, je\u015bli masz konto i jeste\u015b zalogowany w ich witrynie.<\/p>\n\n\n\n<h2 class=\"wp-block-heading\">Wykorzystanie i przekazywanie Twoich danych osobowych<\/h2>\n\n\n\n<p>Je\u015bli poprosisz o zresetowanie has\u0142a, Tw\u00f3j adres IP zostanie uwzgl\u0119dniony w wiadomo\u015bci e-mail z resetem has\u0142a.<\/p>\n\n\n\n<h2 class=\"wp-block-heading\">Okresy przechowywania danych<\/h2>\n\n\n\n<p>Je\u015bli zostawisz komentarz, zostanie on i jego metadane zachowane na czas nieokre\u015blony. Dzi\u0119ki temu kolejne komentarze b\u0119d\u0105 automatycznie rozpoznawane i zatwierdzane, zamiast czeka\u0107 na moderacj\u0119.<\/p>\n\n\n\n<p>W przypadku kont zarejestrowanych na naszej stronie (je\u015bli dotyczy), przechowujemy r\u00f3wnie\u017c dane osobowe podane w profilu. Wszystkie konta mog\u0105 w dowolnym momencie przegl\u0105da\u0107, edytowa\u0107 lub usuwa\u0107 swoje dane osobowe (z wyj\u0105tkiem nazwy u\u017cytkownika). Administratorzy witryny r\u00f3wnie\u017c mog\u0105 przegl\u0105da\u0107 i edytowa\u0107 te informacje.<\/p>\n\n\n\n<h2 class=\"wp-block-heading\">Twoje prawa dotycz\u0105ce Twoich danych<\/h2>\n\n\n\n<p>Je\u015bli posiadasz konto lub zostawi\u0142e\u015b komentarze na stronie, mo\u017cesz poprosi\u0107 o plik zawieraj\u0105cy wszystkie dane osobowe, kt\u00f3re przechowujemy na Tw\u00f3j temat, w tym wszelkie dane, kt\u00f3re nam przekaza\u0142e\u015b. Mo\u017cesz r\u00f3wnie\u017c za\u017c\u0105da\u0107 usuni\u0119cia swoich danych osobowych. Nie dotyczy to danych przechowywanych w celach administracyjnych, prawnych ani bezpiecze\u0144stwa.<\/p>\n\n\n\n<h2 class=\"wp-block-heading\">Gdzie wysy\u0142ane s\u0105 Twoje dane<\/h2>\n\n\n\n<p>Komentarze go\u015bci mog\u0105 by\u0107 sprawdzane za pomoc\u0105 automatycznej us\u0142ugi wykrywania spamu.<\/p>","protected":false},"excerpt":{"rendered":"<p>Kim jest Valwicz? Valwicz.com jest serwisem wydawanym przez firm\u0119 Valwicz, reprezentowan\u0105 przez Jeana-Val\u00e9ry'ego THORAVALA, dyrektora ds. publikacji. Siedziba: 6, Rue Guillaume d'Autignac 34070 MONTPELLIER Adres kontaktowy: contact@valwicz.com Telefon: 06 64 40 46 63 Tytu\u0142, projekt, forma i zawarto\u015b\u0107 strony internetowej https:\/\/valwicz.com s\u0105 jej w\u0142asno\u015bci\u0105. Informacje o u\u017cytkowniku s\u0105 gromadzone za pomoc\u0105 rejestracji i plik\u00f3w cookie, z nale\u017cytym poszanowaniem prywatno\u015bci u\u017cytkownika.<\/p>","protected":false},"author":4,"featured_media":0,"parent":0,"menu_order":0,"comment_status":"closed","ping_status":"closed","template":"","meta":{"sfsi_plus_gutenberg_text_before_share":"","sfsi_plus_gutenberg_show_text_before_share":"","sfsi_plus_gutenberg_icon_type":"","sfsi_plus_gutenberg_icon_alignemt":"","sfsi_plus_gutenburg_max_per_row":"","footnotes":""},"categories":[1312],"tags":[],"class_list":["post-3","page","type-page","status-publish","hentry","category-francais"],"yoast_head":"<!-- This site is optimized with the Yoast SEO plugin v27.3 - https:\/\/yoast.com\/product\/yoast-seo-wordpress\/ -->\n<title>Politique de confidentialit\u00e9 - Valwicz<\/title>\n<meta name=\"robots\" content=\"noindex, follow\" \/>\n<meta property=\"og:locale\" content=\"pl_PL\" \/>\n<meta property=\"og:type\" content=\"article\" \/>\n<meta property=\"og:title\" content=\"Politique de confidentialit\u00e9 - Valwicz\" \/>\n<meta property=\"og:description\" content=\"Qui sommes-nous&nbsp;? Valwicz.com est un service \u00e9dit\u00e9 par la soci\u00e9t\u00e9 Valwicz, repr\u00e9sent\u00e9e par Jean-Val\u00e9ry THORAVAL, directeur de la publication. Si\u00e8ge social : 6, Rue Guillaume d&rsquo;Autignac 34070 MONTPELLIER Adresse de contact : contact@valwicz.com T\u00e9l\u00e9phone : 06 64 40 46 63 Le titre, la conception, la forme et le contenu du site internet&nbsp;https:\/\/valwicz.com&nbsp;sont sa propri\u00e9t\u00e9. Un recueil d&rsquo; informations vous concernant a lieu gr\u00e2ce aux inscriptions et \u00e0 des cookies.Ce recueil est fait dans le respect...\" \/>\n<meta property=\"og:url\" content=\"https:\/\/valwicz.com\/pl\/polityka-prywatnosci\/\" \/>\n<meta property=\"og:site_name\" content=\"Valwicz\" \/>\n<meta property=\"article:modified_time\" content=\"2025-11-30T11:38:26+00:00\" \/>\n<meta name=\"twitter:card\" content=\"summary_large_image\" \/>\n<meta name=\"twitter:site\" content=\"@Valwicz_\" \/>\n<script type=\"application\/ld+json\" class=\"yoast-schema-graph\">{\"@context\":\"https:\\\/\\\/schema.org\",\"@graph\":[{\"@type\":\"WebPage\",\"@id\":\"https:\\\/\\\/valwicz.com\\\/politique-de-confidentialite\\\/\",\"url\":\"https:\\\/\\\/valwicz.com\\\/politique-de-confidentialite\\\/\",\"name\":\"Politique de confidentialit\u00e9 - Valwicz\",\"isPartOf\":{\"@id\":\"https:\\\/\\\/valwicz.com\\\/#website\"},\"datePublished\":\"2023-11-08T15:25:17+00:00\",\"dateModified\":\"2025-11-30T11:38:26+00:00\",\"breadcrumb\":{\"@id\":\"https:\\\/\\\/valwicz.com\\\/politique-de-confidentialite\\\/#breadcrumb\"},\"inLanguage\":\"pl-PL\",\"potentialAction\":[{\"@type\":\"ReadAction\",\"target\":[\"https:\\\/\\\/valwicz.com\\\/politique-de-confidentialite\\\/\"]}]},{\"@type\":\"BreadcrumbList\",\"@id\":\"https:\\\/\\\/valwicz.com\\\/politique-de-confidentialite\\\/#breadcrumb\",\"itemListElement\":[{\"@type\":\"ListItem\",\"position\":1,\"name\":\"Accueil\",\"item\":\"https:\\\/\\\/valwicz.com\\\/\"},{\"@type\":\"ListItem\",\"position\":2,\"name\":\"Politique de confidentialit\u00e9\"}]},{\"@type\":\"WebSite\",\"@id\":\"https:\\\/\\\/valwicz.com\\\/#website\",\"url\":\"https:\\\/\\\/valwicz.com\\\/\",\"name\":\"Valwicz\",\"description\":\"Audace | El\u00e9gance | D\u00e9sinvolture\",\"publisher\":{\"@id\":\"https:\\\/\\\/valwicz.com\\\/#organization\"},\"potentialAction\":[{\"@type\":\"SearchAction\",\"target\":{\"@type\":\"EntryPoint\",\"urlTemplate\":\"https:\\\/\\\/valwicz.com\\\/?s={search_term_string}\"},\"query-input\":{\"@type\":\"PropertyValueSpecification\",\"valueRequired\":true,\"valueName\":\"search_term_string\"}}],\"inLanguage\":\"pl-PL\"},{\"@type\":\"Organization\",\"@id\":\"https:\\\/\\\/valwicz.com\\\/#organization\",\"name\":\"Valwicz\",\"url\":\"https:\\\/\\\/valwicz.com\\\/\",\"logo\":{\"@type\":\"ImageObject\",\"inLanguage\":\"pl-PL\",\"@id\":\"https:\\\/\\\/valwicz.com\\\/#\\\/schema\\\/logo\\\/image\\\/\",\"url\":\"https:\\\/\\\/valwicz.com\\\/wp-content\\\/uploads\\\/2024\\\/10\\\/cropped-logo-Valwicz.jpg\",\"contentUrl\":\"https:\\\/\\\/valwicz.com\\\/wp-content\\\/uploads\\\/2024\\\/10\\\/cropped-logo-Valwicz.jpg\",\"width\":500,\"height\":234,\"caption\":\"Valwicz\"},\"image\":{\"@id\":\"https:\\\/\\\/valwicz.com\\\/#\\\/schema\\\/logo\\\/image\\\/\"},\"sameAs\":[\"https:\\\/\\\/x.com\\\/Valwicz_\",\"https:\\\/\\\/www.instagram.com\\\/_valwicz\\\/\",\"https:\\\/\\\/fr.pinterest.com\\\/Valwicz\\\/\",\"https:\\\/\\\/www.tiktok.com\\\/@_valwicz\"]}]}<\/script>\n<!-- \/ Yoast SEO plugin. -->","yoast_head_json":{"title":"Polityka prywatno\u015bci - Valwicz","robots":{"index":"noindex","follow":"follow"},"og_locale":"pl_PL","og_type":"article","og_title":"Politique de confidentialit\u00e9 - Valwicz","og_description":"Qui sommes-nous&nbsp;? Valwicz.com est un service \u00e9dit\u00e9 par la soci\u00e9t\u00e9 Valwicz, repr\u00e9sent\u00e9e par Jean-Val\u00e9ry THORAVAL, directeur de la publication. Si\u00e8ge social : 6, Rue Guillaume d&rsquo;Autignac 34070 MONTPELLIER Adresse de contact : contact@valwicz.com T\u00e9l\u00e9phone : 06 64 40 46 63 Le titre, la conception, la forme et le contenu du site internet&nbsp;https:\/\/valwicz.com&nbsp;sont sa propri\u00e9t\u00e9. Un recueil d&rsquo; informations vous concernant a lieu gr\u00e2ce aux inscriptions et \u00e0 des cookies.Ce recueil est fait dans le respect...","og_url":"https:\/\/valwicz.com\/pl\/polityka-prywatnosci\/","og_site_name":"Valwicz","article_modified_time":"2025-11-30T11:38:26+00:00","twitter_card":"summary_large_image","twitter_site":"@Valwicz_","schema":{"@context":"https:\/\/schema.org","@graph":[{"@type":"WebPage","@id":"https:\/\/valwicz.com\/politique-de-confidentialite\/","url":"https:\/\/valwicz.com\/politique-de-confidentialite\/","name":"Polityka prywatno\u015bci - Valwicz","isPartOf":{"@id":"https:\/\/valwicz.com\/#website"},"datePublished":"2023-11-08T15:25:17+00:00","dateModified":"2025-11-30T11:38:26+00:00","breadcrumb":{"@id":"https:\/\/valwicz.com\/politique-de-confidentialite\/#breadcrumb"},"inLanguage":"pl-PL","potentialAction":[{"@type":"ReadAction","target":["https:\/\/valwicz.com\/politique-de-confidentialite\/"]}]},{"@type":"BreadcrumbList","@id":"https:\/\/valwicz.com\/politique-de-confidentialite\/#breadcrumb","itemListElement":[{"@type":"ListItem","position":1,"name":"Accueil","item":"https:\/\/valwicz.com\/"},{"@type":"ListItem","position":2,"name":"Politique de confidentialit\u00e9"}]},{"@type":"WebSite","@id":"https:\/\/valwicz.com\/#website","url":"https:\/\/valwicz.com\/","name":"Valwicz","description":"\u015amia\u0142o\u015b\u0107 | Elegancja | Swoboda","publisher":{"@id":"https:\/\/valwicz.com\/#organization"},"potentialAction":[{"@type":"SearchAction","target":{"@type":"EntryPoint","urlTemplate":"https:\/\/valwicz.com\/?s={search_term_string}"},"query-input":{"@type":"PropertyValueSpecification","valueRequired":true,"valueName":"search_term_string"}}],"inLanguage":"pl-PL"},{"@type":"Organization","@id":"https:\/\/valwicz.com\/#organization","name":"Valwicz","url":"https:\/\/valwicz.com\/","logo":{"@type":"ImageObject","inLanguage":"pl-PL","@id":"https:\/\/valwicz.com\/#\/schema\/logo\/image\/","url":"https:\/\/valwicz.com\/wp-content\/uploads\/2024\/10\/cropped-logo-Valwicz.jpg","contentUrl":"https:\/\/valwicz.com\/wp-content\/uploads\/2024\/10\/cropped-logo-Valwicz.jpg","width":500,"height":234,"caption":"Valwicz"},"image":{"@id":"https:\/\/valwicz.com\/#\/schema\/logo\/image\/"},"sameAs":["https:\/\/x.com\/Valwicz_","https:\/\/www.instagram.com\/_valwicz\/","https:\/\/fr.pinterest.com\/Valwicz\/","https:\/\/www.tiktok.com\/@_valwicz"]}]}},"_links":{"self":[{"href":"https:\/\/valwicz.com\/pl\/wp-json\/wp\/v2\/pages\/3","targetHints":{"allow":["GET"]}}],"collection":[{"href":"https:\/\/valwicz.com\/pl\/wp-json\/wp\/v2\/pages"}],"about":[{"href":"https:\/\/valwicz.com\/pl\/wp-json\/wp\/v2\/types\/page"}],"author":[{"embeddable":true,"href":"https:\/\/valwicz.com\/pl\/wp-json\/wp\/v2\/users\/4"}],"replies":[{"embeddable":true,"href":"https:\/\/valwicz.com\/pl\/wp-json\/wp\/v2\/comments?post=3"}],"version-history":[{"count":1,"href":"https:\/\/valwicz.com\/pl\/wp-json\/wp\/v2\/pages\/3\/revisions"}],"predecessor-version":[{"id":4972,"href":"https:\/\/valwicz.com\/pl\/wp-json\/wp\/v2\/pages\/3\/revisions\/4972"}],"wp:attachment":[{"href":"https:\/\/valwicz.com\/pl\/wp-json\/wp\/v2\/media?parent=3"}],"wp:term":[{"taxonomy":"category","embeddable":true,"href":"https:\/\/valwicz.com\/pl\/wp-json\/wp\/v2\/categories?post=3"},{"taxonomy":"post_tag","embeddable":true,"href":"https:\/\/valwicz.com\/pl\/wp-json\/wp\/v2\/tags?post=3"}],"curies":[{"name":"wp","href":"https:\/\/api.w.org\/{rel}","templated":true}]}}