{"id":1862,"date":"2024-10-26T00:19:06","date_gmt":"2024-10-25T22:19:06","guid":{"rendered":"https:\/\/valwicz.com\/a-propos-de\/"},"modified":"2026-01-27T12:40:26","modified_gmt":"2026-01-27T11:40:26","slug":"o","status":"publish","type":"page","link":"https:\/\/valwicz.com\/pl\/a-propos-de\/","title":{"rendered":"O Valwiczu"},"content":{"rendered":"<h2 class=\"wp-block-heading\"><strong>Historia Valwicza<\/strong><\/h2>\n\n\n\n<p>Od 1994 roku jego kariera artystyczna ewoluowa\u0142a poprzez 3D, sztuk\u0119 pi\u0119kn\u0105, edycj\u0119 wideo i tworzenie stron internetowych. W 2011 roku fascynacja bambusem stanowi\u0142a punkt zwrotny, prowadz\u0105c do dog\u0142\u0119bnej eksploracji jego potencja\u0142u. W 2017 roku inspiruj\u0105ce spotkanie ujawni\u0142o istot\u0119 kobieco\u015bci, kieruj\u0105c artystyczn\u0105 wizj\u0119 w stron\u0119 tworzenia wyj\u0105tkowej bi\u017cuterii.<\/p>\n\n\n\n<h2 class=\"wp-block-heading\"><strong>Wizja<\/strong><\/h2>\n\n\n\n<p>W Valwicz ka\u017cda bi\u017cuteria opowiada histori\u0119. Inspiracj\u0105 jest naturalne pi\u0119kno materia\u0142\u00f3w i kobiece kszta\u0142ty. <\/p>\n\n\n\n<p class=\"darklup-observer--node darklup--observed\" data-start=\"375\" data-end=\"741\">Rze\u017abione drewno ju\u017c niesie ze sob\u0105 wspomnienie: ciep\u0142o s\u0142o\u0144ca, powolny bieg p\u00f3r roku, cierpliwo\u015b\u0107 natury. <br class=\"darklup--observed\" \/>Jednak\u017ce kamienie nosz\u0105 \u015blady ziemi, wody i ognia. <br class=\"darklup--observed\" \/>Kiedy te dwa \u015bwiaty si\u0119 spotykaj\u0105, pojawia si\u0119 co\u015b innego: przedmiot, kt\u00f3ry nie jest ju\u017c tylko naszyjnikiem, ale fragmentem rytua\u0142u.<\/p>\n<p class=\"darklup-observer--node darklup--observed\" data-start=\"743\" data-end=\"1047\">The <strong class=\"darklup--observed\" data-start=\"746\" data-end=\"768\">\u015bwi\u0105tynia kobiet<\/strong>, To nie miejsce z kamienia, ale przestrze\u0144 \u017cyciowa, w kt\u00f3rej cz\u0142owiek pami\u0119ta, kim jest. Delikatna si\u0142a, nieskr\u0119powane pi\u0119kno, ugruntowana obecno\u015b\u0107. Dzie\u0142a Valwicza staraj\u0105 si\u0119 okry\u0107 t\u0119 niewidzialn\u0105 \u015bwi\u0105tyni\u0119: nie pod\u0105\u017caj\u0105 za trendami, s\u0105 zakorzenione w ponadczasowo\u015bci.<\/p>\n<p class=\"darklup-observer--node darklup--observed\" data-start=\"1049\" data-end=\"1236\">Noszenie bi\u017cuterii Valwicz jest jak otaczanie si\u0119 talizmanem. Pozwala drewnu i kamieniowi rezonowa\u0107 z twoim cia\u0142em, niczym cichy dialog mi\u0119dzy tym, co widzialne, a tym, co niewidzialne.<\/p>\n\n\n\n<h2 class=\"wp-block-heading\"><strong>Kreacje<\/strong><\/h2>\n\n\n\n<p>Naszyjniki Valwicz \u0142\u0105cz\u0105 w sobie \u015bmia\u0142o\u015b\u0107, elegancj\u0119 i swobod\u0119. Ka\u017cdy element jest wykonany r\u0119cznie w pracowni, przy u\u017cyciu szlachetnych materia\u0142\u00f3w, takich jak szlachetne drewno, kamienie p\u00f3\u0142szlachetne, naturalne nasiona i kryszta\u0142y. Kolekcje dost\u0119pne s\u0105 w r\u00f3\u017cnych kszta\u0142tach, w tym :<\/p>\n\n\n\n<ul class=\"wp-block-list\">\n<li><strong>Lavalli\u00e8res&nbsp;<\/strong>D\u0142ugie, eleganckie naszyjniki, kt\u00f3re podkre\u015blaj\u0105 dekolt.<\/li>\n\n\n\n<li><strong>D\u0142awiki&nbsp;<\/strong>Chokery, kt\u00f3re dodaj\u0105 nowoczesnego, wyrafinowanego charakteru.<\/li>\n\n\n\n<li><strong>Ksi\u0119\u017cniczki<\/strong> Oryginalne, szykowne naszyjniki o wyj\u0105tkowym i wyrafinowanym wzornictwie, r\u0119cznie robione i eleganckie.<\/li>\n\n\n\n<li><strong>Krawat<\/strong>s: Naszyjniki inspirowane tradycyjnym krawatem, oferuj\u0105ce niepowtarzalny wygl\u0105d.<\/li>\n\n\n\n<li><strong>Szale jedwabne<\/strong>&nbsp;Lekkie szaliki zdobione per\u0142ami i kamieniami, \u0142\u0105cz\u0105ce w sobie wygod\u0119 i styl.<\/li>\n\n\n\n<li><strong>Dekolt w szpic<\/strong> :wykonane na zam\u00f3wienie, \u0142\u0105cz\u0105ce w sobie delikatno\u015b\u0107 i zdobienia, aby uwydatni\u0107 szyj\u0119.<\/li>\n\n\n\n<li><strong>Lariaty<\/strong> Naszyjniki, kt\u00f3re podkre\u015bl\u0105 Tw\u00f3j wygl\u0105d, dost\u0119pne w szerokiej gamie styl\u00f3w, wykonane z pere\u0142 i kryszta\u0142\u00f3w.<\/li>\n<\/ul>\n\n\n\n<p>Kolekcja \u00abDrewno, kamienie i per\u0142y\u00bb obejmuje gatunki drewna, takie jak heban, amarant i cyrkot, w po\u0142\u0105czeniu z kamieniami, takimi jak jaspis, granat i hematyt. Kolekcja \u00abKamienie i per\u0142y\u00bb obejmuje jedwabne szale ozdobione kamieniami, takimi jak mika, piryt i obsydian.&nbsp;<\/p>\n\n\n\n<h2 class=\"wp-block-heading\"><strong>Warsztat Valwicza<\/strong><\/h2>\n\n\n\n<p>To w\u0142a\u015bnie w tym warsztacie dzieje si\u0119 magia. Ka\u017cdy element powstaje w wyniku starannego doboru materia\u0142\u00f3w:<\/p>\n\n\n\n<ul class=\"wp-block-list\">\n<li><strong>Drewno<\/strong>, Wybrany ze wzgl\u0119du na swoj\u0105 wyj\u0105tkow\u0105 kolorystyk\u0119, g\u0119sto\u015b\u0107 i \u017cy\u0142kowanie, zosta\u0142 starannie wyrze\u017abiony, aby ukaza\u0107 ca\u0142\u0105 jego g\u0142\u0119bi\u0119 i charakter.<\/li>\n\n\n\n<li><strong>Per\u0142y i kamienie<\/strong>, Po\u0142\u0105czone ze sob\u0105, wnosz\u0105 niuanse i faktury, kt\u00f3re wzbogacaj\u0105 ka\u017cde dzie\u0142o.<\/li>\n<\/ul>\n\n\n\n<p>Proces tw\u00f3rczy to nieustanny dialog z materia\u0142em, w kt\u00f3rym liczy si\u0119 ka\u017cdy detal. Innowacyjne zapi\u0119cia, magnetyczne lub przypominaj\u0105ce puzzle, wzbogacaj\u0105 to doznanie sensoryczne, \u0142\u0105cz\u0105c estetyk\u0119 z praktyczno\u015bci\u0105.<\/p>\n\n\n\n<h3 class=\"wp-block-heading\"><strong>Rzemios\u0142o<\/strong><\/h3>\n\n\n\n<p>Od lat Valwicz z zaanga\u017cowaniem oferuje r\u0119cznie robion\u0105 bi\u017cuteri\u0119, w kt\u00f3rej ka\u017cdy detal jest starannie dopracowany, aby odzwierciedla\u0107 autentyczno\u015b\u0107 i elegancj\u0119. Niezale\u017cnie od tego, czy jest to choker szyty na miar\u0119, czy unikatowy element zaprojektowany we wsp\u00f3\u0142pracy z innymi, dok\u0142adamy wszelkich stara\u0144, aby ka\u017cdy element by\u0142 prawdziwym, osobistym podpisem.<\/p>\n\n\n\n<h2 class=\"wp-block-heading\"><strong>Filozofia Valwicza<\/strong><\/h2>\n\n\n\n<p>Wiara w ponadczasowe pi\u0119kno naturalnych materia\u0142\u00f3w i ich zdolno\u015b\u0107 do opowiadania historii. Ka\u017cda kreacja jest zaproszeniem do odkrywania harmonii mi\u0119dzy natur\u0105 a rzemios\u0142em, odzwierciedlaj\u0105c zaanga\u017cowanie w autentyczno\u015b\u0107 i jako\u015b\u0107.<\/p>\n\n\n\n<h2 class=\"wp-block-heading\"><strong>Skontaktuj si\u0119 z nami<\/strong><\/h2>\n\n\n\n<p>Valwicz mieszka w Montpellier we Francji. <br>W razie jakichkolwiek pyta\u0144 lub szczeg\u00f3lnych pr\u00f3\u015bb, prosimy o kontakt:<\/p>\n\n\n\n<ul class=\"wp-block-list\">\n<li><strong>Telefon<\/strong>&nbsp;+33 6 64 40 46 63<\/li>\n\n\n\n<li><strong>E-mail<\/strong>&nbsp;:&nbsp;<a href=\"mailto:contact@valwicz.com\" target=\"_blank\" rel=\"noreferrer noopener\">contact@valwicz.com<\/a><\/li>\n\n\n\n<li><strong>Formularz kontaktowy<\/strong>&nbsp;Dost\u0119pne na naszej stronie&nbsp;<a href=\"https:\/\/valwicz.com\/pl\/kontakt\/\" target=\"_blank\" rel=\"noreferrer noopener\">Kontakt<\/a><\/li>\n<\/ul>\n\n\n\n<div class=\"wp-block-columns is-layout-flex wp-container-core-columns-is-layout-9d6595d7 wp-block-columns-is-layout-flex\">\n<div class=\"wp-block-column is-layout-flow wp-block-column-is-layout-flow\"><\/div>\n\n\n\n<div class=\"wp-block-column is-vertically-aligned-center is-layout-flow wp-block-column-is-layout-flow\"><div class=\"sfsi_plus_widget\"><div id=\"sfsi_plus_wDiv\"><\/div><div class=\"sfsiplus_norm_row sfsi_plus_wDiv\"  style=\"width:270px;position:absolute;;text-align:center\"><div style='width:40px; height:auto;margin-left:5px;margin-bottom:5px;' class='sfsi_plus_wicons shuffeldiv1'><div class='sfsiplus_inerCnt'><a class='sficn1' data-effect='scale' target='_blank' rel='noopener'  href='https:\/\/valwicz.com\/pl\/feed\/'  style='width:40px; height:40px;opacity:1;' ><img alt='RSS' title='RSS' src='https:\/\/valwicz.com\/wp-content\/plugins\/ultimate-social-media-plus\/images\/icons_theme\/thin\/thin_rss.png' width='40' height='40' style='' class='sfcm sfsi_wicon sfsiplusid_round_icon_rss' data-effect='scale'  \/><\/a><\/div><\/div><div style='width:40px; height:auto;margin-left:5px;margin-bottom:5px;' class='sfsi_plus_wicons shuffeldiv1'><div class='sfsiplus_inerCnt'><a class='sficn1' data-effect='scale'   href='javascript:void(0);'  style='width:40px; height:40px;opacity:1;' ><img alt='Pinterest' title='Pinterest' src='https:\/\/valwicz.com\/wp-content\/plugins\/ultimate-social-media-plus\/images\/icons_theme\/thin\/thin_pinterest.png' width='40' height='40' style='' class='sfcm sfsi_wicon sfsiplusid_round_icon_pinterest' data-effect='scale'  \/><\/a><div class=\"sfsi_plus_tool_tip_2 sfsi_plus_printst_tool_bdr sfsi_plus_Tlleft sfsiplusid_pinterest\" style=\"display:block;width:73px;opacity:0;z-index:-1;\"><span class=\"bot_arow bot_pintst_arow\"><\/span><div class=\"sfsi_plus_inside\"><div  class='icon1'><a href='https:\/\/fr.pinterest.com\/Valwicz\/' target='_blank' rel='noopener'><img data-pin-nopin='true' class='sfsi_wicon'  alt='Pinterest' title='Pinterest' src='https:\/\/valwicz.com\/wp-content\/plugins\/ultimate-social-media-plus\/images\/visit_icons\/pinterest.png' \/><\/a><\/div><div  class='icon2'><a data-pin-custom='true' href='https:\/\/www.pinterest.com\/pin\/create\/button\/?url=https:\/\/valwicz.com\/pl\/wp-json\/wp\/v2\/pages\/1862' target='_blank' rel='noopener'><img class='sfsi_wicon' data-pin-nopin='true' alt='fb-share-icon' title='Pin Share' src='https:\/\/valwicz.com\/wp-content\/plugins\/ultimate-social-media-plus\/images\/share_icons\/Pinterest_Save\/fr_FR_save.svg' \/><\/a><\/div><\/div><\/div><\/div><\/div><div style='width:40px; height:auto;margin-left:5px;margin-bottom:5px;' class='sfsi_plus_wicons shuffeldiv1'><div class='sfsiplus_inerCnt'><a class='sficn1' data-effect='scale' target='_blank' rel='noopener'  href='https:\/\/www.facebook.com\/profile.php?id=61573895648767'  style='width:40px; height:40px;opacity:1;' ><img alt='Facebook' title='Facebook' src='https:\/\/valwicz.com\/wp-content\/plugins\/ultimate-social-media-plus\/images\/icons_theme\/thin\/thin_fb.png' width='40' height='40' style='' class='sfcm sfsi_wicon sfsiplusid_round_icon_facebook' data-effect='scale'  \/><\/a><div class=\"sfsi_plus_tool_tip_2 sfsi_plus_fb_tool_bdr sfsi_plus_Tlleft sfsiplusid_facebook\" style=\"display:block;width:62px;opacity:0;z-index:-1;\"><span class=\"bot_arow bot_fb_arow\"><\/span><div class=\"sfsi_plus_inside\"><div  class='icon1'><a href='https:\/\/www.facebook.com\/profile.php?id=61573895648767' target='_blank' rel='noopener'><img class='sfsi_plus_wicon' alt='Facebook' title='Facebook' src='https:\/\/valwicz.com\/wp-content\/plugins\/ultimate-social-media-plus\/images\/visit_icons\/Visit_us_fb\/icon_Visit_us_en_US.png'  \/><\/a><\/div><div  class='icon2'><div class=\"fb-like\" data-width=\"180\" data-show-faces=\"false\" data-href=\"https%3A%2F%2Fvalwicz.com%2Fpl%2Fwp-json%2Fwp%2Fv2%2Fpages%2F1862%2F\" data-layout=\"button\" data-action=\"like\" data-share=\"false\" ><\/div><\/div><div  class='icon3'><a target='_blank' href='https:\/\/www.facebook.com\/sharer\/sharer.php?u=https%3A%2F%2Fvalwicz.com%2Fpl%2Fwp-json%2Fwp%2Fv2%2Fpages%2F1862' style='display:inline-block;'> <img class='sfsi_wicon'  data-pin-nopin='true' width='auto' height='auto' alt='fb-share-icon' title='Facebook Udost\u0119pnij' src='https:\/\/valwicz.com\/wp-content\/plugins\/ultimate-social-media-plus\/images\/share_icons\/fb_icons\/fr_FR.svg'' \/><\/a><\/div><\/div><\/div><\/div><\/div><div style='width:40px; height:auto;margin-left:5px;margin-bottom:5px;' class='sfsi_plus_wicons shuffeldiv1'><div class='sfsiplus_inerCnt'><a class='sficn1' data-effect='scale' target='_blank' rel='noopener'  href='https:\/\/www.instagram.com\/valwicz__\/'  style='width:40px; height:40px;opacity:1;' ><img alt='Instagram' title='Instagram' src='https:\/\/valwicz.com\/wp-content\/plugins\/ultimate-social-media-plus\/images\/icons_theme\/thin\/thin_instagram.png' width='40' height='40' style='' class='sfcm sfsi_wicon sfsiplusid_round_icon_instagram' data-effect='scale'  \/><\/a><\/div><\/div><div style='width:40px; height:auto;margin-left:5px;margin-bottom:5px;' class='sfsi_plus_wicons shuffeldiv1'><div class='sfsiplus_inerCnt'><a class='sficn1' data-effect='scale' target='_blank' rel='noopener'  href='https:\/\/x.com\/Valwicz_'  style='width:40px; height:40px;opacity:1;' ><img alt='X (Twitter)' title='X (Twitter)' src='https:\/\/valwicz.com\/wp-content\/plugins\/ultimate-social-media-plus\/images\/icons_theme\/thin\/thin_twitter.png' width='40' height='40' style='' class='sfcm sfsi_wicon sfsiplusid_round_icon_twitter' data-effect='scale'  \/><\/a><div class=\"sfsi_plus_tool_tip_2 sfsi_plus_twt_tool_bdr sfsi_plus_Tlleft sfsiplusid_twitter\" style=\"display:block;width:59px;opacity:0;z-index:-1;\"><span class=\"bot_arow bot_twt_arow\"><\/span><div class=\"sfsi_plus_inside\"><style>#sfsi_plus_floater .sfsi_plus_twt_tool_bdr .sfsi_plus_inside{margin-top: -18px;}<\/style><div  class='cstmicon1'><a href='https:\/\/x.com\/Valwicz_' target='_blank' rel='noopener'><img class='sfsi_plus_wicon' alt='Odwied\u017a nas' title='Odwied\u017a nas' src='https:\/\/valwicz.com\/wp-content\/plugins\/ultimate-social-media-plus\/images\/visit_icons\/Visit_us_twitter\/icon_Visit_us_en_US.png'  \/><\/a><\/div><div  class='icon1'><a target='_blank' rel='noopener' href='https:\/\/twitter.com\/intent\/user?screen_name=Valwicz'><img nopin='nopin' width='auto' src='https:\/\/valwicz.com\/wp-content\/plugins\/ultimate-social-media-plus\/images\/share_icons\/Twitter_Follow\/fr_FR_Follow.svg' class='sfsi_premium_wicon' alt='Pod\u0105\u017caj za mn\u0105' title='Pod\u0105\u017caj za mn\u0105' style='opacity: 1;''><\/a><\/div><div  class='icon2'><div class='sf_twiter' style='display: inline-block;vertical-align: middle;width: auto;'>\n\t\t\t\t\t\t<a target='_blank' href='https:\/\/x.com\/intent\/post?text=site+de+vente+de+bijou+artisanal%3A+valwicz.com+%23BijouxArtisanal+via%40Valwicz https:\/\/valwicz.com\/pl\/wp-json\/wp\/v2\/pages\/1862'style='display:inline-block' >\n\t\t\t\t\t\t\t<img nopin=\"nopin\" width='auto' class='sfsi_plus_wicon' src='https:\/\/valwicz.com\/wp-content\/plugins\/ultimate-social-media-plus\/images\/share_icons\/Twitter_Tweet\/fr_FR_Tweet.svg' alt='Tweet' title='Tweet' >\n\t\t\t\t\t\t<\/a>\n\t\t\t\t\t<\/div><\/div><\/div><\/div><\/div><\/div><div style='width:40px; height:auto;margin-left:5px;margin-bottom:5px;' class='sfsi_plus_wicons shuffeldiv1'><div class='sfsiplus_inerCnt'><a class='sficn1' data-effect='scale' target='_blank' rel='noopener'  href='https:\/\/www.youtube.com\/@Valwicz-Les-Colliers'  style='width:40px; height:40px;opacity:1;' ><img alt='YouTube' title='YouTube' src='https:\/\/valwicz.com\/wp-content\/plugins\/ultimate-social-media-plus\/images\/icons_theme\/thin\/thin_youtube.png' width='40' height='40' style='' class='sfcm sfsi_wicon sfsiplusid_round_icon_youtube' data-effect='scale'  \/><\/a><div class=\"sfsi_plus_tool_tip_2 utube_tool_bdr sfsi_plus_Tlleft sfsiplusid_youtube\" style=\"display:block;width:96px;opacity:0;z-index:-1;\"><span class=\"bot_arow bot_utube_arow\"><\/span><div class=\"sfsi_plus_inside\"><div  class='icon1'><a href='https:\/\/www.youtube.com\/@Valwicz-Les-Colliers'  target='_blank' rel='noopener'><img class='sfsi_plus_wicon' alt='YouTube' title='YouTube' src='https:\/\/valwicz.com\/wp-content\/plugins\/ultimate-social-media-plus\/images\/visit_icons\/youtube.png'  \/><\/a><\/div><div  class='icon2'><div class=\"g-ytsubscribe\" data-channelid=\"UCu4iaWzioeUxGWQGAxdJGeQ\" data-layout=\"default\" data-count=\"hidden\"><\/div><\/div><\/div><\/div><\/div><\/div><\/div><div id=\"sfsi_holder\" class=\"sfsi_plus_holders\" style=\"position: relative; float: left;width:100%;z-index:-1;\"><\/div><script><\/script><div style=\"clear: both;\"><\/div><\/div>\n<\/div>\n\n\n\n<div class=\"wp-block-column is-layout-flow wp-block-column-is-layout-flow\"><\/div>\n<\/div>","protected":false},"excerpt":{"rendered":"<p>L&rsquo;histoire de Valwicz Depuis 1994, un parcours artistique \u00e9volutif : passant par la 3D, les beaux-arts, le montage vid\u00e9o et le d\u00e9veloppement web.&nbsp;En 2011, une fascination pour le bambou a marqu\u00e9 un tournant, menant \u00e0 une exploration approfondie de ses potentialit\u00e9s.&nbsp;En 2017, une rencontre inspirante a r\u00e9v\u00e9l\u00e9 l&rsquo;essence du f\u00e9minin, guidant la vision artistique vers la cr\u00e9ation de bijoux uniques. Vision Chez Valwicz, chaque bijou raconte une histoire. Inspir\u00e9 par la beaut\u00e9 naturelle des mat\u00e9riaux&#8230;<\/p>","protected":false},"author":4,"featured_media":0,"parent":0,"menu_order":1,"comment_status":"closed","ping_status":"closed","template":"","meta":{"sfsi_plus_gutenberg_text_before_share":"","sfsi_plus_gutenberg_show_text_before_share":"","sfsi_plus_gutenberg_icon_type":"","sfsi_plus_gutenberg_icon_alignemt":"","sfsi_plus_gutenburg_max_per_row":"","footnotes":""},"categories":[1312],"tags":[],"class_list":["post-1862","page","type-page","status-publish","hentry","category-francais"],"yoast_head":"<!-- This site is optimized with the Yoast SEO plugin v27.3 - https:\/\/yoast.com\/product\/yoast-seo-wordpress\/ -->\n<title>\u00c0 propos de Valwicz - Valwicz<\/title>\n<meta name=\"robots\" content=\"index, follow, max-snippet:-1, max-image-preview:large, max-video-preview:-1\" \/>\n<link rel=\"canonical\" href=\"https:\/\/valwicz.com\/pl\/o\/\" \/>\n<meta property=\"og:locale\" content=\"pl_PL\" \/>\n<meta property=\"og:type\" content=\"article\" \/>\n<meta property=\"og:title\" content=\"\u00c0 propos de Valwicz - Valwicz\" \/>\n<meta property=\"og:description\" content=\"L&rsquo;histoire de Valwicz Depuis 1994, un parcours artistique \u00e9volutif : passant par la 3D, les beaux-arts, le montage vid\u00e9o et le d\u00e9veloppement web.&nbsp;En 2011, une fascination pour le bambou a marqu\u00e9 un tournant, menant \u00e0 une exploration approfondie de ses potentialit\u00e9s.&nbsp;En 2017, une rencontre inspirante a r\u00e9v\u00e9l\u00e9 l&rsquo;essence du f\u00e9minin, guidant la vision artistique vers la cr\u00e9ation de bijoux uniques. Vision Chez Valwicz, chaque bijou raconte une histoire. Inspir\u00e9 par la beaut\u00e9 naturelle des mat\u00e9riaux...\" \/>\n<meta property=\"og:url\" content=\"https:\/\/valwicz.com\/pl\/o\/\" \/>\n<meta property=\"og:site_name\" content=\"Valwicz\" \/>\n<meta property=\"article:modified_time\" content=\"2026-01-27T11:40:26+00:00\" \/>\n<meta name=\"twitter:card\" content=\"summary_large_image\" \/>\n<meta name=\"twitter:site\" content=\"@Valwicz_\" \/>\n<script type=\"application\/ld+json\" class=\"yoast-schema-graph\">{\"@context\":\"https:\\\/\\\/schema.org\",\"@graph\":[{\"@type\":\"WebPage\",\"@id\":\"https:\\\/\\\/valwicz.com\\\/a-propos-de\\\/\",\"url\":\"https:\\\/\\\/valwicz.com\\\/a-propos-de\\\/\",\"name\":\"\u00c0 propos de Valwicz - Valwicz\",\"isPartOf\":{\"@id\":\"https:\\\/\\\/valwicz.com\\\/#website\"},\"datePublished\":\"2024-10-25T22:19:06+00:00\",\"dateModified\":\"2026-01-27T11:40:26+00:00\",\"breadcrumb\":{\"@id\":\"https:\\\/\\\/valwicz.com\\\/a-propos-de\\\/#breadcrumb\"},\"inLanguage\":\"pl-PL\",\"potentialAction\":[{\"@type\":\"ReadAction\",\"target\":[\"https:\\\/\\\/valwicz.com\\\/a-propos-de\\\/\"]}]},{\"@type\":\"BreadcrumbList\",\"@id\":\"https:\\\/\\\/valwicz.com\\\/a-propos-de\\\/#breadcrumb\",\"itemListElement\":[{\"@type\":\"ListItem\",\"position\":1,\"name\":\"Accueil\",\"item\":\"https:\\\/\\\/valwicz.com\\\/\"},{\"@type\":\"ListItem\",\"position\":2,\"name\":\"\u00c0 propos de Valwicz\"}]},{\"@type\":\"WebSite\",\"@id\":\"https:\\\/\\\/valwicz.com\\\/#website\",\"url\":\"https:\\\/\\\/valwicz.com\\\/\",\"name\":\"Valwicz\",\"description\":\"Audace | El\u00e9gance | D\u00e9sinvolture\",\"publisher\":{\"@id\":\"https:\\\/\\\/valwicz.com\\\/#organization\"},\"potentialAction\":[{\"@type\":\"SearchAction\",\"target\":{\"@type\":\"EntryPoint\",\"urlTemplate\":\"https:\\\/\\\/valwicz.com\\\/?s={search_term_string}\"},\"query-input\":{\"@type\":\"PropertyValueSpecification\",\"valueRequired\":true,\"valueName\":\"search_term_string\"}}],\"inLanguage\":\"pl-PL\"},{\"@type\":\"Organization\",\"@id\":\"https:\\\/\\\/valwicz.com\\\/#organization\",\"name\":\"Valwicz\",\"url\":\"https:\\\/\\\/valwicz.com\\\/\",\"logo\":{\"@type\":\"ImageObject\",\"inLanguage\":\"pl-PL\",\"@id\":\"https:\\\/\\\/valwicz.com\\\/#\\\/schema\\\/logo\\\/image\\\/\",\"url\":\"https:\\\/\\\/valwicz.com\\\/wp-content\\\/uploads\\\/2024\\\/10\\\/cropped-logo-Valwicz.jpg\",\"contentUrl\":\"https:\\\/\\\/valwicz.com\\\/wp-content\\\/uploads\\\/2024\\\/10\\\/cropped-logo-Valwicz.jpg\",\"width\":500,\"height\":234,\"caption\":\"Valwicz\"},\"image\":{\"@id\":\"https:\\\/\\\/valwicz.com\\\/#\\\/schema\\\/logo\\\/image\\\/\"},\"sameAs\":[\"https:\\\/\\\/x.com\\\/Valwicz_\",\"https:\\\/\\\/www.instagram.com\\\/_valwicz\\\/\",\"https:\\\/\\\/fr.pinterest.com\\\/Valwicz\\\/\",\"https:\\\/\\\/www.tiktok.com\\\/@_valwicz\"]}]}<\/script>\n<!-- \/ Yoast SEO plugin. -->","yoast_head_json":{"title":"O Valwiczu - Valwicz","robots":{"index":"index","follow":"follow","max-snippet":"max-snippet:-1","max-image-preview":"max-image-preview:large","max-video-preview":"max-video-preview:-1"},"canonical":"https:\/\/valwicz.com\/pl\/o\/","og_locale":"pl_PL","og_type":"article","og_title":"\u00c0 propos de Valwicz - Valwicz","og_description":"L&rsquo;histoire de Valwicz Depuis 1994, un parcours artistique \u00e9volutif : passant par la 3D, les beaux-arts, le montage vid\u00e9o et le d\u00e9veloppement web.&nbsp;En 2011, une fascination pour le bambou a marqu\u00e9 un tournant, menant \u00e0 une exploration approfondie de ses potentialit\u00e9s.&nbsp;En 2017, une rencontre inspirante a r\u00e9v\u00e9l\u00e9 l&rsquo;essence du f\u00e9minin, guidant la vision artistique vers la cr\u00e9ation de bijoux uniques. Vision Chez Valwicz, chaque bijou raconte une histoire. Inspir\u00e9 par la beaut\u00e9 naturelle des mat\u00e9riaux...","og_url":"https:\/\/valwicz.com\/pl\/o\/","og_site_name":"Valwicz","article_modified_time":"2026-01-27T11:40:26+00:00","twitter_card":"summary_large_image","twitter_site":"@Valwicz_","schema":{"@context":"https:\/\/schema.org","@graph":[{"@type":"WebPage","@id":"https:\/\/valwicz.com\/a-propos-de\/","url":"https:\/\/valwicz.com\/a-propos-de\/","name":"O Valwiczu - Valwicz","isPartOf":{"@id":"https:\/\/valwicz.com\/#website"},"datePublished":"2024-10-25T22:19:06+00:00","dateModified":"2026-01-27T11:40:26+00:00","breadcrumb":{"@id":"https:\/\/valwicz.com\/a-propos-de\/#breadcrumb"},"inLanguage":"pl-PL","potentialAction":[{"@type":"ReadAction","target":["https:\/\/valwicz.com\/a-propos-de\/"]}]},{"@type":"BreadcrumbList","@id":"https:\/\/valwicz.com\/a-propos-de\/#breadcrumb","itemListElement":[{"@type":"ListItem","position":1,"name":"Accueil","item":"https:\/\/valwicz.com\/"},{"@type":"ListItem","position":2,"name":"\u00c0 propos de Valwicz"}]},{"@type":"WebSite","@id":"https:\/\/valwicz.com\/#website","url":"https:\/\/valwicz.com\/","name":"Valwicz","description":"\u015amia\u0142o\u015b\u0107 | Elegancja | Swoboda","publisher":{"@id":"https:\/\/valwicz.com\/#organization"},"potentialAction":[{"@type":"SearchAction","target":{"@type":"EntryPoint","urlTemplate":"https:\/\/valwicz.com\/?s={search_term_string}"},"query-input":{"@type":"PropertyValueSpecification","valueRequired":true,"valueName":"search_term_string"}}],"inLanguage":"pl-PL"},{"@type":"Organization","@id":"https:\/\/valwicz.com\/#organization","name":"Valwicz","url":"https:\/\/valwicz.com\/","logo":{"@type":"ImageObject","inLanguage":"pl-PL","@id":"https:\/\/valwicz.com\/#\/schema\/logo\/image\/","url":"https:\/\/valwicz.com\/wp-content\/uploads\/2024\/10\/cropped-logo-Valwicz.jpg","contentUrl":"https:\/\/valwicz.com\/wp-content\/uploads\/2024\/10\/cropped-logo-Valwicz.jpg","width":500,"height":234,"caption":"Valwicz"},"image":{"@id":"https:\/\/valwicz.com\/#\/schema\/logo\/image\/"},"sameAs":["https:\/\/x.com\/Valwicz_","https:\/\/www.instagram.com\/_valwicz\/","https:\/\/fr.pinterest.com\/Valwicz\/","https:\/\/www.tiktok.com\/@_valwicz"]}]}},"_links":{"self":[{"href":"https:\/\/valwicz.com\/pl\/wp-json\/wp\/v2\/pages\/1862","targetHints":{"allow":["GET"]}}],"collection":[{"href":"https:\/\/valwicz.com\/pl\/wp-json\/wp\/v2\/pages"}],"about":[{"href":"https:\/\/valwicz.com\/pl\/wp-json\/wp\/v2\/types\/page"}],"author":[{"embeddable":true,"href":"https:\/\/valwicz.com\/pl\/wp-json\/wp\/v2\/users\/4"}],"replies":[{"embeddable":true,"href":"https:\/\/valwicz.com\/pl\/wp-json\/wp\/v2\/comments?post=1862"}],"version-history":[{"count":13,"href":"https:\/\/valwicz.com\/pl\/wp-json\/wp\/v2\/pages\/1862\/revisions"}],"predecessor-version":[{"id":6861,"href":"https:\/\/valwicz.com\/pl\/wp-json\/wp\/v2\/pages\/1862\/revisions\/6861"}],"wp:attachment":[{"href":"https:\/\/valwicz.com\/pl\/wp-json\/wp\/v2\/media?parent=1862"}],"wp:term":[{"taxonomy":"category","embeddable":true,"href":"https:\/\/valwicz.com\/pl\/wp-json\/wp\/v2\/categories?post=1862"},{"taxonomy":"post_tag","embeddable":true,"href":"https:\/\/valwicz.com\/pl\/wp-json\/wp\/v2\/tags?post=1862"}],"curies":[{"name":"wp","href":"https:\/\/api.w.org\/{rel}","templated":true}]}}