{"id":62,"date":"2024-10-26T15:40:23","date_gmt":"2024-10-26T13:40:23","guid":{"rendered":"https:\/\/valwicz.com\/?page_id=62"},"modified":"2025-11-30T12:38:57","modified_gmt":"2025-11-30T11:38:57","slug":"rimborsi_resi","status":"publish","type":"page","link":"https:\/\/valwicz.com\/it\/remboursements_retours\/","title":{"rendered":"Politica di rimborso e reso"},"content":{"rendered":"<h2 class=\"wp-block-heading\">Presentazione<\/h2>\n\n\n\n<p>Modificato dalla Legge Chatel (fonte: Direzione Generale per la Concorrenza, il Consumo e la Repressione delle Frodi). Le vendite online ai consumatori finali tramite Internet sono attualmente regolamentate dalle disposizioni del Codice del Consumo e dai relativi regolamenti di attuazione. Le vendite tra professionisti sono escluse da tale normativa. I resi sono a carico e a rischio dell&#039;acquirente. Il consumatore ha 14 giorni lavorativi per restituire, a proprie spese, qualsiasi ordine che non soddisfi le sue aspettative. Tale termine decorre dal giorno in cui il consumatore riceve l&#039;ordine. Se tale termine scade di sabato, domenica o in un giorno festivo, viene prorogato al giorno lavorativo successivo. Tutti i resi devono essere segnalati in anticipo al Servizio Clienti Valwicz accedendo al nostro sito web e andando alla sezione &quot;Contatti&quot;, dove, dopo aver inserito i propri dati di accesso, sar\u00e0 possibile ottenere il numero d&#039;ordine. Il prodotto deve essere restituito tramite corriere scelto dal consumatore a Valwicz \/ Jean-val\u00e9ry Thoraval, 6 rue Guillaume d&#039;Autignac 34070 Montpellier.<\/p>\n\n\n\n<p>Saranno accettati per la restituzione solo gli ordini completi, come indicato nel modulo d&#039;ordine. I prodotti devono essere restituiti nella loro interezza, nella confezione originale integra e in perfette condizioni per la rivendita. Qualsiasi prodotto danneggiato o la cui confezione originale sia stata danneggiata non sar\u00e0 rimborsato o sostituito. Il diritto di recesso pu\u00f2 essere esercitato senza alcuna penalit\u00e0, ad eccezione delle spese di spedizione per la restituzione. In caso di esercizio del diritto di recesso, il consumatore pu\u00f2 scegliere tra il rimborso dell&#039;importo pagato o la sostituzione del prodotto. In caso di sostituzione, le spese di spedizione per la restituzione saranno a carico del consumatore. In caso di esercizio del diritto di recesso, Valwicz far\u00e0 tutto il possibile per rimborsare il consumatore entro 2 giorni lavorativi. Il consumatore verr\u00e0 quindi rimborsato dell&#039;importo totale dell&#039;ordine sul suo conto bancario (transazione sicura) se il pagamento \u00e8 stato effettuato con carta di credito, o tramite bonifico bancario negli altri casi.<\/p>\n\n\n\n<p>Per completare il reso, abbiamo bisogno di una ricevuta o di una prova d&#039;acquisto.<\/p>\n\n\n\n<p>Qualsiasi articolo restituito pi\u00f9 di 14 giorni dopo la consegna.<\/p>\n\n\n\n<p><strong>Rimborsi<\/strong><\/p>\n\n\n\n<p>Una volta ricevuto e ispezionato il tuo reso, ti invieremo un&#039;e-mail per informarti che abbiamo ricevuto l&#039;articolo restituito. Ti informeremo anche dell&#039;approvazione o del rifiuto del rimborso.<\/p>\n\n\n\n<p>Se la tua richiesta verr\u00e0 approvata, il rimborso verr\u00e0 elaborato e un accredito verr\u00e0 automaticamente applicato alla tua carta di credito o al metodo di pagamento originale entro un determinato lasso di tempo.<\/p>\n\n\n\n<p><strong>Rimborsi tardivi o mancanti<\/strong><\/p>\n\n\n\n<p>Se non hai ancora ricevuto un rimborso, controlla nuovamente il tuo conto bancario.<\/p>\n\n\n\n<p>Successivamente, contatta la societ\u00e0 della tua carta di credito; potrebbe volerci un po&#039; di tempo prima che il rimborso venga ufficialmente contabilizzato.<\/p>\n\n\n\n<p>Successivamente, contatta la tua banca. Spesso \u00e8 necessario attendere un po&#039; di tempo prima che il rimborso venga accreditato.<\/p>\n\n\n\n<p>Se hai fatto tutto questo e non hai ancora ricevuto il rimborso, contattaci all&#039;indirizzo retour@valwicz.com.<\/p>\n\n\n\n<p><strong>Articoli in saldo<\/strong><\/p>\n\n\n\n<p>Solo gli articoli a prezzo normale possono essere rimborsati. Gli articoli in saldo non possono essere rimborsati.<\/p>\n\n\n\n<p><strong>Scambi<\/strong><\/p>\n\n\n\n<p>Sostituiamo gli articoli solo se difettosi o danneggiati. Se desideri cambiarli con lo stesso articolo, inviaci un&#039;e-mail all&#039;indirizzo return@valwicz.com e invia il tuo articolo a:<\/p>\n\n\n\n<p>Jean-Val\u00e9ry Thoraval \u2013 Valwicz <br>6, rue Guillaume d&#039;Autignac <br>34070 MONTPELLIER \/ FRANCIA.<\/p>\n\n\n\n<p><strong>Regali<\/strong><\/p>\n\n\n\n<p>Se l&#039;articolo \u00e8 stato contrassegnato come regalo al momento dell&#039;acquisto e spedito direttamente a te, riceverai un buono regalo pari al valore del tuo reso. Una volta ricevuto l&#039;articolo restituito, ti verr\u00e0 inviato un buono regalo.<\/p>\n\n\n\n<p>Se l&#039;articolo non \u00e8 stato contrassegnato come regalo al momento dell&#039;acquisto, o se chi ha fatto il regalo ha fatto spedire l&#039;ordine a s\u00e9 stesso per consegnartelo in un secondo momento, invieremo un rimborso al donatore, che verr\u00e0 informato del reso.<\/p>\n\n\n\n<p><strong>Spedizione dei resi<\/strong><\/p>\n\n\n\n<p>Per restituire il prodotto, \u00e8 necessario inviarlo per posta a: Valwicz 6, rue Guillaume d&#039;Autignac 34070 MONTPELLIER \/ FRANCIA.<\/p>\n\n\n\n<p>Le spese di spedizione per la restituzione dell&#039;articolo saranno a tuo carico. Le spese di spedizione non sono rimborsabili. In caso di rimborso, le spese di spedizione per la restituzione verranno dedotte dal rimborso.<\/p>\n\n\n\n<p>A seconda del luogo in cui vivi, i tempi di consegna del prodotto sostituito potrebbero variare.<\/p>\n\n\n\n<p>Se stai restituendo articoli pi\u00f9 costosi, potresti prendere in considerazione l&#039;utilizzo di un servizio di spedizione tracciabile o l&#039;acquisto di un&#039;assicurazione sulla spedizione. Non possiamo garantire la ricezione dell&#039;articolo restituito.<\/p>\n\n\n\n<p><strong>Hai bisogno di aiuto?<\/strong><\/p>\n\n\n\n<p>Per qualsiasi domanda riguardante rimborsi e resi, contattateci all&#039;indirizzo contact@valwicz.com.<\/p>","protected":false},"excerpt":{"rendered":"<p>Pr\u00e9sentation modifi\u00e9 par la LOI Chatel (source: Direction G\u00e9n\u00e9rale de la Concurrence, de la Consommation et de la R\u00e9pression des Fraudes) Les ventes \u00ab\u00a0en ligne\u00a0\u00bb au consommateur final sur internet sont r\u00e9glement\u00e9es actuellement par les dispositions du code de la consommation et ses textes d\u2019application. Les ventes entre Professionnels sont exclues de ce dispositif. Le retour des commandes s\u2019effectue aux frais, risques et p\u00e9rils de l\u2019acheteur. Le consommateur dispose d\u2019un d\u00e9lai de 14 jours ouvrables&#8230;<\/p>","protected":false},"author":4,"featured_media":0,"parent":0,"menu_order":0,"comment_status":"closed","ping_status":"closed","template":"","meta":{"sfsi_plus_gutenberg_text_before_share":"","sfsi_plus_gutenberg_show_text_before_share":"","sfsi_plus_gutenberg_icon_type":"","sfsi_plus_gutenberg_icon_alignemt":"","sfsi_plus_gutenburg_max_per_row":"","footnotes":""},"categories":[1312],"tags":[],"class_list":["post-62","page","type-page","status-publish","hentry","category-francais"],"yoast_head":"<!-- This site is optimized with the Yoast SEO plugin v27.4 - https:\/\/yoast.com\/product\/yoast-seo-wordpress\/ -->\n<title>Politique en mati\u00e8re de remboursements et de retours - Valwicz<\/title>\n<meta name=\"robots\" content=\"noindex, follow\" \/>\n<meta property=\"og:locale\" content=\"it_IT\" \/>\n<meta property=\"og:type\" content=\"article\" \/>\n<meta property=\"og:title\" content=\"Politique en mati\u00e8re de remboursements et de retours - Valwicz\" \/>\n<meta property=\"og:description\" content=\"Pr\u00e9sentation modifi\u00e9 par la LOI Chatel (source: Direction G\u00e9n\u00e9rale de la Concurrence, de la Consommation et de la R\u00e9pression des Fraudes) Les ventes \u00ab\u00a0en ligne\u00a0\u00bb au consommateur final sur internet sont r\u00e9glement\u00e9es actuellement par les dispositions du code de la consommation et ses textes d\u2019application. Les ventes entre Professionnels sont exclues de ce dispositif. Le retour des commandes s\u2019effectue aux frais, risques et p\u00e9rils de l\u2019acheteur. Le consommateur dispose d\u2019un d\u00e9lai de 14 jours ouvrables...\" \/>\n<meta property=\"og:url\" content=\"https:\/\/valwicz.com\/it\/rimborsi_resi\/\" \/>\n<meta property=\"og:site_name\" content=\"Valwicz\" \/>\n<meta property=\"article:modified_time\" content=\"2025-11-30T11:38:57+00:00\" \/>\n<meta name=\"twitter:card\" content=\"summary_large_image\" \/>\n<meta name=\"twitter:site\" content=\"@Valwicz_\" \/>\n<script type=\"application\/ld+json\" class=\"yoast-schema-graph\">{\"@context\":\"https:\\\/\\\/schema.org\",\"@graph\":[{\"@type\":\"WebPage\",\"@id\":\"https:\\\/\\\/valwicz.com\\\/remboursements_retours\\\/\",\"url\":\"https:\\\/\\\/valwicz.com\\\/remboursements_retours\\\/\",\"name\":\"Politique en mati\u00e8re de remboursements et de retours - Valwicz\",\"isPartOf\":{\"@id\":\"https:\\\/\\\/valwicz.com\\\/#website\"},\"datePublished\":\"2024-10-26T13:40:23+00:00\",\"dateModified\":\"2025-11-30T11:38:57+00:00\",\"breadcrumb\":{\"@id\":\"https:\\\/\\\/valwicz.com\\\/remboursements_retours\\\/#breadcrumb\"},\"inLanguage\":\"it-IT\",\"potentialAction\":[{\"@type\":\"ReadAction\",\"target\":[\"https:\\\/\\\/valwicz.com\\\/remboursements_retours\\\/\"]}]},{\"@type\":\"BreadcrumbList\",\"@id\":\"https:\\\/\\\/valwicz.com\\\/remboursements_retours\\\/#breadcrumb\",\"itemListElement\":[{\"@type\":\"ListItem\",\"position\":1,\"name\":\"Accueil\",\"item\":\"https:\\\/\\\/valwicz.com\\\/\"},{\"@type\":\"ListItem\",\"position\":2,\"name\":\"Politique en mati\u00e8re de remboursements et de retours\"}]},{\"@type\":\"WebSite\",\"@id\":\"https:\\\/\\\/valwicz.com\\\/#website\",\"url\":\"https:\\\/\\\/valwicz.com\\\/\",\"name\":\"Valwicz\",\"description\":\"Audace | El\u00e9gance | D\u00e9sinvolture\",\"publisher\":{\"@id\":\"https:\\\/\\\/valwicz.com\\\/#organization\"},\"potentialAction\":[{\"@type\":\"SearchAction\",\"target\":{\"@type\":\"EntryPoint\",\"urlTemplate\":\"https:\\\/\\\/valwicz.com\\\/?s={search_term_string}\"},\"query-input\":{\"@type\":\"PropertyValueSpecification\",\"valueRequired\":true,\"valueName\":\"search_term_string\"}}],\"inLanguage\":\"it-IT\"},{\"@type\":\"Organization\",\"@id\":\"https:\\\/\\\/valwicz.com\\\/#organization\",\"name\":\"Valwicz\",\"url\":\"https:\\\/\\\/valwicz.com\\\/\",\"logo\":{\"@type\":\"ImageObject\",\"inLanguage\":\"it-IT\",\"@id\":\"https:\\\/\\\/valwicz.com\\\/#\\\/schema\\\/logo\\\/image\\\/\",\"url\":\"https:\\\/\\\/valwicz.com\\\/wp-content\\\/uploads\\\/2024\\\/10\\\/cropped-logo-Valwicz.jpg\",\"contentUrl\":\"https:\\\/\\\/valwicz.com\\\/wp-content\\\/uploads\\\/2024\\\/10\\\/cropped-logo-Valwicz.jpg\",\"width\":500,\"height\":234,\"caption\":\"Valwicz\"},\"image\":{\"@id\":\"https:\\\/\\\/valwicz.com\\\/#\\\/schema\\\/logo\\\/image\\\/\"},\"sameAs\":[\"https:\\\/\\\/x.com\\\/Valwicz_\",\"https:\\\/\\\/www.instagram.com\\\/_valwicz\\\/\",\"https:\\\/\\\/fr.pinterest.com\\\/Valwicz\\\/\",\"https:\\\/\\\/www.tiktok.com\\\/@_valwicz\"]}]}<\/script>\n<!-- \/ Yoast SEO plugin. -->","yoast_head_json":{"title":"Politica di rimborso e reso di Valwicz","robots":{"index":"noindex","follow":"follow"},"og_locale":"it_IT","og_type":"article","og_title":"Politique en mati\u00e8re de remboursements et de retours - Valwicz","og_description":"Pr\u00e9sentation modifi\u00e9 par la LOI Chatel (source: Direction G\u00e9n\u00e9rale de la Concurrence, de la Consommation et de la R\u00e9pression des Fraudes) Les ventes \u00ab\u00a0en ligne\u00a0\u00bb au consommateur final sur internet sont r\u00e9glement\u00e9es actuellement par les dispositions du code de la consommation et ses textes d\u2019application. Les ventes entre Professionnels sont exclues de ce dispositif. Le retour des commandes s\u2019effectue aux frais, risques et p\u00e9rils de l\u2019acheteur. Le consommateur dispose d\u2019un d\u00e9lai de 14 jours ouvrables...","og_url":"https:\/\/valwicz.com\/it\/rimborsi_resi\/","og_site_name":"Valwicz","article_modified_time":"2025-11-30T11:38:57+00:00","twitter_card":"summary_large_image","twitter_site":"@Valwicz_","schema":{"@context":"https:\/\/schema.org","@graph":[{"@type":"WebPage","@id":"https:\/\/valwicz.com\/remboursements_retours\/","url":"https:\/\/valwicz.com\/remboursements_retours\/","name":"Politica di rimborso e reso di Valwicz","isPartOf":{"@id":"https:\/\/valwicz.com\/#website"},"datePublished":"2024-10-26T13:40:23+00:00","dateModified":"2025-11-30T11:38:57+00:00","breadcrumb":{"@id":"https:\/\/valwicz.com\/remboursements_retours\/#breadcrumb"},"inLanguage":"it-IT","potentialAction":[{"@type":"ReadAction","target":["https:\/\/valwicz.com\/remboursements_retours\/"]}]},{"@type":"BreadcrumbList","@id":"https:\/\/valwicz.com\/remboursements_retours\/#breadcrumb","itemListElement":[{"@type":"ListItem","position":1,"name":"Accueil","item":"https:\/\/valwicz.com\/"},{"@type":"ListItem","position":2,"name":"Politique en mati\u00e8re de remboursements et de retours"}]},{"@type":"WebSite","@id":"https:\/\/valwicz.com\/#website","url":"https:\/\/valwicz.com\/","name":"Valwicz","description":"Audacia | Eleganza | Flippancy","publisher":{"@id":"https:\/\/valwicz.com\/#organization"},"potentialAction":[{"@type":"SearchAction","target":{"@type":"EntryPoint","urlTemplate":"https:\/\/valwicz.com\/?s={search_term_string}"},"query-input":{"@type":"PropertyValueSpecification","valueRequired":true,"valueName":"search_term_string"}}],"inLanguage":"it-IT"},{"@type":"Organization","@id":"https:\/\/valwicz.com\/#organization","name":"Valwicz","url":"https:\/\/valwicz.com\/","logo":{"@type":"ImageObject","inLanguage":"it-IT","@id":"https:\/\/valwicz.com\/#\/schema\/logo\/image\/","url":"https:\/\/valwicz.com\/wp-content\/uploads\/2024\/10\/cropped-logo-Valwicz.jpg","contentUrl":"https:\/\/valwicz.com\/wp-content\/uploads\/2024\/10\/cropped-logo-Valwicz.jpg","width":500,"height":234,"caption":"Valwicz"},"image":{"@id":"https:\/\/valwicz.com\/#\/schema\/logo\/image\/"},"sameAs":["https:\/\/x.com\/Valwicz_","https:\/\/www.instagram.com\/_valwicz\/","https:\/\/fr.pinterest.com\/Valwicz\/","https:\/\/www.tiktok.com\/@_valwicz"]}]}},"_links":{"self":[{"href":"https:\/\/valwicz.com\/it\/wp-json\/wp\/v2\/pages\/62","targetHints":{"allow":["GET"]}}],"collection":[{"href":"https:\/\/valwicz.com\/it\/wp-json\/wp\/v2\/pages"}],"about":[{"href":"https:\/\/valwicz.com\/it\/wp-json\/wp\/v2\/types\/page"}],"author":[{"embeddable":true,"href":"https:\/\/valwicz.com\/it\/wp-json\/wp\/v2\/users\/4"}],"replies":[{"embeddable":true,"href":"https:\/\/valwicz.com\/it\/wp-json\/wp\/v2\/comments?post=62"}],"version-history":[{"count":1,"href":"https:\/\/valwicz.com\/it\/wp-json\/wp\/v2\/pages\/62\/revisions"}],"predecessor-version":[{"id":4974,"href":"https:\/\/valwicz.com\/it\/wp-json\/wp\/v2\/pages\/62\/revisions\/4974"}],"wp:attachment":[{"href":"https:\/\/valwicz.com\/it\/wp-json\/wp\/v2\/media?parent=62"}],"wp:term":[{"taxonomy":"category","embeddable":true,"href":"https:\/\/valwicz.com\/it\/wp-json\/wp\/v2\/categories?post=62"},{"taxonomy":"post_tag","embeddable":true,"href":"https:\/\/valwicz.com\/it\/wp-json\/wp\/v2\/tags?post=62"}],"curies":[{"name":"wp","href":"https:\/\/api.w.org\/{rel}","templated":true}]}}