{"id":4237,"date":"2025-03-10T01:13:03","date_gmt":"2025-03-10T00:13:03","guid":{"rendered":"https:\/\/valwicz.com\/?page_id=4237"},"modified":"2025-11-30T12:38:48","modified_gmt":"2025-11-30T11:38:48","slug":"politica-di-consegna","status":"publish","type":"page","link":"https:\/\/valwicz.com\/it\/politique-de-livraison\/","title":{"rendered":"Politica di consegna"},"content":{"rendered":"<h4 class=\"wp-block-heading\"><strong>Politica di spedizione \u2013 Valwicz.com<\/strong><\/h4>\n\n\n\n<p>Benvenuti a <a href=\"https:\/\/valwicz.com\/it\/\">Valwicz.com<\/a>, il tuo negozio online di gioielli artigianali. Ci impegniamo al massimo per garantire che i tuoi ordini vengano consegnati in modo rapido e sicuro. Di seguito troverai i dettagli della nostra politica di consegna.<\/p>\n\n\n\n<hr class=\"wp-block-separator has-alpha-channel-opacity\"\/>\n\n\n\n<h3 class=\"wp-block-heading\"><strong>1. Zone di consegna<\/strong><\/h3>\n\n\n\n<p>Effettuiamo consegne in Francia, in Europa e a livello internazionale.<br>Per le consegne nei dipartimenti e territori francesi d&#039;oltremare utilizziamo esclusivamente Colissimo.<\/p>\n\n\n\n<hr class=\"wp-block-separator has-alpha-channel-opacity\"\/>\n\n\n\n<h3 class=\"wp-block-heading\"><strong>2. Tempi e costi di consegna<\/strong><\/h3>\n\n\n\n<p>Tempi e costi di consegna variano a seconda della destinazione e del corriere scelto. Ecco un riepilogo: <\/p>\n\n\n\n<figure class=\"wp-block-table\"><table class=\"has-fixed-layout\"><tbody><tr><td>Zone<\/td><td>Paese<\/td><td>Vettore<\/td><td>Tempi di consegna<\/td><td>Costo<\/td><\/tr><tr><td>Francia metropolitana<\/td><td>Francia, Monaco, Andorra<\/td><td>Colissimo<\/td><td>da 2 a 7 giorni lavorativi<\/td><td>5,25\u20ac<\/td><\/tr><tr><td>Europa (UE)<\/td><td>Belgio, Germania, Lussemburgo, Paesi Bassi, Austria, Repubblica Ceca, Danimarca, Finlandia, Italia, Grecia, Ungheria, Irlanda, Polonia, Portogallo, Romania, Russia, Slovacchia, Spagna, Svezia, Svizzera, Turchia<\/td><td>Deliverego<\/td><td>da 3 a 8 giorni lavorativi<\/td><td>8,30\u20ac<\/td><\/tr><tr><td>Europa (Regno Unito)<\/td><td>Regno Unito (UK)<\/td><td>Deliverego<\/td><td>da 3 a 18 giorni lavorativi<\/td><td>8,30\u20ac<\/td><\/tr><tr><td>Europa (fuori dall&#039;UE)<\/td><td>Norvegia, Russia, Serbia, Ucraina, Algeria, Libia, Sahara Occidentale, Mauritania, Albania, Bosnia ed Erzegovina, Guernsey, Gibilterra, Irlanda, Islanda, Jersey, Liechtenstein, Lussemburgo, Macedonia del Nord, Moldavia<\/td><td>Deliverego<\/td><td>da 3 a 18 giorni lavorativi<\/td><td>15,30\u20ac<\/td><\/tr><tr><td>Oltremare1<\/td><td>Saint Barth\u00e9lemy, Guyana francese, Guadalupa, Martinica, Saint Pierre e Miquelon, Riunione, Mayotte<\/td><td>Colissimo<\/td><td>da 5 a 22 giorni lavorativi<\/td><td>12,65\u20ac<\/td><\/tr><tr><td>Oltremare 2<\/td><td>Nuova Caledonia, Polinesia francese, Territori francesi australi, Wallis e Futuna<\/td><td>Colissimo<\/td><td>da 5 a 22 giorni lavorativi<\/td><td>12,85\u20ac<\/td><\/tr><tr><td>Africa<\/td><td>Angola, Camerun, Costa d&#039;Avorio, Egitto, Etiopia, Ghana, Kenya, Madagascar, Mauritius, Mozambico, Nigeria, Senegal, Sudafrica, Tanzania, Zambia, Zimbabwe<\/td><td>Deliverego<\/td><td>da 7 a 13 giorni lavorativi<\/td><td>15,30\u20ac<\/td><\/tr><tr><td>Asia<\/td><td>Cina, Hong Kong, India, Giappone, Thailandia, Taiwan, Vietnam, Bahrein, Bangladesh, Cambogia, Emirati Arabi Uniti, Indonesia, Iran, Iraq, Israele, Giordania, Kazakistan, Kuwait, Laos, Libano, Malesia, Mongolia, Nepal, Arabia Saudita, Oman, Pakistan, Filippine, Singapore, Qatar, Sri Lanka, Uzbekistan<\/td><td>Deliverego<\/td><td>da 7 a 13 giorni lavorativi<\/td><td>15,30\u20ac<\/td><\/tr><tr><td>America del Nord<\/td><td><br>Belize, Canada, Costa Rica, Cuba, Dominica, Stati Uniti (USA), Guatemala, Giamaica, Messico, Nicaragua, Panama, Porto Rico, Repubblica Dominicana, El Salvador<\/td><td>Colissimo<\/td><td>da 5 a 13 giorni lavorativi<\/td><td>33,50\u20ac<\/td><\/tr><tr><td>Sud America<\/td><td>Argentina, Bolivia, Brasile, Cile, Colombia, Ecuador, Paraguay, Per\u00f9, Uruguay, Venezuela<\/td><td>Deliverego<\/td><td>da 7 a 13 giorni lavorativi<\/td><td>15,30\u20ac<\/td><\/tr><tr><td rowspan=\"2\">Oceania<\/td><td rowspan=\"2\">Australia, Nuova Zelanda, Nuova Caledonia, Polinesia francese<\/td><td>Deliverego<\/td><td>da 7 a 13 giorni lavorativi<\/td><td>15,30\u20ac<\/td><\/tr><tr><td>Colissimo<\/td><td>da 5 a 13 giorni lavorativi<\/td><td>33,50\u20ac<\/td><\/tr><\/tbody><\/table><\/figure>\n\n\n\n<p><br><\/p>\n\n\n\n<hr class=\"wp-block-separator has-alpha-channel-opacity\"\/>\n\n\n\n<h3 class=\"wp-block-heading\"><strong>3. Elaborazione degli ordini<\/strong><\/h3>\n\n\n\n<ul class=\"wp-block-list\">\n<li>Gli ordini vengono preparati sotto <strong>2 giorni lavorativi<\/strong> per articoli standard.<\/li>\n\n\n\n<li>Per le collane su misura (in particolare i choker), il tempo di preparazione pu\u00f2 estendersi a <strong>5 giorni lavorativi<\/strong>.<\/li>\n\n\n\n<li>Le spedizioni avvengono dal luned\u00ec al venerd\u00ec (esclusi i giorni festivi); non si evadono ordini nei fine settimana e nei giorni festivi.<\/li>\n<\/ul>\n\n\n\n<hr class=\"wp-block-separator has-alpha-channel-opacity\"\/>\n\n\n\n<h3 class=\"wp-block-heading\"><strong>4. Vettori<\/strong><\/h3>\n\n\n\n<p>Lavoriamo con <strong>Colissimo<\/strong> E <strong>Deliverego<\/strong>, Utilizziamo due corrieri affidabili. Ti verr\u00e0 fornito un numero di tracciamento non appena il tuo ordine verr\u00e0 spedito.<\/p>\n\n\n\n<hr class=\"wp-block-separator has-alpha-channel-opacity\"\/>\n\n\n\n<h3 class=\"wp-block-heading\"><strong>5. Problemi di consegna<\/strong><\/h3>\n\n\n\n<p>Non siamo responsabili per ritardi, perdite o danni causati dai corrieri. Tuttavia, vi assisteremo nella presentazione di un reclamo al corriere in questione.<br>Per qualsiasi reclamo, vi preghiamo di contattarci entro un determinato lasso di tempo. <strong>14 giorni<\/strong> dopo la data di consegna prevista.<\/p>\n\n\n\n<hr class=\"wp-block-separator has-alpha-channel-opacity\"\/>\n\n\n\n<h3 class=\"wp-block-heading\"><strong>6. Resi relativi alla consegna<\/strong><\/h3>\n\n\n\n<p>Se un pacco ci viene restituito (ad esempio a causa di un indirizzo errato o di un pacco non ritirato), le spese di rispedizione saranno a carico del cliente.<\/p>\n\n\n\n<hr class=\"wp-block-separator has-alpha-channel-opacity\"\/>\n\n\n\n<h3 class=\"wp-block-heading\"><strong>7. Imballaggio<\/strong><\/h3>\n\n\n\n<p>I vostri gioielli vengono accuratamente imballati in scatole di legno, con paglia o feltro per garantirne la protezione durante il trasporto.<\/p>\n\n\n\n<p><\/p>","protected":false},"excerpt":{"rendered":"<p>Politique de livraison &#8211; Valwicz.com Bienvenue sur Valwicz.com, votre boutique en ligne de bijoux artisanaux. Nous mettons tout en \u0153uvre pour que vos commandes soient livr\u00e9es rapidement et en toute s\u00e9curit\u00e9. Vous trouverez ci-apr\u00e8s les d\u00e9tails de notre politique de livraison. 1. Zones de livraison Nous livrons en France, en Europe et \u00e0 l\u2019international.Pour les livraisons vers les DOM-TOM, nous utilisons exclusivement Colissimo. 2. D\u00e9lais et frais de livraison Les d\u00e9lais et frais de livraison&#8230;<\/p>","protected":false},"author":4,"featured_media":0,"parent":0,"menu_order":0,"comment_status":"closed","ping_status":"closed","template":"","meta":{"sfsi_plus_gutenberg_text_before_share":"","sfsi_plus_gutenberg_show_text_before_share":"","sfsi_plus_gutenberg_icon_type":"","sfsi_plus_gutenberg_icon_alignemt":"","sfsi_plus_gutenburg_max_per_row":"","footnotes":""},"categories":[1312],"tags":[],"class_list":["post-4237","page","type-page","status-publish","hentry","category-francais"],"yoast_head":"<!-- This site is optimized with the Yoast SEO plugin v27.4 - https:\/\/yoast.com\/product\/yoast-seo-wordpress\/ -->\n<title>Politique de Livraison - Valwicz<\/title>\n<meta name=\"robots\" content=\"noindex, follow\" \/>\n<meta property=\"og:locale\" content=\"it_IT\" \/>\n<meta property=\"og:type\" content=\"article\" \/>\n<meta property=\"og:title\" content=\"Politique de Livraison - Valwicz\" \/>\n<meta property=\"og:description\" content=\"Politique de livraison &#8211; Valwicz.com Bienvenue sur Valwicz.com, votre boutique en ligne de bijoux artisanaux. Nous mettons tout en \u0153uvre pour que vos commandes soient livr\u00e9es rapidement et en toute s\u00e9curit\u00e9. Vous trouverez ci-apr\u00e8s les d\u00e9tails de notre politique de livraison. 1. Zones de livraison Nous livrons en France, en Europe et \u00e0 l\u2019international.Pour les livraisons vers les DOM-TOM, nous utilisons exclusivement Colissimo. 2. D\u00e9lais et frais de livraison Les d\u00e9lais et frais de livraison...\" \/>\n<meta property=\"og:url\" content=\"https:\/\/valwicz.com\/it\/politica-di-consegna\/\" \/>\n<meta property=\"og:site_name\" content=\"Valwicz\" \/>\n<meta property=\"article:modified_time\" content=\"2025-11-30T11:38:48+00:00\" \/>\n<meta name=\"twitter:card\" content=\"summary_large_image\" \/>\n<meta name=\"twitter:site\" content=\"@Valwicz_\" \/>\n<script type=\"application\/ld+json\" class=\"yoast-schema-graph\">{\"@context\":\"https:\\\/\\\/schema.org\",\"@graph\":[{\"@type\":\"WebPage\",\"@id\":\"https:\\\/\\\/valwicz.com\\\/politique-de-livraison\\\/\",\"url\":\"https:\\\/\\\/valwicz.com\\\/politique-de-livraison\\\/\",\"name\":\"Politique de Livraison - Valwicz\",\"isPartOf\":{\"@id\":\"https:\\\/\\\/valwicz.com\\\/#website\"},\"datePublished\":\"2025-03-10T00:13:03+00:00\",\"dateModified\":\"2025-11-30T11:38:48+00:00\",\"breadcrumb\":{\"@id\":\"https:\\\/\\\/valwicz.com\\\/politique-de-livraison\\\/#breadcrumb\"},\"inLanguage\":\"it-IT\",\"potentialAction\":[{\"@type\":\"ReadAction\",\"target\":[\"https:\\\/\\\/valwicz.com\\\/politique-de-livraison\\\/\"]}]},{\"@type\":\"BreadcrumbList\",\"@id\":\"https:\\\/\\\/valwicz.com\\\/politique-de-livraison\\\/#breadcrumb\",\"itemListElement\":[{\"@type\":\"ListItem\",\"position\":1,\"name\":\"Accueil\",\"item\":\"https:\\\/\\\/valwicz.com\\\/\"},{\"@type\":\"ListItem\",\"position\":2,\"name\":\"Politique de Livraison\"}]},{\"@type\":\"WebSite\",\"@id\":\"https:\\\/\\\/valwicz.com\\\/#website\",\"url\":\"https:\\\/\\\/valwicz.com\\\/\",\"name\":\"Valwicz\",\"description\":\"Audace | El\u00e9gance | D\u00e9sinvolture\",\"publisher\":{\"@id\":\"https:\\\/\\\/valwicz.com\\\/#organization\"},\"potentialAction\":[{\"@type\":\"SearchAction\",\"target\":{\"@type\":\"EntryPoint\",\"urlTemplate\":\"https:\\\/\\\/valwicz.com\\\/?s={search_term_string}\"},\"query-input\":{\"@type\":\"PropertyValueSpecification\",\"valueRequired\":true,\"valueName\":\"search_term_string\"}}],\"inLanguage\":\"it-IT\"},{\"@type\":\"Organization\",\"@id\":\"https:\\\/\\\/valwicz.com\\\/#organization\",\"name\":\"Valwicz\",\"url\":\"https:\\\/\\\/valwicz.com\\\/\",\"logo\":{\"@type\":\"ImageObject\",\"inLanguage\":\"it-IT\",\"@id\":\"https:\\\/\\\/valwicz.com\\\/#\\\/schema\\\/logo\\\/image\\\/\",\"url\":\"https:\\\/\\\/valwicz.com\\\/wp-content\\\/uploads\\\/2024\\\/10\\\/cropped-logo-Valwicz.jpg\",\"contentUrl\":\"https:\\\/\\\/valwicz.com\\\/wp-content\\\/uploads\\\/2024\\\/10\\\/cropped-logo-Valwicz.jpg\",\"width\":500,\"height\":234,\"caption\":\"Valwicz\"},\"image\":{\"@id\":\"https:\\\/\\\/valwicz.com\\\/#\\\/schema\\\/logo\\\/image\\\/\"},\"sameAs\":[\"https:\\\/\\\/x.com\\\/Valwicz_\",\"https:\\\/\\\/www.instagram.com\\\/_valwicz\\\/\",\"https:\\\/\\\/fr.pinterest.com\\\/Valwicz\\\/\",\"https:\\\/\\\/www.tiktok.com\\\/@_valwicz\"]}]}<\/script>\n<!-- \/ Yoast SEO plugin. -->","yoast_head_json":{"title":"Politica di consegna - Valwicz","robots":{"index":"noindex","follow":"follow"},"og_locale":"it_IT","og_type":"article","og_title":"Politique de Livraison - Valwicz","og_description":"Politique de livraison &#8211; Valwicz.com Bienvenue sur Valwicz.com, votre boutique en ligne de bijoux artisanaux. Nous mettons tout en \u0153uvre pour que vos commandes soient livr\u00e9es rapidement et en toute s\u00e9curit\u00e9. Vous trouverez ci-apr\u00e8s les d\u00e9tails de notre politique de livraison. 1. Zones de livraison Nous livrons en France, en Europe et \u00e0 l\u2019international.Pour les livraisons vers les DOM-TOM, nous utilisons exclusivement Colissimo. 2. D\u00e9lais et frais de livraison Les d\u00e9lais et frais de livraison...","og_url":"https:\/\/valwicz.com\/it\/politica-di-consegna\/","og_site_name":"Valwicz","article_modified_time":"2025-11-30T11:38:48+00:00","twitter_card":"summary_large_image","twitter_site":"@Valwicz_","schema":{"@context":"https:\/\/schema.org","@graph":[{"@type":"WebPage","@id":"https:\/\/valwicz.com\/politique-de-livraison\/","url":"https:\/\/valwicz.com\/politique-de-livraison\/","name":"Politica di consegna - Valwicz","isPartOf":{"@id":"https:\/\/valwicz.com\/#website"},"datePublished":"2025-03-10T00:13:03+00:00","dateModified":"2025-11-30T11:38:48+00:00","breadcrumb":{"@id":"https:\/\/valwicz.com\/politique-de-livraison\/#breadcrumb"},"inLanguage":"it-IT","potentialAction":[{"@type":"ReadAction","target":["https:\/\/valwicz.com\/politique-de-livraison\/"]}]},{"@type":"BreadcrumbList","@id":"https:\/\/valwicz.com\/politique-de-livraison\/#breadcrumb","itemListElement":[{"@type":"ListItem","position":1,"name":"Accueil","item":"https:\/\/valwicz.com\/"},{"@type":"ListItem","position":2,"name":"Politique de Livraison"}]},{"@type":"WebSite","@id":"https:\/\/valwicz.com\/#website","url":"https:\/\/valwicz.com\/","name":"Valwicz","description":"Audacia | Eleganza | Flippancy","publisher":{"@id":"https:\/\/valwicz.com\/#organization"},"potentialAction":[{"@type":"SearchAction","target":{"@type":"EntryPoint","urlTemplate":"https:\/\/valwicz.com\/?s={search_term_string}"},"query-input":{"@type":"PropertyValueSpecification","valueRequired":true,"valueName":"search_term_string"}}],"inLanguage":"it-IT"},{"@type":"Organization","@id":"https:\/\/valwicz.com\/#organization","name":"Valwicz","url":"https:\/\/valwicz.com\/","logo":{"@type":"ImageObject","inLanguage":"it-IT","@id":"https:\/\/valwicz.com\/#\/schema\/logo\/image\/","url":"https:\/\/valwicz.com\/wp-content\/uploads\/2024\/10\/cropped-logo-Valwicz.jpg","contentUrl":"https:\/\/valwicz.com\/wp-content\/uploads\/2024\/10\/cropped-logo-Valwicz.jpg","width":500,"height":234,"caption":"Valwicz"},"image":{"@id":"https:\/\/valwicz.com\/#\/schema\/logo\/image\/"},"sameAs":["https:\/\/x.com\/Valwicz_","https:\/\/www.instagram.com\/_valwicz\/","https:\/\/fr.pinterest.com\/Valwicz\/","https:\/\/www.tiktok.com\/@_valwicz"]}]}},"_links":{"self":[{"href":"https:\/\/valwicz.com\/it\/wp-json\/wp\/v2\/pages\/4237","targetHints":{"allow":["GET"]}}],"collection":[{"href":"https:\/\/valwicz.com\/it\/wp-json\/wp\/v2\/pages"}],"about":[{"href":"https:\/\/valwicz.com\/it\/wp-json\/wp\/v2\/types\/page"}],"author":[{"embeddable":true,"href":"https:\/\/valwicz.com\/it\/wp-json\/wp\/v2\/users\/4"}],"replies":[{"embeddable":true,"href":"https:\/\/valwicz.com\/it\/wp-json\/wp\/v2\/comments?post=4237"}],"version-history":[{"count":2,"href":"https:\/\/valwicz.com\/it\/wp-json\/wp\/v2\/pages\/4237\/revisions"}],"predecessor-version":[{"id":6732,"href":"https:\/\/valwicz.com\/it\/wp-json\/wp\/v2\/pages\/4237\/revisions\/6732"}],"wp:attachment":[{"href":"https:\/\/valwicz.com\/it\/wp-json\/wp\/v2\/media?parent=4237"}],"wp:term":[{"taxonomy":"category","embeddable":true,"href":"https:\/\/valwicz.com\/it\/wp-json\/wp\/v2\/categories?post=4237"},{"taxonomy":"post_tag","embeddable":true,"href":"https:\/\/valwicz.com\/it\/wp-json\/wp\/v2\/tags?post=4237"}],"curies":[{"name":"wp","href":"https:\/\/api.w.org\/{rel}","templated":true}]}}