{"id":4144,"date":"2025-03-01T19:30:04","date_gmt":"2025-03-01T18:30:04","guid":{"rendered":"https:\/\/valwicz.com\/?page_id=4144"},"modified":"2025-11-30T12:37:07","modified_gmt":"2025-11-30T11:37:07","slug":"cura-della-tua-collana-in-legno-e-pietre-naturali","status":"publish","type":"page","link":"https:\/\/valwicz.com\/it\/entretien-de-votre-collier-en-bois-et-pierres-naturelles\/","title":{"rendered":"Cura delle collane in legno e pietre naturali: consigli e trucchi"},"content":{"rendered":"<h2 class=\"wp-block-heading\">Come si prende cura della sua collana artigianale in legno e perle?<\/h2>\n\n\n\n<div class=\"wp-block-columns is-layout-flex wp-container-core-columns-is-layout-9d6595d7 wp-block-columns-is-layout-flex\">\n<div class=\"wp-block-column is-layout-flow wp-block-column-is-layout-flow\" style=\"flex-basis:100%\">\n<h3 class=\"wp-block-heading\"><strong>Prendetevi cura della vostra collana nello stesso modo in cui vi prendete cura di voi stessi.<\/strong><\/h3>\n<\/div>\n<\/div>\n\n\n\n<div class=\"wp-block-columns is-layout-flex wp-container-core-columns-is-layout-9d6595d7 wp-block-columns-is-layout-flex\">\n<div class=\"wp-block-column is-layout-flow wp-block-column-is-layout-flow\">\n<p>Tranquille, ragazze, prendersi cura di una collana in legno e pietre preziose richiede pochissimo tempo! \u00c8 molto pi\u00f9 di un semplice gioiello. Porta con s\u00e9 la memoria del legno intagliato, l&#039;energia delle pietre che la compongono e l&#039;intenzione dell&#039;artigiano che l&#039;ha realizzata. <strong><em>Come i nostri corpi<\/em><\/strong>, Si evolve nel tempo, respira, assorbe gli elementi e i movimenti della vita. Per preservarne la bellezza e la forza, necessita di attenzioni particolari.<\/p>\n\n\n\n<h6 class=\"wp-block-heading\">Il legno, un materiale vivo<\/h6>\n\n\n\n<p>Il legno si ammorbidisce e sviluppa una patina quando viene toccato dalla pelle, ma pu\u00f2 anche seccarsi se non viene trattato. Le perle, sia minerali che organiche, assorbono la luce e l'ambiente e meritano di essere protette dalle aggressioni esterne. Prendersi cura della propria collana non significa solo prolungarne la vita, ma anche rispettarne il materiale, <strong><em>onorare ci\u00f2 che \u00e8 naturale<\/em><\/strong> e lasciarlo fiorire nel tempo.<br>Con pochi semplici gesti, potete accompagnare i vostri gioielli nel loro viaggio, dandogli ci\u00f2 di cui hanno bisogno per superare la prova del tempo con eleganza e autenticit\u00e0. <br>Scoprite qui come conservare e curare la vostra collana di legno e le vostre perle in modo che vi accompagnino a lungo.<\/p>\n<\/div>\n<\/div>\n\n\n\n<h6 class=\"wp-block-heading\"><strong>Evitare acqua e umidit\u00e0<\/strong><\/h6>\n\n\n\n<p>Il legno e alcuni tipi di pietra naturale possono essere <strong><em>sensibile all'acqua<\/em><\/strong>. Si raccomanda di :<br>Togliere il collare prima di fare la doccia, il bagno o il nuoto.<br>Per preservare il legno e le perle, evitare ambienti molto umidi.<\/p>\n\n\n\n<h6 class=\"wp-block-heading\"><strong>Pulizia delicata e naturale<\/strong><\/h6>\n\n\n\n<p>Utilizzare un <strong><em>panno morbido e asciutto<\/em><\/strong> per rimuovere regolarmente la polvere dal collare.<br>Per il legno, applicare una goccia di olio naturale (jojoba, mandorle dolci). <strong><em>una o due volte l'anno<\/em><\/strong> per nutrire e proteggere il materiale.<br>Per la pietra, pu\u00f2 essere sufficiente una leggera passata con un panno leggermente umido.<\/p>\n\n\n\n<h6 class=\"wp-block-heading\"><strong>Protezione contro il calore e le sostanze chimiche<\/strong><\/h6>\n\n\n\n<p>Non esporre il collare a <strong><em>temperature estreme<\/em><\/strong> o un <em><strong>luce solare prolungata<\/strong><\/em>.<br>Evitare il contatto con profumi, sostanze chimiche o trucchi che potrebbero danneggiare le pietre e il legno.<\/p>\n\n\n\n<h6 class=\"wp-block-heading\"><strong>Ricarica energetica delle pietre <\/strong><\/h6>\n\n\n\n<p>Posizionare le pietre sotto la luce della <strong><em>luna piena<\/em><\/strong> per una ricarica naturale.<br>Per alcune pietre, come la labradorite, la ricarica su un <strong><em>cluster di quarzo<\/em><\/strong> o un <strong><em>geode di ametista<\/em><\/strong> pu\u00f2 essere utile.<\/p>\n\n\n\n<div class=\"wp-block-columns is-layout-flex wp-container-core-columns-is-layout-9d6595d7 wp-block-columns-is-layout-flex\">\n<div class=\"wp-block-column is-layout-flow wp-block-column-is-layout-flow\">\n<p>Le <strong>Legno di Padouk<\/strong> \u00e8 una specie esotica rinomata per le sue <strong>robustezza, durata e un colore rosso-arancio che cambia nel tempo<\/strong>. Ha una caratteristica notevole: \u00e8 <strong>felpe<\/strong> sotto l&#039;influenza del calore e dell&#039;umidit\u00e0. Questa &quot;traspirazione&quot; corrisponde all&#039;essudazione delle resine naturali contenute nel legno.<\/p>\n\n\n\n<h6 class=\"wp-block-heading\"><strong>Caratteristiche del legno Padouk<\/strong><\/h6>\n\n\n\n<p><strong>Perch\u00e9 Padouk suda?<\/strong><\/p>\n\n\n\n<ul class=\"wp-block-list\">\n<li>Il Padouk \u00e8 ricco di resine e oli naturali, che lo proteggono dagli attacchi esterni (insetti, funghi, umidit\u00e0).<\/li>\n\n\n\n<li>Quando il legno \u00e8 esposto a un aumento della temperatura o dell'umidit\u00e0, queste sostanze salgono in superficie sotto forma di micro-essudazioni.<\/li>\n\n\n\n<li>Ci\u00f2 \u00e8 particolarmente visibile sulle superfici lisce o verniciate, dove l&#039;essudazione a volte crea una pellicola appiccicosa.<\/li>\n<\/ul>\n\n\n\n<p><strong>Come si cura il legno Padouk?<\/strong><\/p>\n\n\n\n<ul class=\"wp-block-list\">\n<li><strong><em>Pulizia <\/em><\/strong>Regolare: pulire la superficie con un panno morbido e pulito per rimuovere la resina in eccesso.<\/li>\n\n\n\n<li>Utilizzo di un <strong><em>sgrassatore <\/em><\/strong>Delicato: lo spirito o l'aceto diluito possono aiutare a rimuovere la resina senza danneggiare il legno.<\/li>\n\n\n\n<li><em><strong>Oliatura<\/strong> <\/em>(opzionale): Un olio specifico per legni esotici pu\u00f2 contribuire a stabilizzare la superficie e a ridurre la risalita.<\/li>\n\n\n\n<li><strong><em>Levigatura <\/em><\/strong>Se necessario, carteggiare leggermente: se l&#039;essudazione diventa troppo consistente, una leggera carteggiatura con una spugna abrasiva pu\u00f2 aiutare ad aprire i pori del legno e a limitare il fenomeno.<\/li>\n<\/ul>\n<\/div>\n<\/div>\n\n\n\n<h6 class=\"wp-block-heading\">Informazioni pratiche<\/h6>\n\n\n\n<p>Potete scoprire le nostre collezioni di creazioni artigianali seguendo questo link <a href=\"https:\/\/valwicz.com\/it\/creazioni\/\">link<\/a>. Inoltre, se desideri discutere della cura di una collana in legno e pietra o porre una domanda, ti invitiamo a unirti al nostro <a href=\"https:\/\/valwicz.com\/it\/contatto\/\">spazio per lo scambio<\/a> dedicato.<\/p>\n\n\n\n<p>E infine.., <a href=\"https:\/\/valwicz.com\/it\/laboratorio-valwicz-creazioni-artigianali-e-gioielli-unici\/\">il laboratorio<\/a> vi apre le porte per un'immersione totale nel mondo di Valwicz.<\/p>\n\n\n\n<div class=\"wp-block-columns is-layout-flex wp-container-core-columns-is-layout-9d6595d7 wp-block-columns-is-layout-flex\">\n<div class=\"wp-block-column is-layout-flow wp-block-column-is-layout-flow\"><\/div>\n\n\n\n<div class=\"wp-block-column is-vertically-aligned-center is-layout-flow wp-block-column-is-layout-flow\"><div class=\"sfsi_plus_widget\"><div id=\"sfsi_plus_wDiv\"><\/div><div class=\"sfsiplus_norm_row sfsi_plus_wDiv\"  style=\"width:270px;position:absolute;;text-align:center\"><div style='width:40px; height:auto;margin-left:5px;margin-bottom:5px;' class='sfsi_plus_wicons shuffeldiv1'><div class='sfsiplus_inerCnt'><a class='sficn1' data-effect='scale' target='_blank' rel='noopener'  href='https:\/\/valwicz.com\/it\/feed\/'  style='width:40px; height:40px;opacity:1;' ><img alt='RSS' title='RSS' src='https:\/\/valwicz.com\/wp-content\/plugins\/ultimate-social-media-plus\/images\/icons_theme\/thin\/thin_rss.png' width='40' height='40' style='' class='sfcm sfsi_wicon sfsiplusid_round_icon_rss' data-effect='scale'  \/><\/a><\/div><\/div><div style='width:40px; height:auto;margin-left:5px;margin-bottom:5px;' class='sfsi_plus_wicons shuffeldiv1'><div class='sfsiplus_inerCnt'><a class='sficn1' data-effect='scale'   href='javascript:void(0);'  style='width:40px; height:40px;opacity:1;' ><img alt='Pinterest' title='Pinterest' src='https:\/\/valwicz.com\/wp-content\/plugins\/ultimate-social-media-plus\/images\/icons_theme\/thin\/thin_pinterest.png' width='40' height='40' style='' class='sfcm sfsi_wicon sfsiplusid_round_icon_pinterest' data-effect='scale'  \/><\/a><div class=\"sfsi_plus_tool_tip_2 sfsi_plus_printst_tool_bdr sfsi_plus_Tlleft sfsiplusid_pinterest\" style=\"display:block;width:73px;opacity:0;z-index:-1;\"><span class=\"bot_arow bot_pintst_arow\"><\/span><div class=\"sfsi_plus_inside\"><div  class='icon1'><a href='https:\/\/fr.pinterest.com\/Valwicz\/' target='_blank' rel='noopener'><img data-pin-nopin='true' class='sfsi_wicon'  alt='Pinterest' title='Pinterest' src='https:\/\/valwicz.com\/wp-content\/plugins\/ultimate-social-media-plus\/images\/visit_icons\/pinterest.png' \/><\/a><\/div><div  class='icon2'><a data-pin-custom='true' href='https:\/\/www.pinterest.com\/pin\/create\/button\/?url=https:\/\/valwicz.com\/it\/wp-json\/wp\/v2\/pages\/4144' target='_blank' rel='noopener'><img class='sfsi_wicon' data-pin-nopin='true' alt='icona di condivisione fb' title='Pin Condividi' src='https:\/\/valwicz.com\/wp-content\/plugins\/ultimate-social-media-plus\/images\/share_icons\/Pinterest_Save\/fr_FR_save.svg' \/><\/a><\/div><\/div><\/div><\/div><\/div><div style='width:40px; height:auto;margin-left:5px;margin-bottom:5px;' class='sfsi_plus_wicons shuffeldiv1'><div class='sfsiplus_inerCnt'><a class='sficn1' data-effect='scale' target='_blank' rel='noopener'  href='https:\/\/www.facebook.com\/profile.php?id=61573895648767'  style='width:40px; height:40px;opacity:1;' ><img alt='Facebook' title='Facebook' src='https:\/\/valwicz.com\/wp-content\/plugins\/ultimate-social-media-plus\/images\/icons_theme\/thin\/thin_fb.png' width='40' height='40' style='' class='sfcm sfsi_wicon sfsiplusid_round_icon_facebook' data-effect='scale'  \/><\/a><div class=\"sfsi_plus_tool_tip_2 sfsi_plus_fb_tool_bdr sfsi_plus_Tlleft sfsiplusid_facebook\" style=\"display:block;width:62px;opacity:0;z-index:-1;\"><span class=\"bot_arow bot_fb_arow\"><\/span><div class=\"sfsi_plus_inside\"><div  class='icon1'><a href='https:\/\/www.facebook.com\/profile.php?id=61573895648767' target='_blank' rel='noopener'><img class='sfsi_plus_wicon' alt='Facebook' title='Facebook' src='https:\/\/valwicz.com\/wp-content\/plugins\/ultimate-social-media-plus\/images\/visit_icons\/Visit_us_fb\/icon_Visit_us_en_US.png'  \/><\/a><\/div><div  class='icon2'><div class=\"fb-like\" data-width=\"180\" data-show-faces=\"false\" data-href=\"https%3A%2F%2Fvalwicz.com%2Fit%2Fwp-json%2Fwp%2Fv2%2Fpages%2F4144%2F\" data-layout=\"button\" data-action=\"like\" data-share=\"false\" ><\/div><\/div><div  class='icon3'><a target='_blank' href='https:\/\/www.facebook.com\/sharer\/sharer.php?u=https%3A%2F%2Fvalwicz.com%2Fit%2Fwp-json%2Fwp%2Fv2%2Fpages%2F4144' style='display:inline-block;'> <img class='sfsi_wicon'  data-pin-nopin='true' width='auto' height='auto' alt='icona di condivisione fb' title='Facebook Condividi' src='https:\/\/valwicz.com\/wp-content\/plugins\/ultimate-social-media-plus\/images\/share_icons\/fb_icons\/fr_FR.svg'' \/><\/a><\/div><\/div><\/div><\/div><\/div><div style='width:40px; height:auto;margin-left:5px;margin-bottom:5px;' class='sfsi_plus_wicons shuffeldiv1'><div class='sfsiplus_inerCnt'><a class='sficn1' data-effect='scale' target='_blank' rel='noopener'  href='https:\/\/www.instagram.com\/valwicz__\/'  style='width:40px; height:40px;opacity:1;' ><img alt='Instagram' title='Instagram' src='https:\/\/valwicz.com\/wp-content\/plugins\/ultimate-social-media-plus\/images\/icons_theme\/thin\/thin_instagram.png' width='40' height='40' style='' class='sfcm sfsi_wicon sfsiplusid_round_icon_instagram' data-effect='scale'  \/><\/a><\/div><\/div><div style='width:40px; height:auto;margin-left:5px;margin-bottom:5px;' class='sfsi_plus_wicons shuffeldiv1'><div class='sfsiplus_inerCnt'><a class='sficn1' data-effect='scale' target='_blank' rel='noopener'  href='https:\/\/x.com\/Valwicz_'  style='width:40px; height:40px;opacity:1;' ><img alt='X (Twitter)' title='X (Twitter)' src='https:\/\/valwicz.com\/wp-content\/plugins\/ultimate-social-media-plus\/images\/icons_theme\/thin\/thin_twitter.png' width='40' height='40' style='' class='sfcm sfsi_wicon sfsiplusid_round_icon_twitter' data-effect='scale'  \/><\/a><div class=\"sfsi_plus_tool_tip_2 sfsi_plus_twt_tool_bdr sfsi_plus_Tlleft sfsiplusid_twitter\" style=\"display:block;width:59px;opacity:0;z-index:-1;\"><span class=\"bot_arow bot_twt_arow\"><\/span><div class=\"sfsi_plus_inside\"><style>#sfsi_plus_floater .sfsi_plus_twt_tool_bdr .sfsi_plus_inside{margin-top: -18px;}<\/style><div  class='cstmicon1'><a href='https:\/\/x.com\/Valwicz_' target='_blank' rel='noopener'><img class='sfsi_plus_wicon' alt='Visitateci' title='Visitateci' src='https:\/\/valwicz.com\/wp-content\/plugins\/ultimate-social-media-plus\/images\/visit_icons\/Visit_us_twitter\/icon_Visit_us_en_US.png'  \/><\/a><\/div><div  class='icon1'><a target='_blank' rel='noopener' href='https:\/\/twitter.com\/intent\/user?screen_name=Valwicz'><img nopin='nopin' width='auto' src='https:\/\/valwicz.com\/wp-content\/plugins\/ultimate-social-media-plus\/images\/share_icons\/Twitter_Follow\/fr_FR_Follow.svg' class='sfsi_premium_wicon' alt='Seguimi' title='Seguimi' style='opacity: 1;''><\/a><\/div><div  class='icon2'><div class='sf_twiter' style='display: inline-block;vertical-align: middle;width: auto;'>\n\t\t\t\t\t\t<a target='_blank' href='https:\/\/x.com\/intent\/post?text=site+de+vente+de+bijou+artisanal%3A+valwicz.com+%23BijouxArtisanal+via%40Valwicz https:\/\/valwicz.com\/it\/wp-json\/wp\/v2\/pages\/4144'style='display:inline-block' >\n\t\t\t\t\t\t\t<img nopin=\"nopin\" width='auto' class='sfsi_plus_wicon' src='https:\/\/valwicz.com\/wp-content\/plugins\/ultimate-social-media-plus\/images\/share_icons\/Twitter_Tweet\/fr_FR_Tweet.svg' alt='Tweet' title='Tweet' >\n\t\t\t\t\t\t<\/a>\n\t\t\t\t\t<\/div><\/div><\/div><\/div><\/div><\/div><div style='width:40px; height:auto;margin-left:5px;margin-bottom:5px;' class='sfsi_plus_wicons shuffeldiv1'><div class='sfsiplus_inerCnt'><a class='sficn1' data-effect='scale' target='_blank' rel='noopener'  href='https:\/\/www.youtube.com\/@Valwicz-Les-Colliers'  style='width:40px; height:40px;opacity:1;' ><img alt='YouTube' title='YouTube' src='https:\/\/valwicz.com\/wp-content\/plugins\/ultimate-social-media-plus\/images\/icons_theme\/thin\/thin_youtube.png' width='40' height='40' style='' class='sfcm sfsi_wicon sfsiplusid_round_icon_youtube' data-effect='scale'  \/><\/a><div class=\"sfsi_plus_tool_tip_2 utube_tool_bdr sfsi_plus_Tlleft sfsiplusid_youtube\" style=\"display:block;width:96px;opacity:0;z-index:-1;\"><span class=\"bot_arow bot_utube_arow\"><\/span><div class=\"sfsi_plus_inside\"><div  class='icon1'><a href='https:\/\/www.youtube.com\/@Valwicz-Les-Colliers'  target='_blank' rel='noopener'><img class='sfsi_plus_wicon' alt='YouTube' title='YouTube' src='https:\/\/valwicz.com\/wp-content\/plugins\/ultimate-social-media-plus\/images\/visit_icons\/youtube.png'  \/><\/a><\/div><div  class='icon2'><div class=\"g-ytsubscribe\" data-channelid=\"UCu4iaWzioeUxGWQGAxdJGeQ\" data-layout=\"default\" data-count=\"hidden\"><\/div><\/div><\/div><\/div><\/div><\/div><\/div><div id=\"sfsi_holder\" class=\"sfsi_plus_holders\" style=\"position: relative; float: left;width:100%;z-index:-1;\"><\/div><script><\/script><div style=\"clear: both;\"><\/div><\/div>\n<\/div>\n\n\n\n<div class=\"wp-block-column is-layout-flow wp-block-column-is-layout-flow\"><\/div>\n<\/div>\n\n\n\n<p><\/p>\n\n\n\n<p><\/p>","protected":false},"excerpt":{"rendered":"<p>Comment entretenir votre collier artisanal en bois et perles ? Prendre soin de son collier, comme on prend soin de soi Je vous rassure Mesdames, l&rsquo;entretien d&rsquo;un collier en bois et en pierres ne n\u00e9cessite que peu de temps ! Il est bien plus qu\u2019un simple bijou. Il porte en lui la m\u00e9moire du bois sculpt\u00e9, l\u2019\u00e9nergie des pierres qui le composent et l\u2019intention de l\u2019artisan qui l\u2019a fa\u00e7onn\u00e9. Comme notre propre corps, il \u00e9volue&#8230;<\/p>","protected":false},"author":3,"featured_media":0,"parent":0,"menu_order":0,"comment_status":"closed","ping_status":"closed","template":"","meta":{"sfsi_plus_gutenberg_text_before_share":"","sfsi_plus_gutenberg_show_text_before_share":"","sfsi_plus_gutenberg_icon_type":"","sfsi_plus_gutenberg_icon_alignemt":"","sfsi_plus_gutenburg_max_per_row":"","footnotes":""},"categories":[1312],"tags":[],"class_list":["post-4144","page","type-page","status-publish","hentry","category-francais"],"yoast_head":"<!-- This site is optimized with the Yoast SEO plugin v27.3 - https:\/\/yoast.com\/product\/yoast-seo-wordpress\/ -->\n<title>Entretien collier bois et pierres | conseils et astuces - Valwicz<\/title>\n<meta name=\"description\" content=\"D\u00e9couvrez nos conseils d&#039;entretien du collier en bois et pierres naturelles : nettoyage, protection, astuces pour pr\u00e9server sa beaut\u00e9.\" \/>\n<meta name=\"robots\" content=\"noindex, follow\" \/>\n<meta property=\"og:locale\" content=\"it_IT\" \/>\n<meta property=\"og:type\" content=\"article\" \/>\n<meta property=\"og:title\" content=\"Entretien collier bois et pierres | conseils et astuces - Valwicz\" \/>\n<meta property=\"og:description\" content=\"D\u00e9couvrez nos conseils d&#039;entretien du collier en bois et pierres naturelles : nettoyage, protection, astuces pour pr\u00e9server sa beaut\u00e9.\" \/>\n<meta property=\"og:url\" content=\"https:\/\/valwicz.com\/it\/cura-della-tua-collana-in-legno-e-pietre-naturali\/\" \/>\n<meta property=\"og:site_name\" content=\"Valwicz\" \/>\n<meta property=\"article:modified_time\" content=\"2025-11-30T11:37:07+00:00\" \/>\n<meta name=\"twitter:card\" content=\"summary_large_image\" \/>\n<meta name=\"twitter:site\" content=\"@Valwicz_\" \/>\n<script type=\"application\/ld+json\" class=\"yoast-schema-graph\">{\"@context\":\"https:\\\/\\\/schema.org\",\"@graph\":[{\"@type\":\"WebPage\",\"@id\":\"https:\\\/\\\/valwicz.com\\\/entretien-de-votre-collier-en-bois-et-pierres-naturelles\\\/\",\"url\":\"https:\\\/\\\/valwicz.com\\\/entretien-de-votre-collier-en-bois-et-pierres-naturelles\\\/\",\"name\":\"Entretien collier bois et pierres | conseils et astuces - Valwicz\",\"isPartOf\":{\"@id\":\"https:\\\/\\\/valwicz.com\\\/#website\"},\"datePublished\":\"2025-03-01T18:30:04+00:00\",\"dateModified\":\"2025-11-30T11:37:07+00:00\",\"description\":\"D\u00e9couvrez nos conseils d'entretien du collier en bois et pierres naturelles : nettoyage, protection, astuces pour pr\u00e9server sa beaut\u00e9.\",\"breadcrumb\":{\"@id\":\"https:\\\/\\\/valwicz.com\\\/entretien-de-votre-collier-en-bois-et-pierres-naturelles\\\/#breadcrumb\"},\"inLanguage\":\"it-IT\",\"potentialAction\":[{\"@type\":\"ReadAction\",\"target\":[\"https:\\\/\\\/valwicz.com\\\/entretien-de-votre-collier-en-bois-et-pierres-naturelles\\\/\"]}]},{\"@type\":\"BreadcrumbList\",\"@id\":\"https:\\\/\\\/valwicz.com\\\/entretien-de-votre-collier-en-bois-et-pierres-naturelles\\\/#breadcrumb\",\"itemListElement\":[{\"@type\":\"ListItem\",\"position\":1,\"name\":\"Accueil\",\"item\":\"https:\\\/\\\/valwicz.com\\\/\"},{\"@type\":\"ListItem\",\"position\":2,\"name\":\"Entretien des colliers en bois et pierres naturelles : conseils et astuces\"}]},{\"@type\":\"WebSite\",\"@id\":\"https:\\\/\\\/valwicz.com\\\/#website\",\"url\":\"https:\\\/\\\/valwicz.com\\\/\",\"name\":\"Valwicz\",\"description\":\"Audace | El\u00e9gance | D\u00e9sinvolture\",\"publisher\":{\"@id\":\"https:\\\/\\\/valwicz.com\\\/#organization\"},\"potentialAction\":[{\"@type\":\"SearchAction\",\"target\":{\"@type\":\"EntryPoint\",\"urlTemplate\":\"https:\\\/\\\/valwicz.com\\\/?s={search_term_string}\"},\"query-input\":{\"@type\":\"PropertyValueSpecification\",\"valueRequired\":true,\"valueName\":\"search_term_string\"}}],\"inLanguage\":\"it-IT\"},{\"@type\":\"Organization\",\"@id\":\"https:\\\/\\\/valwicz.com\\\/#organization\",\"name\":\"Valwicz\",\"url\":\"https:\\\/\\\/valwicz.com\\\/\",\"logo\":{\"@type\":\"ImageObject\",\"inLanguage\":\"it-IT\",\"@id\":\"https:\\\/\\\/valwicz.com\\\/#\\\/schema\\\/logo\\\/image\\\/\",\"url\":\"https:\\\/\\\/valwicz.com\\\/wp-content\\\/uploads\\\/2024\\\/10\\\/cropped-logo-Valwicz.jpg\",\"contentUrl\":\"https:\\\/\\\/valwicz.com\\\/wp-content\\\/uploads\\\/2024\\\/10\\\/cropped-logo-Valwicz.jpg\",\"width\":500,\"height\":234,\"caption\":\"Valwicz\"},\"image\":{\"@id\":\"https:\\\/\\\/valwicz.com\\\/#\\\/schema\\\/logo\\\/image\\\/\"},\"sameAs\":[\"https:\\\/\\\/x.com\\\/Valwicz_\",\"https:\\\/\\\/www.instagram.com\\\/_valwicz\\\/\",\"https:\\\/\\\/fr.pinterest.com\\\/Valwicz\\\/\",\"https:\\\/\\\/www.tiktok.com\\\/@_valwicz\"]}]}<\/script>\n<!-- \/ Yoast SEO plugin. -->","yoast_head_json":{"title":"Come prendersi cura di una collana in legno e pietra | Consigli e trucchi - Valwicz","description":"Scopri i nostri consigli per la cura della tua collana in legno e pietra naturale: pulizia, protezione, consigli per preservarne la bellezza.","robots":{"index":"noindex","follow":"follow"},"og_locale":"it_IT","og_type":"article","og_title":"Entretien collier bois et pierres | conseils et astuces - Valwicz","og_description":"D\u00e9couvrez nos conseils d'entretien du collier en bois et pierres naturelles : nettoyage, protection, astuces pour pr\u00e9server sa beaut\u00e9.","og_url":"https:\/\/valwicz.com\/it\/cura-della-tua-collana-in-legno-e-pietre-naturali\/","og_site_name":"Valwicz","article_modified_time":"2025-11-30T11:37:07+00:00","twitter_card":"summary_large_image","twitter_site":"@Valwicz_","schema":{"@context":"https:\/\/schema.org","@graph":[{"@type":"WebPage","@id":"https:\/\/valwicz.com\/entretien-de-votre-collier-en-bois-et-pierres-naturelles\/","url":"https:\/\/valwicz.com\/entretien-de-votre-collier-en-bois-et-pierres-naturelles\/","name":"Come prendersi cura di una collana in legno e pietra | Consigli e trucchi - Valwicz","isPartOf":{"@id":"https:\/\/valwicz.com\/#website"},"datePublished":"2025-03-01T18:30:04+00:00","dateModified":"2025-11-30T11:37:07+00:00","description":"Scopri i nostri consigli per la cura della tua collana in legno e pietra naturale: pulizia, protezione, consigli per preservarne la bellezza.","breadcrumb":{"@id":"https:\/\/valwicz.com\/entretien-de-votre-collier-en-bois-et-pierres-naturelles\/#breadcrumb"},"inLanguage":"it-IT","potentialAction":[{"@type":"ReadAction","target":["https:\/\/valwicz.com\/entretien-de-votre-collier-en-bois-et-pierres-naturelles\/"]}]},{"@type":"BreadcrumbList","@id":"https:\/\/valwicz.com\/entretien-de-votre-collier-en-bois-et-pierres-naturelles\/#breadcrumb","itemListElement":[{"@type":"ListItem","position":1,"name":"Accueil","item":"https:\/\/valwicz.com\/"},{"@type":"ListItem","position":2,"name":"Entretien des colliers en bois et pierres naturelles : conseils et astuces"}]},{"@type":"WebSite","@id":"https:\/\/valwicz.com\/#website","url":"https:\/\/valwicz.com\/","name":"Valwicz","description":"Audacia | Eleganza | Flippancy","publisher":{"@id":"https:\/\/valwicz.com\/#organization"},"potentialAction":[{"@type":"SearchAction","target":{"@type":"EntryPoint","urlTemplate":"https:\/\/valwicz.com\/?s={search_term_string}"},"query-input":{"@type":"PropertyValueSpecification","valueRequired":true,"valueName":"search_term_string"}}],"inLanguage":"it-IT"},{"@type":"Organization","@id":"https:\/\/valwicz.com\/#organization","name":"Valwicz","url":"https:\/\/valwicz.com\/","logo":{"@type":"ImageObject","inLanguage":"it-IT","@id":"https:\/\/valwicz.com\/#\/schema\/logo\/image\/","url":"https:\/\/valwicz.com\/wp-content\/uploads\/2024\/10\/cropped-logo-Valwicz.jpg","contentUrl":"https:\/\/valwicz.com\/wp-content\/uploads\/2024\/10\/cropped-logo-Valwicz.jpg","width":500,"height":234,"caption":"Valwicz"},"image":{"@id":"https:\/\/valwicz.com\/#\/schema\/logo\/image\/"},"sameAs":["https:\/\/x.com\/Valwicz_","https:\/\/www.instagram.com\/_valwicz\/","https:\/\/fr.pinterest.com\/Valwicz\/","https:\/\/www.tiktok.com\/@_valwicz"]}]}},"_links":{"self":[{"href":"https:\/\/valwicz.com\/it\/wp-json\/wp\/v2\/pages\/4144","targetHints":{"allow":["GET"]}}],"collection":[{"href":"https:\/\/valwicz.com\/it\/wp-json\/wp\/v2\/pages"}],"about":[{"href":"https:\/\/valwicz.com\/it\/wp-json\/wp\/v2\/types\/page"}],"author":[{"embeddable":true,"href":"https:\/\/valwicz.com\/it\/wp-json\/wp\/v2\/users\/3"}],"replies":[{"embeddable":true,"href":"https:\/\/valwicz.com\/it\/wp-json\/wp\/v2\/comments?post=4144"}],"version-history":[{"count":2,"href":"https:\/\/valwicz.com\/it\/wp-json\/wp\/v2\/pages\/4144\/revisions"}],"predecessor-version":[{"id":6727,"href":"https:\/\/valwicz.com\/it\/wp-json\/wp\/v2\/pages\/4144\/revisions\/6727"}],"wp:attachment":[{"href":"https:\/\/valwicz.com\/it\/wp-json\/wp\/v2\/media?parent=4144"}],"wp:term":[{"taxonomy":"category","embeddable":true,"href":"https:\/\/valwicz.com\/it\/wp-json\/wp\/v2\/categories?post=4144"},{"taxonomy":"post_tag","embeddable":true,"href":"https:\/\/valwicz.com\/it\/wp-json\/wp\/v2\/tags?post=4144"}],"curies":[{"name":"wp","href":"https:\/\/api.w.org\/{rel}","templated":true}]}}