{"id":3,"date":"2023-11-08T16:25:17","date_gmt":"2023-11-08T15:25:17","guid":{"rendered":"https:\/\/valwicz.com\/\/?page_id=3"},"modified":"2025-11-30T12:38:26","modified_gmt":"2025-11-30T11:38:26","slug":"politica-sulla-riservatezza","status":"publish","type":"page","link":"https:\/\/valwicz.com\/it\/politique-de-confidentialite\/","title":{"rendered":"Informativa sulla privacy"},"content":{"rendered":"<h2 class=\"wp-block-heading\">Chi siamo?<\/h2>\n\n\n\n<p>Valwicz.com \u00e8 un servizio pubblicato dalla societ\u00e0 Valwicz, rappresentata da Jean-Val\u00e9ry THORAVAL, direttore della pubblicazione.<\/p>\n\n\n\n<p>Sede legale: 6, Rue Guillaume d&#039;Autignac 34070 MONTPELLIER<\/p>\n\n\n\n<p>Indirizzo di contatto: contact@valwicz.com<\/p>\n\n\n\n<p>Telefono: 06 64 40 46 63<\/p>\n\n\n\n<p>Il titolo, il design, la forma e il contenuto del sito web&nbsp;<a href=\"https:\/\/valwicz.com\/it\/\">https:\/\/valwicz.com<\/a>&nbsp;sono di sua propriet\u00e0.<\/p>\n\n\n\n<p>Le informazioni su di te vengono raccolte tramite registrazione e cookie.<br>La presente raccolta dati viene effettuata nel rispetto delle disposizioni in materia di protezione dei dati personali.<\/p>\n\n\n\n<p>Hai il diritto di accedere, modificare, rettificare e cancellare i dati che ti riguardano (Legge francese sull&#039;informatica e le libert\u00e0 del 6 gennaio 1978).<br>Per qualsiasi domanda, contattateci tramite la pagina dei contatti.<\/p>\n\n\n\n<p>Hosting: LWS \u2013 10, RUE PENTHIEVRE 75008 PARIGI FRANCIA<\/p>\n\n\n\n<h2 class=\"wp-block-heading\">Commenti<\/h2>\n\n\n\n<p>Quando lasci un commento sul nostro sito, i dati inseriti nel modulo dei commenti, cos\u00ec come il tuo indirizzo IP e lo user agent del browser, vengono raccolti per aiutarci a rilevare lo spam.<\/p>\n\n\n\n<p>Una stringa anonima creata a partire dal tuo indirizzo email (chiamata anche hash) potrebbe essere inviata al servizio Gravatar per verificare se lo stai utilizzando. L&#039;informativa sulla privacy del servizio Gravatar \u00e8 disponibile qui: https:\/\/automattic.com\/privacy\/. Dopo l&#039;approvazione del tuo commento, la tua immagine del profilo sar\u00e0 visibile pubblicamente accanto al tuo commento.<\/p>\n\n\n\n<h2 class=\"wp-block-heading\">Media<\/h2>\n\n\n\n<p>Se carichi immagini sul sito, ti consigliamo di evitare di caricare immagini contenenti dati EXIF delle coordinate GPS. Chi visita il tuo sito pu\u00f2 scaricare ed estrarre dati sulla posizione da queste immagini.<\/p>\n\n\n\n<h2 class=\"wp-block-heading\">Biscotti<\/h2>\n\n\n\n<p>Se lasci un commento sul nostro sito, ti verr\u00e0 offerta la possibilit\u00e0 di salvare il tuo nome, indirizzo email e sito web nei cookie. Questo avviene esclusivamente per tua comodit\u00e0, in modo che tu non debba reinserire queste informazioni se lasci un altro commento in seguito. Questi cookie scadono dopo un anno.<\/p>\n\n\n\n<p>Se visiti la pagina di login, verr\u00e0 creato un cookie temporaneo per determinare se il tuo browser accetta i cookie. Questo cookie non contiene dati personali e verr\u00e0 automaticamente eliminato alla chiusura del browser.<\/p>\n\n\n\n<p>Quando effettui l&#039;accesso, imposteremo diversi cookie per salvare le tue informazioni di accesso e le tue preferenze di visualizzazione. I cookie di accesso durano due giorni, mentre i cookie delle opzioni di visualizzazione durano un anno. Se selezioni &quot;Ricordami&quot;, il tuo cookie di accesso verr\u00e0 conservato per due settimane. Se esci dal tuo account, il cookie di accesso verr\u00e0 rimosso.<\/p>\n\n\n\n<p>Quando modifichi o pubblichi un post, un cookie aggiuntivo verr\u00e0 salvato nel tuo browser. Questo cookie non contiene dati personali. Indica semplicemente l&#039;ID del post che hai appena modificato. Scade dopo un giorno.<\/p>\n\n\n\n<h2 class=\"wp-block-heading\">Contenuto incorporato da altri siti web<\/h2>\n\n\n\n<p>Gli articoli su questo sito possono includere contenuti incorporati (ad esempio video, immagini, articoli, ecc.). I contenuti incorporati provenienti da altri siti web si comportano allo stesso modo come se il visitatore avesse visitato quell&#039;altro sito web.<\/p>\n\n\n\n<p>Questi siti web potrebbero raccogliere dati su di te, utilizzare cookie, integrare strumenti di tracciamento di terze parti e monitorare le tue interazioni con questi contenuti incorporati se hai un account e hai effettuato l&#039;accesso al loro sito web.<\/p>\n\n\n\n<h2 class=\"wp-block-heading\">Utilizzo e trasmissione dei tuoi dati personali<\/h2>\n\n\n\n<p>Se richiedi la reimpostazione della password, il tuo indirizzo IP verr\u00e0 incluso nell&#039;e-mail di reimpostazione.<\/p>\n\n\n\n<h2 class=\"wp-block-heading\">Periodi di conservazione dei dati<\/h2>\n\n\n\n<p>Se lasci un commento, il commento e i relativi metadati vengono conservati a tempo indeterminato. Ci\u00f2 consente ai commenti successivi di essere automaticamente riconosciuti e approvati, anzich\u00e9 essere trattenuti nella coda di moderazione.<\/p>\n\n\n\n<p>Per gli account che si registrano sul nostro sito (se applicabile), memorizziamo anche le informazioni personali fornite nel loro profilo. Tutti gli account possono visualizzare, modificare o eliminare le proprie informazioni personali in qualsiasi momento (ad eccezione del nome utente). Anche gli amministratori del sito web possono visualizzare e modificare queste informazioni.<\/p>\n\n\n\n<h2 class=\"wp-block-heading\">I tuoi diritti sui tuoi dati<\/h2>\n\n\n\n<p>Se hai un account o hai lasciato commenti sul sito, puoi richiedere di ricevere un file contenente tutti i dati personali che conserviamo su di te, compresi quelli che ci hai fornito. Puoi anche richiedere la cancellazione dei tuoi dati personali. Questo non include i dati conservati per scopi amministrativi, legali o di sicurezza.<\/p>\n\n\n\n<h2 class=\"wp-block-heading\">Dove vengono inviati i tuoi dati<\/h2>\n\n\n\n<p>I commenti dei visitatori potrebbero essere controllati tramite un servizio di rilevamento automatico dello spam.<\/p>","protected":false},"excerpt":{"rendered":"<p>Qui sommes-nous&nbsp;? Valwicz.com est un service \u00e9dit\u00e9 par la soci\u00e9t\u00e9 Valwicz, repr\u00e9sent\u00e9e par Jean-Val\u00e9ry THORAVAL, directeur de la publication. Si\u00e8ge social : 6, Rue Guillaume d&rsquo;Autignac 34070 MONTPELLIER Adresse de contact : contact@valwicz.com T\u00e9l\u00e9phone : 06 64 40 46 63 Le titre, la conception, la forme et le contenu du site internet&nbsp;https:\/\/valwicz.com&nbsp;sont sa propri\u00e9t\u00e9. Un recueil d&rsquo; informations vous concernant a lieu gr\u00e2ce aux inscriptions et \u00e0 des cookies.Ce recueil est fait dans le respect&#8230;<\/p>","protected":false},"author":4,"featured_media":0,"parent":0,"menu_order":0,"comment_status":"closed","ping_status":"closed","template":"","meta":{"sfsi_plus_gutenberg_text_before_share":"","sfsi_plus_gutenberg_show_text_before_share":"","sfsi_plus_gutenberg_icon_type":"","sfsi_plus_gutenberg_icon_alignemt":"","sfsi_plus_gutenburg_max_per_row":"","footnotes":""},"categories":[1312],"tags":[],"class_list":["post-3","page","type-page","status-publish","hentry","category-francais"],"yoast_head":"<!-- This site is optimized with the Yoast SEO plugin v27.4 - https:\/\/yoast.com\/product\/yoast-seo-wordpress\/ -->\n<title>Politique de confidentialit\u00e9 - Valwicz<\/title>\n<meta name=\"robots\" content=\"noindex, follow\" \/>\n<meta property=\"og:locale\" content=\"it_IT\" \/>\n<meta property=\"og:type\" content=\"article\" \/>\n<meta property=\"og:title\" content=\"Politique de confidentialit\u00e9 - Valwicz\" \/>\n<meta property=\"og:description\" content=\"Qui sommes-nous&nbsp;? Valwicz.com est un service \u00e9dit\u00e9 par la soci\u00e9t\u00e9 Valwicz, repr\u00e9sent\u00e9e par Jean-Val\u00e9ry THORAVAL, directeur de la publication. Si\u00e8ge social : 6, Rue Guillaume d&rsquo;Autignac 34070 MONTPELLIER Adresse de contact : contact@valwicz.com T\u00e9l\u00e9phone : 06 64 40 46 63 Le titre, la conception, la forme et le contenu du site internet&nbsp;https:\/\/valwicz.com&nbsp;sont sa propri\u00e9t\u00e9. Un recueil d&rsquo; informations vous concernant a lieu gr\u00e2ce aux inscriptions et \u00e0 des cookies.Ce recueil est fait dans le respect...\" \/>\n<meta property=\"og:url\" content=\"https:\/\/valwicz.com\/it\/politica-sulla-riservatezza\/\" \/>\n<meta property=\"og:site_name\" content=\"Valwicz\" \/>\n<meta property=\"article:modified_time\" content=\"2025-11-30T11:38:26+00:00\" \/>\n<meta name=\"twitter:card\" content=\"summary_large_image\" \/>\n<meta name=\"twitter:site\" content=\"@Valwicz_\" \/>\n<script type=\"application\/ld+json\" class=\"yoast-schema-graph\">{\"@context\":\"https:\\\/\\\/schema.org\",\"@graph\":[{\"@type\":\"WebPage\",\"@id\":\"https:\\\/\\\/valwicz.com\\\/politique-de-confidentialite\\\/\",\"url\":\"https:\\\/\\\/valwicz.com\\\/politique-de-confidentialite\\\/\",\"name\":\"Politique de confidentialit\u00e9 - Valwicz\",\"isPartOf\":{\"@id\":\"https:\\\/\\\/valwicz.com\\\/#website\"},\"datePublished\":\"2023-11-08T15:25:17+00:00\",\"dateModified\":\"2025-11-30T11:38:26+00:00\",\"breadcrumb\":{\"@id\":\"https:\\\/\\\/valwicz.com\\\/politique-de-confidentialite\\\/#breadcrumb\"},\"inLanguage\":\"it-IT\",\"potentialAction\":[{\"@type\":\"ReadAction\",\"target\":[\"https:\\\/\\\/valwicz.com\\\/politique-de-confidentialite\\\/\"]}]},{\"@type\":\"BreadcrumbList\",\"@id\":\"https:\\\/\\\/valwicz.com\\\/politique-de-confidentialite\\\/#breadcrumb\",\"itemListElement\":[{\"@type\":\"ListItem\",\"position\":1,\"name\":\"Accueil\",\"item\":\"https:\\\/\\\/valwicz.com\\\/\"},{\"@type\":\"ListItem\",\"position\":2,\"name\":\"Politique de confidentialit\u00e9\"}]},{\"@type\":\"WebSite\",\"@id\":\"https:\\\/\\\/valwicz.com\\\/#website\",\"url\":\"https:\\\/\\\/valwicz.com\\\/\",\"name\":\"Valwicz\",\"description\":\"Audace | El\u00e9gance | D\u00e9sinvolture\",\"publisher\":{\"@id\":\"https:\\\/\\\/valwicz.com\\\/#organization\"},\"potentialAction\":[{\"@type\":\"SearchAction\",\"target\":{\"@type\":\"EntryPoint\",\"urlTemplate\":\"https:\\\/\\\/valwicz.com\\\/?s={search_term_string}\"},\"query-input\":{\"@type\":\"PropertyValueSpecification\",\"valueRequired\":true,\"valueName\":\"search_term_string\"}}],\"inLanguage\":\"it-IT\"},{\"@type\":\"Organization\",\"@id\":\"https:\\\/\\\/valwicz.com\\\/#organization\",\"name\":\"Valwicz\",\"url\":\"https:\\\/\\\/valwicz.com\\\/\",\"logo\":{\"@type\":\"ImageObject\",\"inLanguage\":\"it-IT\",\"@id\":\"https:\\\/\\\/valwicz.com\\\/#\\\/schema\\\/logo\\\/image\\\/\",\"url\":\"https:\\\/\\\/valwicz.com\\\/wp-content\\\/uploads\\\/2024\\\/10\\\/cropped-logo-Valwicz.jpg\",\"contentUrl\":\"https:\\\/\\\/valwicz.com\\\/wp-content\\\/uploads\\\/2024\\\/10\\\/cropped-logo-Valwicz.jpg\",\"width\":500,\"height\":234,\"caption\":\"Valwicz\"},\"image\":{\"@id\":\"https:\\\/\\\/valwicz.com\\\/#\\\/schema\\\/logo\\\/image\\\/\"},\"sameAs\":[\"https:\\\/\\\/x.com\\\/Valwicz_\",\"https:\\\/\\\/www.instagram.com\\\/_valwicz\\\/\",\"https:\\\/\\\/fr.pinterest.com\\\/Valwicz\\\/\",\"https:\\\/\\\/www.tiktok.com\\\/@_valwicz\"]}]}<\/script>\n<!-- \/ Yoast SEO plugin. -->","yoast_head_json":{"title":"Informativa sulla privacy - Valwicz","robots":{"index":"noindex","follow":"follow"},"og_locale":"it_IT","og_type":"article","og_title":"Politique de confidentialit\u00e9 - Valwicz","og_description":"Qui sommes-nous&nbsp;? Valwicz.com est un service \u00e9dit\u00e9 par la soci\u00e9t\u00e9 Valwicz, repr\u00e9sent\u00e9e par Jean-Val\u00e9ry THORAVAL, directeur de la publication. Si\u00e8ge social : 6, Rue Guillaume d&rsquo;Autignac 34070 MONTPELLIER Adresse de contact : contact@valwicz.com T\u00e9l\u00e9phone : 06 64 40 46 63 Le titre, la conception, la forme et le contenu du site internet&nbsp;https:\/\/valwicz.com&nbsp;sont sa propri\u00e9t\u00e9. Un recueil d&rsquo; informations vous concernant a lieu gr\u00e2ce aux inscriptions et \u00e0 des cookies.Ce recueil est fait dans le respect...","og_url":"https:\/\/valwicz.com\/it\/politica-sulla-riservatezza\/","og_site_name":"Valwicz","article_modified_time":"2025-11-30T11:38:26+00:00","twitter_card":"summary_large_image","twitter_site":"@Valwicz_","schema":{"@context":"https:\/\/schema.org","@graph":[{"@type":"WebPage","@id":"https:\/\/valwicz.com\/politique-de-confidentialite\/","url":"https:\/\/valwicz.com\/politique-de-confidentialite\/","name":"Informativa sulla privacy - Valwicz","isPartOf":{"@id":"https:\/\/valwicz.com\/#website"},"datePublished":"2023-11-08T15:25:17+00:00","dateModified":"2025-11-30T11:38:26+00:00","breadcrumb":{"@id":"https:\/\/valwicz.com\/politique-de-confidentialite\/#breadcrumb"},"inLanguage":"it-IT","potentialAction":[{"@type":"ReadAction","target":["https:\/\/valwicz.com\/politique-de-confidentialite\/"]}]},{"@type":"BreadcrumbList","@id":"https:\/\/valwicz.com\/politique-de-confidentialite\/#breadcrumb","itemListElement":[{"@type":"ListItem","position":1,"name":"Accueil","item":"https:\/\/valwicz.com\/"},{"@type":"ListItem","position":2,"name":"Politique de confidentialit\u00e9"}]},{"@type":"WebSite","@id":"https:\/\/valwicz.com\/#website","url":"https:\/\/valwicz.com\/","name":"Valwicz","description":"Audacia | Eleganza | Flippancy","publisher":{"@id":"https:\/\/valwicz.com\/#organization"},"potentialAction":[{"@type":"SearchAction","target":{"@type":"EntryPoint","urlTemplate":"https:\/\/valwicz.com\/?s={search_term_string}"},"query-input":{"@type":"PropertyValueSpecification","valueRequired":true,"valueName":"search_term_string"}}],"inLanguage":"it-IT"},{"@type":"Organization","@id":"https:\/\/valwicz.com\/#organization","name":"Valwicz","url":"https:\/\/valwicz.com\/","logo":{"@type":"ImageObject","inLanguage":"it-IT","@id":"https:\/\/valwicz.com\/#\/schema\/logo\/image\/","url":"https:\/\/valwicz.com\/wp-content\/uploads\/2024\/10\/cropped-logo-Valwicz.jpg","contentUrl":"https:\/\/valwicz.com\/wp-content\/uploads\/2024\/10\/cropped-logo-Valwicz.jpg","width":500,"height":234,"caption":"Valwicz"},"image":{"@id":"https:\/\/valwicz.com\/#\/schema\/logo\/image\/"},"sameAs":["https:\/\/x.com\/Valwicz_","https:\/\/www.instagram.com\/_valwicz\/","https:\/\/fr.pinterest.com\/Valwicz\/","https:\/\/www.tiktok.com\/@_valwicz"]}]}},"_links":{"self":[{"href":"https:\/\/valwicz.com\/it\/wp-json\/wp\/v2\/pages\/3","targetHints":{"allow":["GET"]}}],"collection":[{"href":"https:\/\/valwicz.com\/it\/wp-json\/wp\/v2\/pages"}],"about":[{"href":"https:\/\/valwicz.com\/it\/wp-json\/wp\/v2\/types\/page"}],"author":[{"embeddable":true,"href":"https:\/\/valwicz.com\/it\/wp-json\/wp\/v2\/users\/4"}],"replies":[{"embeddable":true,"href":"https:\/\/valwicz.com\/it\/wp-json\/wp\/v2\/comments?post=3"}],"version-history":[{"count":1,"href":"https:\/\/valwicz.com\/it\/wp-json\/wp\/v2\/pages\/3\/revisions"}],"predecessor-version":[{"id":4972,"href":"https:\/\/valwicz.com\/it\/wp-json\/wp\/v2\/pages\/3\/revisions\/4972"}],"wp:attachment":[{"href":"https:\/\/valwicz.com\/it\/wp-json\/wp\/v2\/media?parent=3"}],"wp:term":[{"taxonomy":"category","embeddable":true,"href":"https:\/\/valwicz.com\/it\/wp-json\/wp\/v2\/categories?post=3"},{"taxonomy":"post_tag","embeddable":true,"href":"https:\/\/valwicz.com\/it\/wp-json\/wp\/v2\/tags?post=3"}],"curies":[{"name":"wp","href":"https:\/\/api.w.org\/{rel}","templated":true}]}}