{"id":1960,"date":"2024-10-26T15:53:10","date_gmt":"2024-10-26T13:53:10","guid":{"rendered":"https:\/\/valwicz.com\/?page_id=1960"},"modified":"2025-11-30T12:36:19","modified_gmt":"2025-11-30T11:36:19","slug":"termini-e-condizioni-generali-di-vendita","status":"publish","type":"page","link":"https:\/\/valwicz.com\/it\/conditions-generales-de-vente\/","title":{"rendered":"Termini e condizioni di vendita"},"content":{"rendered":"<p>DEFINIZIONE DELLE PARTI<\/p>\n\n\n\n<p>Tra la Compagnia Valwicz,<br>6 rue Guillaume d&#039;Autignac 34070 Montpellier<br>rappresentato da Jean-Val\u00e9ry THORAVAL (numero SIRET: 525 234 621 00023)<br>debitamente autorizzati ai fini del presente documento.<br>\u00c8 possibile contattare l&#039;azienda via e-mail cliccando sul modulo di contatto accessibile dalla homepage del sito web.<br>Di seguito denominato \u00abVenditore\u00bb o \u00abSociet\u00e0\u00bb.<br>Da un lato,<br>E la persona fisica o giuridica che acquista prodotti o servizi dalla societ\u00e0,<br>Di seguito denominato &quot;l&#039;Acquirente&quot; o &quot;il Cliente&quot;\u00ab<br>D&#039;altra parte,<\/p>\n\n\n\n<h4 class=\"wp-block-heading\">PREAMBOLO<\/h4>\n\n\n\n<p>Il Venditore \u00e8 un editore di prodotti e servizi commercializzati tramite il suo sito web (<a href=\"https:\/\/valwicz.com\/it\/\">valwicz.com<\/a>). L&#039;elenco e la descrizione dei beni e dei servizi offerti dalla Societ\u00e0 sono consultabili sul sito web sopra menzionato e sulle relative pagine di vendita.<\/p>\n\n\n\n<h4 class=\"wp-block-heading\">ARTICOLO 1 \u2013 SCOPO<\/h4>\n\n\n\n<p>Le presenti Condizioni Generali di Vendita definiscono i diritti e gli obblighi delle parti nell&#039;ambito della vendita online dei Prodotti e Servizi offerti dal Venditore.<\/p>\n\n\n\n<h4 class=\"wp-block-heading\">ARTICOLO 2 \u2013 DISPOSIZIONI GENERALI<\/h4>\n\n\n\n<p>Le presenti Condizioni Generali di Vendita (CGV) si applicano a tutte le vendite di Prodotti o Servizi effettuate tramite il sito web della Societ\u00e0 e costituiscono parte integrante del Contratto tra l&#039;Acquirente e il Venditore. Il Venditore si riserva il diritto di modificare le presenti Condizioni in qualsiasi momento pubblicandone una nuova versione sul proprio sito web. Le CGV applicabili sono quelle in vigore alla data del pagamento (o del primo pagamento in caso di pagamenti multipli) dell&#039;ordine. Le presenti CGV sono disponibili sul sito web della Societ\u00e0 al seguente indirizzo: <a href=\"https:\/\/valwicz.com\/it\/\">valwicz.com<\/a>. La Societ\u00e0 garantisce inoltre che la loro accettazione sia chiara e incondizionata al momento dell&#039;acquisto. Il Cliente dichiara di aver preso visione di tutte le presenti Condizioni Generali di Vendita e, ove applicabili, delle Condizioni Particolari di Vendita relative a un prodotto o servizio, e di accettarle senza restrizioni o riserve. Il Cliente riconosce di aver ricevuto la consulenza e le informazioni necessarie per garantire l&#039;idoneit\u00e0 dell&#039;offerta alle sue esigenze. Il Cliente dichiara di essere legalmente capace di stipulare un contratto ai sensi del diritto francese o di essere debitamente autorizzato a rappresentare la persona fisica o giuridica per conto della quale agisce. Salvo prova contraria, le informazioni registrate dalla Societ\u00e0 costituiscono la prova di tutte le transazioni.<\/p>\n\n\n\n<p><strong>ARTICOLO 3 \u2013 PREZZO<\/strong><\/p>\n\n\n\n<p>Les prix de vente des produits sont indiqu\u00e9s en euros et s&rsquo;entendent toutes taxes comprises (TTC). <strong>La TVA n&rsquo;est pas applicable, conform\u00e9ment \u00e0 l&rsquo;article 293 B du Code G\u00e9n\u00e9ral des Imp\u00f4ts (CGI).<\/strong> Les prix n&rsquo;incluent pas les frais d&rsquo;exp\u00e9dition, qui sont factur\u00e9s en suppl\u00e9ment, et seront indiqu\u00e9s avant la validation du contrat. Le Vendeur invite \u00e0 ce titre l\u2019acheteur \u00e0 se renseigner sur ces aspects aupr\u00e8s des autorit\u00e9s locales correspondantes. La Soci\u00e9t\u00e9 se r\u00e9serve la possibilit\u00e9 de modifier ses prix \u00e0 tout moment pour l\u2019avenir. Les frais de t\u00e9l\u00e9communication n\u00e9cessaires \u00e0 l\u2019acc\u00e8s aux sites Internet de la Soci\u00e9t\u00e9 sont \u00e0 la charge du Client.\u00a0<\/p>\n\n\n\n<h4 class=\"wp-block-heading\">ARTICOLO 4 \u2013 CONCLUSIONE DEL CONTRATTO ONLINE<\/h4>\n\n\n\n<p>Per effettuare l&#039;ordine, il Cliente dovr\u00e0 seguire una serie di passaggi specifici per ciascun Prodotto o Servizio offerto in vendita dal Venditore. <br>Tuttavia, i passaggi descritti di seguito sono sistematici: <br>\u2013 Informazioni sulle caratteristiche essenziali del Prodotto; ; <br>\u2013 Scelta del Prodotto, ove applicabile, delle sue opzioni e indicazione dei dati essenziali del Cliente (identificativi, indirizzo, ecc.); ; <br>\u2013 Accettazione delle presenti Condizioni Generali di Vendita. <br>\u2013 Verifica dei dettagli dell\u2019ordine e, ove necessario, correzione degli errori. <br>\u2013 Seguire le istruzioni di pagamento e pagare i prodotti. <br>\u2013 Consegna del prodotto. <br>Il Cliente ricever\u00e0 quindi un&#039;e-mail di conferma dell&#039;avvenuto pagamento dell&#039;ordine, nonch\u00e9 una conferma d&#039;ordine. Ricever\u00e0 inoltre una copia PDF delle presenti condizioni generali di vendita. Per i prodotti da consegnare, la consegna verr\u00e0 effettuata all&#039;indirizzo fornito dal Cliente. Per garantire la corretta esecuzione dell&#039;ordine, il Cliente si impegna a fornire informazioni identificative accurate. Il Venditore si riserva il diritto di rifiutare l&#039;ordine, ad esempio, per qualsiasi richiesta insolita, qualsiasi ordine effettuato in malafede o per qualsiasi altro motivo legittimo.<br>En passant commande, le client accepte que Valwicz.com utilise son adresse e-mail, collect\u00e9e lors de la transaction, pour l&rsquo;envoi d&rsquo;une invitation automatis\u00e9e \u00e0 \u00e9valuer sa commande et les produits achet\u00e9s. Cet e-mail est envoy\u00e9 5 jours apr\u00e8s l&rsquo;ex\u00e9cution de la commande et est strictement limit\u00e9 \u00e0 l&rsquo;\u00e9valuation des services\/produits.<\/p>\n\n\n\n<p>HA<strong>ARTICOLO 5 \u2013 PRODOTTI E SERVIZI<\/strong><\/p>\n\n\n\n<p>Le caratteristiche essenziali dei beni e dei servizi, nonch\u00e9 i relativi prezzi, sono disponibili all&#039;acquirente sul sito web della societ\u00e0. Il cliente riconosce di aver ricevuto i dettagli relativi alle spese di consegna, nonch\u00e9 alle condizioni di pagamento, consegna ed esecuzione del contratto. Il Venditore si impegna a evadere l&#039;ordine del Cliente esclusivamente nei limiti delle scorte disponibili. Qualora i beni o i servizi non fossero disponibili, il Venditore ne informer\u00e0 il Cliente. Le presenti informazioni contrattuali sono presentate in dettaglio e in lingua francese. In conformit\u00e0 con la legge francese, vengono riepilogate e confermate al momento della convalida dell&#039;ordine. Le parti convengono che le illustrazioni o le foto dei prodotti offerti in vendita non sono contrattualmente vincolanti. Il periodo di validit\u00e0 delle offerte di prodotti e i relativi prezzi sono specificati nelle pagine di vendita dei prodotti, cos\u00ec come la durata minima di eventuali contratti offerti per la fornitura continuativa o periodica di prodotti o servizi. Salvo diversa indicazione, i diritti qui concessi sono concessi esclusivamente alla persona che ha effettuato l&#039;ordine (o alla persona di cui \u00e8 stato fornito l&#039;indirizzo e-mail). In conformit\u00e0 con le disposizioni di legge in materia di conformit\u00e0 e vizi occulti, il Venditore rimborser\u00e0 o sostituir\u00e0 i prodotti difettosi o non conformi all&#039;ordine. \u00c8 possibile richiedere un rimborso contattando il Venditore tramite e-mail o posta ordinaria.<\/p>\n\n\n\n<h4 class=\"wp-block-heading\">ARTICOLO 6 \u2013 CLAUSOLA DI RISERVA DI PROPRIET\u00c0<\/h4>\n\n\n\n<p>I prodotti restano di propriet\u00e0 della Societ\u00e0 fino al completo pagamento del prezzo.<\/p>\n\n\n\n<h4 class=\"wp-block-heading\">ARTICOLO 7 \u2013 TERMINI DI CONSEGNA<\/h4>\n\n\n\n<p>I prodotti vengono consegnati all&#039;indirizzo di consegna fornito durante la procedura d&#039;ordine, entro i tempi indicati. Questi tempi non includono i tempi di preparazione dell&#039;ordine. Quando un cliente ordina pi\u00f9 prodotti contemporaneamente, questi potrebbero avere tempi di consegna diversi e essere spediti con metodi diversi. Il venditore fornisce un numero di telefono (si applicano le tariffe locali per le chiamate da rete fissa) nell&#039;e-mail di conferma dell&#039;ordine per facilitare il monitoraggio dell&#039;ordine. Il venditore ricorda al cliente che il rischio di smarrimento o danneggiamento dei prodotti viene trasferito al cliente al momento della ricezione fisica della merce.<\/p>\n\n\n\n<h4 class=\"wp-block-heading\">ARTICOLO 8 \u2013 DISPONIBILIT\u00c0 E PRESENTAZIONE<\/h4>\n\n\n\n<p>Gli ordini saranno elaborati in base alle nostre scorte disponibili o in base alla disponibilit\u00e0 di scorte da parte dei nostri fornitori.<\/p>\n\n\n\n<h4 class=\"wp-block-heading\">ARTICOLO 9 \u2013 PAGAMENTO<\/h4>\n\n\n\n<p>Il pagamento \u00e8 dovuto immediatamente al momento dell&#039;ordine, anche per i prodotti in pre-ordine. Il Cliente pu\u00f2 pagare con carta di credito tramite PayPal, bonifico bancario o assegno. I pagamenti online sicuri con carta di credito sono elaborati dal nostro fornitore di servizi di pagamento. Le informazioni trasmesse sono crittografate utilizzando tecnologie all&#039;avanguardia e non possono essere lette durante la trasmissione in rete. Una volta effettuato il pagamento da parte del Cliente, la transazione viene addebitata immediatamente dopo la verifica delle informazioni. In conformit\u00e0 con le disposizioni del Codice Monetario e Finanziario francese, l&#039;impegno di pagamento con carta \u00e8 irrevocabile. Fornendo le proprie coordinate bancarie durante la vendita, il Cliente autorizza il Venditore ad addebitare sulla sua carta l&#039;importo corrispondente al prezzo indicato. Il Cliente conferma di essere il legittimo titolare della carta e di essere legalmente autorizzato a utilizzarla. In caso di errore o di impossibilit\u00e0 di addebitare la carta, la vendita viene automaticamente annullata e l&#039;ordine annullato.<\/p>\n\n\n\n<h4 class=\"wp-block-heading\">ARTICOLO 10 \u2013 DIRITTO DI RECESSO E POLITICA DI RIMBORSO<\/h4>\n\n\n\n<p>La garanzia di soddisfazione di 14 giorni ti consente di restituire il prodotto entro 14 giorni dalla data di ricezione.<\/p>\n\n\n\n<p>Il\/I prodotto\/i devono essere restituiti al seguente indirizzo entro 14 giorni dalla data del reclamo:<\/p>\n\n\n\n<p><em>Valwicz<\/em><\/p>\n\n\n\n<p>Jean-Val\u00e9ry Thoraval<\/p>\n\n\n\n<p>6 rue Guillaume d&#039;Autignac<\/p>\n\n\n\n<p>34070 MONTPELLIER<\/p>\n\n\n\n<p><br>Nell&#039;ambito di un reso e conformemente all&#039;articolo L. 121-20 del Codice del Consumo, il prodotto ti verr\u00e0 rimborsato entro 14 giorni dalla sua ricezione da parte del nostro servizio logistico. <\/p>\n\n\n\n<p>Il rimborso verr\u00e0 effettuato sul metodo di pagamento utilizzato per effettuare l&#039;ordine.<\/p>\n\n\n\n<p>Il prodotto restituito deve essere in condizioni pari al nuovo, nella confezione originale e accompagnato dalla fattura di acquisto.<\/p>\n\n\n\n<p>In caso di restituzione integrale dell&#039;ordine, il cliente sosterr\u00e0 l&#039;intero costo della spedizione, indipendentemente dal motivo della restituzione, salvo in caso di difetti nascosti (vedere la sezione garanzie).<\/p>\n\n\n\n<h4 class=\"wp-block-heading\">ARTICOLO 11 \u2013 GARANZIE<\/h4>\n\n\n\n<p>In conformit\u00e0 con la legge, il Venditore fornisce due garanzie: la conformit\u00e0 e la garanzia contro i vizi occulti dei prodotti. Il Venditore rimborser\u00e0 l&#039;acquirente o sostituir\u00e0 i prodotti apparentemente difettosi o non corrispondenti all&#039;ordine effettuato. Le richieste di rimborso devono essere effettuate contattando il Venditore tramite e-mail o posta ordinaria. Il Venditore ricorda al consumatore che: <\/p>\n\n\n\n<p>\u2013 ha un termine di 2 anni dalla consegna della merce per agire nei confronti del Venditore <\/p>\n\n\n\n<p>\u2013 che egli pu\u00f2 scegliere tra la sostituzione e la riparazione, alle condizioni stabilite dalle disposizioni sopra menzionate, del bene apparentemente difettoso o non conforme <\/p>\n\n\n\n<p>\u2013 che il consumatore pu\u00f2 invocare anche la garanzia per i vizi occulti della cosa venduta ai sensi dell&#039;articolo 1641 del codice civile e, in tal caso, pu\u00f2 scegliere tra la risoluzione del contratto di vendita o la riduzione del prezzo di vendita (disposizioni dell&#039;articolo 1644 del codice civile).<\/p>\n\n\n\n<p>Fatte salve le garanzie legali di cui agli articoli 1641 e seguenti del Codice Civile e L.211-4 e seguenti del Codice del Consumo, gli articoli venduti su www.valwicz.com beneficiano di una garanzia commerciale di 2 anni contro qualsiasi difetto di progettazione o di materiale, a partire dalla data di acquisto e dietro presentazione della fattura di vendita come prova.<\/p>\n\n\n\n<p>Questa garanzia vi consente di accedere al servizio post-vendita tramite il nostro servizio clienti. Sono coperti da questa garanzia anche i difetti occulti, come definiti dall&#039;articolo 1641 del Codice Civile francese. In ogni caso, la garanzia non si applica a malfunzionamenti, alterazioni, usura anomala, rotture o altri danni chiaramente derivanti da:<\/p>\n\n\n\n<ul class=\"wp-block-list\">\n<li>i gioielli, essendo fragili per natura, richiedono una manipolazione delicata a causa di un uso improprio o di una manutenzione impropria; ;<\/li>\n\n\n\n<li>dell&#039;intervento di un operatore non incaricato da Valwicz di riparare, rinnovare o modificare l&#039;articolo; ;<\/li>\n\n\n\n<li>di ragionevole usura, ossidazione o cambiamento di patina risultante dall&#039;uso di determinati materiali noti per essere naturalmente alterabili o fragili.<\/li>\n<\/ul>\n\n\n\n<p>In caso di malfunzionamento, alterazione, usura anomala, rottura e altri deterioramenti causati dai casi sopra menzionati o verificatisi dopo la scadenza della garanzia di 2 anni, la societ\u00e0 si riserva il diritto di accettare o meno, dopo la valutazione della richiesta, la copertura dei casi che non danno diritto al cliente all&#039;obbligo di esercitare la garanzia.<\/p>\n\n\n\n<h4 class=\"wp-block-heading\">ARTICOLO 12 \u2013 RECLAMI<\/h4>\n\n\n\n<p>Se necessario, l&#039;Acquirente pu\u00f2 presentare qualsiasi reclamo contattando Valwicz via e-mail (contact@valwicz.com) o tramite posta ordinaria:<br>Jean-Val\u00e9ry Thoraval \u2013 Valwicz 6 rue Guillaume d&#039;Autignac 34070 Montpellier <\/p>\n\n\n\n<p>ARTICOLO 13 \u2013 DIRITTI DI PROPRIET\u00c0 INTELLETTUALE<\/p>\n\n\n\n<p>Marchi, nomi di dominio, prodotti, software, immagini, video, testi o, pi\u00f9 in generale, qualsiasi informazione soggetta a diritti di propriet\u00e0 intellettuale sono e rimangono di propriet\u00e0 esclusiva del venditore. Nessun trasferimento di diritti di propriet\u00e0 intellettuale viene effettuato tramite i presenti Termini e Condizioni. Qualsiasi riproduzione, totale o parziale, modifica o utilizzo di tali risorse per qualsiasi motivo \u00e8 severamente vietata.<\/p>\n\n\n\n<h4 class=\"wp-block-heading\">ARTICOLO 14 \u2013 FORZA MAGGIORE<\/h4>\n\n\n\n<p>Gli obblighi del venditore derivanti dal presente contratto saranno sospesi in caso di caso fortuito o forza maggiore che ne impedisca l&#039;adempimento. Il venditore informer\u00e0 il cliente di tale evento il prima possibile.<\/p>\n\n\n\n<h4 class=\"wp-block-heading\">ARTICOLO 15 \u2013 NULLIT\u00c0 E MODIFICA DEL CONTRATTO<\/h4>\n\n\n\n<p>Qualora una qualsiasi disposizione del presente contratto fosse ritenuta invalida, tale invalidit\u00e0 non pregiudicher\u00e0 la validit\u00e0 delle restanti disposizioni, che rimarranno pienamente valide ed efficaci tra le parti. Qualsiasi modifica contrattuale sar\u00e0 valida solo dopo un accordo scritto firmato da entrambe le parti.<\/p>\n\n\n\n<h4 class=\"wp-block-heading\">ARTICOLO 16 \u2013 GDPR E PROTEZIONE DEI DATI PERSONALI<\/h4>\n\n\n\n<p>In conformit\u00e0 con la normativa europea sulla protezione dei dati personali, hai il diritto di accedere, modificare, opporti e rettificare i tuoi dati personali. Accettando i presenti termini e condizioni di vendita, acconsenti alla raccolta e all&#039;utilizzo di questi dati per l&#039;esecuzione del presente contratto.<\/p>\n\n\n\n<h4 class=\"wp-block-heading\">ARTICOLO 17 \u2013 LEGGE APPLICABILE<\/h4>\n\n\n\n<p>Tutte le clausole contenute nelle presenti condizioni generali di vendita, nonch\u00e9 tutte le transazioni di acquisto e vendita in esse disciplinate, saranno soggette alla legge francese.<\/p>","protected":false},"excerpt":{"rendered":"<p>D\u00c9FINITION DES PARTIES Entre la Soci\u00e9t\u00e9 Valwicz,6 rue Guillaume d&rsquo;Autignac 34070 Montpellierrepr\u00e9sent\u00e9e par Jean-Val\u00e9ry THORAVAL (num\u00e9ro de SIRET : 525 234 621 00023)d\u00fbment habilit\u00e9 aux fins des pr\u00e9sentes.La soci\u00e9t\u00e9 peut \u00eatre jointe par e-mail en cliquant sur le formulaire de contact accessible via la page d\u2019accueil du site.Ci-apr\u00e8s le \u00ab Vendeur \u00bb ou la \u00ab Soci\u00e9t\u00e9 \u00bb.D\u2019une part,Et la personne physique ou morale proc\u00e9dant \u00e0 l\u2019achat de produits ou services de la soci\u00e9t\u00e9,Ci-apr\u00e8s, \u00ab l\u2019Acheteur&#8230;<\/p>","protected":false},"author":4,"featured_media":0,"parent":0,"menu_order":0,"comment_status":"closed","ping_status":"closed","template":"","meta":{"sfsi_plus_gutenberg_text_before_share":"","sfsi_plus_gutenberg_show_text_before_share":"","sfsi_plus_gutenberg_icon_type":"","sfsi_plus_gutenberg_icon_alignemt":"","sfsi_plus_gutenburg_max_per_row":"","footnotes":""},"categories":[1312],"tags":[],"class_list":["post-1960","page","type-page","status-publish","hentry","category-francais"],"yoast_head":"<!-- This site is optimized with the Yoast SEO plugin v27.4 - https:\/\/yoast.com\/product\/yoast-seo-wordpress\/ -->\n<title>Conditions g\u00e9n\u00e9rales de vente - Valwicz<\/title>\n<meta name=\"robots\" content=\"noindex, follow\" \/>\n<meta property=\"og:locale\" content=\"it_IT\" \/>\n<meta property=\"og:type\" content=\"article\" \/>\n<meta property=\"og:title\" content=\"Conditions g\u00e9n\u00e9rales de vente - Valwicz\" \/>\n<meta property=\"og:description\" content=\"D\u00c9FINITION DES PARTIES Entre la Soci\u00e9t\u00e9 Valwicz,6 rue Guillaume d&rsquo;Autignac 34070 Montpellierrepr\u00e9sent\u00e9e par Jean-Val\u00e9ry THORAVAL (num\u00e9ro de SIRET : 525 234 621 00023)d\u00fbment habilit\u00e9 aux fins des pr\u00e9sentes.La soci\u00e9t\u00e9 peut \u00eatre jointe par e-mail en cliquant sur le formulaire de contact accessible via la page d\u2019accueil du site.Ci-apr\u00e8s le \u00ab Vendeur \u00bb ou la \u00ab Soci\u00e9t\u00e9 \u00bb.D\u2019une part,Et la personne physique ou morale proc\u00e9dant \u00e0 l\u2019achat de produits ou services de la soci\u00e9t\u00e9,Ci-apr\u00e8s, \u00ab l\u2019Acheteur...\" \/>\n<meta property=\"og:url\" content=\"https:\/\/valwicz.com\/it\/termini-e-condizioni-generali-di-vendita\/\" \/>\n<meta property=\"og:site_name\" content=\"Valwicz\" \/>\n<meta property=\"article:modified_time\" content=\"2025-11-30T11:36:19+00:00\" \/>\n<meta name=\"twitter:card\" content=\"summary_large_image\" \/>\n<meta name=\"twitter:site\" content=\"@Valwicz_\" \/>\n<script type=\"application\/ld+json\" class=\"yoast-schema-graph\">{\"@context\":\"https:\\\/\\\/schema.org\",\"@graph\":[{\"@type\":\"WebPage\",\"@id\":\"https:\\\/\\\/valwicz.com\\\/conditions-generales-de-vente\\\/\",\"url\":\"https:\\\/\\\/valwicz.com\\\/conditions-generales-de-vente\\\/\",\"name\":\"Conditions g\u00e9n\u00e9rales de vente - Valwicz\",\"isPartOf\":{\"@id\":\"https:\\\/\\\/valwicz.com\\\/#website\"},\"datePublished\":\"2024-10-26T13:53:10+00:00\",\"dateModified\":\"2025-11-30T11:36:19+00:00\",\"breadcrumb\":{\"@id\":\"https:\\\/\\\/valwicz.com\\\/conditions-generales-de-vente\\\/#breadcrumb\"},\"inLanguage\":\"it-IT\",\"potentialAction\":[{\"@type\":\"ReadAction\",\"target\":[\"https:\\\/\\\/valwicz.com\\\/conditions-generales-de-vente\\\/\"]}]},{\"@type\":\"BreadcrumbList\",\"@id\":\"https:\\\/\\\/valwicz.com\\\/conditions-generales-de-vente\\\/#breadcrumb\",\"itemListElement\":[{\"@type\":\"ListItem\",\"position\":1,\"name\":\"Accueil\",\"item\":\"https:\\\/\\\/valwicz.com\\\/\"},{\"@type\":\"ListItem\",\"position\":2,\"name\":\"Conditions g\u00e9n\u00e9rales de vente\"}]},{\"@type\":\"WebSite\",\"@id\":\"https:\\\/\\\/valwicz.com\\\/#website\",\"url\":\"https:\\\/\\\/valwicz.com\\\/\",\"name\":\"Valwicz\",\"description\":\"Audace | El\u00e9gance | D\u00e9sinvolture\",\"publisher\":{\"@id\":\"https:\\\/\\\/valwicz.com\\\/#organization\"},\"potentialAction\":[{\"@type\":\"SearchAction\",\"target\":{\"@type\":\"EntryPoint\",\"urlTemplate\":\"https:\\\/\\\/valwicz.com\\\/?s={search_term_string}\"},\"query-input\":{\"@type\":\"PropertyValueSpecification\",\"valueRequired\":true,\"valueName\":\"search_term_string\"}}],\"inLanguage\":\"it-IT\"},{\"@type\":\"Organization\",\"@id\":\"https:\\\/\\\/valwicz.com\\\/#organization\",\"name\":\"Valwicz\",\"url\":\"https:\\\/\\\/valwicz.com\\\/\",\"logo\":{\"@type\":\"ImageObject\",\"inLanguage\":\"it-IT\",\"@id\":\"https:\\\/\\\/valwicz.com\\\/#\\\/schema\\\/logo\\\/image\\\/\",\"url\":\"https:\\\/\\\/valwicz.com\\\/wp-content\\\/uploads\\\/2024\\\/10\\\/cropped-logo-Valwicz.jpg\",\"contentUrl\":\"https:\\\/\\\/valwicz.com\\\/wp-content\\\/uploads\\\/2024\\\/10\\\/cropped-logo-Valwicz.jpg\",\"width\":500,\"height\":234,\"caption\":\"Valwicz\"},\"image\":{\"@id\":\"https:\\\/\\\/valwicz.com\\\/#\\\/schema\\\/logo\\\/image\\\/\"},\"sameAs\":[\"https:\\\/\\\/x.com\\\/Valwicz_\",\"https:\\\/\\\/www.instagram.com\\\/_valwicz\\\/\",\"https:\\\/\\\/fr.pinterest.com\\\/Valwicz\\\/\",\"https:\\\/\\\/www.tiktok.com\\\/@_valwicz\"]}]}<\/script>\n<!-- \/ Yoast SEO plugin. -->","yoast_head_json":{"title":"Condizioni generali di vendita - Valwicz","robots":{"index":"noindex","follow":"follow"},"og_locale":"it_IT","og_type":"article","og_title":"Conditions g\u00e9n\u00e9rales de vente - Valwicz","og_description":"D\u00c9FINITION DES PARTIES Entre la Soci\u00e9t\u00e9 Valwicz,6 rue Guillaume d&rsquo;Autignac 34070 Montpellierrepr\u00e9sent\u00e9e par Jean-Val\u00e9ry THORAVAL (num\u00e9ro de SIRET : 525 234 621 00023)d\u00fbment habilit\u00e9 aux fins des pr\u00e9sentes.La soci\u00e9t\u00e9 peut \u00eatre jointe par e-mail en cliquant sur le formulaire de contact accessible via la page d\u2019accueil du site.Ci-apr\u00e8s le \u00ab Vendeur \u00bb ou la \u00ab Soci\u00e9t\u00e9 \u00bb.D\u2019une part,Et la personne physique ou morale proc\u00e9dant \u00e0 l\u2019achat de produits ou services de la soci\u00e9t\u00e9,Ci-apr\u00e8s, \u00ab l\u2019Acheteur...","og_url":"https:\/\/valwicz.com\/it\/termini-e-condizioni-generali-di-vendita\/","og_site_name":"Valwicz","article_modified_time":"2025-11-30T11:36:19+00:00","twitter_card":"summary_large_image","twitter_site":"@Valwicz_","schema":{"@context":"https:\/\/schema.org","@graph":[{"@type":"WebPage","@id":"https:\/\/valwicz.com\/conditions-generales-de-vente\/","url":"https:\/\/valwicz.com\/conditions-generales-de-vente\/","name":"Condizioni generali di vendita - Valwicz","isPartOf":{"@id":"https:\/\/valwicz.com\/#website"},"datePublished":"2024-10-26T13:53:10+00:00","dateModified":"2025-11-30T11:36:19+00:00","breadcrumb":{"@id":"https:\/\/valwicz.com\/conditions-generales-de-vente\/#breadcrumb"},"inLanguage":"it-IT","potentialAction":[{"@type":"ReadAction","target":["https:\/\/valwicz.com\/conditions-generales-de-vente\/"]}]},{"@type":"BreadcrumbList","@id":"https:\/\/valwicz.com\/conditions-generales-de-vente\/#breadcrumb","itemListElement":[{"@type":"ListItem","position":1,"name":"Accueil","item":"https:\/\/valwicz.com\/"},{"@type":"ListItem","position":2,"name":"Conditions g\u00e9n\u00e9rales de vente"}]},{"@type":"WebSite","@id":"https:\/\/valwicz.com\/#website","url":"https:\/\/valwicz.com\/","name":"Valwicz","description":"Audacia | Eleganza | Flippancy","publisher":{"@id":"https:\/\/valwicz.com\/#organization"},"potentialAction":[{"@type":"SearchAction","target":{"@type":"EntryPoint","urlTemplate":"https:\/\/valwicz.com\/?s={search_term_string}"},"query-input":{"@type":"PropertyValueSpecification","valueRequired":true,"valueName":"search_term_string"}}],"inLanguage":"it-IT"},{"@type":"Organization","@id":"https:\/\/valwicz.com\/#organization","name":"Valwicz","url":"https:\/\/valwicz.com\/","logo":{"@type":"ImageObject","inLanguage":"it-IT","@id":"https:\/\/valwicz.com\/#\/schema\/logo\/image\/","url":"https:\/\/valwicz.com\/wp-content\/uploads\/2024\/10\/cropped-logo-Valwicz.jpg","contentUrl":"https:\/\/valwicz.com\/wp-content\/uploads\/2024\/10\/cropped-logo-Valwicz.jpg","width":500,"height":234,"caption":"Valwicz"},"image":{"@id":"https:\/\/valwicz.com\/#\/schema\/logo\/image\/"},"sameAs":["https:\/\/x.com\/Valwicz_","https:\/\/www.instagram.com\/_valwicz\/","https:\/\/fr.pinterest.com\/Valwicz\/","https:\/\/www.tiktok.com\/@_valwicz"]}]}},"_links":{"self":[{"href":"https:\/\/valwicz.com\/it\/wp-json\/wp\/v2\/pages\/1960","targetHints":{"allow":["GET"]}}],"collection":[{"href":"https:\/\/valwicz.com\/it\/wp-json\/wp\/v2\/pages"}],"about":[{"href":"https:\/\/valwicz.com\/it\/wp-json\/wp\/v2\/types\/page"}],"author":[{"embeddable":true,"href":"https:\/\/valwicz.com\/it\/wp-json\/wp\/v2\/users\/4"}],"replies":[{"embeddable":true,"href":"https:\/\/valwicz.com\/it\/wp-json\/wp\/v2\/comments?post=1960"}],"version-history":[{"count":3,"href":"https:\/\/valwicz.com\/it\/wp-json\/wp\/v2\/pages\/1960\/revisions"}],"predecessor-version":[{"id":6788,"href":"https:\/\/valwicz.com\/it\/wp-json\/wp\/v2\/pages\/1960\/revisions\/6788"}],"wp:attachment":[{"href":"https:\/\/valwicz.com\/it\/wp-json\/wp\/v2\/media?parent=1960"}],"wp:term":[{"taxonomy":"category","embeddable":true,"href":"https:\/\/valwicz.com\/it\/wp-json\/wp\/v2\/categories?post=1960"},{"taxonomy":"post_tag","embeddable":true,"href":"https:\/\/valwicz.com\/it\/wp-json\/wp\/v2\/tags?post=1960"}],"curies":[{"name":"wp","href":"https:\/\/api.w.org\/{rel}","templated":true}]}}