{"id":1862,"date":"2024-10-26T00:19:06","date_gmt":"2024-10-25T22:19:06","guid":{"rendered":"https:\/\/valwicz.com\/a-propos-de\/"},"modified":"2026-01-27T12:40:26","modified_gmt":"2026-01-27T11:40:26","slug":"di","status":"publish","type":"page","link":"https:\/\/valwicz.com\/it\/a-propos-de\/","title":{"rendered":"Informazioni su Valwicz"},"content":{"rendered":"<h2 class=\"wp-block-heading\"><strong>La storia di Valwicz<\/strong><\/h2>\n\n\n\n<p>Dal 1994, la sua carriera artistica si \u00e8 evoluta attraverso il 3D, le belle arti, il montaggio video e lo sviluppo web. Nel 2011, il fascino del bamb\u00f9 ha segnato una svolta, portando a un'esplorazione approfondita del suo potenziale. Nel 2017, un incontro stimolante ha rivelato l'essenza del femminile, guidando la visione artistica verso la creazione di gioielli unici.<\/p>\n\n\n\n<h2 class=\"wp-block-heading\"><strong>Visione<\/strong><\/h2>\n\n\n\n<p>Da Valwicz, ogni gioiello racconta una storia, ispirata alla bellezza naturale dei materiali e alle curve femminili. <\/p>\n\n\n\n<p class=\"darklup-observer--node darklup--observed\" data-start=\"375\" data-end=\"741\">Il legno intagliato porta gi\u00e0 con s\u00e9 un ricordo: il calore del sole, la lentezza delle stagioni, la pazienza della natura. <br class=\"darklup--observed\" \/>Le pietre, tuttavia, recano tracce di terra, acqua e fuoco. <br class=\"darklup--observed\" \/>Quando questi due mondi si incontrano, appare qualcos&#039;altro: un oggetto che non \u00e8 pi\u00f9 solo una collana, ma un frammento di rituale.<\/p>\n<p class=\"darklup-observer--node darklup--observed\" data-start=\"743\" data-end=\"1047\">Le <strong class=\"darklup--observed\" data-start=\"746\" data-end=\"768\">tempio delle donne<\/strong>, Non \u00e8 un luogo di pietra, ma uno spazio vitale dove ricordare chi si \u00e8. Una forza gentile, una bellezza disadorna, una presenza radicata. Le creazioni di Valwicz cercano di vestire questo tempio invisibile: non seguono le tendenze, sono radicate nell&#039;eternit\u00e0.<\/p>\n<p class=\"darklup-observer--node darklup--observed\" data-start=\"1049\" data-end=\"1236\">Indossare un gioiello Valwicz \u00e8 come circondarsi di un talismano. \u00c8 lasciare che il legno e la pietra risuonino con il proprio corpo, come un dialogo silenzioso tra il visibile e l&#039;invisibile.<\/p>\n\n\n\n<h2 class=\"wp-block-heading\"><strong>Creazioni<\/strong><\/h2>\n\n\n\n<p>Le collane Valwicz combinano audacia, eleganza e disinvoltura. Ogni pezzo \u00e8 realizzato a mano nel laboratorio, utilizzando materiali nobili come legno pregiato, pietre semipreziose, semi naturali e cristalli. Le collezioni sono disponibili in una variet\u00e0 di forme, tra cui :<\/p>\n\n\n\n<ul class=\"wp-block-list\">\n<li><strong>Lavalli\u00e8res&nbsp;<\/strong>Collane lunghe ed eleganti che valorizzano il d\u00e9collet\u00e9.<\/li>\n\n\n\n<li><strong>Girocolli&nbsp;<\/strong>: girocollo che aggiungono un tocco moderno e sofisticato.<\/li>\n\n\n\n<li><strong>Principesse<\/strong> Collane autentiche ed eleganti, dal design unico e raffinato, eleganza artigianale.<\/li>\n\n\n\n<li><strong>Legare<\/strong>s: Collane ispirate alla cravatta tradizionale, che regalano un look unico.<\/li>\n\n\n\n<li><strong>sciarpe di seta<\/strong>&nbsp;Sciarpe leggere impreziosite da perle e pietre, che uniscono comfort e stile.<\/li>\n\n\n\n<li><strong>Girocollo<\/strong> : realizzato su misura, alternando delicatezza e ornamenti per valorizzare il collo.<\/li>\n\n\n\n<li><strong>Lacci<\/strong> Collane per valorizzare il tuo look, in una gamma piuttosto ampia di stili, realizzate con perle e cristalli.<\/li>\n<\/ul>\n\n\n\n<p>La collezione \u00abLegno, pietre e perle\u00bb presenta essenze come l'ebano, l'amaranto e lo ziricote, abbinate a pietre come il diaspro, il granato e l'ematite. La collezione \u00abPietre e perle\u00bb presenta sciarpe di seta impreziosite da pietre come mica, pirite e ossidiana.&nbsp;<\/p>\n\n\n\n<h2 class=\"wp-block-heading\"><strong>Il laboratorio Valwicz<\/strong><\/h2>\n\n\n\n<p>\u00c8 in questo laboratorio che avviene la magia. Ogni pezzo inizia con una meticolosa selezione dei materiali:<\/p>\n\n\n\n<ul class=\"wp-block-list\">\n<li><strong>Il legno<\/strong>, Scelto per i suoi colori unici, la sua densit\u00e0 e le sue venature, \u00e8 scolpito con cura per rivelarne tutta la profondit\u00e0 e il carattere.<\/li>\n\n\n\n<li><strong>Perle e pietre<\/strong>, Infilati insieme uno ad uno, donano sfumature e consistenze che impreziosiscono ogni creazione.<\/li>\n<\/ul>\n\n\n\n<p>Il processo creativo \u00e8 un dialogo costante con la materia, dove ogni dettaglio conta. Chiusure innovative, magnetiche o a forma di puzzle, ampliano questa esperienza sensoriale combinando estetica e praticit\u00e0.<\/p>\n\n\n\n<h3 class=\"wp-block-heading\"><strong>Artigianato<\/strong><\/h3>\n\n\n\n<p>Da anni, Valwicz si impegna a offrire gioielli realizzati a mano, in cui ogni dettaglio \u00e8 attentamente studiato per riflettere autenticit\u00e0 ed eleganza. Che si tratti di un choker personalizzato o di un pezzo unico progettato in collaborazione, ci impegniamo a rendere ogni pezzo una vera e propria firma personale.<\/p>\n\n\n\n<h2 class=\"wp-block-heading\"><strong>La filosofia di Valwicz<\/strong><\/h2>\n\n\n\n<p>Una fede nella bellezza senza tempo dei materiali naturali e nella loro capacit\u00e0 di raccontare una storia. Ogni creazione \u00e8 un invito a scoprire l'armonia tra natura e artigianato, riflettendo un impegno per l'autenticit\u00e0 e la qualit\u00e0.<\/p>\n\n\n\n<h2 class=\"wp-block-heading\"><strong>Contattaci<\/strong><\/h2>\n\n\n\n<p>Valwicz ha sede a Montpellier, in Francia. <br>Per qualsiasi domanda o richiesta specifica, non esitate a contattarci:<\/p>\n\n\n\n<ul class=\"wp-block-list\">\n<li><strong>Telefono<\/strong>&nbsp;+33 6 64 40 46 63<\/li>\n\n\n\n<li><strong>E-mail<\/strong>&nbsp;:&nbsp;<a href=\"mailto:contact@valwicz.com\" target=\"_blank\" rel=\"noreferrer noopener\">contact@valwicz.com<\/a><\/li>\n\n\n\n<li><strong>Modulo di contatto<\/strong>&nbsp;Disponibile sulla nostra pagina&nbsp;<a href=\"https:\/\/valwicz.com\/it\/contatto\/\" target=\"_blank\" rel=\"noreferrer noopener\">Contatto<\/a><\/li>\n<\/ul>\n\n\n\n<div class=\"wp-block-columns is-layout-flex wp-container-core-columns-is-layout-9d6595d7 wp-block-columns-is-layout-flex\">\n<div class=\"wp-block-column is-layout-flow wp-block-column-is-layout-flow\"><\/div>\n\n\n\n<div class=\"wp-block-column is-vertically-aligned-center is-layout-flow wp-block-column-is-layout-flow\"><div class=\"sfsi_plus_widget\"><div id=\"sfsi_plus_wDiv\"><\/div><div class=\"sfsiplus_norm_row sfsi_plus_wDiv\"  style=\"width:270px;position:absolute;;text-align:center\"><div style='width:40px; height:auto;margin-left:5px;margin-bottom:5px;' class='sfsi_plus_wicons shuffeldiv1'><div class='sfsiplus_inerCnt'><a class='sficn1' data-effect='scale' target='_blank' rel='noopener'  href='https:\/\/valwicz.com\/it\/feed\/'  style='width:40px; height:40px;opacity:1;' ><img alt='RSS' title='RSS' src='https:\/\/valwicz.com\/wp-content\/plugins\/ultimate-social-media-plus\/images\/icons_theme\/thin\/thin_rss.png' width='40' height='40' style='' class='sfcm sfsi_wicon sfsiplusid_round_icon_rss' data-effect='scale'  \/><\/a><\/div><\/div><div style='width:40px; height:auto;margin-left:5px;margin-bottom:5px;' class='sfsi_plus_wicons shuffeldiv1'><div class='sfsiplus_inerCnt'><a class='sficn1' data-effect='scale'   href='javascript:void(0);'  style='width:40px; height:40px;opacity:1;' ><img alt='Pinterest' title='Pinterest' src='https:\/\/valwicz.com\/wp-content\/plugins\/ultimate-social-media-plus\/images\/icons_theme\/thin\/thin_pinterest.png' width='40' height='40' style='' class='sfcm sfsi_wicon sfsiplusid_round_icon_pinterest' data-effect='scale'  \/><\/a><div class=\"sfsi_plus_tool_tip_2 sfsi_plus_printst_tool_bdr sfsi_plus_Tlleft sfsiplusid_pinterest\" style=\"display:block;width:73px;opacity:0;z-index:-1;\"><span class=\"bot_arow bot_pintst_arow\"><\/span><div class=\"sfsi_plus_inside\"><div  class='icon1'><a href='https:\/\/fr.pinterest.com\/Valwicz\/' target='_blank' rel='noopener'><img data-pin-nopin='true' class='sfsi_wicon'  alt='Pinterest' title='Pinterest' src='https:\/\/valwicz.com\/wp-content\/plugins\/ultimate-social-media-plus\/images\/visit_icons\/pinterest.png' \/><\/a><\/div><div  class='icon2'><a data-pin-custom='true' href='https:\/\/www.pinterest.com\/pin\/create\/button\/?url=https:\/\/valwicz.com\/it\/wp-json\/wp\/v2\/pages\/1862' target='_blank' rel='noopener'><img class='sfsi_wicon' data-pin-nopin='true' alt='icona di condivisione fb' title='Pin Condividi' src='https:\/\/valwicz.com\/wp-content\/plugins\/ultimate-social-media-plus\/images\/share_icons\/Pinterest_Save\/fr_FR_save.svg' \/><\/a><\/div><\/div><\/div><\/div><\/div><div style='width:40px; height:auto;margin-left:5px;margin-bottom:5px;' class='sfsi_plus_wicons shuffeldiv1'><div class='sfsiplus_inerCnt'><a class='sficn1' data-effect='scale' target='_blank' rel='noopener'  href='https:\/\/www.facebook.com\/profile.php?id=61573895648767'  style='width:40px; height:40px;opacity:1;' ><img alt='Facebook' title='Facebook' src='https:\/\/valwicz.com\/wp-content\/plugins\/ultimate-social-media-plus\/images\/icons_theme\/thin\/thin_fb.png' width='40' height='40' style='' class='sfcm sfsi_wicon sfsiplusid_round_icon_facebook' data-effect='scale'  \/><\/a><div class=\"sfsi_plus_tool_tip_2 sfsi_plus_fb_tool_bdr sfsi_plus_Tlleft sfsiplusid_facebook\" style=\"display:block;width:62px;opacity:0;z-index:-1;\"><span class=\"bot_arow bot_fb_arow\"><\/span><div class=\"sfsi_plus_inside\"><div  class='icon1'><a href='https:\/\/www.facebook.com\/profile.php?id=61573895648767' target='_blank' rel='noopener'><img class='sfsi_plus_wicon' alt='Facebook' title='Facebook' src='https:\/\/valwicz.com\/wp-content\/plugins\/ultimate-social-media-plus\/images\/visit_icons\/Visit_us_fb\/icon_Visit_us_en_US.png'  \/><\/a><\/div><div  class='icon2'><div class=\"fb-like\" data-width=\"180\" data-show-faces=\"false\" data-href=\"https%3A%2F%2Fvalwicz.com%2Fit%2Fwp-json%2Fwp%2Fv2%2Fpages%2F1862%2F\" data-layout=\"button\" data-action=\"like\" data-share=\"false\" ><\/div><\/div><div  class='icon3'><a target='_blank' href='https:\/\/www.facebook.com\/sharer\/sharer.php?u=https%3A%2F%2Fvalwicz.com%2Fit%2Fwp-json%2Fwp%2Fv2%2Fpages%2F1862' style='display:inline-block;'> <img class='sfsi_wicon'  data-pin-nopin='true' width='auto' height='auto' alt='icona di condivisione fb' title='Facebook Condividi' src='https:\/\/valwicz.com\/wp-content\/plugins\/ultimate-social-media-plus\/images\/share_icons\/fb_icons\/fr_FR.svg'' \/><\/a><\/div><\/div><\/div><\/div><\/div><div style='width:40px; height:auto;margin-left:5px;margin-bottom:5px;' class='sfsi_plus_wicons shuffeldiv1'><div class='sfsiplus_inerCnt'><a class='sficn1' data-effect='scale' target='_blank' rel='noopener'  href='https:\/\/www.instagram.com\/valwicz__\/'  style='width:40px; height:40px;opacity:1;' ><img alt='Instagram' title='Instagram' src='https:\/\/valwicz.com\/wp-content\/plugins\/ultimate-social-media-plus\/images\/icons_theme\/thin\/thin_instagram.png' width='40' height='40' style='' class='sfcm sfsi_wicon sfsiplusid_round_icon_instagram' data-effect='scale'  \/><\/a><\/div><\/div><div style='width:40px; height:auto;margin-left:5px;margin-bottom:5px;' class='sfsi_plus_wicons shuffeldiv1'><div class='sfsiplus_inerCnt'><a class='sficn1' data-effect='scale' target='_blank' rel='noopener'  href='https:\/\/x.com\/Valwicz_'  style='width:40px; height:40px;opacity:1;' ><img alt='X (Twitter)' title='X (Twitter)' src='https:\/\/valwicz.com\/wp-content\/plugins\/ultimate-social-media-plus\/images\/icons_theme\/thin\/thin_twitter.png' width='40' height='40' style='' class='sfcm sfsi_wicon sfsiplusid_round_icon_twitter' data-effect='scale'  \/><\/a><div class=\"sfsi_plus_tool_tip_2 sfsi_plus_twt_tool_bdr sfsi_plus_Tlleft sfsiplusid_twitter\" style=\"display:block;width:59px;opacity:0;z-index:-1;\"><span class=\"bot_arow bot_twt_arow\"><\/span><div class=\"sfsi_plus_inside\"><style>#sfsi_plus_floater .sfsi_plus_twt_tool_bdr .sfsi_plus_inside{margin-top: -18px;}<\/style><div  class='cstmicon1'><a href='https:\/\/x.com\/Valwicz_' target='_blank' rel='noopener'><img class='sfsi_plus_wicon' alt='Visitateci' title='Visitateci' src='https:\/\/valwicz.com\/wp-content\/plugins\/ultimate-social-media-plus\/images\/visit_icons\/Visit_us_twitter\/icon_Visit_us_en_US.png'  \/><\/a><\/div><div  class='icon1'><a target='_blank' rel='noopener' href='https:\/\/twitter.com\/intent\/user?screen_name=Valwicz'><img nopin='nopin' width='auto' src='https:\/\/valwicz.com\/wp-content\/plugins\/ultimate-social-media-plus\/images\/share_icons\/Twitter_Follow\/fr_FR_Follow.svg' class='sfsi_premium_wicon' alt='Seguimi' title='Seguimi' style='opacity: 1;''><\/a><\/div><div  class='icon2'><div class='sf_twiter' style='display: inline-block;vertical-align: middle;width: auto;'>\n\t\t\t\t\t\t<a target='_blank' href='https:\/\/x.com\/intent\/post?text=site+de+vente+de+bijou+artisanal%3A+valwicz.com+%23BijouxArtisanal+via%40Valwicz https:\/\/valwicz.com\/it\/wp-json\/wp\/v2\/pages\/1862'style='display:inline-block' >\n\t\t\t\t\t\t\t<img nopin=\"nopin\" width='auto' class='sfsi_plus_wicon' src='https:\/\/valwicz.com\/wp-content\/plugins\/ultimate-social-media-plus\/images\/share_icons\/Twitter_Tweet\/fr_FR_Tweet.svg' alt='Tweet' title='Tweet' >\n\t\t\t\t\t\t<\/a>\n\t\t\t\t\t<\/div><\/div><\/div><\/div><\/div><\/div><div style='width:40px; height:auto;margin-left:5px;margin-bottom:5px;' class='sfsi_plus_wicons shuffeldiv1'><div class='sfsiplus_inerCnt'><a class='sficn1' data-effect='scale' target='_blank' rel='noopener'  href='https:\/\/www.youtube.com\/@Valwicz-Les-Colliers'  style='width:40px; height:40px;opacity:1;' ><img alt='YouTube' title='YouTube' src='https:\/\/valwicz.com\/wp-content\/plugins\/ultimate-social-media-plus\/images\/icons_theme\/thin\/thin_youtube.png' width='40' height='40' style='' class='sfcm sfsi_wicon sfsiplusid_round_icon_youtube' data-effect='scale'  \/><\/a><div class=\"sfsi_plus_tool_tip_2 utube_tool_bdr sfsi_plus_Tlleft sfsiplusid_youtube\" style=\"display:block;width:96px;opacity:0;z-index:-1;\"><span class=\"bot_arow bot_utube_arow\"><\/span><div class=\"sfsi_plus_inside\"><div  class='icon1'><a href='https:\/\/www.youtube.com\/@Valwicz-Les-Colliers'  target='_blank' rel='noopener'><img class='sfsi_plus_wicon' alt='YouTube' title='YouTube' src='https:\/\/valwicz.com\/wp-content\/plugins\/ultimate-social-media-plus\/images\/visit_icons\/youtube.png'  \/><\/a><\/div><div  class='icon2'><div class=\"g-ytsubscribe\" data-channelid=\"UCu4iaWzioeUxGWQGAxdJGeQ\" data-layout=\"default\" data-count=\"hidden\"><\/div><\/div><\/div><\/div><\/div><\/div><\/div><div id=\"sfsi_holder\" class=\"sfsi_plus_holders\" style=\"position: relative; float: left;width:100%;z-index:-1;\"><\/div><script><\/script><div style=\"clear: both;\"><\/div><\/div>\n<\/div>\n\n\n\n<div class=\"wp-block-column is-layout-flow wp-block-column-is-layout-flow\"><\/div>\n<\/div>","protected":false},"excerpt":{"rendered":"<p>L&rsquo;histoire de Valwicz Depuis 1994, un parcours artistique \u00e9volutif : passant par la 3D, les beaux-arts, le montage vid\u00e9o et le d\u00e9veloppement web.&nbsp;En 2011, une fascination pour le bambou a marqu\u00e9 un tournant, menant \u00e0 une exploration approfondie de ses potentialit\u00e9s.&nbsp;En 2017, une rencontre inspirante a r\u00e9v\u00e9l\u00e9 l&rsquo;essence du f\u00e9minin, guidant la vision artistique vers la cr\u00e9ation de bijoux uniques. Vision Chez Valwicz, chaque bijou raconte une histoire. Inspir\u00e9 par la beaut\u00e9 naturelle des mat\u00e9riaux&#8230;<\/p>","protected":false},"author":4,"featured_media":0,"parent":0,"menu_order":1,"comment_status":"closed","ping_status":"closed","template":"","meta":{"sfsi_plus_gutenberg_text_before_share":"","sfsi_plus_gutenberg_show_text_before_share":"","sfsi_plus_gutenberg_icon_type":"","sfsi_plus_gutenberg_icon_alignemt":"","sfsi_plus_gutenburg_max_per_row":"","footnotes":""},"categories":[1312],"tags":[],"class_list":["post-1862","page","type-page","status-publish","hentry","category-francais"],"yoast_head":"<!-- This site is optimized with the Yoast SEO plugin v27.3 - https:\/\/yoast.com\/product\/yoast-seo-wordpress\/ -->\n<title>\u00c0 propos de Valwicz - Valwicz<\/title>\n<meta name=\"robots\" content=\"index, follow, max-snippet:-1, max-image-preview:large, max-video-preview:-1\" \/>\n<link rel=\"canonical\" href=\"https:\/\/valwicz.com\/it\/di\/\" \/>\n<meta property=\"og:locale\" content=\"it_IT\" \/>\n<meta property=\"og:type\" content=\"article\" \/>\n<meta property=\"og:title\" content=\"\u00c0 propos de Valwicz - Valwicz\" \/>\n<meta property=\"og:description\" content=\"L&rsquo;histoire de Valwicz Depuis 1994, un parcours artistique \u00e9volutif : passant par la 3D, les beaux-arts, le montage vid\u00e9o et le d\u00e9veloppement web.&nbsp;En 2011, une fascination pour le bambou a marqu\u00e9 un tournant, menant \u00e0 une exploration approfondie de ses potentialit\u00e9s.&nbsp;En 2017, une rencontre inspirante a r\u00e9v\u00e9l\u00e9 l&rsquo;essence du f\u00e9minin, guidant la vision artistique vers la cr\u00e9ation de bijoux uniques. Vision Chez Valwicz, chaque bijou raconte une histoire. Inspir\u00e9 par la beaut\u00e9 naturelle des mat\u00e9riaux...\" \/>\n<meta property=\"og:url\" content=\"https:\/\/valwicz.com\/it\/di\/\" \/>\n<meta property=\"og:site_name\" content=\"Valwicz\" \/>\n<meta property=\"article:modified_time\" content=\"2026-01-27T11:40:26+00:00\" \/>\n<meta name=\"twitter:card\" content=\"summary_large_image\" \/>\n<meta name=\"twitter:site\" content=\"@Valwicz_\" \/>\n<script type=\"application\/ld+json\" class=\"yoast-schema-graph\">{\"@context\":\"https:\\\/\\\/schema.org\",\"@graph\":[{\"@type\":\"WebPage\",\"@id\":\"https:\\\/\\\/valwicz.com\\\/a-propos-de\\\/\",\"url\":\"https:\\\/\\\/valwicz.com\\\/a-propos-de\\\/\",\"name\":\"\u00c0 propos de Valwicz - Valwicz\",\"isPartOf\":{\"@id\":\"https:\\\/\\\/valwicz.com\\\/#website\"},\"datePublished\":\"2024-10-25T22:19:06+00:00\",\"dateModified\":\"2026-01-27T11:40:26+00:00\",\"breadcrumb\":{\"@id\":\"https:\\\/\\\/valwicz.com\\\/a-propos-de\\\/#breadcrumb\"},\"inLanguage\":\"it-IT\",\"potentialAction\":[{\"@type\":\"ReadAction\",\"target\":[\"https:\\\/\\\/valwicz.com\\\/a-propos-de\\\/\"]}]},{\"@type\":\"BreadcrumbList\",\"@id\":\"https:\\\/\\\/valwicz.com\\\/a-propos-de\\\/#breadcrumb\",\"itemListElement\":[{\"@type\":\"ListItem\",\"position\":1,\"name\":\"Accueil\",\"item\":\"https:\\\/\\\/valwicz.com\\\/\"},{\"@type\":\"ListItem\",\"position\":2,\"name\":\"\u00c0 propos de Valwicz\"}]},{\"@type\":\"WebSite\",\"@id\":\"https:\\\/\\\/valwicz.com\\\/#website\",\"url\":\"https:\\\/\\\/valwicz.com\\\/\",\"name\":\"Valwicz\",\"description\":\"Audace | El\u00e9gance | D\u00e9sinvolture\",\"publisher\":{\"@id\":\"https:\\\/\\\/valwicz.com\\\/#organization\"},\"potentialAction\":[{\"@type\":\"SearchAction\",\"target\":{\"@type\":\"EntryPoint\",\"urlTemplate\":\"https:\\\/\\\/valwicz.com\\\/?s={search_term_string}\"},\"query-input\":{\"@type\":\"PropertyValueSpecification\",\"valueRequired\":true,\"valueName\":\"search_term_string\"}}],\"inLanguage\":\"it-IT\"},{\"@type\":\"Organization\",\"@id\":\"https:\\\/\\\/valwicz.com\\\/#organization\",\"name\":\"Valwicz\",\"url\":\"https:\\\/\\\/valwicz.com\\\/\",\"logo\":{\"@type\":\"ImageObject\",\"inLanguage\":\"it-IT\",\"@id\":\"https:\\\/\\\/valwicz.com\\\/#\\\/schema\\\/logo\\\/image\\\/\",\"url\":\"https:\\\/\\\/valwicz.com\\\/wp-content\\\/uploads\\\/2024\\\/10\\\/cropped-logo-Valwicz.jpg\",\"contentUrl\":\"https:\\\/\\\/valwicz.com\\\/wp-content\\\/uploads\\\/2024\\\/10\\\/cropped-logo-Valwicz.jpg\",\"width\":500,\"height\":234,\"caption\":\"Valwicz\"},\"image\":{\"@id\":\"https:\\\/\\\/valwicz.com\\\/#\\\/schema\\\/logo\\\/image\\\/\"},\"sameAs\":[\"https:\\\/\\\/x.com\\\/Valwicz_\",\"https:\\\/\\\/www.instagram.com\\\/_valwicz\\\/\",\"https:\\\/\\\/fr.pinterest.com\\\/Valwicz\\\/\",\"https:\\\/\\\/www.tiktok.com\\\/@_valwicz\"]}]}<\/script>\n<!-- \/ Yoast SEO plugin. -->","yoast_head_json":{"title":"Informazioni su Valwicz - Valwicz","robots":{"index":"index","follow":"follow","max-snippet":"max-snippet:-1","max-image-preview":"max-image-preview:large","max-video-preview":"max-video-preview:-1"},"canonical":"https:\/\/valwicz.com\/it\/di\/","og_locale":"it_IT","og_type":"article","og_title":"\u00c0 propos de Valwicz - Valwicz","og_description":"L&rsquo;histoire de Valwicz Depuis 1994, un parcours artistique \u00e9volutif : passant par la 3D, les beaux-arts, le montage vid\u00e9o et le d\u00e9veloppement web.&nbsp;En 2011, une fascination pour le bambou a marqu\u00e9 un tournant, menant \u00e0 une exploration approfondie de ses potentialit\u00e9s.&nbsp;En 2017, une rencontre inspirante a r\u00e9v\u00e9l\u00e9 l&rsquo;essence du f\u00e9minin, guidant la vision artistique vers la cr\u00e9ation de bijoux uniques. Vision Chez Valwicz, chaque bijou raconte une histoire. Inspir\u00e9 par la beaut\u00e9 naturelle des mat\u00e9riaux...","og_url":"https:\/\/valwicz.com\/it\/di\/","og_site_name":"Valwicz","article_modified_time":"2026-01-27T11:40:26+00:00","twitter_card":"summary_large_image","twitter_site":"@Valwicz_","schema":{"@context":"https:\/\/schema.org","@graph":[{"@type":"WebPage","@id":"https:\/\/valwicz.com\/a-propos-de\/","url":"https:\/\/valwicz.com\/a-propos-de\/","name":"Informazioni su Valwicz - Valwicz","isPartOf":{"@id":"https:\/\/valwicz.com\/#website"},"datePublished":"2024-10-25T22:19:06+00:00","dateModified":"2026-01-27T11:40:26+00:00","breadcrumb":{"@id":"https:\/\/valwicz.com\/a-propos-de\/#breadcrumb"},"inLanguage":"it-IT","potentialAction":[{"@type":"ReadAction","target":["https:\/\/valwicz.com\/a-propos-de\/"]}]},{"@type":"BreadcrumbList","@id":"https:\/\/valwicz.com\/a-propos-de\/#breadcrumb","itemListElement":[{"@type":"ListItem","position":1,"name":"Accueil","item":"https:\/\/valwicz.com\/"},{"@type":"ListItem","position":2,"name":"\u00c0 propos de Valwicz"}]},{"@type":"WebSite","@id":"https:\/\/valwicz.com\/#website","url":"https:\/\/valwicz.com\/","name":"Valwicz","description":"Audacia | Eleganza | Flippancy","publisher":{"@id":"https:\/\/valwicz.com\/#organization"},"potentialAction":[{"@type":"SearchAction","target":{"@type":"EntryPoint","urlTemplate":"https:\/\/valwicz.com\/?s={search_term_string}"},"query-input":{"@type":"PropertyValueSpecification","valueRequired":true,"valueName":"search_term_string"}}],"inLanguage":"it-IT"},{"@type":"Organization","@id":"https:\/\/valwicz.com\/#organization","name":"Valwicz","url":"https:\/\/valwicz.com\/","logo":{"@type":"ImageObject","inLanguage":"it-IT","@id":"https:\/\/valwicz.com\/#\/schema\/logo\/image\/","url":"https:\/\/valwicz.com\/wp-content\/uploads\/2024\/10\/cropped-logo-Valwicz.jpg","contentUrl":"https:\/\/valwicz.com\/wp-content\/uploads\/2024\/10\/cropped-logo-Valwicz.jpg","width":500,"height":234,"caption":"Valwicz"},"image":{"@id":"https:\/\/valwicz.com\/#\/schema\/logo\/image\/"},"sameAs":["https:\/\/x.com\/Valwicz_","https:\/\/www.instagram.com\/_valwicz\/","https:\/\/fr.pinterest.com\/Valwicz\/","https:\/\/www.tiktok.com\/@_valwicz"]}]}},"_links":{"self":[{"href":"https:\/\/valwicz.com\/it\/wp-json\/wp\/v2\/pages\/1862","targetHints":{"allow":["GET"]}}],"collection":[{"href":"https:\/\/valwicz.com\/it\/wp-json\/wp\/v2\/pages"}],"about":[{"href":"https:\/\/valwicz.com\/it\/wp-json\/wp\/v2\/types\/page"}],"author":[{"embeddable":true,"href":"https:\/\/valwicz.com\/it\/wp-json\/wp\/v2\/users\/4"}],"replies":[{"embeddable":true,"href":"https:\/\/valwicz.com\/it\/wp-json\/wp\/v2\/comments?post=1862"}],"version-history":[{"count":13,"href":"https:\/\/valwicz.com\/it\/wp-json\/wp\/v2\/pages\/1862\/revisions"}],"predecessor-version":[{"id":6861,"href":"https:\/\/valwicz.com\/it\/wp-json\/wp\/v2\/pages\/1862\/revisions\/6861"}],"wp:attachment":[{"href":"https:\/\/valwicz.com\/it\/wp-json\/wp\/v2\/media?parent=1862"}],"wp:term":[{"taxonomy":"category","embeddable":true,"href":"https:\/\/valwicz.com\/it\/wp-json\/wp\/v2\/categories?post=1862"},{"taxonomy":"post_tag","embeddable":true,"href":"https:\/\/valwicz.com\/it\/wp-json\/wp\/v2\/tags?post=1862"}],"curies":[{"name":"wp","href":"https:\/\/api.w.org\/{rel}","templated":true}]}}