{"id":59,"date":"2024-10-01T14:10:10","date_gmt":"2024-10-01T12:10:10","guid":{"rendered":"https:\/\/valwicz.com\/panier\/"},"modified":"2025-11-30T12:38:18","modified_gmt":"2025-11-30T11:38:18","slug":"cesta","status":"publish","type":"page","link":"https:\/\/valwicz.com\/es\/panier\/","title":{"rendered":"Cesta"},"content":{"rendered":"<div data-block-name=\"woocommerce\/cart\" class=\"wp-block-woocommerce-cart alignwide is-loading\">\n<div data-block-name=\"woocommerce\/filled-cart-block\" class=\"wp-block-woocommerce-filled-cart-block\">\n<div data-block-name=\"woocommerce\/cart-items-block\" class=\"wp-block-woocommerce-cart-items-block\">\n<div data-block-name=\"woocommerce\/cart-line-items-block\" class=\"wp-block-woocommerce-cart-line-items-block\"><\/div>\n<\/div>\n\n\n\n<div data-block-name=\"woocommerce\/cart-totals-block\" class=\"wp-block-woocommerce-cart-totals-block\">\n<div data-block-name=\"woocommerce\/cart-order-summary-block\" class=\"wp-block-woocommerce-cart-order-summary-block\">\n<div data-block-name=\"woocommerce\/cart-order-summary-heading-block\" data-content=\"Total panier\" class=\"wp-block-woocommerce-cart-order-summary-heading-block\"><\/div>\n\n\n\n<div data-block-name=\"woocommerce\/cart-order-summary-coupon-form-block\" class=\"wp-block-woocommerce-cart-order-summary-coupon-form-block\"><\/div>\n\n\n\n<div data-block-name=\"woocommerce\/cart-order-summary-totals-block\" class=\"wp-block-woocommerce-cart-order-summary-totals-block\">\n<div data-block-name=\"woocommerce\/cart-order-summary-subtotal-block\" class=\"wp-block-woocommerce-cart-order-summary-subtotal-block\"><\/div>\n\n\n\n<div data-block-name=\"woocommerce\/cart-order-summary-fee-block\" class=\"wp-block-woocommerce-cart-order-summary-fee-block\"><\/div>\n\n\n\n<div data-block-name=\"woocommerce\/cart-order-summary-discount-block\" class=\"wp-block-woocommerce-cart-order-summary-discount-block\"><\/div>\n\n\n\n<div data-block-name=\"woocommerce\/cart-order-summary-shipping-block\" class=\"wp-block-woocommerce-cart-order-summary-shipping-block\"><\/div>\n\n\n\n<div data-block-name=\"woocommerce\/cart-order-summary-taxes-block\" class=\"wp-block-woocommerce-cart-order-summary-taxes-block\"><\/div>\n<\/div>\n<\/div>\n\n\n\n\n\n<div data-block-name=\"woocommerce\/cart-express-payment-block\" class=\"wp-block-woocommerce-cart-express-payment-block\"><\/div>\n\n\n\n<div data-block-name=\"woocommerce\/proceed-to-checkout-block\" class=\"wp-block-woocommerce-proceed-to-checkout-block\"><\/div>\n\n\n\n<div data-block-name=\"woocommerce\/cart-accepted-payment-methods-block\" class=\"wp-block-woocommerce-cart-accepted-payment-methods-block\"><\/div>\n<\/div>\n<\/div>\n\n\n\n<div data-block-name=\"woocommerce\/empty-cart-block\" class=\"wp-block-woocommerce-empty-cart-block\">\n<h2 class=\"wp-block-heading has-text-align-center with-empty-cart-icon wc-block-cart__empty-cart__title\">Tu cesta est\u00e1 vac\u00eda.<\/h2>\n\n\n\n<hr class=\"wp-block-separator has-alpha-channel-opacity is-style-dots\"\/>\n\n\n\n<h2 class=\"wp-block-heading has-text-align-center\">Nuevo en la tienda<\/h2>\n\n\n<div data-block-name=\"woocommerce\/product-new\" data-columns=\"4\" data-rows=\"1\" class=\"wc-block-grid wp-block-product-new wp-block-woocommerce-product-new wc-block-product-new has-4-columns\"><ul class=\"wc-block-grid__products\"><li class=\"wc-block-grid__product\">\n\t\t\t\t<a href=\"https:\/\/valwicz.com\/es\/creation\/sautoir-ethnique-en-bois-sculpte\/\" class=\"wc-block-grid__product-link\">\n\t\t\t\t\t\n\t\t\t\t\t<div class=\"wc-block-grid__product-image\"><img loading=\"lazy\" decoding=\"async\" width=\"300\" height=\"450\" src=\"https:\/\/valwicz.com\/wp-content\/uploads\/Collier-sautoir-en-bois-de-Bouleau-Madre-sculpte-Picasso-300x450.jpg\" class=\"attachment-woocommerce_thumbnail size-woocommerce_thumbnail\" alt=\"Collar de madera de abedul Madr\u00e9 tallada &amp; Picasso\" srcset=\"https:\/\/valwicz.com\/wp-content\/uploads\/Collier-sautoir-en-bois-de-Bouleau-Madre-sculpte-Picasso-300x450.jpg 300w, https:\/\/valwicz.com\/wp-content\/uploads\/Collier-sautoir-en-bois-de-Bouleau-Madre-sculpte-Picasso-768x1152.jpg 768w, https:\/\/valwicz.com\/wp-content\/uploads\/Collier-sautoir-en-bois-de-Bouleau-Madre-sculpte-Picasso-1024x1536.jpg 1024w, https:\/\/valwicz.com\/wp-content\/uploads\/Collier-sautoir-en-bois-de-Bouleau-Madre-sculpte-Picasso-8x12.jpg 8w, https:\/\/valwicz.com\/wp-content\/uploads\/Collier-sautoir-en-bois-de-Bouleau-Madre-sculpte-Picasso-200x300.jpg 200w, https:\/\/valwicz.com\/wp-content\/uploads\/Collier-sautoir-en-bois-de-Bouleau-Madre-sculpte-Picasso-900x1350.jpg 900w, https:\/\/valwicz.com\/wp-content\/uploads\/Collier-sautoir-en-bois-de-Bouleau-Madre-sculpte-Picasso.jpg 1333w\" sizes=\"auto, (max-width: 300px) 100vw, 300px\"><\/div>\n\t\t\t\t\t<div class=\"wc-block-grid__product-title\">Collar \u00e9tnico largo de madera de abedul Madr\u00e9 tallada y Picasso - Joya \u00fanica hecha a mano<\/div>\n\t\t\t\t<\/a>\n\t\t\t\t<div class=\"wc-block-grid__product-price price\"><span class=\"woocommerce-Price-amount amount\">140,00\u00a0<span class=\"woocommerce-Price-currencySymbol\">\u20ac<\/span><\/span><\/div>\n\t\t\t\t\n\t\t\t\t<div class=\"wp-block-button wc-block-grid__product-add-to-cart\"><a href=\"\/es\/wp-json\/wp\/v2\/pages\/59?add-to-cart=6140\" aria-label=\"A\u00f1adir al carrito: \u201cSautoir ethnique en bois de Bouleau Madr\u00e9 sculpt\u00e9 &amp; Picasso - Bijou unique fait main\u201d\" data-quantity=\"1\" data-product_id=\"6140\" data-product_sku=\"BV-2490\" data-price=\"140\" rel=\"nofollow\" class=\"wp-block-button__link  add_to_cart_button ajax_add_to_cart\" data-no-translation=\"\" data-trp-gettext=\"\" data-no-translation-aria-label=\"\">A\u00f1adir a la cesta<\/a><\/div><div class=\"tinv-wraper woocommerce tinv-wishlist tinvwl-after-add-to-cart tinvwl-loop-button-wrapper tinvwl-woocommerce_blocks_product_grid_item_html\" data-tinvwl_product_id=\"6140\">\r\n\t<a role=\"button\" tabindex=\"0\" name=\"ajouter-aux-favoris\" aria-label=\"A\u00f1adir a favoritos\" class=\"tinvwl_add_to_wishlist_button tinvwl-icon-heart no-txt  tinvwl-position-after tinvwl-loop\" data-tinv-wl-list=\"[]\" data-tinv-wl-product=\"6140\" data-tinv-wl-productvariation=\"0\" data-tinv-wl-productvariations=\"[]\" data-tinv-wl-producttype=\"simple\" data-tinv-wl-action=\"add\"><\/a>\t\t<div class=\"tinvwl-tooltip\">A\u00f1adir a favoritos<\/div>\r\n<\/div>\n\t\t\t<\/li><li class=\"wc-block-grid__product\">\n\t\t\t\t<a href=\"https:\/\/valwicz.com\/es\/creation\/sautoir-boheme-en-bois\/\" class=\"wc-block-grid__product-link\">\n\t\t\t\t\t\n\t\t\t\t\t<div class=\"wc-block-grid__product-image\"><img loading=\"lazy\" decoding=\"async\" width=\"300\" height=\"450\" src=\"https:\/\/valwicz.com\/wp-content\/uploads\/Collier-sautoir-en-bois-exotique-et-pierre-dObsidienne-1-300x450.jpg\" class=\"attachment-woocommerce_thumbnail size-woocommerce_thumbnail\" alt=\"Collar largo de madera ex\u00f3tica y piedra de obsidiana, con un disco naranja oscuro con rayas negras como colgante, una peque\u00f1a pieza de madera abovedada naranja oscuro, una serie de perlas y una piedra tallada en forma de gota de color verde caqui. Cord\u00f3n de cuero marr\u00f3n oscuro unido al colgante con dos piezas de madera tallada en forma de aceituna.\" srcset=\"https:\/\/valwicz.com\/wp-content\/uploads\/Collier-sautoir-en-bois-exotique-et-pierre-dObsidienne-1-300x450.jpg 300w, https:\/\/valwicz.com\/wp-content\/uploads\/Collier-sautoir-en-bois-exotique-et-pierre-dObsidienne-1-768x1152.jpg 768w, https:\/\/valwicz.com\/wp-content\/uploads\/Collier-sautoir-en-bois-exotique-et-pierre-dObsidienne-1-1024x1536.jpg 1024w, https:\/\/valwicz.com\/wp-content\/uploads\/Collier-sautoir-en-bois-exotique-et-pierre-dObsidienne-1-8x12.jpg 8w, https:\/\/valwicz.com\/wp-content\/uploads\/Collier-sautoir-en-bois-exotique-et-pierre-dObsidienne-1-200x300.jpg 200w, https:\/\/valwicz.com\/wp-content\/uploads\/Collier-sautoir-en-bois-exotique-et-pierre-dObsidienne-1-900x1350.jpg 900w, https:\/\/valwicz.com\/wp-content\/uploads\/Collier-sautoir-en-bois-exotique-et-pierre-dObsidienne-1.jpg 1300w\" sizes=\"auto, (max-width: 300px) 100vw, 300px\"><\/div>\n\t\t\t\t\t<div class=\"wc-block-grid__product-title\">Collar en madera ex\u00f3tica y piedra de obsidiana \u2013 Pieza de joyer\u00eda \u00fanica hecha a mano<\/div>\n\t\t\t\t<\/a>\n\t\t\t\t<div class=\"wc-block-grid__product-price price\"><span class=\"woocommerce-Price-amount amount\">140,00\u00a0<span class=\"woocommerce-Price-currencySymbol\">\u20ac<\/span><\/span><\/div>\n\t\t\t\t\n\t\t\t\t<div class=\"wp-block-button wc-block-grid__product-add-to-cart\"><a href=\"\/es\/wp-json\/wp\/v2\/pages\/59?add-to-cart=6139\" aria-label=\"A\u00f1adir al carrito: \u201cSautoir en bois exotique et pierre d&#039;Obsidienne - Bijou unique fait main\u201d\" data-quantity=\"1\" data-product_id=\"6139\" data-product_sku=\"BV-2480\" data-price=\"140\" rel=\"nofollow\" class=\"wp-block-button__link  add_to_cart_button ajax_add_to_cart\" data-no-translation=\"\" data-trp-gettext=\"\" data-no-translation-aria-label=\"\">A\u00f1adir a la cesta<\/a><\/div><div class=\"tinv-wraper woocommerce tinv-wishlist tinvwl-after-add-to-cart tinvwl-loop-button-wrapper tinvwl-woocommerce_blocks_product_grid_item_html\" data-tinvwl_product_id=\"6139\">\r\n\t<a role=\"button\" tabindex=\"0\" name=\"ajouter-aux-favoris\" aria-label=\"A\u00f1adir a favoritos\" class=\"tinvwl_add_to_wishlist_button tinvwl-icon-heart no-txt  tinvwl-position-after tinvwl-loop\" data-tinv-wl-list=\"[]\" data-tinv-wl-product=\"6139\" data-tinv-wl-productvariation=\"0\" data-tinv-wl-productvariations=\"[]\" data-tinv-wl-producttype=\"simple\" data-tinv-wl-action=\"add\"><\/a>\t\t<div class=\"tinvwl-tooltip\">A\u00f1adir a favoritos<\/div>\r\n<\/div>\n\t\t\t<\/li><li class=\"wc-block-grid__product\">\n\t\t\t\t<a href=\"https:\/\/valwicz.com\/es\/creation\/collier-noir-et-orange\/\" class=\"wc-block-grid__product-link\">\n\t\t\t\t\t\n\t\t\t\t\t<div class=\"wc-block-grid__product-image\"><img loading=\"lazy\" decoding=\"async\" width=\"300\" height=\"450\" src=\"https:\/\/valwicz.com\/wp-content\/uploads\/Choker-design-en-bois-exotiques-Jaspe-rouge-2-3-300x450.jpg\" class=\"attachment-woocommerce_thumbnail size-woocommerce_thumbnail\" alt=\"Dise\u00f1o de gargantilla en maderas ex\u00f3ticas y jaspe rojo, con un colgante en forma de zarcillo de madera de \u00e9bano negro, sujeto por un c\u00edrculo de peque\u00f1as perlas de pirita de color bronce dorado brillante, unido a una pieza curvada oscilante de madera de olivo amaderada de color crema oscuro, y un cord\u00f3n de perlas de color rojo ladrillo salpicado por dos perlas de pirita que va desde ambos lados de la pieza hasta el cierre de puzzle magn\u00e9tico de forma triangular, con un colgante de perla negra como cierre\" srcset=\"https:\/\/valwicz.com\/wp-content\/uploads\/Choker-design-en-bois-exotiques-Jaspe-rouge-2-3-300x450.jpg 300w, https:\/\/valwicz.com\/wp-content\/uploads\/Choker-design-en-bois-exotiques-Jaspe-rouge-2-3-768x1151.jpg 768w, https:\/\/valwicz.com\/wp-content\/uploads\/Choker-design-en-bois-exotiques-Jaspe-rouge-2-3-1025x1536.jpg 1025w, https:\/\/valwicz.com\/wp-content\/uploads\/Choker-design-en-bois-exotiques-Jaspe-rouge-2-3-8x12.jpg 8w, https:\/\/valwicz.com\/wp-content\/uploads\/Choker-design-en-bois-exotiques-Jaspe-rouge-2-3-200x300.jpg 200w, https:\/\/valwicz.com\/wp-content\/uploads\/Choker-design-en-bois-exotiques-Jaspe-rouge-2-3-900x1349.jpg 900w, https:\/\/valwicz.com\/wp-content\/uploads\/Choker-design-en-bois-exotiques-Jaspe-rouge-2-3.jpg 1334w\" sizes=\"auto, (max-width: 300px) 100vw, 300px\"><\/div>\n\t\t\t\t\t<div class=\"wc-block-grid__product-title\">Gargantilla de madera ex\u00f3tica y jaspe rojo - joya \u00fanica hecha a mano<\/div>\n\t\t\t\t<\/a>\n\t\t\t\t<div class=\"wc-block-grid__product-price price\"><span class=\"woocommerce-Price-amount amount\">235,00\u00a0<span class=\"woocommerce-Price-currencySymbol\">\u20ac<\/span><\/span><\/div>\n\t\t\t\t\n\t\t\t\t<div class=\"wp-block-button wc-block-grid__product-add-to-cart\"><a href=\"\/es\/wp-json\/wp\/v2\/pages\/59?add-to-cart=6113\" aria-label=\"A\u00f1adir al carrito: \u201cChoker design en bois exotiques &amp; Jaspe rouge - Bijou unique fait main\u201d\" data-quantity=\"1\" data-product_id=\"6113\" data-product_sku=\"BV-2450\" data-price=\"235\" rel=\"nofollow\" class=\"wp-block-button__link  add_to_cart_button ajax_add_to_cart\" data-no-translation=\"\" data-trp-gettext=\"\" data-no-translation-aria-label=\"\">A\u00f1adir a la cesta<\/a><\/div><div class=\"tinv-wraper woocommerce tinv-wishlist tinvwl-after-add-to-cart tinvwl-loop-button-wrapper tinvwl-woocommerce_blocks_product_grid_item_html\" data-tinvwl_product_id=\"6113\">\r\n\t<a role=\"button\" tabindex=\"0\" name=\"ajouter-aux-favoris\" aria-label=\"A\u00f1adir a favoritos\" class=\"tinvwl_add_to_wishlist_button tinvwl-icon-heart no-txt  tinvwl-position-after tinvwl-loop\" data-tinv-wl-list=\"[]\" data-tinv-wl-product=\"6113\" data-tinv-wl-productvariation=\"0\" data-tinv-wl-productvariations=\"[]\" data-tinv-wl-producttype=\"simple\" data-tinv-wl-action=\"add\"><\/a>\t\t<div class=\"tinvwl-tooltip\">A\u00f1adir a favoritos<\/div>\r\n<\/div>\n\t\t\t<\/li><li class=\"wc-block-grid__product\">\n\t\t\t\t<a href=\"https:\/\/valwicz.com\/es\/creation\/sautoir-totem-magnetique\/\" class=\"wc-block-grid__product-link\">\n\t\t\t\t\t\n\t\t\t\t\t<div class=\"wc-block-grid__product-image\"><img loading=\"lazy\" decoding=\"async\" width=\"300\" height=\"450\" src=\"https:\/\/valwicz.com\/wp-content\/uploads\/Sautoir-magnetique-en-Ziricote-Jaspe-dalmatien-1-300x450.jpg\" class=\"attachment-woocommerce_thumbnail size-woocommerce_thumbnail\" alt=\"Collar largo magn\u00e9tico de ziricote y jaspe d\u00e1lmata, con un colgante en forma de disco de cebra gris negra, una peque\u00f1a pieza de madera abovedada marr\u00f3n oscura, una serie de perlas y una piedra tallada en forma de gota blanca moteada de negro. Cord\u00f3n de cuero naranja dorado unido al colgante con dos piezas de madera tallada en forma de aceituna.\" srcset=\"https:\/\/valwicz.com\/wp-content\/uploads\/Sautoir-magnetique-en-Ziricote-Jaspe-dalmatien-1-300x450.jpg 300w, https:\/\/valwicz.com\/wp-content\/uploads\/Sautoir-magnetique-en-Ziricote-Jaspe-dalmatien-1-768x1152.jpg 768w, https:\/\/valwicz.com\/wp-content\/uploads\/Sautoir-magnetique-en-Ziricote-Jaspe-dalmatien-1-1024x1536.jpg 1024w, https:\/\/valwicz.com\/wp-content\/uploads\/Sautoir-magnetique-en-Ziricote-Jaspe-dalmatien-1-8x12.jpg 8w, https:\/\/valwicz.com\/wp-content\/uploads\/Sautoir-magnetique-en-Ziricote-Jaspe-dalmatien-1-200x300.jpg 200w, https:\/\/valwicz.com\/wp-content\/uploads\/Sautoir-magnetique-en-Ziricote-Jaspe-dalmatien-1-900x1350.jpg 900w, https:\/\/valwicz.com\/wp-content\/uploads\/Sautoir-magnetique-en-Ziricote-Jaspe-dalmatien-1.jpg 1333w\" sizes=\"auto, (max-width: 300px) 100vw, 300px\"><\/div>\n\t\t\t\t\t<div class=\"wc-block-grid__product-title\">Collar largo magn\u00e9tico de ziricota y jaspe d\u00e1lmata - joya \u00fanica hecha a mano<\/div>\n\t\t\t\t<\/a>\n\t\t\t\t<div class=\"wc-block-grid__product-price price\"><span class=\"woocommerce-Price-amount amount\">140,00\u00a0<span class=\"woocommerce-Price-currencySymbol\">\u20ac<\/span><\/span><\/div>\n\t\t\t\t\n\t\t\t\t<div class=\"wp-block-button wc-block-grid__product-add-to-cart\"><a href=\"\/es\/wp-json\/wp\/v2\/pages\/59?add-to-cart=6141\" aria-label=\"A\u00f1adir al carrito: \u201cSautoir magn\u00e9tique en Ziricote &amp; Jaspe dalmatien - Bijou unique fait main\u201d\" data-quantity=\"1\" data-product_id=\"6141\" data-product_sku=\"BV-2505\" data-price=\"140\" rel=\"nofollow\" class=\"wp-block-button__link  add_to_cart_button ajax_add_to_cart\" data-no-translation=\"\" data-trp-gettext=\"\" data-no-translation-aria-label=\"\">A\u00f1adir a la cesta<\/a><\/div><div class=\"tinv-wraper woocommerce tinv-wishlist tinvwl-after-add-to-cart tinvwl-loop-button-wrapper tinvwl-woocommerce_blocks_product_grid_item_html\" data-tinvwl_product_id=\"6141\">\r\n\t<a role=\"button\" tabindex=\"0\" name=\"ajouter-aux-favoris\" aria-label=\"A\u00f1adir a favoritos\" class=\"tinvwl_add_to_wishlist_button tinvwl-icon-heart no-txt  tinvwl-position-after tinvwl-loop\" data-tinv-wl-list=\"[]\" data-tinv-wl-product=\"6141\" data-tinv-wl-productvariation=\"0\" data-tinv-wl-productvariations=\"[]\" data-tinv-wl-producttype=\"simple\" data-tinv-wl-action=\"add\"><\/a>\t\t<div class=\"tinvwl-tooltip\">A\u00f1adir a favoritos<\/div>\r\n<\/div>\n\t\t\t<\/li><\/ul><\/div><\/div>\n<\/div>","protected":false},"excerpt":{"rendered":"","protected":false},"author":4,"featured_media":0,"parent":0,"menu_order":0,"comment_status":"closed","ping_status":"closed","template":"","meta":{"sfsi_plus_gutenberg_text_before_share":"","sfsi_plus_gutenberg_show_text_before_share":"","sfsi_plus_gutenberg_icon_type":"","sfsi_plus_gutenberg_icon_alignemt":"","sfsi_plus_gutenburg_max_per_row":"","footnotes":""},"categories":[1395],"tags":[],"class_list":["post-59","page","type-page","status-publish","hentry","category-woocommerce"],"yoast_head":"<!-- This site is optimized with the Yoast SEO plugin v27.4 - https:\/\/yoast.com\/product\/yoast-seo-wordpress\/ -->\n<title>Panier - Valwicz<\/title>\n<meta name=\"robots\" content=\"noindex, follow\" \/>\n<meta property=\"og:locale\" content=\"es_ES\" \/>\n<meta property=\"og:type\" content=\"article\" \/>\n<meta property=\"og:title\" content=\"Panier - Valwicz\" \/>\n<meta property=\"og:url\" content=\"https:\/\/valwicz.com\/es\/cesta\/\" \/>\n<meta property=\"og:site_name\" content=\"Valwicz\" \/>\n<meta property=\"article:modified_time\" content=\"2025-11-30T11:38:18+00:00\" \/>\n<meta name=\"twitter:card\" content=\"summary_large_image\" \/>\n<meta name=\"twitter:site\" content=\"@Valwicz_\" \/>\n<script type=\"application\/ld+json\" class=\"yoast-schema-graph\">{\"@context\":\"https:\\\/\\\/schema.org\",\"@graph\":[{\"@type\":\"WebPage\",\"@id\":\"https:\\\/\\\/valwicz.com\\\/panier\\\/\",\"url\":\"https:\\\/\\\/valwicz.com\\\/panier\\\/\",\"name\":\"Panier - Valwicz\",\"isPartOf\":{\"@id\":\"https:\\\/\\\/valwicz.com\\\/#website\"},\"datePublished\":\"2024-10-01T12:10:10+00:00\",\"dateModified\":\"2025-11-30T11:38:18+00:00\",\"breadcrumb\":{\"@id\":\"https:\\\/\\\/valwicz.com\\\/panier\\\/#breadcrumb\"},\"inLanguage\":\"es\",\"potentialAction\":[{\"@type\":\"ReadAction\",\"target\":[\"https:\\\/\\\/valwicz.com\\\/panier\\\/\"]}]},{\"@type\":\"BreadcrumbList\",\"@id\":\"https:\\\/\\\/valwicz.com\\\/panier\\\/#breadcrumb\",\"itemListElement\":[{\"@type\":\"ListItem\",\"position\":1,\"name\":\"Accueil\",\"item\":\"https:\\\/\\\/valwicz.com\\\/\"},{\"@type\":\"ListItem\",\"position\":2,\"name\":\"Panier\"}]},{\"@type\":\"WebSite\",\"@id\":\"https:\\\/\\\/valwicz.com\\\/#website\",\"url\":\"https:\\\/\\\/valwicz.com\\\/\",\"name\":\"Valwicz\",\"description\":\"Audace | El\u00e9gance | D\u00e9sinvolture\",\"publisher\":{\"@id\":\"https:\\\/\\\/valwicz.com\\\/#organization\"},\"potentialAction\":[{\"@type\":\"SearchAction\",\"target\":{\"@type\":\"EntryPoint\",\"urlTemplate\":\"https:\\\/\\\/valwicz.com\\\/?s={search_term_string}\"},\"query-input\":{\"@type\":\"PropertyValueSpecification\",\"valueRequired\":true,\"valueName\":\"search_term_string\"}}],\"inLanguage\":\"es\"},{\"@type\":\"Organization\",\"@id\":\"https:\\\/\\\/valwicz.com\\\/#organization\",\"name\":\"Valwicz\",\"url\":\"https:\\\/\\\/valwicz.com\\\/\",\"logo\":{\"@type\":\"ImageObject\",\"inLanguage\":\"es\",\"@id\":\"https:\\\/\\\/valwicz.com\\\/#\\\/schema\\\/logo\\\/image\\\/\",\"url\":\"https:\\\/\\\/valwicz.com\\\/wp-content\\\/uploads\\\/2024\\\/10\\\/cropped-logo-Valwicz.jpg\",\"contentUrl\":\"https:\\\/\\\/valwicz.com\\\/wp-content\\\/uploads\\\/2024\\\/10\\\/cropped-logo-Valwicz.jpg\",\"width\":500,\"height\":234,\"caption\":\"Valwicz\"},\"image\":{\"@id\":\"https:\\\/\\\/valwicz.com\\\/#\\\/schema\\\/logo\\\/image\\\/\"},\"sameAs\":[\"https:\\\/\\\/x.com\\\/Valwicz_\",\"https:\\\/\\\/www.instagram.com\\\/_valwicz\\\/\",\"https:\\\/\\\/fr.pinterest.com\\\/Valwicz\\\/\",\"https:\\\/\\\/www.tiktok.com\\\/@_valwicz\"]}]}<\/script>\n<!-- \/ Yoast SEO plugin. -->","yoast_head_json":{"title":"Cesta - Valwicz","robots":{"index":"noindex","follow":"follow"},"og_locale":"es_ES","og_type":"article","og_title":"Panier - Valwicz","og_url":"https:\/\/valwicz.com\/es\/cesta\/","og_site_name":"Valwicz","article_modified_time":"2025-11-30T11:38:18+00:00","twitter_card":"summary_large_image","twitter_site":"@Valwicz_","schema":{"@context":"https:\/\/schema.org","@graph":[{"@type":"WebPage","@id":"https:\/\/valwicz.com\/panier\/","url":"https:\/\/valwicz.com\/panier\/","name":"Cesta - Valwicz","isPartOf":{"@id":"https:\/\/valwicz.com\/#website"},"datePublished":"2024-10-01T12:10:10+00:00","dateModified":"2025-11-30T11:38:18+00:00","breadcrumb":{"@id":"https:\/\/valwicz.com\/panier\/#breadcrumb"},"inLanguage":"es","potentialAction":[{"@type":"ReadAction","target":["https:\/\/valwicz.com\/panier\/"]}]},{"@type":"BreadcrumbList","@id":"https:\/\/valwicz.com\/panier\/#breadcrumb","itemListElement":[{"@type":"ListItem","position":1,"name":"Accueil","item":"https:\/\/valwicz.com\/"},{"@type":"ListItem","position":2,"name":"Panier"}]},{"@type":"WebSite","@id":"https:\/\/valwicz.com\/#website","url":"https:\/\/valwicz.com\/","name":"Valwicz","description":"Audacia | Elegancia | Flippancy","publisher":{"@id":"https:\/\/valwicz.com\/#organization"},"potentialAction":[{"@type":"SearchAction","target":{"@type":"EntryPoint","urlTemplate":"https:\/\/valwicz.com\/?s={search_term_string}"},"query-input":{"@type":"PropertyValueSpecification","valueRequired":true,"valueName":"search_term_string"}}],"inLanguage":"es"},{"@type":"Organization","@id":"https:\/\/valwicz.com\/#organization","name":"Valwicz","url":"https:\/\/valwicz.com\/","logo":{"@type":"ImageObject","inLanguage":"es","@id":"https:\/\/valwicz.com\/#\/schema\/logo\/image\/","url":"https:\/\/valwicz.com\/wp-content\/uploads\/2024\/10\/cropped-logo-Valwicz.jpg","contentUrl":"https:\/\/valwicz.com\/wp-content\/uploads\/2024\/10\/cropped-logo-Valwicz.jpg","width":500,"height":234,"caption":"Valwicz"},"image":{"@id":"https:\/\/valwicz.com\/#\/schema\/logo\/image\/"},"sameAs":["https:\/\/x.com\/Valwicz_","https:\/\/www.instagram.com\/_valwicz\/","https:\/\/fr.pinterest.com\/Valwicz\/","https:\/\/www.tiktok.com\/@_valwicz"]}]}},"_links":{"self":[{"href":"https:\/\/valwicz.com\/es\/wp-json\/wp\/v2\/pages\/59","targetHints":{"allow":["GET"]}}],"collection":[{"href":"https:\/\/valwicz.com\/es\/wp-json\/wp\/v2\/pages"}],"about":[{"href":"https:\/\/valwicz.com\/es\/wp-json\/wp\/v2\/types\/page"}],"author":[{"embeddable":true,"href":"https:\/\/valwicz.com\/es\/wp-json\/wp\/v2\/users\/4"}],"replies":[{"embeddable":true,"href":"https:\/\/valwicz.com\/es\/wp-json\/wp\/v2\/comments?post=59"}],"version-history":[{"count":1,"href":"https:\/\/valwicz.com\/es\/wp-json\/wp\/v2\/pages\/59\/revisions"}],"predecessor-version":[{"id":4139,"href":"https:\/\/valwicz.com\/es\/wp-json\/wp\/v2\/pages\/59\/revisions\/4139"}],"wp:attachment":[{"href":"https:\/\/valwicz.com\/es\/wp-json\/wp\/v2\/media?parent=59"}],"wp:term":[{"taxonomy":"category","embeddable":true,"href":"https:\/\/valwicz.com\/es\/wp-json\/wp\/v2\/categories?post=59"},{"taxonomy":"post_tag","embeddable":true,"href":"https:\/\/valwicz.com\/es\/wp-json\/wp\/v2\/tags?post=59"}],"curies":[{"name":"wp","href":"https:\/\/api.w.org\/{rel}","templated":true}]}}