{"id":4245,"date":"2025-03-10T15:48:39","date_gmt":"2025-03-10T14:48:39","guid":{"rendered":"https:\/\/valwicz.com\/?page_id=4245"},"modified":"2025-11-30T12:39:23","modified_gmt":"2025-11-30T11:39:23","slug":"tableau-des-destinations","status":"publish","type":"page","link":"https:\/\/valwicz.com\/es\/tableau-des-destinations\/","title":{"rendered":"tableau des destinations"},"content":{"rendered":"<p>Voici la liste compl\u00e8te des Pays que nous couvrons (Si vous ne trouvez pas le v\u00f4tre, <a href=\"https:\/\/valwicz.com\/es\/contacto\/\">contactez-nous!<\/a>):<\/p>\n\n\n\n<figure class=\"wp-block-table\"><table class=\"has-fixed-layout\"><tbody><tr><td>Zonas<\/td><td>Pa\u00eds<\/td><td>Transportador<\/td><td>El tiempo de entrega<\/td><td>Co\u00fbt*<\/td><\/tr><tr><td>Francia metropolitana<\/td><td>Francia, M\u00f3naco, Andorra<\/td><td>Colissimo<\/td><td>De 2 a 7 d\u00edas h\u00e1biles<\/td><td>5,25\u20ac<\/td><\/tr><tr><td rowspan=\"2\">Europe (UE)<\/td><td rowspan=\"2\">Belgique, Allemagne, Luxembourg, Pays-Bas, Autriche, R\u00e9publique Tch\u00e8que, Danemark, Finlande, Italie, Gr\u00e8ce, Hongrie, Irlande, Pologne, Portugal, Roumanie, Russie, Slovaquie, Espagne, Su\u00e8de, Suisse,<br>Turquie<\/td><td>Delivengo<\/td><td>De 3 a 8 d\u00edas h\u00e1biles<\/td><td>8,30\u20ac<\/td><\/tr><tr><td>Colissimo<\/td><td>De 3 a 8 d\u00edas h\u00e1biles<\/td><td>14,85\u20ac<\/td><\/tr><tr><td rowspan=\"2\">Europa (Reino Unido)<\/td><td rowspan=\"2\">Reino Unido (RU)<\/td><td>Delivengo<\/td><td>De 3 a 18 d\u00edas h\u00e1biles<\/td><td>8,30\u20ac<\/td><\/tr><tr><td>Colissimo<\/td><td>De 3 a 8 d\u00edas h\u00e1biles<\/td><td>17,85\u20ac<\/td><\/tr><tr><td rowspan=\"2\">Europa (fuera de la UE)<\/td><td rowspan=\"2\">Norv\u00e8ge, Bi\u00e9lorussie, Russie, Serbie, Ukraine, Alg\u00e9rie, Libye, Sahara occidental, Mauritanie, Albanie, Bosnie-Herz\u00e9govine, Guernesey, Gibraltar, Irlande, Islande, Jersey, Liechtenstein, Luxembourg, Mac\u00e9doine du Nord, Moldavie<\/td><td>Delivengo<\/td><td>De 3 a 18 d\u00edas h\u00e1biles<\/td><td>15,30\u20ac<\/td><\/tr><tr><td>Colissimo<\/td><td>3 \u00e0 15 jours ouvr\u00e9s<\/td><td>22,70\u20ac<\/td><\/tr><tr><td>Overseas1<\/td><td>San Bartolom\u00e9, Guayana Francesa, Guadalupe, Martinica, San Pedro y Miquel\u00f3n, Reuni\u00f3n, Mayotte<\/td><td>Colissimo<\/td><td>De 5 a 22 d\u00edas h\u00e1biles<\/td><td>12,65\u20ac<\/td><\/tr><tr><td>Ultramar 2<\/td><td>Nueva Caledonia, Polinesia Francesa, Territorios Australes Franceses, Wallis y Futuna<\/td><td>Colissimo<\/td><td>De 5 a 22 d\u00edas h\u00e1biles<\/td><td>12,85\u20ac<\/td><\/tr><tr><td rowspan=\"2\">\u00c1frica<\/td><td rowspan=\"2\">Angola, Camer\u00fan, Costa de Marfil, Egipto, Etiop\u00eda, Ghana, Kenia, Madagascar, Mauricio, Mozambique, Nigeria, Senegal, Sud\u00e1frica, Tanzania, Zambia, Zimbabue<\/td><td>Delivengo<\/td><td>De 7 a 13 d\u00edas h\u00e1biles<\/td><td>15,30\u20ac<\/td><\/tr><tr><td>Colissimo<\/td><td>3 \u00e0 11 jours ouvr\u00e9s<\/td><td>33,50\u20ac<\/td><\/tr><tr><td rowspan=\"2\">Asia<\/td><td rowspan=\"2\">Chine, Hong Kong, Inde, Japon, Cor\u00e9e du Sud, Thailande, Taiwan, Vietnam, Bahrain, Bangladesh, Cambodge, \u00c9mirats Arabes Unis, Indon\u00e9sie, Iran, Iraq, Isra\u00ebl, Jordanie, Kazakhstan, Kowe\u00eft, Laos, Liban, Malaisie, Mongolie, N\u00e9pal, Arabie Saoudite, Oman, Pakistan, Philippines, Singapour, Qatar, Sri Lanka, Syrie, Uzbekistan<\/td><td>Delivengo<\/td><td>De 7 a 13 d\u00edas h\u00e1biles<\/td><td>15,30\u20ac<\/td><\/tr><tr><td>Colissimo<\/td><td>3 \u00e0 10 jours ouvr\u00e9s<\/td><td>33,50\u20ac<\/td><\/tr><tr><td rowspan=\"2\">Am\u00e9rica del norte<\/td><td rowspan=\"2\">Belice, Canad\u00e1, Costa Rica, Cuba, Dominica, Estados Unidos (EE.UU.), Guatemala, Jamaica, M\u00e9xico, Nicaragua, Panam\u00e1, Puerto Rico, Rep\u00fablica Dominicana, El Salvador<\/td><td>Delivengo<\/td><td>De 7 a 13 d\u00edas h\u00e1biles<\/td><td>15,30\u20ac<\/td><\/tr><tr><td>Colissimo<\/td><td>5 \u00e0 12 jours ouvr\u00e9s<\/td><td>33,50\u20ac<\/td><\/tr><tr><td rowspan=\"2\">Sudamerica<\/td><td rowspan=\"2\">Argentine, Bolivie, Br\u00e9sil, Chili, Colombie, \u00c9quateur, Paraguay, P\u00e9rou, Uruguay, Venezuela<\/td><td>Delivengo<\/td><td>De 7 a 13 d\u00edas h\u00e1biles<\/td><td>15,30\u20ac<\/td><\/tr><tr><td>Colissimo<\/td><td>5 \u00e0 12 jours ouvr\u00e9s<\/td><td>33,50\u20ac<\/td><\/tr><tr><td rowspan=\"2\">Ocean\u00eda<\/td><td rowspan=\"2\">Australia, Nueva Zelanda, Nueva Caledonia, Polinesia Francesa<\/td><td>Delivengo<\/td><td>De 7 a 13 d\u00edas h\u00e1biles<\/td><td>15,30\u20ac<\/td><\/tr><tr><td>Colissimo<\/td><td>De 5 a 13 d\u00edas h\u00e1biles<\/td><td>33,50\u20ac<\/td><\/tr><\/tbody><\/table><\/figure>\n\n\n\n<p>* Nos bijoux voyagent avec soin, mais les tarifs de livraison peuvent changer selon le transporteur, son \u00e9volution tarifaire, et les conditions du moment \u2014 nous faisons toujours au mieux pour vous garantir un envoi juste et s\u00e9curis\u00e9.<\/p>","protected":false},"excerpt":{"rendered":"<p>Voici la liste compl\u00e8te des Pays que nous couvrons (Si vous ne trouvez pas le v\u00f4tre, contactez-nous!): Zones Pays Transporteur Temps de livraison Co\u00fbt* France m\u00e9tropolitaine France, Monaco, Andorre Colissimo 2 \u00e0 7 jours ouvr\u00e9s 5,25\u20ac Europe (UE) Belgique, Allemagne, Luxembourg, Pays-Bas, Autriche, R\u00e9publique Tch\u00e8que, Danemark, Finlande, Italie, Gr\u00e8ce, Hongrie, Irlande, Pologne, Portugal, Roumanie, Russie, Slovaquie, Espagne, Su\u00e8de, Suisse,Turquie Delivengo 3 \u00e0 8 jours ouvr\u00e9s 8,30\u20ac Colissimo 3 \u00e0 8 jours ouvr\u00e9s 14,85\u20ac Europe (UK)&#8230;<\/p>","protected":false},"author":4,"featured_media":0,"parent":0,"menu_order":0,"comment_status":"closed","ping_status":"closed","template":"","meta":{"sfsi_plus_gutenberg_text_before_share":"","sfsi_plus_gutenberg_show_text_before_share":"","sfsi_plus_gutenberg_icon_type":"","sfsi_plus_gutenberg_icon_alignemt":"","sfsi_plus_gutenburg_max_per_row":"","footnotes":""},"categories":[1312],"tags":[],"class_list":["post-4245","page","type-page","status-publish","hentry","category-francais"],"yoast_head":"<!-- This site is optimized with the Yoast SEO plugin v27.5 - https:\/\/yoast.com\/product\/yoast-seo-wordpress\/ -->\n<title>tableau des destinations - Valwicz<\/title>\n<meta name=\"robots\" content=\"noindex, follow\" \/>\n<meta property=\"og:locale\" content=\"es_ES\" \/>\n<meta property=\"og:type\" content=\"article\" \/>\n<meta property=\"og:title\" content=\"tableau des destinations - Valwicz\" \/>\n<meta property=\"og:description\" content=\"Voici la liste compl\u00e8te des Pays que nous couvrons (Si vous ne trouvez pas le v\u00f4tre, contactez-nous!): Zones Pays Transporteur Temps de livraison Co\u00fbt* France m\u00e9tropolitaine France, Monaco, Andorre Colissimo 2 \u00e0 7 jours ouvr\u00e9s 5,25\u20ac Europe (UE) Belgique, Allemagne, Luxembourg, Pays-Bas, Autriche, R\u00e9publique Tch\u00e8que, Danemark, Finlande, Italie, Gr\u00e8ce, Hongrie, Irlande, Pologne, Portugal, Roumanie, Russie, Slovaquie, Espagne, Su\u00e8de, Suisse,Turquie Delivengo 3 \u00e0 8 jours ouvr\u00e9s 8,30\u20ac Colissimo 3 \u00e0 8 jours ouvr\u00e9s 14,85\u20ac Europe (UK)...\" \/>\n<meta property=\"og:url\" content=\"https:\/\/valwicz.com\/es\/tableau-des-destinations\/\" \/>\n<meta property=\"og:site_name\" content=\"Valwicz\" \/>\n<meta property=\"article:modified_time\" content=\"2025-11-30T11:39:23+00:00\" \/>\n<meta name=\"twitter:card\" content=\"summary_large_image\" \/>\n<meta name=\"twitter:site\" content=\"@Valwicz_\" \/>\n<script type=\"application\/ld+json\" class=\"yoast-schema-graph\">{\"@context\":\"https:\\\/\\\/schema.org\",\"@graph\":[{\"@type\":\"WebPage\",\"@id\":\"https:\\\/\\\/valwicz.com\\\/tableau-des-destinations\\\/\",\"url\":\"https:\\\/\\\/valwicz.com\\\/tableau-des-destinations\\\/\",\"name\":\"tableau des destinations - Valwicz\",\"isPartOf\":{\"@id\":\"https:\\\/\\\/valwicz.com\\\/#website\"},\"datePublished\":\"2025-03-10T14:48:39+00:00\",\"dateModified\":\"2025-11-30T11:39:23+00:00\",\"breadcrumb\":{\"@id\":\"https:\\\/\\\/valwicz.com\\\/tableau-des-destinations\\\/#breadcrumb\"},\"inLanguage\":\"es\",\"potentialAction\":[{\"@type\":\"ReadAction\",\"target\":[\"https:\\\/\\\/valwicz.com\\\/tableau-des-destinations\\\/\"]}]},{\"@type\":\"BreadcrumbList\",\"@id\":\"https:\\\/\\\/valwicz.com\\\/tableau-des-destinations\\\/#breadcrumb\",\"itemListElement\":[{\"@type\":\"ListItem\",\"position\":1,\"name\":\"Accueil\",\"item\":\"https:\\\/\\\/valwicz.com\\\/\"},{\"@type\":\"ListItem\",\"position\":2,\"name\":\"tableau des destinations\"}]},{\"@type\":\"WebSite\",\"@id\":\"https:\\\/\\\/valwicz.com\\\/#website\",\"url\":\"https:\\\/\\\/valwicz.com\\\/\",\"name\":\"Valwicz\",\"description\":\"Audace | El\u00e9gance | D\u00e9sinvolture\",\"publisher\":{\"@id\":\"https:\\\/\\\/valwicz.com\\\/#organization\"},\"potentialAction\":[{\"@type\":\"SearchAction\",\"target\":{\"@type\":\"EntryPoint\",\"urlTemplate\":\"https:\\\/\\\/valwicz.com\\\/?s={search_term_string}\"},\"query-input\":{\"@type\":\"PropertyValueSpecification\",\"valueRequired\":true,\"valueName\":\"search_term_string\"}}],\"inLanguage\":\"es\"},{\"@type\":\"Organization\",\"@id\":\"https:\\\/\\\/valwicz.com\\\/#organization\",\"name\":\"Valwicz\",\"url\":\"https:\\\/\\\/valwicz.com\\\/\",\"logo\":{\"@type\":\"ImageObject\",\"inLanguage\":\"es\",\"@id\":\"https:\\\/\\\/valwicz.com\\\/#\\\/schema\\\/logo\\\/image\\\/\",\"url\":\"https:\\\/\\\/valwicz.com\\\/wp-content\\\/uploads\\\/2024\\\/10\\\/cropped-logo-Valwicz.jpg\",\"contentUrl\":\"https:\\\/\\\/valwicz.com\\\/wp-content\\\/uploads\\\/2024\\\/10\\\/cropped-logo-Valwicz.jpg\",\"width\":500,\"height\":234,\"caption\":\"Valwicz\"},\"image\":{\"@id\":\"https:\\\/\\\/valwicz.com\\\/#\\\/schema\\\/logo\\\/image\\\/\"},\"sameAs\":[\"https:\\\/\\\/x.com\\\/Valwicz_\",\"https:\\\/\\\/www.instagram.com\\\/_valwicz\\\/\",\"https:\\\/\\\/fr.pinterest.com\\\/Valwicz\\\/\",\"https:\\\/\\\/www.tiktok.com\\\/@_valwicz\"]}]}<\/script>\n<!-- \/ Yoast SEO plugin. -->","yoast_head_json":{"title":"tableau des destinations - Valwicz","robots":{"index":"noindex","follow":"follow"},"og_locale":"es_ES","og_type":"article","og_title":"tableau des destinations - Valwicz","og_description":"Voici la liste compl\u00e8te des Pays que nous couvrons (Si vous ne trouvez pas le v\u00f4tre, contactez-nous!): Zones Pays Transporteur Temps de livraison Co\u00fbt* France m\u00e9tropolitaine France, Monaco, Andorre Colissimo 2 \u00e0 7 jours ouvr\u00e9s 5,25\u20ac Europe (UE) Belgique, Allemagne, Luxembourg, Pays-Bas, Autriche, R\u00e9publique Tch\u00e8que, Danemark, Finlande, Italie, Gr\u00e8ce, Hongrie, Irlande, Pologne, Portugal, Roumanie, Russie, Slovaquie, Espagne, Su\u00e8de, Suisse,Turquie Delivengo 3 \u00e0 8 jours ouvr\u00e9s 8,30\u20ac Colissimo 3 \u00e0 8 jours ouvr\u00e9s 14,85\u20ac Europe (UK)...","og_url":"https:\/\/valwicz.com\/es\/tableau-des-destinations\/","og_site_name":"Valwicz","article_modified_time":"2025-11-30T11:39:23+00:00","twitter_card":"summary_large_image","twitter_site":"@Valwicz_","schema":{"@context":"https:\/\/schema.org","@graph":[{"@type":"WebPage","@id":"https:\/\/valwicz.com\/tableau-des-destinations\/","url":"https:\/\/valwicz.com\/tableau-des-destinations\/","name":"tableau des destinations - Valwicz","isPartOf":{"@id":"https:\/\/valwicz.com\/#website"},"datePublished":"2025-03-10T14:48:39+00:00","dateModified":"2025-11-30T11:39:23+00:00","breadcrumb":{"@id":"https:\/\/valwicz.com\/tableau-des-destinations\/#breadcrumb"},"inLanguage":"es","potentialAction":[{"@type":"ReadAction","target":["https:\/\/valwicz.com\/tableau-des-destinations\/"]}]},{"@type":"BreadcrumbList","@id":"https:\/\/valwicz.com\/tableau-des-destinations\/#breadcrumb","itemListElement":[{"@type":"ListItem","position":1,"name":"Accueil","item":"https:\/\/valwicz.com\/"},{"@type":"ListItem","position":2,"name":"tableau des destinations"}]},{"@type":"WebSite","@id":"https:\/\/valwicz.com\/#website","url":"https:\/\/valwicz.com\/","name":"Valwicz","description":"Audacia | Elegancia | Flippancy","publisher":{"@id":"https:\/\/valwicz.com\/#organization"},"potentialAction":[{"@type":"SearchAction","target":{"@type":"EntryPoint","urlTemplate":"https:\/\/valwicz.com\/?s={search_term_string}"},"query-input":{"@type":"PropertyValueSpecification","valueRequired":true,"valueName":"search_term_string"}}],"inLanguage":"es"},{"@type":"Organization","@id":"https:\/\/valwicz.com\/#organization","name":"Valwicz","url":"https:\/\/valwicz.com\/","logo":{"@type":"ImageObject","inLanguage":"es","@id":"https:\/\/valwicz.com\/#\/schema\/logo\/image\/","url":"https:\/\/valwicz.com\/wp-content\/uploads\/2024\/10\/cropped-logo-Valwicz.jpg","contentUrl":"https:\/\/valwicz.com\/wp-content\/uploads\/2024\/10\/cropped-logo-Valwicz.jpg","width":500,"height":234,"caption":"Valwicz"},"image":{"@id":"https:\/\/valwicz.com\/#\/schema\/logo\/image\/"},"sameAs":["https:\/\/x.com\/Valwicz_","https:\/\/www.instagram.com\/_valwicz\/","https:\/\/fr.pinterest.com\/Valwicz\/","https:\/\/www.tiktok.com\/@_valwicz"]}]}},"_links":{"self":[{"href":"https:\/\/valwicz.com\/es\/wp-json\/wp\/v2\/pages\/4245","targetHints":{"allow":["GET"]}}],"collection":[{"href":"https:\/\/valwicz.com\/es\/wp-json\/wp\/v2\/pages"}],"about":[{"href":"https:\/\/valwicz.com\/es\/wp-json\/wp\/v2\/types\/page"}],"author":[{"embeddable":true,"href":"https:\/\/valwicz.com\/es\/wp-json\/wp\/v2\/users\/4"}],"replies":[{"embeddable":true,"href":"https:\/\/valwicz.com\/es\/wp-json\/wp\/v2\/comments?post=4245"}],"version-history":[{"count":2,"href":"https:\/\/valwicz.com\/es\/wp-json\/wp\/v2\/pages\/4245\/revisions"}],"predecessor-version":[{"id":5593,"href":"https:\/\/valwicz.com\/es\/wp-json\/wp\/v2\/pages\/4245\/revisions\/5593"}],"wp:attachment":[{"href":"https:\/\/valwicz.com\/es\/wp-json\/wp\/v2\/media?parent=4245"}],"wp:term":[{"taxonomy":"category","embeddable":true,"href":"https:\/\/valwicz.com\/es\/wp-json\/wp\/v2\/categories?post=4245"},{"taxonomy":"post_tag","embeddable":true,"href":"https:\/\/valwicz.com\/es\/wp-json\/wp\/v2\/tags?post=4245"}],"curies":[{"name":"wp","href":"https:\/\/api.w.org\/{rel}","templated":true}]}}