{"id":4237,"date":"2025-03-10T01:13:03","date_gmt":"2025-03-10T00:13:03","guid":{"rendered":"https:\/\/valwicz.com\/?page_id=4237"},"modified":"2025-11-30T12:38:48","modified_gmt":"2025-11-30T11:38:48","slug":"politica-de-entrega","status":"publish","type":"page","link":"https:\/\/valwicz.com\/es\/politique-de-livraison\/","title":{"rendered":"Pol\u00edtica de entregas"},"content":{"rendered":"<h4 class=\"wp-block-heading\"><strong>Pol\u00edtica de env\u00edos \u2013 Valwicz.com<\/strong><\/h4>\n\n\n\n<p>Bienvenido a <a href=\"https:\/\/valwicz.com\/es\/\">Valwicz.com<\/a>, tu tienda online de joyer\u00eda artesanal. Nos esforzamos al m\u00e1ximo para que tus pedidos lleguen r\u00e1pido y en perfectas condiciones. A continuaci\u00f3n encontrar\u00e1s los detalles de nuestra pol\u00edtica de env\u00edos.<\/p>\n\n\n\n<hr class=\"wp-block-separator has-alpha-channel-opacity\"\/>\n\n\n\n<h3 class=\"wp-block-heading\"><strong>1. Zonas de entrega<\/strong><\/h3>\n\n\n\n<p>Realizamos env\u00edos a Francia, Europa e internacionalmente.<br>Para los env\u00edos a los departamentos y territorios franceses de ultramar, utilizamos exclusivamente Colissimo.<\/p>\n\n\n\n<hr class=\"wp-block-separator has-alpha-channel-opacity\"\/>\n\n\n\n<h3 class=\"wp-block-heading\"><strong>2. Plazos y costes de entrega<\/strong><\/h3>\n\n\n\n<p>Los plazos y costes de entrega var\u00edan seg\u00fan el destino y la empresa de transporte elegida. Aqu\u00ed tiene un resumen: <\/p>\n\n\n\n<figure class=\"wp-block-table\"><table class=\"has-fixed-layout\"><tbody><tr><td>Zonas<\/td><td>Pa\u00eds<\/td><td>Transportador<\/td><td>El tiempo de entrega<\/td><td>Costo<\/td><\/tr><tr><td>Francia metropolitana<\/td><td>Francia, M\u00f3naco, Andorra<\/td><td>Colissimo<\/td><td>De 2 a 7 d\u00edas h\u00e1biles<\/td><td>5,25\u20ac<\/td><\/tr><tr><td>Europa (UE)<\/td><td>B\u00e9lgica, Alemania, Luxemburgo, Pa\u00edses Bajos, Austria, Rep\u00fablica Checa, Dinamarca, Finlandia, Italia, Grecia, Hungr\u00eda, Irlanda, Polonia, Portugal, Rumania, Rusia, Eslovaquia, Espa\u00f1a, Suecia, Suiza, Turqu\u00eda<\/td><td>Delivengo<\/td><td>De 3 a 8 d\u00edas h\u00e1biles<\/td><td>8,30\u20ac<\/td><\/tr><tr><td>Europa (Reino Unido)<\/td><td>Reino Unido (RU)<\/td><td>Delivengo<\/td><td>De 3 a 18 d\u00edas h\u00e1biles<\/td><td>8,30\u20ac<\/td><\/tr><tr><td>Europa (fuera de la UE)<\/td><td>Noruega, Rusia, Serbia, Ucrania, Argelia, Libia, S\u00e1hara Occidental, Mauritania, Albania, Bosnia y Herzegovina, Guernsey, Gibraltar, Irlanda, Islandia, Jersey, Liechtenstein, Luxemburgo, Macedonia del Norte, Moldavia<\/td><td>Delivengo<\/td><td>De 3 a 18 d\u00edas h\u00e1biles<\/td><td>15,30\u20ac<\/td><\/tr><tr><td>Overseas1<\/td><td>San Bartolom\u00e9, Guayana Francesa, Guadalupe, Martinica, San Pedro y Miquel\u00f3n, Reuni\u00f3n, Mayotte<\/td><td>Colissimo<\/td><td>De 5 a 22 d\u00edas h\u00e1biles<\/td><td>12,65\u20ac<\/td><\/tr><tr><td>Ultramar 2<\/td><td>Nueva Caledonia, Polinesia Francesa, Territorios Australes Franceses, Wallis y Futuna<\/td><td>Colissimo<\/td><td>De 5 a 22 d\u00edas h\u00e1biles<\/td><td>12,85\u20ac<\/td><\/tr><tr><td>\u00c1frica<\/td><td>Angola, Camer\u00fan, Costa de Marfil, Egipto, Etiop\u00eda, Ghana, Kenia, Madagascar, Mauricio, Mozambique, Nigeria, Senegal, Sud\u00e1frica, Tanzania, Zambia, Zimbabue<\/td><td>Delivengo<\/td><td>De 7 a 13 d\u00edas h\u00e1biles<\/td><td>15,30\u20ac<\/td><\/tr><tr><td>Asia<\/td><td>China, Hong Kong, India, Jap\u00f3n, Tailandia, Taiw\u00e1n, Vietnam, Bar\u00e9in, Banglad\u00e9s, Camboya, Emiratos \u00c1rabes Unidos, Indonesia, Ir\u00e1n, Irak, Israel, Jordania, Kazajist\u00e1n, Kuwait, Laos, L\u00edbano, Malasia, Mongolia, Nepal, Arabia Saudita, Om\u00e1n, Pakist\u00e1n, Filipinas, Singapur, Catar, Sri Lanka, Uzbekist\u00e1n<\/td><td>Delivengo<\/td><td>De 7 a 13 d\u00edas h\u00e1biles<\/td><td>15,30\u20ac<\/td><\/tr><tr><td>Am\u00e9rica del norte<\/td><td><br>Belice, Canad\u00e1, Costa Rica, Cuba, Dominica, Estados Unidos (EE.UU.), Guatemala, Jamaica, M\u00e9xico, Nicaragua, Panam\u00e1, Puerto Rico, Rep\u00fablica Dominicana, El Salvador<\/td><td>Colissimo<\/td><td>De 5 a 13 d\u00edas h\u00e1biles<\/td><td>33,50\u20ac<\/td><\/tr><tr><td>Sudamerica<\/td><td>Argentina, Bolivia, Brasil, Chile, Colombia, Ecuador, Paraguay, Per\u00fa, Uruguay, Venezuela<\/td><td>Delivengo<\/td><td>De 7 a 13 d\u00edas h\u00e1biles<\/td><td>15,30\u20ac<\/td><\/tr><tr><td rowspan=\"2\">Ocean\u00eda<\/td><td rowspan=\"2\">Australia, Nueva Zelanda, Nueva Caledonia, Polinesia Francesa<\/td><td>Delivengo<\/td><td>De 7 a 13 d\u00edas h\u00e1biles<\/td><td>15,30\u20ac<\/td><\/tr><tr><td>Colissimo<\/td><td>De 5 a 13 d\u00edas h\u00e1biles<\/td><td>33,50\u20ac<\/td><\/tr><\/tbody><\/table><\/figure>\n\n\n\n<p><br><\/p>\n\n\n\n<hr class=\"wp-block-separator has-alpha-channel-opacity\"\/>\n\n\n\n<h3 class=\"wp-block-heading\"><strong>3. Procesamiento de pedidos<\/strong><\/h3>\n\n\n\n<ul class=\"wp-block-list\">\n<li>Los pedidos se preparan bajo <strong>2 d\u00edas h\u00e1biles<\/strong> para art\u00edculos est\u00e1ndar.<\/li>\n\n\n\n<li>Para collares hechos a medida (especialmente gargantillas), el tiempo de preparaci\u00f3n puede extenderse a <strong>5 d\u00edas h\u00e1biles<\/strong>.<\/li>\n\n\n\n<li>Los env\u00edos se realizan de lunes a viernes (excluidos los d\u00edas festivos); no se entregar\u00e1n pedidos los fines de semana ni los d\u00edas festivos.<\/li>\n<\/ul>\n\n\n\n<hr class=\"wp-block-separator has-alpha-channel-opacity\"\/>\n\n\n\n<h3 class=\"wp-block-heading\"><strong>4. Transportistas<\/strong><\/h3>\n\n\n\n<p>Trabajamos con <strong>Colissimo<\/strong> Y <strong>Delivengo<\/strong>, Utilizamos dos empresas de transporte de confianza. Le proporcionaremos un n\u00famero de seguimiento en cuanto se env\u00ede su pedido.<\/p>\n\n\n\n<hr class=\"wp-block-separator has-alpha-channel-opacity\"\/>\n\n\n\n<h3 class=\"wp-block-heading\"><strong>5. Problemas de entrega<\/strong><\/h3>\n\n\n\n<p>No nos hacemos responsables de retrasos, p\u00e9rdidas o da\u00f1os causados por las empresas de transporte. Sin embargo, le ayudaremos a presentar una reclamaci\u00f3n ante la empresa de transporte correspondiente.<br>Para cualquier reclamaci\u00f3n, p\u00f3ngase en contacto con nosotros dentro del plazo establecido. <strong>14 d\u00edas<\/strong> despu\u00e9s de la fecha de entrega prevista.<\/p>\n\n\n\n<hr class=\"wp-block-separator has-alpha-channel-opacity\"\/>\n\n\n\n<h3 class=\"wp-block-heading\"><strong>6. Devoluciones relacionadas con la entrega<\/strong><\/h3>\n\n\n\n<p>Si un paquete nos es devuelto (por ejemplo, debido a una direcci\u00f3n incorrecta o a que no ha sido reclamado), los gastos de reenv\u00edo correr\u00e1n a cargo del cliente.<\/p>\n\n\n\n<hr class=\"wp-block-separator has-alpha-channel-opacity\"\/>\n\n\n\n<h3 class=\"wp-block-heading\"><strong>7. Embalaje<\/strong><\/h3>\n\n\n\n<p>Sus joyas se embalan cuidadosamente en cajas de madera, con paja o fieltro para garantizar su protecci\u00f3n durante el transporte.<\/p>\n\n\n\n<p><\/p>","protected":false},"excerpt":{"rendered":"<p>Politique de livraison &#8211; Valwicz.com Bienvenue sur Valwicz.com, votre boutique en ligne de bijoux artisanaux. Nous mettons tout en \u0153uvre pour que vos commandes soient livr\u00e9es rapidement et en toute s\u00e9curit\u00e9. Vous trouverez ci-apr\u00e8s les d\u00e9tails de notre politique de livraison. 1. Zones de livraison Nous livrons en France, en Europe et \u00e0 l\u2019international.Pour les livraisons vers les DOM-TOM, nous utilisons exclusivement Colissimo. 2. D\u00e9lais et frais de livraison Les d\u00e9lais et frais de livraison&#8230;<\/p>","protected":false},"author":4,"featured_media":0,"parent":0,"menu_order":0,"comment_status":"closed","ping_status":"closed","template":"","meta":{"sfsi_plus_gutenberg_text_before_share":"","sfsi_plus_gutenberg_show_text_before_share":"","sfsi_plus_gutenberg_icon_type":"","sfsi_plus_gutenberg_icon_alignemt":"","sfsi_plus_gutenburg_max_per_row":"","footnotes":""},"categories":[1312],"tags":[],"class_list":["post-4237","page","type-page","status-publish","hentry","category-francais"],"yoast_head":"<!-- This site is optimized with the Yoast SEO plugin v27.4 - https:\/\/yoast.com\/product\/yoast-seo-wordpress\/ -->\n<title>Politique de Livraison - Valwicz<\/title>\n<meta name=\"robots\" content=\"noindex, follow\" \/>\n<meta property=\"og:locale\" content=\"es_ES\" \/>\n<meta property=\"og:type\" content=\"article\" \/>\n<meta property=\"og:title\" content=\"Politique de Livraison - Valwicz\" \/>\n<meta property=\"og:description\" content=\"Politique de livraison &#8211; Valwicz.com Bienvenue sur Valwicz.com, votre boutique en ligne de bijoux artisanaux. Nous mettons tout en \u0153uvre pour que vos commandes soient livr\u00e9es rapidement et en toute s\u00e9curit\u00e9. Vous trouverez ci-apr\u00e8s les d\u00e9tails de notre politique de livraison. 1. Zones de livraison Nous livrons en France, en Europe et \u00e0 l\u2019international.Pour les livraisons vers les DOM-TOM, nous utilisons exclusivement Colissimo. 2. D\u00e9lais et frais de livraison Les d\u00e9lais et frais de livraison...\" \/>\n<meta property=\"og:url\" content=\"https:\/\/valwicz.com\/es\/politica-de-entrega\/\" \/>\n<meta property=\"og:site_name\" content=\"Valwicz\" \/>\n<meta property=\"article:modified_time\" content=\"2025-11-30T11:38:48+00:00\" \/>\n<meta name=\"twitter:card\" content=\"summary_large_image\" \/>\n<meta name=\"twitter:site\" content=\"@Valwicz_\" \/>\n<script type=\"application\/ld+json\" class=\"yoast-schema-graph\">{\"@context\":\"https:\\\/\\\/schema.org\",\"@graph\":[{\"@type\":\"WebPage\",\"@id\":\"https:\\\/\\\/valwicz.com\\\/politique-de-livraison\\\/\",\"url\":\"https:\\\/\\\/valwicz.com\\\/politique-de-livraison\\\/\",\"name\":\"Politique de Livraison - Valwicz\",\"isPartOf\":{\"@id\":\"https:\\\/\\\/valwicz.com\\\/#website\"},\"datePublished\":\"2025-03-10T00:13:03+00:00\",\"dateModified\":\"2025-11-30T11:38:48+00:00\",\"breadcrumb\":{\"@id\":\"https:\\\/\\\/valwicz.com\\\/politique-de-livraison\\\/#breadcrumb\"},\"inLanguage\":\"es\",\"potentialAction\":[{\"@type\":\"ReadAction\",\"target\":[\"https:\\\/\\\/valwicz.com\\\/politique-de-livraison\\\/\"]}]},{\"@type\":\"BreadcrumbList\",\"@id\":\"https:\\\/\\\/valwicz.com\\\/politique-de-livraison\\\/#breadcrumb\",\"itemListElement\":[{\"@type\":\"ListItem\",\"position\":1,\"name\":\"Accueil\",\"item\":\"https:\\\/\\\/valwicz.com\\\/\"},{\"@type\":\"ListItem\",\"position\":2,\"name\":\"Politique de Livraison\"}]},{\"@type\":\"WebSite\",\"@id\":\"https:\\\/\\\/valwicz.com\\\/#website\",\"url\":\"https:\\\/\\\/valwicz.com\\\/\",\"name\":\"Valwicz\",\"description\":\"Audace | El\u00e9gance | D\u00e9sinvolture\",\"publisher\":{\"@id\":\"https:\\\/\\\/valwicz.com\\\/#organization\"},\"potentialAction\":[{\"@type\":\"SearchAction\",\"target\":{\"@type\":\"EntryPoint\",\"urlTemplate\":\"https:\\\/\\\/valwicz.com\\\/?s={search_term_string}\"},\"query-input\":{\"@type\":\"PropertyValueSpecification\",\"valueRequired\":true,\"valueName\":\"search_term_string\"}}],\"inLanguage\":\"es\"},{\"@type\":\"Organization\",\"@id\":\"https:\\\/\\\/valwicz.com\\\/#organization\",\"name\":\"Valwicz\",\"url\":\"https:\\\/\\\/valwicz.com\\\/\",\"logo\":{\"@type\":\"ImageObject\",\"inLanguage\":\"es\",\"@id\":\"https:\\\/\\\/valwicz.com\\\/#\\\/schema\\\/logo\\\/image\\\/\",\"url\":\"https:\\\/\\\/valwicz.com\\\/wp-content\\\/uploads\\\/2024\\\/10\\\/cropped-logo-Valwicz.jpg\",\"contentUrl\":\"https:\\\/\\\/valwicz.com\\\/wp-content\\\/uploads\\\/2024\\\/10\\\/cropped-logo-Valwicz.jpg\",\"width\":500,\"height\":234,\"caption\":\"Valwicz\"},\"image\":{\"@id\":\"https:\\\/\\\/valwicz.com\\\/#\\\/schema\\\/logo\\\/image\\\/\"},\"sameAs\":[\"https:\\\/\\\/x.com\\\/Valwicz_\",\"https:\\\/\\\/www.instagram.com\\\/_valwicz\\\/\",\"https:\\\/\\\/fr.pinterest.com\\\/Valwicz\\\/\",\"https:\\\/\\\/www.tiktok.com\\\/@_valwicz\"]}]}<\/script>\n<!-- \/ Yoast SEO plugin. -->","yoast_head_json":{"title":"Pol\u00edtica de entrega - Valwicz","robots":{"index":"noindex","follow":"follow"},"og_locale":"es_ES","og_type":"article","og_title":"Politique de Livraison - Valwicz","og_description":"Politique de livraison &#8211; Valwicz.com Bienvenue sur Valwicz.com, votre boutique en ligne de bijoux artisanaux. Nous mettons tout en \u0153uvre pour que vos commandes soient livr\u00e9es rapidement et en toute s\u00e9curit\u00e9. Vous trouverez ci-apr\u00e8s les d\u00e9tails de notre politique de livraison. 1. Zones de livraison Nous livrons en France, en Europe et \u00e0 l\u2019international.Pour les livraisons vers les DOM-TOM, nous utilisons exclusivement Colissimo. 2. D\u00e9lais et frais de livraison Les d\u00e9lais et frais de livraison...","og_url":"https:\/\/valwicz.com\/es\/politica-de-entrega\/","og_site_name":"Valwicz","article_modified_time":"2025-11-30T11:38:48+00:00","twitter_card":"summary_large_image","twitter_site":"@Valwicz_","schema":{"@context":"https:\/\/schema.org","@graph":[{"@type":"WebPage","@id":"https:\/\/valwicz.com\/politique-de-livraison\/","url":"https:\/\/valwicz.com\/politique-de-livraison\/","name":"Pol\u00edtica de entrega - Valwicz","isPartOf":{"@id":"https:\/\/valwicz.com\/#website"},"datePublished":"2025-03-10T00:13:03+00:00","dateModified":"2025-11-30T11:38:48+00:00","breadcrumb":{"@id":"https:\/\/valwicz.com\/politique-de-livraison\/#breadcrumb"},"inLanguage":"es","potentialAction":[{"@type":"ReadAction","target":["https:\/\/valwicz.com\/politique-de-livraison\/"]}]},{"@type":"BreadcrumbList","@id":"https:\/\/valwicz.com\/politique-de-livraison\/#breadcrumb","itemListElement":[{"@type":"ListItem","position":1,"name":"Accueil","item":"https:\/\/valwicz.com\/"},{"@type":"ListItem","position":2,"name":"Politique de Livraison"}]},{"@type":"WebSite","@id":"https:\/\/valwicz.com\/#website","url":"https:\/\/valwicz.com\/","name":"Valwicz","description":"Audacia | Elegancia | Flippancy","publisher":{"@id":"https:\/\/valwicz.com\/#organization"},"potentialAction":[{"@type":"SearchAction","target":{"@type":"EntryPoint","urlTemplate":"https:\/\/valwicz.com\/?s={search_term_string}"},"query-input":{"@type":"PropertyValueSpecification","valueRequired":true,"valueName":"search_term_string"}}],"inLanguage":"es"},{"@type":"Organization","@id":"https:\/\/valwicz.com\/#organization","name":"Valwicz","url":"https:\/\/valwicz.com\/","logo":{"@type":"ImageObject","inLanguage":"es","@id":"https:\/\/valwicz.com\/#\/schema\/logo\/image\/","url":"https:\/\/valwicz.com\/wp-content\/uploads\/2024\/10\/cropped-logo-Valwicz.jpg","contentUrl":"https:\/\/valwicz.com\/wp-content\/uploads\/2024\/10\/cropped-logo-Valwicz.jpg","width":500,"height":234,"caption":"Valwicz"},"image":{"@id":"https:\/\/valwicz.com\/#\/schema\/logo\/image\/"},"sameAs":["https:\/\/x.com\/Valwicz_","https:\/\/www.instagram.com\/_valwicz\/","https:\/\/fr.pinterest.com\/Valwicz\/","https:\/\/www.tiktok.com\/@_valwicz"]}]}},"_links":{"self":[{"href":"https:\/\/valwicz.com\/es\/wp-json\/wp\/v2\/pages\/4237","targetHints":{"allow":["GET"]}}],"collection":[{"href":"https:\/\/valwicz.com\/es\/wp-json\/wp\/v2\/pages"}],"about":[{"href":"https:\/\/valwicz.com\/es\/wp-json\/wp\/v2\/types\/page"}],"author":[{"embeddable":true,"href":"https:\/\/valwicz.com\/es\/wp-json\/wp\/v2\/users\/4"}],"replies":[{"embeddable":true,"href":"https:\/\/valwicz.com\/es\/wp-json\/wp\/v2\/comments?post=4237"}],"version-history":[{"count":2,"href":"https:\/\/valwicz.com\/es\/wp-json\/wp\/v2\/pages\/4237\/revisions"}],"predecessor-version":[{"id":6732,"href":"https:\/\/valwicz.com\/es\/wp-json\/wp\/v2\/pages\/4237\/revisions\/6732"}],"wp:attachment":[{"href":"https:\/\/valwicz.com\/es\/wp-json\/wp\/v2\/media?parent=4237"}],"wp:term":[{"taxonomy":"category","embeddable":true,"href":"https:\/\/valwicz.com\/es\/wp-json\/wp\/v2\/categories?post=4237"},{"taxonomy":"post_tag","embeddable":true,"href":"https:\/\/valwicz.com\/es\/wp-json\/wp\/v2\/tags?post=4237"}],"curies":[{"name":"wp","href":"https:\/\/api.w.org\/{rel}","templated":true}]}}