{"id":4144,"date":"2025-03-01T19:30:04","date_gmt":"2025-03-01T18:30:04","guid":{"rendered":"https:\/\/valwicz.com\/?page_id=4144"},"modified":"2025-11-30T12:37:07","modified_gmt":"2025-11-30T11:37:07","slug":"cuidado-de-su-collar-de-madera-y-piedras-naturales","status":"publish","type":"page","link":"https:\/\/valwicz.com\/es\/entretien-de-votre-collier-en-bois-et-pierres-naturelles\/","title":{"rendered":"Cuidado de collares de madera y piedras naturales: consejos y trucos"},"content":{"rendered":"<h2 class=\"wp-block-heading\">\u00bfC\u00f3mo cuida su collar artesanal de madera y perlas?<\/h2>\n\n\n\n<div class=\"wp-block-columns is-layout-flex wp-container-core-columns-is-layout-9d6595d7 wp-block-columns-is-layout-flex\">\n<div class=\"wp-block-column is-layout-flow wp-block-column-is-layout-flow\" style=\"flex-basis:100%\">\n<h3 class=\"wp-block-heading\"><strong>Cuida tu collar como te cuidar\u00edas a ti mismo<\/strong><\/h3>\n<\/div>\n<\/div>\n\n\n\n<div class=\"wp-block-columns is-layout-flex wp-container-core-columns-is-layout-9d6595d7 wp-block-columns-is-layout-flex\">\n<div class=\"wp-block-column is-layout-flow wp-block-column-is-layout-flow\">\n<p>Les aseguro, se\u00f1oras, que un collar de madera y piedras requiere muy poco tiempo. Es mucho m\u00e1s que una joya. Lleva en s\u00ed el recuerdo de la madera tallada, la energ\u00eda de las piedras que lo componen y la intenci\u00f3n del artesano que lo molde\u00f3. <strong><em>Como nuestro propio cuerpo<\/em><\/strong>, Evoluciona con el tiempo, respira, absorbe los elementos y movimientos de la vida. Para preservar su belleza y fuerza, requiere cuidados especiales.<\/p>\n\n\n\n<h6 class=\"wp-block-heading\">La madera, un material vivo<\/h6>\n\n\n\n<p>La madera se ablanda y desarrolla una p\u00e1tina al contacto con la piel, pero tambi\u00e9n puede secarse si no se trata. Las perlas, ya sean minerales u org\u00e1nicas, absorben la luz y el medio ambiente, y merecen ser protegidas de las agresiones externas. Cuidar su collar no s\u00f3lo significa prolongar su vida \u00fatil, sino tambi\u00e9n respetar el material, <strong><em>honrar lo natural<\/em><\/strong> y dejar que florezca con el tiempo.<br>Con unos sencillos gestos, puede acompa\u00f1ar a sus joyas en su viaje, d\u00e1ndoles lo que necesitan para resistir el paso del tiempo con elegancia y autenticidad. <br>Descubre aqu\u00ed c\u00f3mo conservar y cuidar tu collar de madera y perlas para que te acompa\u00f1e durante mucho tiempo.<\/p>\n<\/div>\n<\/div>\n\n\n\n<h6 class=\"wp-block-heading\"><strong>Evitar el agua y la humedad<\/strong><\/h6>\n\n\n\n<p>La madera y algunos tipos de piedra natural pueden <strong><em>sensible al agua<\/em><\/strong>. Se recomienda :<br>Qu\u00edtate el collar antes de ducharte, ba\u00f1arte o nadar.<br>Para conservar la madera y las perlas, evite los ambientes muy h\u00famedos.<\/p>\n\n\n\n<h6 class=\"wp-block-heading\"><strong>Limpieza suave y natural<\/strong><\/h6>\n\n\n\n<p>Utilice un <strong><em>pa\u00f1o suave y seco<\/em><\/strong> para eliminar regularmente el polvo del collar\u00edn.<br>Para la madera, aplicar una gota de aceite natural (jojoba, almendras dulces). <strong><em>una o dos veces al a\u00f1o<\/em><\/strong> para nutrir y proteger el material.<br>Para la piedra, puede bastar con pasar un pa\u00f1o ligeramente humedecido.<\/p>\n\n\n\n<h6 class=\"wp-block-heading\"><strong>Protecci\u00f3n contra el calor y los productos qu\u00edmicos<\/strong><\/h6>\n\n\n\n<p>No exponga el collar a <strong><em>temperaturas extremas<\/em><\/strong> o un <em><strong>luz solar prolongada<\/strong><\/em>.<br>Evita el contacto con perfumes, productos qu\u00edmicos o maquillaje que puedan da\u00f1ar las piedras y la madera.<\/p>\n\n\n\n<h6 class=\"wp-block-heading\"><strong>Recarga energ\u00e9tica de las piedras <\/strong><\/h6>\n\n\n\n<p>Coloca las piedras bajo la luz del <strong><em>luna llena<\/em><\/strong> para una recarga natural.<br>Para ciertas piedras, como la labradorita, la recarga en un <strong><em>racimo de cuarzo<\/em><\/strong> o un <strong><em>geoda de amatista<\/em><\/strong> puede ser beneficioso.<\/p>\n\n\n\n<div class=\"wp-block-columns is-layout-flex wp-container-core-columns-is-layout-9d6595d7 wp-block-columns-is-layout-flex\">\n<div class=\"wp-block-column is-layout-flow wp-block-column-is-layout-flow\">\n<p>Le <strong>Madera de Padouk<\/strong> es una especie ex\u00f3tica famosa por su <strong>robustez, durabilidad y un color rojo anaranjado que cambia con el tiempo<\/strong>. Tiene una caracter\u00edstica notable: es <strong>sudaderas<\/strong> bajo el efecto del calor y la humedad. Esta \u00abtranspiraci\u00f3n\u00bb corresponde a la exudaci\u00f3n de las resinas naturales contenidas en la madera.<\/p>\n\n\n\n<h6 class=\"wp-block-heading\"><strong>Caracter\u00edsticas de la madera de Padouk<\/strong><\/h6>\n\n\n\n<p><strong>\u00bfPor qu\u00e9 suda Padouk?<\/strong><\/p>\n\n\n\n<ul class=\"wp-block-list\">\n<li>El padouk es rico en resinas y aceites naturales, que lo protegen de las agresiones externas (insectos, hongos, humedad).<\/li>\n\n\n\n<li>Cuando la madera se expone a un aumento de temperatura o humedad, estas sustancias suben a la superficie en forma de microexudaciones.<\/li>\n\n\n\n<li>Esto se nota especialmente en superficies lisas o barnizadas, donde la exudaci\u00f3n crea a veces una pel\u00edcula pegajosa.<\/li>\n<\/ul>\n\n\n\n<p><strong>\u00bfC\u00f3mo se cuida la madera de Padouk?<\/strong><\/p>\n\n\n\n<ul class=\"wp-block-list\">\n<li><strong><em>Limpieza <\/em><\/strong>Regular: Limpie la superficie con un pa\u00f1o suave y limpio para eliminar el exceso de resina.<\/li>\n\n\n\n<li>Utilizaci\u00f3n de un <strong><em>desengrasante <\/em><\/strong>Suave: el alcohol diluido o el vinagre pueden ayudar a eliminar la resina sin da\u00f1ar la madera.<\/li>\n\n\n\n<li><em><strong>Engrase<\/strong> <\/em>(opcional): Un aceite espec\u00edfico para maderas ex\u00f3ticas puede ayudar a estabilizar la superficie y reducir el levantamiento.<\/li>\n\n\n\n<li><strong><em>Lijado <\/em><\/strong>Ligero si es necesario: Si la exudaci\u00f3n es demasiado grande, un lijado fino con una esponja abrasiva puede ayudar a abrir los poros de la madera y limitar el fen\u00f3meno.<\/li>\n<\/ul>\n<\/div>\n<\/div>\n\n\n\n<h6 class=\"wp-block-heading\">Informaci\u00f3n pr\u00e1ctica<\/h6>\n\n\n\n<p>Puede descubrir nuestras colecciones de creaciones artesanales siguiendo este enlace <a href=\"https:\/\/valwicz.com\/es\/creaciones\/\">enlace<\/a>. Y si quieres hablar con nosotros sobre c\u00f3mo cuidar un collar de madera y piedra o hacernos una pregunta, te invitamos a unirte a nuestra lista de correo. <a href=\"https:\/\/valwicz.com\/es\/contacto\/\">espacio para intercambiar<\/a> dedicado.<\/p>\n\n\n\n<p>Y finalmente.., <a href=\"https:\/\/valwicz.com\/es\/atelier-valwicz-creaciones-artesanales-y-joyas-unicas\/\">el taller<\/a> tambi\u00e9n te abre sus puertas para una inmersi\u00f3n total en el mundo de Valwicz.<\/p>\n\n\n\n<div class=\"wp-block-columns is-layout-flex wp-container-core-columns-is-layout-9d6595d7 wp-block-columns-is-layout-flex\">\n<div class=\"wp-block-column is-layout-flow wp-block-column-is-layout-flow\"><\/div>\n\n\n\n<div class=\"wp-block-column is-vertically-aligned-center is-layout-flow wp-block-column-is-layout-flow\"><div class=\"sfsi_plus_widget\"><div id=\"sfsi_plus_wDiv\"><\/div><div class=\"sfsiplus_norm_row sfsi_plus_wDiv\"  style=\"width:270px;position:absolute;;text-align:center\"><div style='width:40px; height:auto;margin-left:5px;margin-bottom:5px;' class='sfsi_plus_wicons shuffeldiv1'><div class='sfsiplus_inerCnt'><a class='sficn1' data-effect='scale' target='_blank' rel='noopener'  href='https:\/\/valwicz.com\/es\/feed\/'  style='width:40px; height:40px;opacity:1;' ><img alt='RSS' title='RSS' src='https:\/\/valwicz.com\/wp-content\/plugins\/ultimate-social-media-plus\/images\/icons_theme\/thin\/thin_rss.png' width='40' height='40' style='' class='sfcm sfsi_wicon sfsiplusid_round_icon_rss' data-effect='scale'  \/><\/a><\/div><\/div><div style='width:40px; height:auto;margin-left:5px;margin-bottom:5px;' class='sfsi_plus_wicons shuffeldiv1'><div class='sfsiplus_inerCnt'><a class='sficn1' data-effect='scale'   href='javascript:void(0);'  style='width:40px; height:40px;opacity:1;' ><img alt='Pinterest' title='Pinterest' src='https:\/\/valwicz.com\/wp-content\/plugins\/ultimate-social-media-plus\/images\/icons_theme\/thin\/thin_pinterest.png' width='40' height='40' style='' class='sfcm sfsi_wicon sfsiplusid_round_icon_pinterest' data-effect='scale'  \/><\/a><div class=\"sfsi_plus_tool_tip_2 sfsi_plus_printst_tool_bdr sfsi_plus_Tlleft sfsiplusid_pinterest\" style=\"display:block;width:73px;opacity:0;z-index:-1;\"><span class=\"bot_arow bot_pintst_arow\"><\/span><div class=\"sfsi_plus_inside\"><div  class='icon1'><a href='https:\/\/fr.pinterest.com\/Valwicz\/' target='_blank' rel='noopener'><img data-pin-nopin='true' class='sfsi_wicon'  alt='Pinterest' title='Pinterest' src='https:\/\/valwicz.com\/wp-content\/plugins\/ultimate-social-media-plus\/images\/visit_icons\/pinterest.png' \/><\/a><\/div><div  class='icon2'><a data-pin-custom='true' href='https:\/\/www.pinterest.com\/pin\/create\/button\/?url=https:\/\/valwicz.com\/es\/wp-json\/wp\/v2\/pages\/4144' target='_blank' rel='noopener'><img class='sfsi_wicon' data-pin-nopin='true' alt='fb-share-icon' title='Pin Compartir' src='https:\/\/valwicz.com\/wp-content\/plugins\/ultimate-social-media-plus\/images\/share_icons\/Pinterest_Save\/fr_FR_save.svg' \/><\/a><\/div><\/div><\/div><\/div><\/div><div style='width:40px; height:auto;margin-left:5px;margin-bottom:5px;' class='sfsi_plus_wicons shuffeldiv1'><div class='sfsiplus_inerCnt'><a class='sficn1' data-effect='scale' target='_blank' rel='noopener'  href='https:\/\/www.facebook.com\/profile.php?id=61573895648767'  style='width:40px; height:40px;opacity:1;' ><img alt='Facebook' title='Facebook' src='https:\/\/valwicz.com\/wp-content\/plugins\/ultimate-social-media-plus\/images\/icons_theme\/thin\/thin_fb.png' width='40' height='40' style='' class='sfcm sfsi_wicon sfsiplusid_round_icon_facebook' data-effect='scale'  \/><\/a><div class=\"sfsi_plus_tool_tip_2 sfsi_plus_fb_tool_bdr sfsi_plus_Tlleft sfsiplusid_facebook\" style=\"display:block;width:62px;opacity:0;z-index:-1;\"><span class=\"bot_arow bot_fb_arow\"><\/span><div class=\"sfsi_plus_inside\"><div  class='icon1'><a href='https:\/\/www.facebook.com\/profile.php?id=61573895648767' target='_blank' rel='noopener'><img class='sfsi_plus_wicon' alt='Facebook' title='Facebook' src='https:\/\/valwicz.com\/wp-content\/plugins\/ultimate-social-media-plus\/images\/visit_icons\/Visit_us_fb\/icon_Visit_us_en_US.png'  \/><\/a><\/div><div  class='icon2'><div class=\"fb-like\" data-width=\"180\" data-show-faces=\"false\" data-href=\"https%3A%2F%2Fvalwicz.com%2Fes%2Fwp-json%2Fwp%2Fv2%2Fpages%2F4144%2F\" data-layout=\"button\" data-action=\"like\" data-share=\"false\" ><\/div><\/div><div  class='icon3'><a target='_blank' href='https:\/\/www.facebook.com\/sharer\/sharer.php?u=https%3A%2F%2Fvalwicz.com%2Fes%2Fwp-json%2Fwp%2Fv2%2Fpages%2F4144' style='display:inline-block;'> <img class='sfsi_wicon'  data-pin-nopin='true' width='auto' height='auto' alt='fb-share-icon' title='Compartir en Facebook' src='https:\/\/valwicz.com\/wp-content\/plugins\/ultimate-social-media-plus\/images\/share_icons\/fb_icons\/fr_FR.svg'' \/><\/a><\/div><\/div><\/div><\/div><\/div><div style='width:40px; height:auto;margin-left:5px;margin-bottom:5px;' class='sfsi_plus_wicons shuffeldiv1'><div class='sfsiplus_inerCnt'><a class='sficn1' data-effect='scale' target='_blank' rel='noopener'  href='https:\/\/www.instagram.com\/valwicz__\/'  style='width:40px; height:40px;opacity:1;' ><img alt='Instagram' title='Instagram' src='https:\/\/valwicz.com\/wp-content\/plugins\/ultimate-social-media-plus\/images\/icons_theme\/thin\/thin_instagram.png' width='40' height='40' style='' class='sfcm sfsi_wicon sfsiplusid_round_icon_instagram' data-effect='scale'  \/><\/a><\/div><\/div><div style='width:40px; height:auto;margin-left:5px;margin-bottom:5px;' class='sfsi_plus_wicons shuffeldiv1'><div class='sfsiplus_inerCnt'><a class='sficn1' data-effect='scale' target='_blank' rel='noopener'  href='https:\/\/x.com\/Valwicz_'  style='width:40px; height:40px;opacity:1;' ><img alt='X (Twitter)' title='X (Twitter)' src='https:\/\/valwicz.com\/wp-content\/plugins\/ultimate-social-media-plus\/images\/icons_theme\/thin\/thin_twitter.png' width='40' height='40' style='' class='sfcm sfsi_wicon sfsiplusid_round_icon_twitter' data-effect='scale'  \/><\/a><div class=\"sfsi_plus_tool_tip_2 sfsi_plus_twt_tool_bdr sfsi_plus_Tlleft sfsiplusid_twitter\" style=\"display:block;width:59px;opacity:0;z-index:-1;\"><span class=\"bot_arow bot_twt_arow\"><\/span><div class=\"sfsi_plus_inside\"><style>#sfsi_plus_floater .sfsi_plus_twt_tool_bdr .sfsi_plus_inside{margin-top: -18px;}<\/style><div  class='cstmicon1'><a href='https:\/\/x.com\/Valwicz_' target='_blank' rel='noopener'><img class='sfsi_plus_wicon' alt='Vis\u00edtenos' title='Vis\u00edtenos' src='https:\/\/valwicz.com\/wp-content\/plugins\/ultimate-social-media-plus\/images\/visit_icons\/Visit_us_twitter\/icon_Visit_us_en_US.png'  \/><\/a><\/div><div  class='icon1'><a target='_blank' rel='noopener' href='https:\/\/twitter.com\/intent\/user?screen_name=Valwicz'><img nopin='nopin' width='auto' src='https:\/\/valwicz.com\/wp-content\/plugins\/ultimate-social-media-plus\/images\/share_icons\/Twitter_Follow\/fr_FR_Follow.svg' class='sfsi_premium_wicon' alt='S\u00edgueme' title='S\u00edgueme' style='opacity: 1;''><\/a><\/div><div  class='icon2'><div class='sf_twiter' style='display: inline-block;vertical-align: middle;width: auto;'>\n\t\t\t\t\t\t<a target='_blank' href='https:\/\/x.com\/intent\/post?text=site+de+vente+de+bijou+artisanal%3A+valwicz.com+%23BijouxArtisanal+via%40Valwicz https:\/\/valwicz.com\/es\/wp-json\/wp\/v2\/pages\/4144'style='display:inline-block' >\n\t\t\t\t\t\t\t<img nopin=\"nopin\" width='auto' class='sfsi_plus_wicon' src='https:\/\/valwicz.com\/wp-content\/plugins\/ultimate-social-media-plus\/images\/share_icons\/Twitter_Tweet\/fr_FR_Tweet.svg' alt='Tweet' title='Tweet' >\n\t\t\t\t\t\t<\/a>\n\t\t\t\t\t<\/div><\/div><\/div><\/div><\/div><\/div><div style='width:40px; height:auto;margin-left:5px;margin-bottom:5px;' class='sfsi_plus_wicons shuffeldiv1'><div class='sfsiplus_inerCnt'><a class='sficn1' data-effect='scale' target='_blank' rel='noopener'  href='https:\/\/www.youtube.com\/@Valwicz-Les-Colliers'  style='width:40px; height:40px;opacity:1;' ><img alt='YouTube' title='YouTube' src='https:\/\/valwicz.com\/wp-content\/plugins\/ultimate-social-media-plus\/images\/icons_theme\/thin\/thin_youtube.png' width='40' height='40' style='' class='sfcm sfsi_wicon sfsiplusid_round_icon_youtube' data-effect='scale'  \/><\/a><div class=\"sfsi_plus_tool_tip_2 utube_tool_bdr sfsi_plus_Tlleft sfsiplusid_youtube\" style=\"display:block;width:96px;opacity:0;z-index:-1;\"><span class=\"bot_arow bot_utube_arow\"><\/span><div class=\"sfsi_plus_inside\"><div  class='icon1'><a href='https:\/\/www.youtube.com\/@Valwicz-Les-Colliers'  target='_blank' rel='noopener'><img class='sfsi_plus_wicon' alt='YouTube' title='YouTube' src='https:\/\/valwicz.com\/wp-content\/plugins\/ultimate-social-media-plus\/images\/visit_icons\/youtube.png'  \/><\/a><\/div><div  class='icon2'><div class=\"g-ytsubscribe\" data-channelid=\"UCu4iaWzioeUxGWQGAxdJGeQ\" data-layout=\"default\" data-count=\"hidden\"><\/div><\/div><\/div><\/div><\/div><\/div><\/div><div id=\"sfsi_holder\" class=\"sfsi_plus_holders\" style=\"position: relative; float: left;width:100%;z-index:-1;\"><\/div><script><\/script><div style=\"clear: both;\"><\/div><\/div>\n<\/div>\n\n\n\n<div class=\"wp-block-column is-layout-flow wp-block-column-is-layout-flow\"><\/div>\n<\/div>\n\n\n\n<p><\/p>\n\n\n\n<p><\/p>","protected":false},"excerpt":{"rendered":"<p>Comment entretenir votre collier artisanal en bois et perles ? Prendre soin de son collier, comme on prend soin de soi Je vous rassure Mesdames, l&rsquo;entretien d&rsquo;un collier en bois et en pierres ne n\u00e9cessite que peu de temps ! Il est bien plus qu\u2019un simple bijou. Il porte en lui la m\u00e9moire du bois sculpt\u00e9, l\u2019\u00e9nergie des pierres qui le composent et l\u2019intention de l\u2019artisan qui l\u2019a fa\u00e7onn\u00e9. Comme notre propre corps, il \u00e9volue&#8230;<\/p>","protected":false},"author":3,"featured_media":0,"parent":0,"menu_order":0,"comment_status":"closed","ping_status":"closed","template":"","meta":{"sfsi_plus_gutenberg_text_before_share":"","sfsi_plus_gutenberg_show_text_before_share":"","sfsi_plus_gutenberg_icon_type":"","sfsi_plus_gutenberg_icon_alignemt":"","sfsi_plus_gutenburg_max_per_row":"","footnotes":""},"categories":[1312],"tags":[],"class_list":["post-4144","page","type-page","status-publish","hentry","category-francais"],"yoast_head":"<!-- This site is optimized with the Yoast SEO plugin v27.3 - https:\/\/yoast.com\/product\/yoast-seo-wordpress\/ -->\n<title>Entretien collier bois et pierres | conseils et astuces - Valwicz<\/title>\n<meta name=\"description\" content=\"D\u00e9couvrez nos conseils d&#039;entretien du collier en bois et pierres naturelles : nettoyage, protection, astuces pour pr\u00e9server sa beaut\u00e9.\" \/>\n<meta name=\"robots\" content=\"noindex, follow\" \/>\n<meta property=\"og:locale\" content=\"es_ES\" \/>\n<meta property=\"og:type\" content=\"article\" \/>\n<meta property=\"og:title\" content=\"Entretien collier bois et pierres | conseils et astuces - Valwicz\" \/>\n<meta property=\"og:description\" content=\"D\u00e9couvrez nos conseils d&#039;entretien du collier en bois et pierres naturelles : nettoyage, protection, astuces pour pr\u00e9server sa beaut\u00e9.\" \/>\n<meta property=\"og:url\" content=\"https:\/\/valwicz.com\/es\/cuidado-de-su-collar-de-madera-y-piedras-naturales\/\" \/>\n<meta property=\"og:site_name\" content=\"Valwicz\" \/>\n<meta property=\"article:modified_time\" content=\"2025-11-30T11:37:07+00:00\" \/>\n<meta name=\"twitter:card\" content=\"summary_large_image\" \/>\n<meta name=\"twitter:site\" content=\"@Valwicz_\" \/>\n<script type=\"application\/ld+json\" class=\"yoast-schema-graph\">{\"@context\":\"https:\\\/\\\/schema.org\",\"@graph\":[{\"@type\":\"WebPage\",\"@id\":\"https:\\\/\\\/valwicz.com\\\/entretien-de-votre-collier-en-bois-et-pierres-naturelles\\\/\",\"url\":\"https:\\\/\\\/valwicz.com\\\/entretien-de-votre-collier-en-bois-et-pierres-naturelles\\\/\",\"name\":\"Entretien collier bois et pierres | conseils et astuces - Valwicz\",\"isPartOf\":{\"@id\":\"https:\\\/\\\/valwicz.com\\\/#website\"},\"datePublished\":\"2025-03-01T18:30:04+00:00\",\"dateModified\":\"2025-11-30T11:37:07+00:00\",\"description\":\"D\u00e9couvrez nos conseils d'entretien du collier en bois et pierres naturelles : nettoyage, protection, astuces pour pr\u00e9server sa beaut\u00e9.\",\"breadcrumb\":{\"@id\":\"https:\\\/\\\/valwicz.com\\\/entretien-de-votre-collier-en-bois-et-pierres-naturelles\\\/#breadcrumb\"},\"inLanguage\":\"es\",\"potentialAction\":[{\"@type\":\"ReadAction\",\"target\":[\"https:\\\/\\\/valwicz.com\\\/entretien-de-votre-collier-en-bois-et-pierres-naturelles\\\/\"]}]},{\"@type\":\"BreadcrumbList\",\"@id\":\"https:\\\/\\\/valwicz.com\\\/entretien-de-votre-collier-en-bois-et-pierres-naturelles\\\/#breadcrumb\",\"itemListElement\":[{\"@type\":\"ListItem\",\"position\":1,\"name\":\"Accueil\",\"item\":\"https:\\\/\\\/valwicz.com\\\/\"},{\"@type\":\"ListItem\",\"position\":2,\"name\":\"Entretien des colliers en bois et pierres naturelles : conseils et astuces\"}]},{\"@type\":\"WebSite\",\"@id\":\"https:\\\/\\\/valwicz.com\\\/#website\",\"url\":\"https:\\\/\\\/valwicz.com\\\/\",\"name\":\"Valwicz\",\"description\":\"Audace | El\u00e9gance | D\u00e9sinvolture\",\"publisher\":{\"@id\":\"https:\\\/\\\/valwicz.com\\\/#organization\"},\"potentialAction\":[{\"@type\":\"SearchAction\",\"target\":{\"@type\":\"EntryPoint\",\"urlTemplate\":\"https:\\\/\\\/valwicz.com\\\/?s={search_term_string}\"},\"query-input\":{\"@type\":\"PropertyValueSpecification\",\"valueRequired\":true,\"valueName\":\"search_term_string\"}}],\"inLanguage\":\"es\"},{\"@type\":\"Organization\",\"@id\":\"https:\\\/\\\/valwicz.com\\\/#organization\",\"name\":\"Valwicz\",\"url\":\"https:\\\/\\\/valwicz.com\\\/\",\"logo\":{\"@type\":\"ImageObject\",\"inLanguage\":\"es\",\"@id\":\"https:\\\/\\\/valwicz.com\\\/#\\\/schema\\\/logo\\\/image\\\/\",\"url\":\"https:\\\/\\\/valwicz.com\\\/wp-content\\\/uploads\\\/2024\\\/10\\\/cropped-logo-Valwicz.jpg\",\"contentUrl\":\"https:\\\/\\\/valwicz.com\\\/wp-content\\\/uploads\\\/2024\\\/10\\\/cropped-logo-Valwicz.jpg\",\"width\":500,\"height\":234,\"caption\":\"Valwicz\"},\"image\":{\"@id\":\"https:\\\/\\\/valwicz.com\\\/#\\\/schema\\\/logo\\\/image\\\/\"},\"sameAs\":[\"https:\\\/\\\/x.com\\\/Valwicz_\",\"https:\\\/\\\/www.instagram.com\\\/_valwicz\\\/\",\"https:\\\/\\\/fr.pinterest.com\\\/Valwicz\\\/\",\"https:\\\/\\\/www.tiktok.com\\\/@_valwicz\"]}]}<\/script>\n<!-- \/ Yoast SEO plugin. -->","yoast_head_json":{"title":"Mantenimiento de collares de madera y piedra - Valwicz","description":"Descubra nuestros consejos para cuidar su collar de madera y piedra natural: limpieza, protecci\u00f3n, trucos para preservar su belleza.","robots":{"index":"noindex","follow":"follow"},"og_locale":"es_ES","og_type":"article","og_title":"Entretien collier bois et pierres | conseils et astuces - Valwicz","og_description":"D\u00e9couvrez nos conseils d'entretien du collier en bois et pierres naturelles : nettoyage, protection, astuces pour pr\u00e9server sa beaut\u00e9.","og_url":"https:\/\/valwicz.com\/es\/cuidado-de-su-collar-de-madera-y-piedras-naturales\/","og_site_name":"Valwicz","article_modified_time":"2025-11-30T11:37:07+00:00","twitter_card":"summary_large_image","twitter_site":"@Valwicz_","schema":{"@context":"https:\/\/schema.org","@graph":[{"@type":"WebPage","@id":"https:\/\/valwicz.com\/entretien-de-votre-collier-en-bois-et-pierres-naturelles\/","url":"https:\/\/valwicz.com\/entretien-de-votre-collier-en-bois-et-pierres-naturelles\/","name":"Mantenimiento de collares de madera y piedra - Valwicz","isPartOf":{"@id":"https:\/\/valwicz.com\/#website"},"datePublished":"2025-03-01T18:30:04+00:00","dateModified":"2025-11-30T11:37:07+00:00","description":"Descubra nuestros consejos para cuidar su collar de madera y piedra natural: limpieza, protecci\u00f3n, trucos para preservar su belleza.","breadcrumb":{"@id":"https:\/\/valwicz.com\/entretien-de-votre-collier-en-bois-et-pierres-naturelles\/#breadcrumb"},"inLanguage":"es","potentialAction":[{"@type":"ReadAction","target":["https:\/\/valwicz.com\/entretien-de-votre-collier-en-bois-et-pierres-naturelles\/"]}]},{"@type":"BreadcrumbList","@id":"https:\/\/valwicz.com\/entretien-de-votre-collier-en-bois-et-pierres-naturelles\/#breadcrumb","itemListElement":[{"@type":"ListItem","position":1,"name":"Accueil","item":"https:\/\/valwicz.com\/"},{"@type":"ListItem","position":2,"name":"Entretien des colliers en bois et pierres naturelles : conseils et astuces"}]},{"@type":"WebSite","@id":"https:\/\/valwicz.com\/#website","url":"https:\/\/valwicz.com\/","name":"Valwicz","description":"Audacia | Elegancia | Flippancy","publisher":{"@id":"https:\/\/valwicz.com\/#organization"},"potentialAction":[{"@type":"SearchAction","target":{"@type":"EntryPoint","urlTemplate":"https:\/\/valwicz.com\/?s={search_term_string}"},"query-input":{"@type":"PropertyValueSpecification","valueRequired":true,"valueName":"search_term_string"}}],"inLanguage":"es"},{"@type":"Organization","@id":"https:\/\/valwicz.com\/#organization","name":"Valwicz","url":"https:\/\/valwicz.com\/","logo":{"@type":"ImageObject","inLanguage":"es","@id":"https:\/\/valwicz.com\/#\/schema\/logo\/image\/","url":"https:\/\/valwicz.com\/wp-content\/uploads\/2024\/10\/cropped-logo-Valwicz.jpg","contentUrl":"https:\/\/valwicz.com\/wp-content\/uploads\/2024\/10\/cropped-logo-Valwicz.jpg","width":500,"height":234,"caption":"Valwicz"},"image":{"@id":"https:\/\/valwicz.com\/#\/schema\/logo\/image\/"},"sameAs":["https:\/\/x.com\/Valwicz_","https:\/\/www.instagram.com\/_valwicz\/","https:\/\/fr.pinterest.com\/Valwicz\/","https:\/\/www.tiktok.com\/@_valwicz"]}]}},"_links":{"self":[{"href":"https:\/\/valwicz.com\/es\/wp-json\/wp\/v2\/pages\/4144","targetHints":{"allow":["GET"]}}],"collection":[{"href":"https:\/\/valwicz.com\/es\/wp-json\/wp\/v2\/pages"}],"about":[{"href":"https:\/\/valwicz.com\/es\/wp-json\/wp\/v2\/types\/page"}],"author":[{"embeddable":true,"href":"https:\/\/valwicz.com\/es\/wp-json\/wp\/v2\/users\/3"}],"replies":[{"embeddable":true,"href":"https:\/\/valwicz.com\/es\/wp-json\/wp\/v2\/comments?post=4144"}],"version-history":[{"count":2,"href":"https:\/\/valwicz.com\/es\/wp-json\/wp\/v2\/pages\/4144\/revisions"}],"predecessor-version":[{"id":6727,"href":"https:\/\/valwicz.com\/es\/wp-json\/wp\/v2\/pages\/4144\/revisions\/6727"}],"wp:attachment":[{"href":"https:\/\/valwicz.com\/es\/wp-json\/wp\/v2\/media?parent=4144"}],"wp:term":[{"taxonomy":"category","embeddable":true,"href":"https:\/\/valwicz.com\/es\/wp-json\/wp\/v2\/categories?post=4144"},{"taxonomy":"post_tag","embeddable":true,"href":"https:\/\/valwicz.com\/es\/wp-json\/wp\/v2\/tags?post=4144"}],"curies":[{"name":"wp","href":"https:\/\/api.w.org\/{rel}","templated":true}]}}