{"id":3,"date":"2023-11-08T16:25:17","date_gmt":"2023-11-08T15:25:17","guid":{"rendered":"https:\/\/valwicz.com\/\/?page_id=3"},"modified":"2025-11-30T12:38:26","modified_gmt":"2025-11-30T11:38:26","slug":"politica-de-privacidad","status":"publish","type":"page","link":"https:\/\/valwicz.com\/es\/politique-de-confidentialite\/","title":{"rendered":"Pol\u00edtica de privacidad"},"content":{"rendered":"<h2 class=\"wp-block-heading\">\u00bfQui\u00e9nes somos?<\/h2>\n\n\n\n<p>Valwicz.com es un servicio publicado por la empresa Valwicz, representada por Jean-Val\u00e9ry THORAVAL, director de publicaci\u00f3n.<\/p>\n\n\n\n<p>Sede central: 6, Rue Guillaume d&#039;Autignac 34070 MONTPELLIER<\/p>\n\n\n\n<p>Direcci\u00f3n de contacto: contact@valwicz.com<\/p>\n\n\n\n<p>Tel\u00e9fono: 06 64 40 46 63<\/p>\n\n\n\n<p>El t\u00edtulo, el dise\u00f1o, la forma y el contenido del sitio web&nbsp;<a href=\"https:\/\/valwicz.com\/es\/\">https:\/\/valwicz.com<\/a>&nbsp;son su propiedad.<\/p>\n\n\n\n<p>Recopilamos informaci\u00f3n sobre usted mediante el registro y las cookies.<br>Esta recogida de datos se realiza en cumplimiento de las disposiciones relativas a la protecci\u00f3n de datos personales.<\/p>\n\n\n\n<p>Usted tiene derecho a acceder, modificar, rectificar y suprimir los datos que le conciernen (Ley francesa de protecci\u00f3n de datos de 6 de enero de 1978).<br>Para cualquier consulta, p\u00f3ngase en contacto con nosotros a trav\u00e9s de la p\u00e1gina de contacto.<\/p>\n\n\n\n<p>Alojamiento: LWS \u2013 10, RUE PENTHIEVRE 75008 PAR\u00cdS FRANCIA<\/p>\n\n\n\n<h2 class=\"wp-block-heading\">Comentarios<\/h2>\n\n\n\n<p>Cuando dejas un comentario en nuestro sitio, los datos introducidos en el formulario de comentarios, as\u00ed como tu direcci\u00f3n IP y el agente de usuario de tu navegador, se recopilan para ayudarnos a detectar el spam.<\/p>\n\n\n\n<p>Es posible que se env\u00ede una cadena an\u00f3nima creada a partir de tu direcci\u00f3n de correo electr\u00f3nico (tambi\u00e9n llamada hash) al servicio Gravatar para comprobar si lo est\u00e1s utilizando. Puedes consultar la pol\u00edtica de privacidad de Gravatar aqu\u00ed: https:\/\/automattic.com\/privacy\/. Una vez aprobado tu comentario, tu foto de perfil ser\u00e1 visible p\u00fablicamente junto a \u00e9l.<\/p>\n\n\n\n<h2 class=\"wp-block-heading\">Medios de comunicaci\u00f3n<\/h2>\n\n\n\n<p>Si subes im\u00e1genes al sitio, te recomendamos evitar subir im\u00e1genes que contengan datos de coordenadas GPS EXIF. Quienes visiten tu sitio podr\u00e1n descargar y extraer datos de ubicaci\u00f3n de estas im\u00e1genes.<\/p>\n\n\n\n<h2 class=\"wp-block-heading\">Galletas<\/h2>\n\n\n\n<p>Si dejas un comentario en nuestro sitio, tendr\u00e1s la opci\u00f3n de guardar tu nombre, correo electr\u00f3nico y sitio web en cookies. Esto es solo para tu comodidad, para que no tengas que volver a introducir esta informaci\u00f3n si dejas otro comentario m\u00e1s adelante. Estas cookies caducan al cabo de un a\u00f1o.<\/p>\n\n\n\n<p>Si visita la p\u00e1gina de inicio de sesi\u00f3n, se crear\u00e1 una cookie temporal para determinar si su navegador acepta cookies. Esta cookie no contiene datos personales y se eliminar\u00e1 autom\u00e1ticamente al cerrar el navegador.<\/p>\n\n\n\n<p>Al iniciar sesi\u00f3n, guardaremos varias cookies para almacenar tu informaci\u00f3n de inicio de sesi\u00f3n y preferencias de pantalla. Las cookies de inicio de sesi\u00f3n duran dos d\u00edas y las de preferencias de pantalla, un a\u00f1o. Si seleccionas \u00abRecordarme\u00bb, tu cookie de inicio de sesi\u00f3n se guardar\u00e1 durante dos semanas. Al cerrar sesi\u00f3n, la cookie de inicio de sesi\u00f3n se eliminar\u00e1.<\/p>\n\n\n\n<p>Al editar o publicar una entrada, se guardar\u00e1 una cookie adicional en tu navegador. Esta cookie no contiene datos personales; simplemente indica el ID de la entrada que acabas de editar y caduca al cabo de un d\u00eda.<\/p>\n\n\n\n<h2 class=\"wp-block-heading\">Contenido incrustado de otros sitios web<\/h2>\n\n\n\n<p>Los art\u00edculos de este sitio pueden incluir contenido incrustado (por ejemplo, v\u00eddeos, im\u00e1genes, art\u00edculos, etc.). El contenido incrustado de otros sitios web se comporta del mismo modo que si el visitante hubiera visitado dicho sitio web.<\/p>\n\n\n\n<p>Estos sitios web pueden recopilar datos sobre usted, utilizar cookies, incorporar herramientas de seguimiento de terceros y supervisar sus interacciones con este contenido incorporado si tiene una cuenta y ha iniciado sesi\u00f3n en su sitio web.<\/p>\n\n\n\n<h2 class=\"wp-block-heading\">Uso y transmisi\u00f3n de sus datos personales<\/h2>\n\n\n\n<p>Si solicita un restablecimiento de contrase\u00f1a, su direcci\u00f3n IP se incluir\u00e1 en el correo electr\u00f3nico de restablecimiento.<\/p>\n\n\n\n<h2 class=\"wp-block-heading\">per\u00edodos de almacenamiento de datos<\/h2>\n\n\n\n<p>Si dejas un comentario, este y sus metadatos se conservan indefinidamente. Esto permite que los comentarios posteriores se reconozcan y aprueben autom\u00e1ticamente, en lugar de permanecer en la cola de moderaci\u00f3n.<\/p>\n\n\n\n<p>Para las cuentas que se registren en nuestro sitio (si corresponde), tambi\u00e9n almacenamos la informaci\u00f3n personal que proporcionan en su perfil. Todas las cuentas pueden ver, editar o eliminar su informaci\u00f3n personal en cualquier momento (excepto su nombre de usuario). Los administradores del sitio web tambi\u00e9n pueden ver y editar esta informaci\u00f3n.<\/p>\n\n\n\n<h2 class=\"wp-block-heading\">Tus derechos sobre tus datos<\/h2>\n\n\n\n<p>Si tiene una cuenta o ha dejado comentarios en el sitio, puede solicitar un archivo con todos los datos personales que tenemos sobre usted, incluyendo cualquier dato que nos haya proporcionado. Tambi\u00e9n puede solicitar la eliminaci\u00f3n de sus datos personales. Esto no incluye los datos almacenados con fines administrativos, legales o de seguridad.<\/p>\n\n\n\n<h2 class=\"wp-block-heading\">D\u00f3nde se env\u00edan tus datos<\/h2>\n\n\n\n<p>Los comentarios de los visitantes pueden ser revisados mediante un servicio automatizado de detecci\u00f3n de spam.<\/p>","protected":false},"excerpt":{"rendered":"<p>Qui sommes-nous&nbsp;? Valwicz.com est un service \u00e9dit\u00e9 par la soci\u00e9t\u00e9 Valwicz, repr\u00e9sent\u00e9e par Jean-Val\u00e9ry THORAVAL, directeur de la publication. Si\u00e8ge social : 6, Rue Guillaume d&rsquo;Autignac 34070 MONTPELLIER Adresse de contact : contact@valwicz.com T\u00e9l\u00e9phone : 06 64 40 46 63 Le titre, la conception, la forme et le contenu du site internet&nbsp;https:\/\/valwicz.com&nbsp;sont sa propri\u00e9t\u00e9. Un recueil d&rsquo; informations vous concernant a lieu gr\u00e2ce aux inscriptions et \u00e0 des cookies.Ce recueil est fait dans le respect&#8230;<\/p>","protected":false},"author":4,"featured_media":0,"parent":0,"menu_order":0,"comment_status":"closed","ping_status":"closed","template":"","meta":{"sfsi_plus_gutenberg_text_before_share":"","sfsi_plus_gutenberg_show_text_before_share":"","sfsi_plus_gutenberg_icon_type":"","sfsi_plus_gutenberg_icon_alignemt":"","sfsi_plus_gutenburg_max_per_row":"","footnotes":""},"categories":[1312],"tags":[],"class_list":["post-3","page","type-page","status-publish","hentry","category-francais"],"yoast_head":"<!-- This site is optimized with the Yoast SEO plugin v27.4 - https:\/\/yoast.com\/product\/yoast-seo-wordpress\/ -->\n<title>Politique de confidentialit\u00e9 - Valwicz<\/title>\n<meta name=\"robots\" content=\"noindex, follow\" \/>\n<meta property=\"og:locale\" content=\"es_ES\" \/>\n<meta property=\"og:type\" content=\"article\" \/>\n<meta property=\"og:title\" content=\"Politique de confidentialit\u00e9 - Valwicz\" \/>\n<meta property=\"og:description\" content=\"Qui sommes-nous&nbsp;? Valwicz.com est un service \u00e9dit\u00e9 par la soci\u00e9t\u00e9 Valwicz, repr\u00e9sent\u00e9e par Jean-Val\u00e9ry THORAVAL, directeur de la publication. Si\u00e8ge social : 6, Rue Guillaume d&rsquo;Autignac 34070 MONTPELLIER Adresse de contact : contact@valwicz.com T\u00e9l\u00e9phone : 06 64 40 46 63 Le titre, la conception, la forme et le contenu du site internet&nbsp;https:\/\/valwicz.com&nbsp;sont sa propri\u00e9t\u00e9. Un recueil d&rsquo; informations vous concernant a lieu gr\u00e2ce aux inscriptions et \u00e0 des cookies.Ce recueil est fait dans le respect...\" \/>\n<meta property=\"og:url\" content=\"https:\/\/valwicz.com\/es\/politica-de-privacidad\/\" \/>\n<meta property=\"og:site_name\" content=\"Valwicz\" \/>\n<meta property=\"article:modified_time\" content=\"2025-11-30T11:38:26+00:00\" \/>\n<meta name=\"twitter:card\" content=\"summary_large_image\" \/>\n<meta name=\"twitter:site\" content=\"@Valwicz_\" \/>\n<script type=\"application\/ld+json\" class=\"yoast-schema-graph\">{\"@context\":\"https:\\\/\\\/schema.org\",\"@graph\":[{\"@type\":\"WebPage\",\"@id\":\"https:\\\/\\\/valwicz.com\\\/politique-de-confidentialite\\\/\",\"url\":\"https:\\\/\\\/valwicz.com\\\/politique-de-confidentialite\\\/\",\"name\":\"Politique de confidentialit\u00e9 - Valwicz\",\"isPartOf\":{\"@id\":\"https:\\\/\\\/valwicz.com\\\/#website\"},\"datePublished\":\"2023-11-08T15:25:17+00:00\",\"dateModified\":\"2025-11-30T11:38:26+00:00\",\"breadcrumb\":{\"@id\":\"https:\\\/\\\/valwicz.com\\\/politique-de-confidentialite\\\/#breadcrumb\"},\"inLanguage\":\"es\",\"potentialAction\":[{\"@type\":\"ReadAction\",\"target\":[\"https:\\\/\\\/valwicz.com\\\/politique-de-confidentialite\\\/\"]}]},{\"@type\":\"BreadcrumbList\",\"@id\":\"https:\\\/\\\/valwicz.com\\\/politique-de-confidentialite\\\/#breadcrumb\",\"itemListElement\":[{\"@type\":\"ListItem\",\"position\":1,\"name\":\"Accueil\",\"item\":\"https:\\\/\\\/valwicz.com\\\/\"},{\"@type\":\"ListItem\",\"position\":2,\"name\":\"Politique de confidentialit\u00e9\"}]},{\"@type\":\"WebSite\",\"@id\":\"https:\\\/\\\/valwicz.com\\\/#website\",\"url\":\"https:\\\/\\\/valwicz.com\\\/\",\"name\":\"Valwicz\",\"description\":\"Audace | El\u00e9gance | D\u00e9sinvolture\",\"publisher\":{\"@id\":\"https:\\\/\\\/valwicz.com\\\/#organization\"},\"potentialAction\":[{\"@type\":\"SearchAction\",\"target\":{\"@type\":\"EntryPoint\",\"urlTemplate\":\"https:\\\/\\\/valwicz.com\\\/?s={search_term_string}\"},\"query-input\":{\"@type\":\"PropertyValueSpecification\",\"valueRequired\":true,\"valueName\":\"search_term_string\"}}],\"inLanguage\":\"es\"},{\"@type\":\"Organization\",\"@id\":\"https:\\\/\\\/valwicz.com\\\/#organization\",\"name\":\"Valwicz\",\"url\":\"https:\\\/\\\/valwicz.com\\\/\",\"logo\":{\"@type\":\"ImageObject\",\"inLanguage\":\"es\",\"@id\":\"https:\\\/\\\/valwicz.com\\\/#\\\/schema\\\/logo\\\/image\\\/\",\"url\":\"https:\\\/\\\/valwicz.com\\\/wp-content\\\/uploads\\\/2024\\\/10\\\/cropped-logo-Valwicz.jpg\",\"contentUrl\":\"https:\\\/\\\/valwicz.com\\\/wp-content\\\/uploads\\\/2024\\\/10\\\/cropped-logo-Valwicz.jpg\",\"width\":500,\"height\":234,\"caption\":\"Valwicz\"},\"image\":{\"@id\":\"https:\\\/\\\/valwicz.com\\\/#\\\/schema\\\/logo\\\/image\\\/\"},\"sameAs\":[\"https:\\\/\\\/x.com\\\/Valwicz_\",\"https:\\\/\\\/www.instagram.com\\\/_valwicz\\\/\",\"https:\\\/\\\/fr.pinterest.com\\\/Valwicz\\\/\",\"https:\\\/\\\/www.tiktok.com\\\/@_valwicz\"]}]}<\/script>\n<!-- \/ Yoast SEO plugin. -->","yoast_head_json":{"title":"Pol\u00edtica de privacidad - Valwicz","robots":{"index":"noindex","follow":"follow"},"og_locale":"es_ES","og_type":"article","og_title":"Politique de confidentialit\u00e9 - Valwicz","og_description":"Qui sommes-nous&nbsp;? Valwicz.com est un service \u00e9dit\u00e9 par la soci\u00e9t\u00e9 Valwicz, repr\u00e9sent\u00e9e par Jean-Val\u00e9ry THORAVAL, directeur de la publication. Si\u00e8ge social : 6, Rue Guillaume d&rsquo;Autignac 34070 MONTPELLIER Adresse de contact : contact@valwicz.com T\u00e9l\u00e9phone : 06 64 40 46 63 Le titre, la conception, la forme et le contenu du site internet&nbsp;https:\/\/valwicz.com&nbsp;sont sa propri\u00e9t\u00e9. Un recueil d&rsquo; informations vous concernant a lieu gr\u00e2ce aux inscriptions et \u00e0 des cookies.Ce recueil est fait dans le respect...","og_url":"https:\/\/valwicz.com\/es\/politica-de-privacidad\/","og_site_name":"Valwicz","article_modified_time":"2025-11-30T11:38:26+00:00","twitter_card":"summary_large_image","twitter_site":"@Valwicz_","schema":{"@context":"https:\/\/schema.org","@graph":[{"@type":"WebPage","@id":"https:\/\/valwicz.com\/politique-de-confidentialite\/","url":"https:\/\/valwicz.com\/politique-de-confidentialite\/","name":"Pol\u00edtica de privacidad - Valwicz","isPartOf":{"@id":"https:\/\/valwicz.com\/#website"},"datePublished":"2023-11-08T15:25:17+00:00","dateModified":"2025-11-30T11:38:26+00:00","breadcrumb":{"@id":"https:\/\/valwicz.com\/politique-de-confidentialite\/#breadcrumb"},"inLanguage":"es","potentialAction":[{"@type":"ReadAction","target":["https:\/\/valwicz.com\/politique-de-confidentialite\/"]}]},{"@type":"BreadcrumbList","@id":"https:\/\/valwicz.com\/politique-de-confidentialite\/#breadcrumb","itemListElement":[{"@type":"ListItem","position":1,"name":"Accueil","item":"https:\/\/valwicz.com\/"},{"@type":"ListItem","position":2,"name":"Politique de confidentialit\u00e9"}]},{"@type":"WebSite","@id":"https:\/\/valwicz.com\/#website","url":"https:\/\/valwicz.com\/","name":"Valwicz","description":"Audacia | Elegancia | Flippancy","publisher":{"@id":"https:\/\/valwicz.com\/#organization"},"potentialAction":[{"@type":"SearchAction","target":{"@type":"EntryPoint","urlTemplate":"https:\/\/valwicz.com\/?s={search_term_string}"},"query-input":{"@type":"PropertyValueSpecification","valueRequired":true,"valueName":"search_term_string"}}],"inLanguage":"es"},{"@type":"Organization","@id":"https:\/\/valwicz.com\/#organization","name":"Valwicz","url":"https:\/\/valwicz.com\/","logo":{"@type":"ImageObject","inLanguage":"es","@id":"https:\/\/valwicz.com\/#\/schema\/logo\/image\/","url":"https:\/\/valwicz.com\/wp-content\/uploads\/2024\/10\/cropped-logo-Valwicz.jpg","contentUrl":"https:\/\/valwicz.com\/wp-content\/uploads\/2024\/10\/cropped-logo-Valwicz.jpg","width":500,"height":234,"caption":"Valwicz"},"image":{"@id":"https:\/\/valwicz.com\/#\/schema\/logo\/image\/"},"sameAs":["https:\/\/x.com\/Valwicz_","https:\/\/www.instagram.com\/_valwicz\/","https:\/\/fr.pinterest.com\/Valwicz\/","https:\/\/www.tiktok.com\/@_valwicz"]}]}},"_links":{"self":[{"href":"https:\/\/valwicz.com\/es\/wp-json\/wp\/v2\/pages\/3","targetHints":{"allow":["GET"]}}],"collection":[{"href":"https:\/\/valwicz.com\/es\/wp-json\/wp\/v2\/pages"}],"about":[{"href":"https:\/\/valwicz.com\/es\/wp-json\/wp\/v2\/types\/page"}],"author":[{"embeddable":true,"href":"https:\/\/valwicz.com\/es\/wp-json\/wp\/v2\/users\/4"}],"replies":[{"embeddable":true,"href":"https:\/\/valwicz.com\/es\/wp-json\/wp\/v2\/comments?post=3"}],"version-history":[{"count":1,"href":"https:\/\/valwicz.com\/es\/wp-json\/wp\/v2\/pages\/3\/revisions"}],"predecessor-version":[{"id":4972,"href":"https:\/\/valwicz.com\/es\/wp-json\/wp\/v2\/pages\/3\/revisions\/4972"}],"wp:attachment":[{"href":"https:\/\/valwicz.com\/es\/wp-json\/wp\/v2\/media?parent=3"}],"wp:term":[{"taxonomy":"category","embeddable":true,"href":"https:\/\/valwicz.com\/es\/wp-json\/wp\/v2\/categories?post=3"},{"taxonomy":"post_tag","embeddable":true,"href":"https:\/\/valwicz.com\/es\/wp-json\/wp\/v2\/tags?post=3"}],"curies":[{"name":"wp","href":"https:\/\/api.w.org\/{rel}","templated":true}]}}