{"id":2154,"date":"2024-10-29T15:47:08","date_gmt":"2024-10-29T14:47:08","guid":{"rendered":"https:\/\/valwicz.com\/?page_id=2154"},"modified":"2025-11-30T12:39:19","modified_gmt":"2025-11-30T11:39:19","slug":"prensa","status":"publish","type":"page","link":"https:\/\/valwicz.com\/es\/presse\/","title":{"rendered":"Pulse"},"content":{"rendered":"<p>Bienvenido al mundo de <strong class=\"\">Valwicz<\/strong>, Donde la artesan\u00eda y la elegancia se unen para crear joyas \u00fanicas y atemporales. El taller, enclavado en el coraz\u00f3n de la creaci\u00f3n artesanal, atrae la atenci\u00f3n de entusiastas del dise\u00f1o, amantes de los materiales nobles y medios de comunicaci\u00f3n que buscan autenticidad.<\/p>\n\n\n\n<p>Valwicz ha cautivado al p\u00fablico con su enfoque art\u00edstico y su respeto por los materiales naturales. Nuestras creaciones, que combinan maderas preciosas, piedras semipreciosas e inspiraciones femeninas, han aparecido en diversos medios y plataformas. Aqu\u00ed les mostramos algunos ejemplos de lo que se dice de nosotros:<\/p>\n\n\n\n<ul class=\"wp-block-list\">\n<li><em>\u00ab&quot;Una artesan\u00eda excepcional que celebra la belleza natural de los materiales.&quot;\u00bb<\/em><\/li>\n\n\n\n<li><em>\u00ab&quot;Joyas que cuentan una historia, combinando elegancia y audacia.&quot;\u00bb<\/em><\/li>\n\n\n\n<li><em>\u00ab&quot;Valwicz reinventa la joyer\u00eda artesanal con piezas \u00fanicas y vibrantes.&quot;\u00bb<\/em><\/li>\n<\/ul>\n\n\n\n<h4 class=\"wp-block-heading\"><strong class=\"\">Colaboraciones y eventos<\/strong><\/h4>\n\n\n\n<p>Valwicz siempre est\u00e1 abierto a colaborar con periodistas, blogueros, influencers o socios que compartan su pasi\u00f3n por la artesan\u00eda y el dise\u00f1o. Ya sea para entrevistas, reportajes o eventos, Valwicz estar\u00e1 encantado de compartir su mundo y su experiencia.<\/p>\n\n\n\n<h4 class=\"wp-block-heading\"><strong class=\"\">Contacto de prensa<\/strong><\/h4>\n\n\n\n<p>Para cualquier solicitud de informaci\u00f3n, entrevista o im\u00e1genes de alta resoluci\u00f3n, no dude en ponerse en contacto con nosotros:<br>\ud83d\udce7 <strong class=\"\">Correo electr\u00f3nico<\/strong> : <a href=\"mailto:contact@valwicz.com\" target=\"_blank\" rel=\"noreferrer noopener\">contact@valwicz.com<\/a><br>\ud83d\udcde <strong class=\"\">Tel\u00e9fono<\/strong> : +33 (0)6 64 40 46 63<br><br><a href=\"https:\/\/valwicz.com\/wp-content\/uploads\/presse_fr.pdf\">Descargue nuestro kit de prensa en formato PDF.<\/a><\/p>\n\n\n\n<p>Estaremos encantados de responder a sus preguntas y guiarle en el descubrimiento del universo Valwicz.<\/p>\n\n\n\n<div class=\"wp-block-columns is-layout-flex wp-container-core-columns-is-layout-9d6595d7 wp-block-columns-is-layout-flex\">\n<div class=\"wp-block-column is-layout-flow wp-block-column-is-layout-flow\"><\/div>\n\n\n\n<div class=\"wp-block-column is-vertically-aligned-center is-layout-flow wp-block-column-is-layout-flow\"><div class=\"sfsi_plus_widget\"><div id=\"sfsi_plus_wDiv\"><\/div><div class=\"sfsiplus_norm_row sfsi_plus_wDiv\"  style=\"width:270px;position:absolute;;text-align:center\"><div style='width:40px; height:auto;margin-left:5px;margin-bottom:5px;' class='sfsi_plus_wicons shuffeldiv1'><div class='sfsiplus_inerCnt'><a class='sficn1' data-effect='scale' target='_blank' rel='noopener'  href='https:\/\/valwicz.com\/es\/feed\/'  style='width:40px; height:40px;opacity:1;' ><img alt='RSS' title='RSS' src='https:\/\/valwicz.com\/wp-content\/plugins\/ultimate-social-media-plus\/images\/icons_theme\/thin\/thin_rss.png' width='40' height='40' style='' class='sfcm sfsi_wicon sfsiplusid_round_icon_rss' data-effect='scale'  \/><\/a><\/div><\/div><div style='width:40px; height:auto;margin-left:5px;margin-bottom:5px;' class='sfsi_plus_wicons shuffeldiv1'><div class='sfsiplus_inerCnt'><a class='sficn1' data-effect='scale'   href='javascript:void(0);'  style='width:40px; height:40px;opacity:1;' ><img alt='Pinterest' title='Pinterest' src='https:\/\/valwicz.com\/wp-content\/plugins\/ultimate-social-media-plus\/images\/icons_theme\/thin\/thin_pinterest.png' width='40' height='40' style='' class='sfcm sfsi_wicon sfsiplusid_round_icon_pinterest' data-effect='scale'  \/><\/a><div class=\"sfsi_plus_tool_tip_2 sfsi_plus_printst_tool_bdr sfsi_plus_Tlleft sfsiplusid_pinterest\" style=\"display:block;width:73px;opacity:0;z-index:-1;\"><span class=\"bot_arow bot_pintst_arow\"><\/span><div class=\"sfsi_plus_inside\"><div  class='icon1'><a href='https:\/\/fr.pinterest.com\/Valwicz\/' target='_blank' rel='noopener'><img data-pin-nopin='true' class='sfsi_wicon'  alt='Pinterest' title='Pinterest' src='https:\/\/valwicz.com\/wp-content\/plugins\/ultimate-social-media-plus\/images\/visit_icons\/pinterest.png' \/><\/a><\/div><div  class='icon2'><a data-pin-custom='true' href='https:\/\/www.pinterest.com\/pin\/create\/button\/?url=https:\/\/valwicz.com\/es\/wp-json\/wp\/v2\/pages\/2154' target='_blank' rel='noopener'><img class='sfsi_wicon' data-pin-nopin='true' alt='fb-share-icon' title='Pin Compartir' src='https:\/\/valwicz.com\/wp-content\/plugins\/ultimate-social-media-plus\/images\/share_icons\/Pinterest_Save\/fr_FR_save.svg' \/><\/a><\/div><\/div><\/div><\/div><\/div><div style='width:40px; height:auto;margin-left:5px;margin-bottom:5px;' class='sfsi_plus_wicons shuffeldiv1'><div class='sfsiplus_inerCnt'><a class='sficn1' data-effect='scale' target='_blank' rel='noopener'  href='https:\/\/www.facebook.com\/profile.php?id=61573895648767'  style='width:40px; height:40px;opacity:1;' ><img alt='Facebook' title='Facebook' src='https:\/\/valwicz.com\/wp-content\/plugins\/ultimate-social-media-plus\/images\/icons_theme\/thin\/thin_fb.png' width='40' height='40' style='' class='sfcm sfsi_wicon sfsiplusid_round_icon_facebook' data-effect='scale'  \/><\/a><div class=\"sfsi_plus_tool_tip_2 sfsi_plus_fb_tool_bdr sfsi_plus_Tlleft sfsiplusid_facebook\" style=\"display:block;width:62px;opacity:0;z-index:-1;\"><span class=\"bot_arow bot_fb_arow\"><\/span><div class=\"sfsi_plus_inside\"><div  class='icon1'><a href='https:\/\/www.facebook.com\/profile.php?id=61573895648767' target='_blank' rel='noopener'><img class='sfsi_plus_wicon' alt='Facebook' title='Facebook' src='https:\/\/valwicz.com\/wp-content\/plugins\/ultimate-social-media-plus\/images\/visit_icons\/Visit_us_fb\/icon_Visit_us_en_US.png'  \/><\/a><\/div><div  class='icon2'><div class=\"fb-like\" data-width=\"180\" data-show-faces=\"false\" data-href=\"https%3A%2F%2Fvalwicz.com%2Fes%2Fwp-json%2Fwp%2Fv2%2Fpages%2F2154%2F\" data-layout=\"button\" data-action=\"like\" data-share=\"false\" ><\/div><\/div><div  class='icon3'><a target='_blank' href='https:\/\/www.facebook.com\/sharer\/sharer.php?u=https%3A%2F%2Fvalwicz.com%2Fes%2Fwp-json%2Fwp%2Fv2%2Fpages%2F2154' style='display:inline-block;'> <img class='sfsi_wicon'  data-pin-nopin='true' width='auto' height='auto' alt='fb-share-icon' title='Compartir en Facebook' src='https:\/\/valwicz.com\/wp-content\/plugins\/ultimate-social-media-plus\/images\/share_icons\/fb_icons\/fr_FR.svg'' \/><\/a><\/div><\/div><\/div><\/div><\/div><div style='width:40px; height:auto;margin-left:5px;margin-bottom:5px;' class='sfsi_plus_wicons shuffeldiv1'><div class='sfsiplus_inerCnt'><a class='sficn1' data-effect='scale' target='_blank' rel='noopener'  href='https:\/\/www.instagram.com\/valwicz__\/'  style='width:40px; height:40px;opacity:1;' ><img alt='Instagram' title='Instagram' src='https:\/\/valwicz.com\/wp-content\/plugins\/ultimate-social-media-plus\/images\/icons_theme\/thin\/thin_instagram.png' width='40' height='40' style='' class='sfcm sfsi_wicon sfsiplusid_round_icon_instagram' data-effect='scale'  \/><\/a><\/div><\/div><div style='width:40px; height:auto;margin-left:5px;margin-bottom:5px;' class='sfsi_plus_wicons shuffeldiv1'><div class='sfsiplus_inerCnt'><a class='sficn1' data-effect='scale' target='_blank' rel='noopener'  href='https:\/\/x.com\/Valwicz_'  style='width:40px; height:40px;opacity:1;' ><img alt='X (Twitter)' title='X (Twitter)' src='https:\/\/valwicz.com\/wp-content\/plugins\/ultimate-social-media-plus\/images\/icons_theme\/thin\/thin_twitter.png' width='40' height='40' style='' class='sfcm sfsi_wicon sfsiplusid_round_icon_twitter' data-effect='scale'  \/><\/a><div class=\"sfsi_plus_tool_tip_2 sfsi_plus_twt_tool_bdr sfsi_plus_Tlleft sfsiplusid_twitter\" style=\"display:block;width:59px;opacity:0;z-index:-1;\"><span class=\"bot_arow bot_twt_arow\"><\/span><div class=\"sfsi_plus_inside\"><style>#sfsi_plus_floater .sfsi_plus_twt_tool_bdr .sfsi_plus_inside{margin-top: -18px;}<\/style><div  class='cstmicon1'><a href='https:\/\/x.com\/Valwicz_' target='_blank' rel='noopener'><img class='sfsi_plus_wicon' alt='Vis\u00edtenos' title='Vis\u00edtenos' src='https:\/\/valwicz.com\/wp-content\/plugins\/ultimate-social-media-plus\/images\/visit_icons\/Visit_us_twitter\/icon_Visit_us_en_US.png'  \/><\/a><\/div><div  class='icon1'><a target='_blank' rel='noopener' href='https:\/\/twitter.com\/intent\/user?screen_name=Valwicz'><img nopin='nopin' width='auto' src='https:\/\/valwicz.com\/wp-content\/plugins\/ultimate-social-media-plus\/images\/share_icons\/Twitter_Follow\/fr_FR_Follow.svg' class='sfsi_premium_wicon' alt='S\u00edgueme' title='S\u00edgueme' style='opacity: 1;''><\/a><\/div><div  class='icon2'><div class='sf_twiter' style='display: inline-block;vertical-align: middle;width: auto;'>\n\t\t\t\t\t\t<a target='_blank' href='https:\/\/x.com\/intent\/post?text=site+de+vente+de+bijou+artisanal%3A+valwicz.com+%23BijouxArtisanal+via%40Valwicz https:\/\/valwicz.com\/es\/wp-json\/wp\/v2\/pages\/2154'style='display:inline-block' >\n\t\t\t\t\t\t\t<img nopin=\"nopin\" width='auto' class='sfsi_plus_wicon' src='https:\/\/valwicz.com\/wp-content\/plugins\/ultimate-social-media-plus\/images\/share_icons\/Twitter_Tweet\/fr_FR_Tweet.svg' alt='Tweet' title='Tweet' >\n\t\t\t\t\t\t<\/a>\n\t\t\t\t\t<\/div><\/div><\/div><\/div><\/div><\/div><div style='width:40px; height:auto;margin-left:5px;margin-bottom:5px;' class='sfsi_plus_wicons shuffeldiv1'><div class='sfsiplus_inerCnt'><a class='sficn1' data-effect='scale' target='_blank' rel='noopener'  href='https:\/\/www.youtube.com\/@Valwicz-Les-Colliers'  style='width:40px; height:40px;opacity:1;' ><img alt='YouTube' title='YouTube' src='https:\/\/valwicz.com\/wp-content\/plugins\/ultimate-social-media-plus\/images\/icons_theme\/thin\/thin_youtube.png' width='40' height='40' style='' class='sfcm sfsi_wicon sfsiplusid_round_icon_youtube' data-effect='scale'  \/><\/a><div class=\"sfsi_plus_tool_tip_2 utube_tool_bdr sfsi_plus_Tlleft sfsiplusid_youtube\" style=\"display:block;width:96px;opacity:0;z-index:-1;\"><span class=\"bot_arow bot_utube_arow\"><\/span><div class=\"sfsi_plus_inside\"><div  class='icon1'><a href='https:\/\/www.youtube.com\/@Valwicz-Les-Colliers'  target='_blank' rel='noopener'><img class='sfsi_plus_wicon' alt='YouTube' title='YouTube' src='https:\/\/valwicz.com\/wp-content\/plugins\/ultimate-social-media-plus\/images\/visit_icons\/youtube.png'  \/><\/a><\/div><div  class='icon2'><div class=\"g-ytsubscribe\" data-channelid=\"UCu4iaWzioeUxGWQGAxdJGeQ\" data-layout=\"default\" data-count=\"hidden\"><\/div><\/div><\/div><\/div><\/div><\/div><\/div><div id=\"sfsi_holder\" class=\"sfsi_plus_holders\" style=\"position: relative; float: left;width:100%;z-index:-1;\"><\/div><script><\/script><div style=\"clear: both;\"><\/div><\/div>\n<\/div>\n\n\n\n<div class=\"wp-block-column is-layout-flow wp-block-column-is-layout-flow\"><\/div>\n<\/div>","protected":false},"excerpt":{"rendered":"<p>Bienvenue dans l&rsquo;univers de Valwicz, o\u00f9 l&rsquo;artisanat et l&rsquo;\u00e9l\u00e9gance se rencontrent pour cr\u00e9er des bijoux uniques et intemporels. L&rsquo;atelier, nich\u00e9 au c\u0153ur de la cr\u00e9ation artisanale, attire l&rsquo;attention des passionn\u00e9s de design, des amateurs de mat\u00e9riaux nobles et des m\u00e9dias en qu\u00eate d&rsquo;authenticit\u00e9. Valwicz a su s\u00e9duire par son approche artistique et son respect des mat\u00e9riaux naturels. Nos cr\u00e9ations, m\u00ealant bois pr\u00e9cieux, pierres semi-pr\u00e9cieuses et inspirations f\u00e9minines, ont \u00e9t\u00e9 mises en lumi\u00e8re dans divers m\u00e9dias&#8230;<\/p>","protected":false},"author":4,"featured_media":1211,"parent":0,"menu_order":0,"comment_status":"closed","ping_status":"closed","template":"","meta":{"sfsi_plus_gutenberg_text_before_share":"","sfsi_plus_gutenberg_show_text_before_share":"","sfsi_plus_gutenberg_icon_type":"","sfsi_plus_gutenberg_icon_alignemt":"","sfsi_plus_gutenburg_max_per_row":"","footnotes":""},"categories":[1312],"tags":[],"class_list":["post-2154","page","type-page","status-publish","has-post-thumbnail","hentry","category-francais"],"yoast_head":"<!-- This site is optimized with the Yoast SEO plugin v27.3 - https:\/\/yoast.com\/product\/yoast-seo-wordpress\/ -->\n<title>Presse - Valwicz<\/title>\n<meta name=\"robots\" content=\"noindex, follow\" \/>\n<meta property=\"og:locale\" content=\"es_ES\" \/>\n<meta property=\"og:type\" content=\"article\" \/>\n<meta property=\"og:title\" content=\"Presse - Valwicz\" \/>\n<meta property=\"og:description\" content=\"Bienvenue dans l&rsquo;univers de Valwicz, o\u00f9 l&rsquo;artisanat et l&rsquo;\u00e9l\u00e9gance se rencontrent pour cr\u00e9er des bijoux uniques et intemporels. L&rsquo;atelier, nich\u00e9 au c\u0153ur de la cr\u00e9ation artisanale, attire l&rsquo;attention des passionn\u00e9s de design, des amateurs de mat\u00e9riaux nobles et des m\u00e9dias en qu\u00eate d&rsquo;authenticit\u00e9. Valwicz a su s\u00e9duire par son approche artistique et son respect des mat\u00e9riaux naturels. Nos cr\u00e9ations, m\u00ealant bois pr\u00e9cieux, pierres semi-pr\u00e9cieuses et inspirations f\u00e9minines, ont \u00e9t\u00e9 mises en lumi\u00e8re dans divers m\u00e9dias...\" \/>\n<meta property=\"og:url\" content=\"https:\/\/valwicz.com\/es\/prensa\/\" \/>\n<meta property=\"og:site_name\" content=\"Valwicz\" \/>\n<meta property=\"article:modified_time\" content=\"2025-11-30T11:39:19+00:00\" \/>\n<meta property=\"og:image\" content=\"https:\/\/valwicz.com\/wp-content\/uploads\/2024\/10\/cropped-logo-Valwicz.jpg\" \/>\n\t<meta property=\"og:image:width\" content=\"500\" \/>\n\t<meta property=\"og:image:height\" content=\"234\" \/>\n\t<meta property=\"og:image:type\" content=\"image\/jpeg\" \/>\n<meta name=\"twitter:card\" content=\"summary_large_image\" \/>\n<meta name=\"twitter:site\" content=\"@Valwicz_\" \/>\n<script type=\"application\/ld+json\" class=\"yoast-schema-graph\">{\"@context\":\"https:\\\/\\\/schema.org\",\"@graph\":[{\"@type\":\"WebPage\",\"@id\":\"https:\\\/\\\/valwicz.com\\\/presse\\\/\",\"url\":\"https:\\\/\\\/valwicz.com\\\/presse\\\/\",\"name\":\"Presse - Valwicz\",\"isPartOf\":{\"@id\":\"https:\\\/\\\/valwicz.com\\\/#website\"},\"primaryImageOfPage\":{\"@id\":\"https:\\\/\\\/valwicz.com\\\/presse\\\/#primaryimage\"},\"image\":{\"@id\":\"https:\\\/\\\/valwicz.com\\\/presse\\\/#primaryimage\"},\"thumbnailUrl\":\"https:\\\/\\\/valwicz.com\\\/wp-content\\\/uploads\\\/2024\\\/10\\\/cropped-logo-Valwicz.jpg\",\"datePublished\":\"2024-10-29T14:47:08+00:00\",\"dateModified\":\"2025-11-30T11:39:19+00:00\",\"breadcrumb\":{\"@id\":\"https:\\\/\\\/valwicz.com\\\/presse\\\/#breadcrumb\"},\"inLanguage\":\"es\",\"potentialAction\":[{\"@type\":\"ReadAction\",\"target\":[\"https:\\\/\\\/valwicz.com\\\/presse\\\/\"]}]},{\"@type\":\"ImageObject\",\"inLanguage\":\"es\",\"@id\":\"https:\\\/\\\/valwicz.com\\\/presse\\\/#primaryimage\",\"url\":\"https:\\\/\\\/valwicz.com\\\/wp-content\\\/uploads\\\/2024\\\/10\\\/cropped-logo-Valwicz.jpg\",\"contentUrl\":\"https:\\\/\\\/valwicz.com\\\/wp-content\\\/uploads\\\/2024\\\/10\\\/cropped-logo-Valwicz.jpg\",\"width\":500,\"height\":234,\"caption\":\"D\u00e9couvrez le logo Valwicz, symbole d\u2019\u00e9l\u00e9gance et de durabilit\u00e9, avec un V stylis\u00e9 et une feuille verte repr\u00e9sentant un engagement \u00e9cologique.\"},{\"@type\":\"BreadcrumbList\",\"@id\":\"https:\\\/\\\/valwicz.com\\\/presse\\\/#breadcrumb\",\"itemListElement\":[{\"@type\":\"ListItem\",\"position\":1,\"name\":\"Accueil\",\"item\":\"https:\\\/\\\/valwicz.com\\\/\"},{\"@type\":\"ListItem\",\"position\":2,\"name\":\"Presse\"}]},{\"@type\":\"WebSite\",\"@id\":\"https:\\\/\\\/valwicz.com\\\/#website\",\"url\":\"https:\\\/\\\/valwicz.com\\\/\",\"name\":\"Valwicz\",\"description\":\"Audace | El\u00e9gance | D\u00e9sinvolture\",\"publisher\":{\"@id\":\"https:\\\/\\\/valwicz.com\\\/#organization\"},\"potentialAction\":[{\"@type\":\"SearchAction\",\"target\":{\"@type\":\"EntryPoint\",\"urlTemplate\":\"https:\\\/\\\/valwicz.com\\\/?s={search_term_string}\"},\"query-input\":{\"@type\":\"PropertyValueSpecification\",\"valueRequired\":true,\"valueName\":\"search_term_string\"}}],\"inLanguage\":\"es\"},{\"@type\":\"Organization\",\"@id\":\"https:\\\/\\\/valwicz.com\\\/#organization\",\"name\":\"Valwicz\",\"url\":\"https:\\\/\\\/valwicz.com\\\/\",\"logo\":{\"@type\":\"ImageObject\",\"inLanguage\":\"es\",\"@id\":\"https:\\\/\\\/valwicz.com\\\/#\\\/schema\\\/logo\\\/image\\\/\",\"url\":\"https:\\\/\\\/valwicz.com\\\/wp-content\\\/uploads\\\/2024\\\/10\\\/cropped-logo-Valwicz.jpg\",\"contentUrl\":\"https:\\\/\\\/valwicz.com\\\/wp-content\\\/uploads\\\/2024\\\/10\\\/cropped-logo-Valwicz.jpg\",\"width\":500,\"height\":234,\"caption\":\"Valwicz\"},\"image\":{\"@id\":\"https:\\\/\\\/valwicz.com\\\/#\\\/schema\\\/logo\\\/image\\\/\"},\"sameAs\":[\"https:\\\/\\\/x.com\\\/Valwicz_\",\"https:\\\/\\\/www.instagram.com\\\/_valwicz\\\/\",\"https:\\\/\\\/fr.pinterest.com\\\/Valwicz\\\/\",\"https:\\\/\\\/www.tiktok.com\\\/@_valwicz\"]}]}<\/script>\n<!-- \/ Yoast SEO plugin. -->","yoast_head_json":{"title":"Prensa - Valwicz","robots":{"index":"noindex","follow":"follow"},"og_locale":"es_ES","og_type":"article","og_title":"Presse - Valwicz","og_description":"Bienvenue dans l&rsquo;univers de Valwicz, o\u00f9 l&rsquo;artisanat et l&rsquo;\u00e9l\u00e9gance se rencontrent pour cr\u00e9er des bijoux uniques et intemporels. L&rsquo;atelier, nich\u00e9 au c\u0153ur de la cr\u00e9ation artisanale, attire l&rsquo;attention des passionn\u00e9s de design, des amateurs de mat\u00e9riaux nobles et des m\u00e9dias en qu\u00eate d&rsquo;authenticit\u00e9. Valwicz a su s\u00e9duire par son approche artistique et son respect des mat\u00e9riaux naturels. Nos cr\u00e9ations, m\u00ealant bois pr\u00e9cieux, pierres semi-pr\u00e9cieuses et inspirations f\u00e9minines, ont \u00e9t\u00e9 mises en lumi\u00e8re dans divers m\u00e9dias...","og_url":"https:\/\/valwicz.com\/es\/prensa\/","og_site_name":"Valwicz","article_modified_time":"2025-11-30T11:39:19+00:00","og_image":[{"width":500,"height":234,"url":"https:\/\/valwicz.com\/wp-content\/uploads\/2024\/10\/cropped-logo-Valwicz.jpg","type":"image\/jpeg"}],"twitter_card":"summary_large_image","twitter_site":"@Valwicz_","schema":{"@context":"https:\/\/schema.org","@graph":[{"@type":"WebPage","@id":"https:\/\/valwicz.com\/presse\/","url":"https:\/\/valwicz.com\/presse\/","name":"Prensa - Valwicz","isPartOf":{"@id":"https:\/\/valwicz.com\/#website"},"primaryImageOfPage":{"@id":"https:\/\/valwicz.com\/presse\/#primaryimage"},"image":{"@id":"https:\/\/valwicz.com\/presse\/#primaryimage"},"thumbnailUrl":"https:\/\/valwicz.com\/wp-content\/uploads\/2024\/10\/cropped-logo-Valwicz.jpg","datePublished":"2024-10-29T14:47:08+00:00","dateModified":"2025-11-30T11:39:19+00:00","breadcrumb":{"@id":"https:\/\/valwicz.com\/presse\/#breadcrumb"},"inLanguage":"es","potentialAction":[{"@type":"ReadAction","target":["https:\/\/valwicz.com\/presse\/"]}]},{"@type":"ImageObject","inLanguage":"es","@id":"https:\/\/valwicz.com\/presse\/#primaryimage","url":"https:\/\/valwicz.com\/wp-content\/uploads\/2024\/10\/cropped-logo-Valwicz.jpg","contentUrl":"https:\/\/valwicz.com\/wp-content\/uploads\/2024\/10\/cropped-logo-Valwicz.jpg","width":500,"height":234,"caption":"D\u00e9couvrez le logo Valwicz, symbole d\u2019\u00e9l\u00e9gance et de durabilit\u00e9, avec un V stylis\u00e9 et une feuille verte repr\u00e9sentant un engagement \u00e9cologique."},{"@type":"BreadcrumbList","@id":"https:\/\/valwicz.com\/presse\/#breadcrumb","itemListElement":[{"@type":"ListItem","position":1,"name":"Accueil","item":"https:\/\/valwicz.com\/"},{"@type":"ListItem","position":2,"name":"Presse"}]},{"@type":"WebSite","@id":"https:\/\/valwicz.com\/#website","url":"https:\/\/valwicz.com\/","name":"Valwicz","description":"Audacia | Elegancia | Flippancy","publisher":{"@id":"https:\/\/valwicz.com\/#organization"},"potentialAction":[{"@type":"SearchAction","target":{"@type":"EntryPoint","urlTemplate":"https:\/\/valwicz.com\/?s={search_term_string}"},"query-input":{"@type":"PropertyValueSpecification","valueRequired":true,"valueName":"search_term_string"}}],"inLanguage":"es"},{"@type":"Organization","@id":"https:\/\/valwicz.com\/#organization","name":"Valwicz","url":"https:\/\/valwicz.com\/","logo":{"@type":"ImageObject","inLanguage":"es","@id":"https:\/\/valwicz.com\/#\/schema\/logo\/image\/","url":"https:\/\/valwicz.com\/wp-content\/uploads\/2024\/10\/cropped-logo-Valwicz.jpg","contentUrl":"https:\/\/valwicz.com\/wp-content\/uploads\/2024\/10\/cropped-logo-Valwicz.jpg","width":500,"height":234,"caption":"Valwicz"},"image":{"@id":"https:\/\/valwicz.com\/#\/schema\/logo\/image\/"},"sameAs":["https:\/\/x.com\/Valwicz_","https:\/\/www.instagram.com\/_valwicz\/","https:\/\/fr.pinterest.com\/Valwicz\/","https:\/\/www.tiktok.com\/@_valwicz"]}]}},"_links":{"self":[{"href":"https:\/\/valwicz.com\/es\/wp-json\/wp\/v2\/pages\/2154","targetHints":{"allow":["GET"]}}],"collection":[{"href":"https:\/\/valwicz.com\/es\/wp-json\/wp\/v2\/pages"}],"about":[{"href":"https:\/\/valwicz.com\/es\/wp-json\/wp\/v2\/types\/page"}],"author":[{"embeddable":true,"href":"https:\/\/valwicz.com\/es\/wp-json\/wp\/v2\/users\/4"}],"replies":[{"embeddable":true,"href":"https:\/\/valwicz.com\/es\/wp-json\/wp\/v2\/comments?post=2154"}],"version-history":[{"count":7,"href":"https:\/\/valwicz.com\/es\/wp-json\/wp\/v2\/pages\/2154\/revisions"}],"predecessor-version":[{"id":6001,"href":"https:\/\/valwicz.com\/es\/wp-json\/wp\/v2\/pages\/2154\/revisions\/6001"}],"wp:featuredmedia":[{"embeddable":true,"href":"https:\/\/valwicz.com\/es\/wp-json\/wp\/v2\/media\/1211"}],"wp:attachment":[{"href":"https:\/\/valwicz.com\/es\/wp-json\/wp\/v2\/media?parent=2154"}],"wp:term":[{"taxonomy":"category","embeddable":true,"href":"https:\/\/valwicz.com\/es\/wp-json\/wp\/v2\/categories?post=2154"},{"taxonomy":"post_tag","embeddable":true,"href":"https:\/\/valwicz.com\/es\/wp-json\/wp\/v2\/tags?post=2154"}],"curies":[{"name":"wp","href":"https:\/\/api.w.org\/{rel}","templated":true}]}}