{"id":1862,"date":"2024-10-26T00:19:06","date_gmt":"2024-10-25T22:19:06","guid":{"rendered":"https:\/\/valwicz.com\/a-propos-de\/"},"modified":"2026-01-27T12:40:26","modified_gmt":"2026-01-27T11:40:26","slug":"acerca-de","status":"publish","type":"page","link":"https:\/\/valwicz.com\/es\/a-propos-de\/","title":{"rendered":"Acerca de Valwicz"},"content":{"rendered":"<h2 class=\"wp-block-heading\"><strong>La historia de Valwicz<\/strong><\/h2>\n\n\n\n<p>Desde 1994, su carrera art\u00edstica ha evolucionado a trav\u00e9s del 3D, las bellas artes, la edici\u00f3n de v\u00eddeo y el desarrollo web. En 2011, la fascinaci\u00f3n por el bamb\u00fa marc\u00f3 un punto de inflexi\u00f3n que le llev\u00f3 a explorar en profundidad su potencial. En 2017, un encuentro inspirador revel\u00f3 la esencia de lo femenino, guiando la visi\u00f3n art\u00edstica hacia la creaci\u00f3n de joyas \u00fanicas.<\/p>\n\n\n\n<h2 class=\"wp-block-heading\"><strong>Visi\u00f3n<\/strong><\/h2>\n\n\n\n<p>En Valwicz, cada joya cuenta una historia. Inspirada en la belleza natural de los materiales y las curvas femeninas. <\/p>\n\n\n\n<p class=\"darklup-observer--node darklup--observed\" data-start=\"375\" data-end=\"741\">La madera tallada ya guarda un recuerdo: la calidez del sol, la lentitud de las estaciones, la paciencia de la naturaleza. <br class=\"darklup--observed\" \/>Sin embargo, las piedras conservan rastros de tierra, agua y fuego. <br class=\"darklup--observed\" \/>Cuando estos dos mundos se encuentran, aparece algo m\u00e1s: un objeto que ya no es solo un collar, sino un fragmento de ritual.<\/p>\n<p class=\"darklup-observer--node darklup--observed\" data-start=\"743\" data-end=\"1047\">Le <strong class=\"darklup--observed\" data-start=\"746\" data-end=\"768\">templo de mujeres<\/strong>, No es un lugar de piedra, sino un espacio vital donde uno recuerda qui\u00e9n es. Una fuerza serena, una belleza sin adornos, una presencia firme. Las creaciones de Valwicz buscan revestir este templo invisible: no siguen tendencias, sino que se arraigan en la atemporalidad.<\/p>\n<p class=\"darklup-observer--node darklup--observed\" data-start=\"1049\" data-end=\"1236\">Llevar una joya de Valwicz es como rodearse de un talism\u00e1n. Es dejar que la madera y la piedra resuenen con tu propio cuerpo, como un di\u00e1logo silencioso entre lo visible y lo invisible.<\/p>\n\n\n\n<h2 class=\"wp-block-heading\"><strong>Creaciones<\/strong><\/h2>\n\n\n\n<p>Los collares Valwicz combinan audacia, elegancia y desenfado. Cada pieza se elabora a mano en el taller, utilizando materiales nobles como maderas preciosas, piedras semipreciosas, semillas naturales y cristal. Las colecciones se presentan en una gran variedad de formas, como :<\/p>\n\n\n\n<ul class=\"wp-block-list\">\n<li><strong>Lavalli\u00e8res&nbsp;<\/strong>Collares largos y elegantes que realzan el escote.<\/li>\n\n\n\n<li><strong>Gargantillas&nbsp;<\/strong>Gargantillas que aportan un toque moderno y sofisticado.<\/li>\n\n\n\n<li><strong>Princesas<\/strong> Aut\u00e9nticos collares chic con un dise\u00f1o \u00fanico y refinado, elegancia artesanal.<\/li>\n\n\n\n<li><strong>Corbata<\/strong>s: Collares inspirados en la corbata tradicional, que ofrecen un look \u00fanico.<\/li>\n\n\n\n<li><strong>Pa\u00f1uelos de seda<\/strong>&nbsp;Pa\u00f1uelos ligeros adornados con perlas y piedras, que combinan comodidad y estilo.<\/li>\n\n\n\n<li><strong>Cuello redondo<\/strong> Hecho a medida, alternando entre delicadeza y ornamentaci\u00f3n para realzar el cuello.<\/li>\n\n\n\n<li><strong>Lariats<\/strong> Collares para realzar tu look, en una amplia variedad de estilos, elaborados con perlas y cristales.<\/li>\n<\/ul>\n\n\n\n<p>La colecci\u00f3n \u00abMadera, piedras y perlas\u00bb presenta especies de madera como el \u00e9bano, el amaranto y el ziricote, combinadas con piedras como el jaspe, el granate y la hematites. La colecci\u00f3n \u00abPiedras y perlas\u00bb presenta pa\u00f1uelos de seda adornados con piedras como mica, pirita y obsidiana.&nbsp;<\/p>\n\n\n\n<h2 class=\"wp-block-heading\"><strong>El taller Valwicz<\/strong><\/h2>\n\n\n\n<p>Es en este taller donde ocurre la magia. Cada pieza comienza con una meticulosa selecci\u00f3n de materiales:<\/p>\n\n\n\n<ul class=\"wp-block-list\">\n<li><strong>La madera<\/strong>, Elegida por sus colores \u00fanicos, densidad y vetas, se esculpe cuidadosamente para revelar toda su profundidad y car\u00e1cter.<\/li>\n\n\n\n<li><strong>Perlas y piedras<\/strong>, Unidas una a una, aportan matices y texturas que realzan cada creaci\u00f3n.<\/li>\n<\/ul>\n\n\n\n<p>El proceso creativo es un di\u00e1logo constante con el material, donde cada detalle cuenta. Los cierres innovadores, ya sean magn\u00e9ticos o tipo rompecabezas, ampl\u00edan esta experiencia sensorial al combinar est\u00e9tica y practicidad.<\/p>\n\n\n\n<h3 class=\"wp-block-heading\"><strong>Artesan\u00eda<\/strong><\/h3>\n\n\n\n<p>Durante a\u00f1os, Valwicz se ha dedicado a ofrecer joyer\u00eda artesanal, donde cada detalle se considera cuidadosamente para reflejar autenticidad y elegancia. Ya sea una gargantilla hecha a medida o una pieza \u00fanica dise\u00f1ada en colaboraci\u00f3n, nos esforzamos por hacer de cada pieza una verdadera firma personal.<\/p>\n\n\n\n<h2 class=\"wp-block-heading\"><strong>La filosof\u00eda de Valwicz<\/strong><\/h2>\n\n\n\n<p>Una creencia en la belleza intemporal de los materiales naturales y en su capacidad para contar una historia. Cada creaci\u00f3n es una invitaci\u00f3n a descubrir la armon\u00eda entre naturaleza y artesan\u00eda, reflejo de un compromiso con la autenticidad y la calidad.<\/p>\n\n\n\n<h2 class=\"wp-block-heading\"><strong>Cont\u00e1ctanos<\/strong><\/h2>\n\n\n\n<p>Valwicz tiene su sede en Montpellier, Francia. <br>Para cualquier pregunta o solicitud espec\u00edfica, no dude en ponerse en contacto con nosotros:<\/p>\n\n\n\n<ul class=\"wp-block-list\">\n<li><strong>Tel\u00e9fono<\/strong>&nbsp;+33 6 64 40 46 63<\/li>\n\n\n\n<li><strong>Correo electr\u00f3nico<\/strong>&nbsp;:&nbsp;<a href=\"mailto:contact@valwicz.com\" target=\"_blank\" rel=\"noreferrer noopener\">contact@valwicz.com<\/a><\/li>\n\n\n\n<li><strong>Formulario de contacto<\/strong>&nbsp;Disponible en nuestra p\u00e1gina&nbsp;<a href=\"https:\/\/valwicz.com\/es\/contacto\/\" target=\"_blank\" rel=\"noreferrer noopener\">P\u00f3ngase en contacto con<\/a><\/li>\n<\/ul>\n\n\n\n<div class=\"wp-block-columns is-layout-flex wp-container-core-columns-is-layout-9d6595d7 wp-block-columns-is-layout-flex\">\n<div class=\"wp-block-column is-layout-flow wp-block-column-is-layout-flow\"><\/div>\n\n\n\n<div class=\"wp-block-column is-vertically-aligned-center is-layout-flow wp-block-column-is-layout-flow\"><div class=\"sfsi_plus_widget\"><div id=\"sfsi_plus_wDiv\"><\/div><div class=\"sfsiplus_norm_row sfsi_plus_wDiv\"  style=\"width:270px;position:absolute;;text-align:center\"><div style='width:40px; height:auto;margin-left:5px;margin-bottom:5px;' class='sfsi_plus_wicons shuffeldiv1'><div class='sfsiplus_inerCnt'><a class='sficn1' data-effect='scale' target='_blank' rel='noopener'  href='https:\/\/valwicz.com\/es\/feed\/'  style='width:40px; height:40px;opacity:1;' ><img alt='RSS' title='RSS' src='https:\/\/valwicz.com\/wp-content\/plugins\/ultimate-social-media-plus\/images\/icons_theme\/thin\/thin_rss.png' width='40' height='40' style='' class='sfcm sfsi_wicon sfsiplusid_round_icon_rss' data-effect='scale'  \/><\/a><\/div><\/div><div style='width:40px; height:auto;margin-left:5px;margin-bottom:5px;' class='sfsi_plus_wicons shuffeldiv1'><div class='sfsiplus_inerCnt'><a class='sficn1' data-effect='scale'   href='javascript:void(0);'  style='width:40px; height:40px;opacity:1;' ><img alt='Pinterest' title='Pinterest' src='https:\/\/valwicz.com\/wp-content\/plugins\/ultimate-social-media-plus\/images\/icons_theme\/thin\/thin_pinterest.png' width='40' height='40' style='' class='sfcm sfsi_wicon sfsiplusid_round_icon_pinterest' data-effect='scale'  \/><\/a><div class=\"sfsi_plus_tool_tip_2 sfsi_plus_printst_tool_bdr sfsi_plus_Tlleft sfsiplusid_pinterest\" style=\"display:block;width:73px;opacity:0;z-index:-1;\"><span class=\"bot_arow bot_pintst_arow\"><\/span><div class=\"sfsi_plus_inside\"><div  class='icon1'><a href='https:\/\/fr.pinterest.com\/Valwicz\/' target='_blank' rel='noopener'><img data-pin-nopin='true' class='sfsi_wicon'  alt='Pinterest' title='Pinterest' src='https:\/\/valwicz.com\/wp-content\/plugins\/ultimate-social-media-plus\/images\/visit_icons\/pinterest.png' \/><\/a><\/div><div  class='icon2'><a data-pin-custom='true' href='https:\/\/www.pinterest.com\/pin\/create\/button\/?url=https:\/\/valwicz.com\/es\/wp-json\/wp\/v2\/pages\/1862' target='_blank' rel='noopener'><img class='sfsi_wicon' data-pin-nopin='true' alt='fb-share-icon' title='Pin Compartir' src='https:\/\/valwicz.com\/wp-content\/plugins\/ultimate-social-media-plus\/images\/share_icons\/Pinterest_Save\/fr_FR_save.svg' \/><\/a><\/div><\/div><\/div><\/div><\/div><div style='width:40px; height:auto;margin-left:5px;margin-bottom:5px;' class='sfsi_plus_wicons shuffeldiv1'><div class='sfsiplus_inerCnt'><a class='sficn1' data-effect='scale' target='_blank' rel='noopener'  href='https:\/\/www.facebook.com\/profile.php?id=61573895648767'  style='width:40px; height:40px;opacity:1;' ><img alt='Facebook' title='Facebook' src='https:\/\/valwicz.com\/wp-content\/plugins\/ultimate-social-media-plus\/images\/icons_theme\/thin\/thin_fb.png' width='40' height='40' style='' class='sfcm sfsi_wicon sfsiplusid_round_icon_facebook' data-effect='scale'  \/><\/a><div class=\"sfsi_plus_tool_tip_2 sfsi_plus_fb_tool_bdr sfsi_plus_Tlleft sfsiplusid_facebook\" style=\"display:block;width:62px;opacity:0;z-index:-1;\"><span class=\"bot_arow bot_fb_arow\"><\/span><div class=\"sfsi_plus_inside\"><div  class='icon1'><a href='https:\/\/www.facebook.com\/profile.php?id=61573895648767' target='_blank' rel='noopener'><img class='sfsi_plus_wicon' alt='Facebook' title='Facebook' src='https:\/\/valwicz.com\/wp-content\/plugins\/ultimate-social-media-plus\/images\/visit_icons\/Visit_us_fb\/icon_Visit_us_en_US.png'  \/><\/a><\/div><div  class='icon2'><div class=\"fb-like\" data-width=\"180\" data-show-faces=\"false\" data-href=\"https%3A%2F%2Fvalwicz.com%2Fes%2Fwp-json%2Fwp%2Fv2%2Fpages%2F1862%2F\" data-layout=\"button\" data-action=\"like\" data-share=\"false\" ><\/div><\/div><div  class='icon3'><a target='_blank' href='https:\/\/www.facebook.com\/sharer\/sharer.php?u=https%3A%2F%2Fvalwicz.com%2Fes%2Fwp-json%2Fwp%2Fv2%2Fpages%2F1862' style='display:inline-block;'> <img class='sfsi_wicon'  data-pin-nopin='true' width='auto' height='auto' alt='fb-share-icon' title='Compartir en Facebook' src='https:\/\/valwicz.com\/wp-content\/plugins\/ultimate-social-media-plus\/images\/share_icons\/fb_icons\/fr_FR.svg'' \/><\/a><\/div><\/div><\/div><\/div><\/div><div style='width:40px; height:auto;margin-left:5px;margin-bottom:5px;' class='sfsi_plus_wicons shuffeldiv1'><div class='sfsiplus_inerCnt'><a class='sficn1' data-effect='scale' target='_blank' rel='noopener'  href='https:\/\/www.instagram.com\/valwicz__\/'  style='width:40px; height:40px;opacity:1;' ><img alt='Instagram' title='Instagram' src='https:\/\/valwicz.com\/wp-content\/plugins\/ultimate-social-media-plus\/images\/icons_theme\/thin\/thin_instagram.png' width='40' height='40' style='' class='sfcm sfsi_wicon sfsiplusid_round_icon_instagram' data-effect='scale'  \/><\/a><\/div><\/div><div style='width:40px; height:auto;margin-left:5px;margin-bottom:5px;' class='sfsi_plus_wicons shuffeldiv1'><div class='sfsiplus_inerCnt'><a class='sficn1' data-effect='scale' target='_blank' rel='noopener'  href='https:\/\/x.com\/Valwicz_'  style='width:40px; height:40px;opacity:1;' ><img alt='X (Twitter)' title='X (Twitter)' src='https:\/\/valwicz.com\/wp-content\/plugins\/ultimate-social-media-plus\/images\/icons_theme\/thin\/thin_twitter.png' width='40' height='40' style='' class='sfcm sfsi_wicon sfsiplusid_round_icon_twitter' data-effect='scale'  \/><\/a><div class=\"sfsi_plus_tool_tip_2 sfsi_plus_twt_tool_bdr sfsi_plus_Tlleft sfsiplusid_twitter\" style=\"display:block;width:59px;opacity:0;z-index:-1;\"><span class=\"bot_arow bot_twt_arow\"><\/span><div class=\"sfsi_plus_inside\"><style>#sfsi_plus_floater .sfsi_plus_twt_tool_bdr .sfsi_plus_inside{margin-top: -18px;}<\/style><div  class='cstmicon1'><a href='https:\/\/x.com\/Valwicz_' target='_blank' rel='noopener'><img class='sfsi_plus_wicon' alt='Vis\u00edtenos' title='Vis\u00edtenos' src='https:\/\/valwicz.com\/wp-content\/plugins\/ultimate-social-media-plus\/images\/visit_icons\/Visit_us_twitter\/icon_Visit_us_en_US.png'  \/><\/a><\/div><div  class='icon1'><a target='_blank' rel='noopener' href='https:\/\/twitter.com\/intent\/user?screen_name=Valwicz'><img nopin='nopin' width='auto' src='https:\/\/valwicz.com\/wp-content\/plugins\/ultimate-social-media-plus\/images\/share_icons\/Twitter_Follow\/fr_FR_Follow.svg' class='sfsi_premium_wicon' alt='S\u00edgueme' title='S\u00edgueme' style='opacity: 1;''><\/a><\/div><div  class='icon2'><div class='sf_twiter' style='display: inline-block;vertical-align: middle;width: auto;'>\n\t\t\t\t\t\t<a target='_blank' href='https:\/\/x.com\/intent\/post?text=site+de+vente+de+bijou+artisanal%3A+valwicz.com+%23BijouxArtisanal+via%40Valwicz https:\/\/valwicz.com\/es\/wp-json\/wp\/v2\/pages\/1862'style='display:inline-block' >\n\t\t\t\t\t\t\t<img nopin=\"nopin\" width='auto' class='sfsi_plus_wicon' src='https:\/\/valwicz.com\/wp-content\/plugins\/ultimate-social-media-plus\/images\/share_icons\/Twitter_Tweet\/fr_FR_Tweet.svg' alt='Tweet' title='Tweet' >\n\t\t\t\t\t\t<\/a>\n\t\t\t\t\t<\/div><\/div><\/div><\/div><\/div><\/div><div style='width:40px; height:auto;margin-left:5px;margin-bottom:5px;' class='sfsi_plus_wicons shuffeldiv1'><div class='sfsiplus_inerCnt'><a class='sficn1' data-effect='scale' target='_blank' rel='noopener'  href='https:\/\/www.youtube.com\/@Valwicz-Les-Colliers'  style='width:40px; height:40px;opacity:1;' ><img alt='YouTube' title='YouTube' src='https:\/\/valwicz.com\/wp-content\/plugins\/ultimate-social-media-plus\/images\/icons_theme\/thin\/thin_youtube.png' width='40' height='40' style='' class='sfcm sfsi_wicon sfsiplusid_round_icon_youtube' data-effect='scale'  \/><\/a><div class=\"sfsi_plus_tool_tip_2 utube_tool_bdr sfsi_plus_Tlleft sfsiplusid_youtube\" style=\"display:block;width:96px;opacity:0;z-index:-1;\"><span class=\"bot_arow bot_utube_arow\"><\/span><div class=\"sfsi_plus_inside\"><div  class='icon1'><a href='https:\/\/www.youtube.com\/@Valwicz-Les-Colliers'  target='_blank' rel='noopener'><img class='sfsi_plus_wicon' alt='YouTube' title='YouTube' src='https:\/\/valwicz.com\/wp-content\/plugins\/ultimate-social-media-plus\/images\/visit_icons\/youtube.png'  \/><\/a><\/div><div  class='icon2'><div class=\"g-ytsubscribe\" data-channelid=\"UCu4iaWzioeUxGWQGAxdJGeQ\" data-layout=\"default\" data-count=\"hidden\"><\/div><\/div><\/div><\/div><\/div><\/div><\/div><div id=\"sfsi_holder\" class=\"sfsi_plus_holders\" style=\"position: relative; float: left;width:100%;z-index:-1;\"><\/div><script><\/script><div style=\"clear: both;\"><\/div><\/div>\n<\/div>\n\n\n\n<div class=\"wp-block-column is-layout-flow wp-block-column-is-layout-flow\"><\/div>\n<\/div>","protected":false},"excerpt":{"rendered":"<p>L&rsquo;histoire de Valwicz Depuis 1994, un parcours artistique \u00e9volutif : passant par la 3D, les beaux-arts, le montage vid\u00e9o et le d\u00e9veloppement web.&nbsp;En 2011, une fascination pour le bambou a marqu\u00e9 un tournant, menant \u00e0 une exploration approfondie de ses potentialit\u00e9s.&nbsp;En 2017, une rencontre inspirante a r\u00e9v\u00e9l\u00e9 l&rsquo;essence du f\u00e9minin, guidant la vision artistique vers la cr\u00e9ation de bijoux uniques. Vision Chez Valwicz, chaque bijou raconte une histoire. Inspir\u00e9 par la beaut\u00e9 naturelle des mat\u00e9riaux&#8230;<\/p>","protected":false},"author":4,"featured_media":0,"parent":0,"menu_order":1,"comment_status":"closed","ping_status":"closed","template":"","meta":{"sfsi_plus_gutenberg_text_before_share":"","sfsi_plus_gutenberg_show_text_before_share":"","sfsi_plus_gutenberg_icon_type":"","sfsi_plus_gutenberg_icon_alignemt":"","sfsi_plus_gutenburg_max_per_row":"","footnotes":""},"categories":[1312],"tags":[],"class_list":["post-1862","page","type-page","status-publish","hentry","category-francais"],"yoast_head":"<!-- This site is optimized with the Yoast SEO plugin v27.3 - https:\/\/yoast.com\/product\/yoast-seo-wordpress\/ -->\n<title>\u00c0 propos de Valwicz - Valwicz<\/title>\n<meta name=\"robots\" content=\"index, follow, max-snippet:-1, max-image-preview:large, max-video-preview:-1\" \/>\n<link rel=\"canonical\" href=\"https:\/\/valwicz.com\/es\/acerca-de\/\" \/>\n<meta property=\"og:locale\" content=\"es_ES\" \/>\n<meta property=\"og:type\" content=\"article\" \/>\n<meta property=\"og:title\" content=\"\u00c0 propos de Valwicz - Valwicz\" \/>\n<meta property=\"og:description\" content=\"L&rsquo;histoire de Valwicz Depuis 1994, un parcours artistique \u00e9volutif : passant par la 3D, les beaux-arts, le montage vid\u00e9o et le d\u00e9veloppement web.&nbsp;En 2011, une fascination pour le bambou a marqu\u00e9 un tournant, menant \u00e0 une exploration approfondie de ses potentialit\u00e9s.&nbsp;En 2017, une rencontre inspirante a r\u00e9v\u00e9l\u00e9 l&rsquo;essence du f\u00e9minin, guidant la vision artistique vers la cr\u00e9ation de bijoux uniques. Vision Chez Valwicz, chaque bijou raconte une histoire. Inspir\u00e9 par la beaut\u00e9 naturelle des mat\u00e9riaux...\" \/>\n<meta property=\"og:url\" content=\"https:\/\/valwicz.com\/es\/acerca-de\/\" \/>\n<meta property=\"og:site_name\" content=\"Valwicz\" \/>\n<meta property=\"article:modified_time\" content=\"2026-01-27T11:40:26+00:00\" \/>\n<meta name=\"twitter:card\" content=\"summary_large_image\" \/>\n<meta name=\"twitter:site\" content=\"@Valwicz_\" \/>\n<script type=\"application\/ld+json\" class=\"yoast-schema-graph\">{\"@context\":\"https:\\\/\\\/schema.org\",\"@graph\":[{\"@type\":\"WebPage\",\"@id\":\"https:\\\/\\\/valwicz.com\\\/a-propos-de\\\/\",\"url\":\"https:\\\/\\\/valwicz.com\\\/a-propos-de\\\/\",\"name\":\"\u00c0 propos de Valwicz - Valwicz\",\"isPartOf\":{\"@id\":\"https:\\\/\\\/valwicz.com\\\/#website\"},\"datePublished\":\"2024-10-25T22:19:06+00:00\",\"dateModified\":\"2026-01-27T11:40:26+00:00\",\"breadcrumb\":{\"@id\":\"https:\\\/\\\/valwicz.com\\\/a-propos-de\\\/#breadcrumb\"},\"inLanguage\":\"es\",\"potentialAction\":[{\"@type\":\"ReadAction\",\"target\":[\"https:\\\/\\\/valwicz.com\\\/a-propos-de\\\/\"]}]},{\"@type\":\"BreadcrumbList\",\"@id\":\"https:\\\/\\\/valwicz.com\\\/a-propos-de\\\/#breadcrumb\",\"itemListElement\":[{\"@type\":\"ListItem\",\"position\":1,\"name\":\"Accueil\",\"item\":\"https:\\\/\\\/valwicz.com\\\/\"},{\"@type\":\"ListItem\",\"position\":2,\"name\":\"\u00c0 propos de Valwicz\"}]},{\"@type\":\"WebSite\",\"@id\":\"https:\\\/\\\/valwicz.com\\\/#website\",\"url\":\"https:\\\/\\\/valwicz.com\\\/\",\"name\":\"Valwicz\",\"description\":\"Audace | El\u00e9gance | D\u00e9sinvolture\",\"publisher\":{\"@id\":\"https:\\\/\\\/valwicz.com\\\/#organization\"},\"potentialAction\":[{\"@type\":\"SearchAction\",\"target\":{\"@type\":\"EntryPoint\",\"urlTemplate\":\"https:\\\/\\\/valwicz.com\\\/?s={search_term_string}\"},\"query-input\":{\"@type\":\"PropertyValueSpecification\",\"valueRequired\":true,\"valueName\":\"search_term_string\"}}],\"inLanguage\":\"es\"},{\"@type\":\"Organization\",\"@id\":\"https:\\\/\\\/valwicz.com\\\/#organization\",\"name\":\"Valwicz\",\"url\":\"https:\\\/\\\/valwicz.com\\\/\",\"logo\":{\"@type\":\"ImageObject\",\"inLanguage\":\"es\",\"@id\":\"https:\\\/\\\/valwicz.com\\\/#\\\/schema\\\/logo\\\/image\\\/\",\"url\":\"https:\\\/\\\/valwicz.com\\\/wp-content\\\/uploads\\\/2024\\\/10\\\/cropped-logo-Valwicz.jpg\",\"contentUrl\":\"https:\\\/\\\/valwicz.com\\\/wp-content\\\/uploads\\\/2024\\\/10\\\/cropped-logo-Valwicz.jpg\",\"width\":500,\"height\":234,\"caption\":\"Valwicz\"},\"image\":{\"@id\":\"https:\\\/\\\/valwicz.com\\\/#\\\/schema\\\/logo\\\/image\\\/\"},\"sameAs\":[\"https:\\\/\\\/x.com\\\/Valwicz_\",\"https:\\\/\\\/www.instagram.com\\\/_valwicz\\\/\",\"https:\\\/\\\/fr.pinterest.com\\\/Valwicz\\\/\",\"https:\\\/\\\/www.tiktok.com\\\/@_valwicz\"]}]}<\/script>\n<!-- \/ Yoast SEO plugin. -->","yoast_head_json":{"title":"Acerca de Valwicz - Valwicz","robots":{"index":"index","follow":"follow","max-snippet":"max-snippet:-1","max-image-preview":"max-image-preview:large","max-video-preview":"max-video-preview:-1"},"canonical":"https:\/\/valwicz.com\/es\/acerca-de\/","og_locale":"es_ES","og_type":"article","og_title":"\u00c0 propos de Valwicz - Valwicz","og_description":"L&rsquo;histoire de Valwicz Depuis 1994, un parcours artistique \u00e9volutif : passant par la 3D, les beaux-arts, le montage vid\u00e9o et le d\u00e9veloppement web.&nbsp;En 2011, une fascination pour le bambou a marqu\u00e9 un tournant, menant \u00e0 une exploration approfondie de ses potentialit\u00e9s.&nbsp;En 2017, une rencontre inspirante a r\u00e9v\u00e9l\u00e9 l&rsquo;essence du f\u00e9minin, guidant la vision artistique vers la cr\u00e9ation de bijoux uniques. Vision Chez Valwicz, chaque bijou raconte une histoire. Inspir\u00e9 par la beaut\u00e9 naturelle des mat\u00e9riaux...","og_url":"https:\/\/valwicz.com\/es\/acerca-de\/","og_site_name":"Valwicz","article_modified_time":"2026-01-27T11:40:26+00:00","twitter_card":"summary_large_image","twitter_site":"@Valwicz_","schema":{"@context":"https:\/\/schema.org","@graph":[{"@type":"WebPage","@id":"https:\/\/valwicz.com\/a-propos-de\/","url":"https:\/\/valwicz.com\/a-propos-de\/","name":"Acerca de Valwicz - Valwicz","isPartOf":{"@id":"https:\/\/valwicz.com\/#website"},"datePublished":"2024-10-25T22:19:06+00:00","dateModified":"2026-01-27T11:40:26+00:00","breadcrumb":{"@id":"https:\/\/valwicz.com\/a-propos-de\/#breadcrumb"},"inLanguage":"es","potentialAction":[{"@type":"ReadAction","target":["https:\/\/valwicz.com\/a-propos-de\/"]}]},{"@type":"BreadcrumbList","@id":"https:\/\/valwicz.com\/a-propos-de\/#breadcrumb","itemListElement":[{"@type":"ListItem","position":1,"name":"Accueil","item":"https:\/\/valwicz.com\/"},{"@type":"ListItem","position":2,"name":"\u00c0 propos de Valwicz"}]},{"@type":"WebSite","@id":"https:\/\/valwicz.com\/#website","url":"https:\/\/valwicz.com\/","name":"Valwicz","description":"Audacia | Elegancia | Flippancy","publisher":{"@id":"https:\/\/valwicz.com\/#organization"},"potentialAction":[{"@type":"SearchAction","target":{"@type":"EntryPoint","urlTemplate":"https:\/\/valwicz.com\/?s={search_term_string}"},"query-input":{"@type":"PropertyValueSpecification","valueRequired":true,"valueName":"search_term_string"}}],"inLanguage":"es"},{"@type":"Organization","@id":"https:\/\/valwicz.com\/#organization","name":"Valwicz","url":"https:\/\/valwicz.com\/","logo":{"@type":"ImageObject","inLanguage":"es","@id":"https:\/\/valwicz.com\/#\/schema\/logo\/image\/","url":"https:\/\/valwicz.com\/wp-content\/uploads\/2024\/10\/cropped-logo-Valwicz.jpg","contentUrl":"https:\/\/valwicz.com\/wp-content\/uploads\/2024\/10\/cropped-logo-Valwicz.jpg","width":500,"height":234,"caption":"Valwicz"},"image":{"@id":"https:\/\/valwicz.com\/#\/schema\/logo\/image\/"},"sameAs":["https:\/\/x.com\/Valwicz_","https:\/\/www.instagram.com\/_valwicz\/","https:\/\/fr.pinterest.com\/Valwicz\/","https:\/\/www.tiktok.com\/@_valwicz"]}]}},"_links":{"self":[{"href":"https:\/\/valwicz.com\/es\/wp-json\/wp\/v2\/pages\/1862","targetHints":{"allow":["GET"]}}],"collection":[{"href":"https:\/\/valwicz.com\/es\/wp-json\/wp\/v2\/pages"}],"about":[{"href":"https:\/\/valwicz.com\/es\/wp-json\/wp\/v2\/types\/page"}],"author":[{"embeddable":true,"href":"https:\/\/valwicz.com\/es\/wp-json\/wp\/v2\/users\/4"}],"replies":[{"embeddable":true,"href":"https:\/\/valwicz.com\/es\/wp-json\/wp\/v2\/comments?post=1862"}],"version-history":[{"count":13,"href":"https:\/\/valwicz.com\/es\/wp-json\/wp\/v2\/pages\/1862\/revisions"}],"predecessor-version":[{"id":6861,"href":"https:\/\/valwicz.com\/es\/wp-json\/wp\/v2\/pages\/1862\/revisions\/6861"}],"wp:attachment":[{"href":"https:\/\/valwicz.com\/es\/wp-json\/wp\/v2\/media?parent=1862"}],"wp:term":[{"taxonomy":"category","embeddable":true,"href":"https:\/\/valwicz.com\/es\/wp-json\/wp\/v2\/categories?post=1862"},{"taxonomy":"post_tag","embeddable":true,"href":"https:\/\/valwicz.com\/es\/wp-json\/wp\/v2\/tags?post=1862"}],"curies":[{"name":"wp","href":"https:\/\/api.w.org\/{rel}","templated":true}]}}