{"id":4237,"date":"2025-03-10T01:13:03","date_gmt":"2025-03-10T00:13:03","guid":{"rendered":"https:\/\/valwicz.com\/?page_id=4237"},"modified":"2025-11-30T12:38:48","modified_gmt":"2025-11-30T11:38:48","slug":"delivery-policy","status":"publish","type":"page","link":"https:\/\/valwicz.com\/en\/politique-de-livraison\/","title":{"rendered":"Delivery Policy"},"content":{"rendered":"<h4 class=\"wp-block-heading\"><strong>Shipping Policy \u2013 Valwicz.com<\/strong><\/h4>\n\n\n\n<p>Welcome to <a href=\"https:\/\/valwicz.com\/en\/\">Valwicz.com<\/a>, your online shop for handcrafted jewelry. We make every effort to ensure your orders are delivered quickly and safely. You will find details of our delivery policy below.<\/p>\n\n\n\n<hr class=\"wp-block-separator has-alpha-channel-opacity\"\/>\n\n\n\n<h3 class=\"wp-block-heading\"><strong>1. Delivery Zones<\/strong><\/h3>\n\n\n\n<p>We deliver in France, Europe and internationally.<br>For deliveries to French overseas departments and territories, we exclusively use Colissimo.<\/p>\n\n\n\n<hr class=\"wp-block-separator has-alpha-channel-opacity\"\/>\n\n\n\n<h3 class=\"wp-block-heading\"><strong>2. Delivery times and costs<\/strong><\/h3>\n\n\n\n<p>Delivery times and costs vary depending on the destination and the chosen carrier. Here is a summary: <\/p>\n\n\n\n<figure class=\"wp-block-table\"><table class=\"has-fixed-layout\"><tbody><tr><td>Zones<\/td><td>Country<\/td><td>Carrier<\/td><td>Delivery time<\/td><td>Cost<\/td><\/tr><tr><td>Metropolitan France<\/td><td>France, Monaco, Andorra<\/td><td>Colissimo<\/td><td>2 to 7 business days<\/td><td>5,25\u20ac<\/td><\/tr><tr><td>Europe (EU)<\/td><td>Belgium, Germany, Luxembourg, Netherlands, Austria, Czech Republic, Denmark, Finland, Italy, Greece, Hungary, Ireland, Poland, Portugal, Romania, Russia, Slovakia, Spain, Sweden, Switzerland, Turkey<\/td><td>Delivengo<\/td><td>3 to 8 business days<\/td><td>8,30\u20ac<\/td><\/tr><tr><td>Europe (UK)<\/td><td>United Kingdom (UK)<\/td><td>Delivengo<\/td><td>3 to 18 business days<\/td><td>8,30\u20ac<\/td><\/tr><tr><td>Europe (Outside the EU)<\/td><td>Norway, Russia, Serbia, Ukraine, Algeria, Libya, Western Sahara, Mauritania, Albania, Bosnia and Herzegovina, Guernsey, Gibraltar, Ireland, Iceland, Jersey, Liechtenstein, Luxembourg, North Macedonia, Moldova<\/td><td>Delivengo<\/td><td>3 to 18 business days<\/td><td>15,30\u20ac<\/td><\/tr><tr><td>Overseas1<\/td><td>Saint Barth\u00e9lemy, French Guiana, Guadeloupe, Martinique, Saint Pierre and Miquelon, R\u00e9union, Mayotte<\/td><td>Colissimo<\/td><td>5 to 22 business days<\/td><td>12,65\u20ac<\/td><\/tr><tr><td>Overseas 2<\/td><td>New Caledonia, French Polynesia, French Southern Territories, Wallis and Futuna<\/td><td>Colissimo<\/td><td>5 to 22 business days<\/td><td>12,85\u20ac<\/td><\/tr><tr><td>Africa<\/td><td>Angola, Cameroon, Ivory Coast, Egypt, Ethiopia, Ghana, Kenya, Madagascar, Mauritius, Mozambique, Nigeria, Senegal, South Africa, Tanzania, Zambia, Zimbabwe<\/td><td>Delivengo<\/td><td>7 to 13 business days<\/td><td>15,30\u20ac<\/td><\/tr><tr><td>Asia<\/td><td>China, Hong Kong, India, Japan, Thailand, Taiwan, Vietnam, Bahrain, Bangladesh, Cambodia, United Arab Emirates, Indonesia, Iran, Iraq, Israel, Jordan, Kazakhstan, Kuwait, Laos, Lebanon, Malaysia, Mongolia, Nepal, Saudi Arabia, Oman, Pakistan, Philippines, Singapore, Qatar, Sri Lanka, Uzbekistan<\/td><td>Delivengo<\/td><td>7 to 13 business days<\/td><td>15,30\u20ac<\/td><\/tr><tr><td>North America<\/td><td><br>Belize, Canada, Costa Rica, Cuba, Dominica, United States (USA), Guatemala, Jamaica, Mexico, Nicaragua, Panama, Puerto Rico, Dominican Republic, El Salvador<\/td><td>Colissimo<\/td><td>5 to 13 business days<\/td><td>33,50\u20ac<\/td><\/tr><tr><td>South America<\/td><td>Argentina, Bolivia, Brazil, Chile, Colombia, Ecuador, Paraguay, Peru, Uruguay, Venezuela<\/td><td>Delivengo<\/td><td>7 to 13 business days<\/td><td>15,30\u20ac<\/td><\/tr><tr><td rowspan=\"2\">Oceania<\/td><td rowspan=\"2\">Australia, New Zealand, New Caledonia, French Polynesia<\/td><td>Delivengo<\/td><td>7 to 13 business days<\/td><td>15,30\u20ac<\/td><\/tr><tr><td>Colissimo<\/td><td>5 to 13 business days<\/td><td>33,50\u20ac<\/td><\/tr><\/tbody><\/table><\/figure>\n\n\n\n<p><br><\/p>\n\n\n\n<hr class=\"wp-block-separator has-alpha-channel-opacity\"\/>\n\n\n\n<h3 class=\"wp-block-heading\"><strong>3. Order Processing<\/strong><\/h3>\n\n\n\n<ul class=\"wp-block-list\">\n<li>Orders are prepared under <strong>2 business days<\/strong> for standard items.<\/li>\n\n\n\n<li>For custom-made necklaces (especially chokers), the preparation time may extend to <strong>5 business days<\/strong>.<\/li>\n\n\n\n<li>Shipments take place from Monday to Friday (excluding public holidays), no orders will be fulfilled on weekends or public holidays.<\/li>\n<\/ul>\n\n\n\n<hr class=\"wp-block-separator has-alpha-channel-opacity\"\/>\n\n\n\n<h3 class=\"wp-block-heading\"><strong>4. Carriers<\/strong><\/h3>\n\n\n\n<p>We work with <strong>Colissimo<\/strong> And <strong>Delivengo<\/strong>, We use two reliable carriers. A tracking number will be provided to you as soon as your order is shipped.<\/p>\n\n\n\n<hr class=\"wp-block-separator has-alpha-channel-opacity\"\/>\n\n\n\n<h3 class=\"wp-block-heading\"><strong>5. Delivery problems<\/strong><\/h3>\n\n\n\n<p>We are not responsible for delays, losses, or damages caused by the carriers. However, we will assist you in filing a claim with the carrier in question.<br>For any complaints, please contact us within a certain timeframe. <strong>14 days<\/strong> after the scheduled delivery date.<\/p>\n\n\n\n<hr class=\"wp-block-separator has-alpha-channel-opacity\"\/>\n\n\n\n<h3 class=\"wp-block-heading\"><strong>6. Returns related to delivery<\/strong><\/h3>\n\n\n\n<p>If a package is returned to us (for example, due to an incorrect address or an unclaimed package), the reshipping costs will be borne by the customer.<\/p>\n\n\n\n<hr class=\"wp-block-separator has-alpha-channel-opacity\"\/>\n\n\n\n<h3 class=\"wp-block-heading\"><strong>7. Packaging<\/strong><\/h3>\n\n\n\n<p>Your jewelry is carefully packed in wooden boxes, with straw or felt to ensure its protection during transport.<\/p>\n\n\n\n<p><\/p>","protected":false},"excerpt":{"rendered":"<p>Politique de livraison &#8211; Valwicz.com Bienvenue sur Valwicz.com, votre boutique en ligne de bijoux artisanaux. Nous mettons tout en \u0153uvre pour que vos commandes soient livr\u00e9es rapidement et en toute s\u00e9curit\u00e9. Vous trouverez ci-apr\u00e8s les d\u00e9tails de notre politique de livraison. 1. Zones de livraison Nous livrons en France, en Europe et \u00e0 l\u2019international.Pour les livraisons vers les DOM-TOM, nous utilisons exclusivement Colissimo. 2. D\u00e9lais et frais de livraison Les d\u00e9lais et frais de livraison&#8230;<\/p>","protected":false},"author":4,"featured_media":0,"parent":0,"menu_order":0,"comment_status":"closed","ping_status":"closed","template":"","meta":{"sfsi_plus_gutenberg_text_before_share":"","sfsi_plus_gutenberg_show_text_before_share":"","sfsi_plus_gutenberg_icon_type":"","sfsi_plus_gutenberg_icon_alignemt":"","sfsi_plus_gutenburg_max_per_row":"","footnotes":""},"categories":[1312],"tags":[],"class_list":["post-4237","page","type-page","status-publish","hentry","category-francais"],"yoast_head":"<!-- This site is optimized with the Yoast SEO plugin v27.3 - https:\/\/yoast.com\/product\/yoast-seo-wordpress\/ -->\n<title>Politique de Livraison - Valwicz<\/title>\n<meta name=\"robots\" content=\"noindex, follow\" \/>\n<meta property=\"og:locale\" content=\"en_US\" \/>\n<meta property=\"og:type\" content=\"article\" \/>\n<meta property=\"og:title\" content=\"Politique de Livraison - Valwicz\" \/>\n<meta property=\"og:description\" content=\"Politique de livraison &#8211; Valwicz.com Bienvenue sur Valwicz.com, votre boutique en ligne de bijoux artisanaux. Nous mettons tout en \u0153uvre pour que vos commandes soient livr\u00e9es rapidement et en toute s\u00e9curit\u00e9. Vous trouverez ci-apr\u00e8s les d\u00e9tails de notre politique de livraison. 1. Zones de livraison Nous livrons en France, en Europe et \u00e0 l\u2019international.Pour les livraisons vers les DOM-TOM, nous utilisons exclusivement Colissimo. 2. D\u00e9lais et frais de livraison Les d\u00e9lais et frais de livraison...\" \/>\n<meta property=\"og:url\" content=\"https:\/\/valwicz.com\/en\/delivery-policy\/\" \/>\n<meta property=\"og:site_name\" content=\"Valwicz\" \/>\n<meta property=\"article:modified_time\" content=\"2025-11-30T11:38:48+00:00\" \/>\n<meta name=\"twitter:card\" content=\"summary_large_image\" \/>\n<meta name=\"twitter:site\" content=\"@Valwicz_\" \/>\n<script type=\"application\/ld+json\" class=\"yoast-schema-graph\">{\"@context\":\"https:\\\/\\\/schema.org\",\"@graph\":[{\"@type\":\"WebPage\",\"@id\":\"https:\\\/\\\/valwicz.com\\\/politique-de-livraison\\\/\",\"url\":\"https:\\\/\\\/valwicz.com\\\/politique-de-livraison\\\/\",\"name\":\"Politique de Livraison - Valwicz\",\"isPartOf\":{\"@id\":\"https:\\\/\\\/valwicz.com\\\/#website\"},\"datePublished\":\"2025-03-10T00:13:03+00:00\",\"dateModified\":\"2025-11-30T11:38:48+00:00\",\"breadcrumb\":{\"@id\":\"https:\\\/\\\/valwicz.com\\\/politique-de-livraison\\\/#breadcrumb\"},\"inLanguage\":\"en-US\",\"potentialAction\":[{\"@type\":\"ReadAction\",\"target\":[\"https:\\\/\\\/valwicz.com\\\/politique-de-livraison\\\/\"]}]},{\"@type\":\"BreadcrumbList\",\"@id\":\"https:\\\/\\\/valwicz.com\\\/politique-de-livraison\\\/#breadcrumb\",\"itemListElement\":[{\"@type\":\"ListItem\",\"position\":1,\"name\":\"Accueil\",\"item\":\"https:\\\/\\\/valwicz.com\\\/\"},{\"@type\":\"ListItem\",\"position\":2,\"name\":\"Politique de Livraison\"}]},{\"@type\":\"WebSite\",\"@id\":\"https:\\\/\\\/valwicz.com\\\/#website\",\"url\":\"https:\\\/\\\/valwicz.com\\\/\",\"name\":\"Valwicz\",\"description\":\"Audace | El\u00e9gance | D\u00e9sinvolture\",\"publisher\":{\"@id\":\"https:\\\/\\\/valwicz.com\\\/#organization\"},\"potentialAction\":[{\"@type\":\"SearchAction\",\"target\":{\"@type\":\"EntryPoint\",\"urlTemplate\":\"https:\\\/\\\/valwicz.com\\\/?s={search_term_string}\"},\"query-input\":{\"@type\":\"PropertyValueSpecification\",\"valueRequired\":true,\"valueName\":\"search_term_string\"}}],\"inLanguage\":\"en-US\"},{\"@type\":\"Organization\",\"@id\":\"https:\\\/\\\/valwicz.com\\\/#organization\",\"name\":\"Valwicz\",\"url\":\"https:\\\/\\\/valwicz.com\\\/\",\"logo\":{\"@type\":\"ImageObject\",\"inLanguage\":\"en-US\",\"@id\":\"https:\\\/\\\/valwicz.com\\\/#\\\/schema\\\/logo\\\/image\\\/\",\"url\":\"https:\\\/\\\/valwicz.com\\\/wp-content\\\/uploads\\\/2024\\\/10\\\/cropped-logo-Valwicz.jpg\",\"contentUrl\":\"https:\\\/\\\/valwicz.com\\\/wp-content\\\/uploads\\\/2024\\\/10\\\/cropped-logo-Valwicz.jpg\",\"width\":500,\"height\":234,\"caption\":\"Valwicz\"},\"image\":{\"@id\":\"https:\\\/\\\/valwicz.com\\\/#\\\/schema\\\/logo\\\/image\\\/\"},\"sameAs\":[\"https:\\\/\\\/x.com\\\/Valwicz_\",\"https:\\\/\\\/www.instagram.com\\\/_valwicz\\\/\",\"https:\\\/\\\/fr.pinterest.com\\\/Valwicz\\\/\",\"https:\\\/\\\/www.tiktok.com\\\/@_valwicz\"]}]}<\/script>\n<!-- \/ Yoast SEO plugin. -->","yoast_head_json":{"title":"Delivery Policy - Valwicz","robots":{"index":"noindex","follow":"follow"},"og_locale":"en_US","og_type":"article","og_title":"Politique de Livraison - Valwicz","og_description":"Politique de livraison &#8211; Valwicz.com Bienvenue sur Valwicz.com, votre boutique en ligne de bijoux artisanaux. Nous mettons tout en \u0153uvre pour que vos commandes soient livr\u00e9es rapidement et en toute s\u00e9curit\u00e9. Vous trouverez ci-apr\u00e8s les d\u00e9tails de notre politique de livraison. 1. Zones de livraison Nous livrons en France, en Europe et \u00e0 l\u2019international.Pour les livraisons vers les DOM-TOM, nous utilisons exclusivement Colissimo. 2. D\u00e9lais et frais de livraison Les d\u00e9lais et frais de livraison...","og_url":"https:\/\/valwicz.com\/en\/delivery-policy\/","og_site_name":"Valwicz","article_modified_time":"2025-11-30T11:38:48+00:00","twitter_card":"summary_large_image","twitter_site":"@Valwicz_","schema":{"@context":"https:\/\/schema.org","@graph":[{"@type":"WebPage","@id":"https:\/\/valwicz.com\/politique-de-livraison\/","url":"https:\/\/valwicz.com\/politique-de-livraison\/","name":"Delivery Policy - Valwicz","isPartOf":{"@id":"https:\/\/valwicz.com\/#website"},"datePublished":"2025-03-10T00:13:03+00:00","dateModified":"2025-11-30T11:38:48+00:00","breadcrumb":{"@id":"https:\/\/valwicz.com\/politique-de-livraison\/#breadcrumb"},"inLanguage":"en-US","potentialAction":[{"@type":"ReadAction","target":["https:\/\/valwicz.com\/politique-de-livraison\/"]}]},{"@type":"BreadcrumbList","@id":"https:\/\/valwicz.com\/politique-de-livraison\/#breadcrumb","itemListElement":[{"@type":"ListItem","position":1,"name":"Accueil","item":"https:\/\/valwicz.com\/"},{"@type":"ListItem","position":2,"name":"Politique de Livraison"}]},{"@type":"WebSite","@id":"https:\/\/valwicz.com\/#website","url":"https:\/\/valwicz.com\/","name":"Valwicz","description":"Boldness | Elegance | Casualness","publisher":{"@id":"https:\/\/valwicz.com\/#organization"},"potentialAction":[{"@type":"SearchAction","target":{"@type":"EntryPoint","urlTemplate":"https:\/\/valwicz.com\/?s={search_term_string}"},"query-input":{"@type":"PropertyValueSpecification","valueRequired":true,"valueName":"search_term_string"}}],"inLanguage":"en-US"},{"@type":"Organization","@id":"https:\/\/valwicz.com\/#organization","name":"Valwicz","url":"https:\/\/valwicz.com\/","logo":{"@type":"ImageObject","inLanguage":"en-US","@id":"https:\/\/valwicz.com\/#\/schema\/logo\/image\/","url":"https:\/\/valwicz.com\/wp-content\/uploads\/2024\/10\/cropped-logo-Valwicz.jpg","contentUrl":"https:\/\/valwicz.com\/wp-content\/uploads\/2024\/10\/cropped-logo-Valwicz.jpg","width":500,"height":234,"caption":"Valwicz"},"image":{"@id":"https:\/\/valwicz.com\/#\/schema\/logo\/image\/"},"sameAs":["https:\/\/x.com\/Valwicz_","https:\/\/www.instagram.com\/_valwicz\/","https:\/\/fr.pinterest.com\/Valwicz\/","https:\/\/www.tiktok.com\/@_valwicz"]}]}},"_links":{"self":[{"href":"https:\/\/valwicz.com\/en\/wp-json\/wp\/v2\/pages\/4237","targetHints":{"allow":["GET"]}}],"collection":[{"href":"https:\/\/valwicz.com\/en\/wp-json\/wp\/v2\/pages"}],"about":[{"href":"https:\/\/valwicz.com\/en\/wp-json\/wp\/v2\/types\/page"}],"author":[{"embeddable":true,"href":"https:\/\/valwicz.com\/en\/wp-json\/wp\/v2\/users\/4"}],"replies":[{"embeddable":true,"href":"https:\/\/valwicz.com\/en\/wp-json\/wp\/v2\/comments?post=4237"}],"version-history":[{"count":2,"href":"https:\/\/valwicz.com\/en\/wp-json\/wp\/v2\/pages\/4237\/revisions"}],"predecessor-version":[{"id":6732,"href":"https:\/\/valwicz.com\/en\/wp-json\/wp\/v2\/pages\/4237\/revisions\/6732"}],"wp:attachment":[{"href":"https:\/\/valwicz.com\/en\/wp-json\/wp\/v2\/media?parent=4237"}],"wp:term":[{"taxonomy":"category","embeddable":true,"href":"https:\/\/valwicz.com\/en\/wp-json\/wp\/v2\/categories?post=4237"},{"taxonomy":"post_tag","embeddable":true,"href":"https:\/\/valwicz.com\/en\/wp-json\/wp\/v2\/tags?post=4237"}],"curies":[{"name":"wp","href":"https:\/\/api.w.org\/{rel}","templated":true}]}}