{"id":4144,"date":"2025-03-01T19:30:04","date_gmt":"2025-03-01T18:30:04","guid":{"rendered":"https:\/\/valwicz.com\/?page_id=4144"},"modified":"2025-11-30T12:37:07","modified_gmt":"2025-11-30T11:37:07","slug":"care-of-your-wooden-and-natural-stone-necklace","status":"publish","type":"page","link":"https:\/\/valwicz.com\/en\/entretien-de-votre-collier-en-bois-et-pierres-naturelles\/","title":{"rendered":"Caring for necklaces made of wood and natural stones: tips and tricks"},"content":{"rendered":"<h2 class=\"wp-block-heading\">How to care for your handcrafted wood and pearl necklace?<\/h2>\n\n\n\n<div class=\"wp-block-columns is-layout-flex wp-container-core-columns-is-layout-9d6595d7 wp-block-columns-is-layout-flex\">\n<div class=\"wp-block-column is-layout-flow wp-block-column-is-layout-flow\" style=\"flex-basis:100%\">\n<h3 class=\"wp-block-heading\"><strong>Caring for your necklace the way you care for yourself<\/strong><\/h3>\n<\/div>\n<\/div>\n\n\n\n<div class=\"wp-block-columns is-layout-flex wp-container-core-columns-is-layout-9d6595d7 wp-block-columns-is-layout-flex\">\n<div class=\"wp-block-column is-layout-flow wp-block-column-is-layout-flow\">\n<p>Rest assured, ladies, caring for a wooden and gemstone necklace requires very little time! It is much more than just a piece of jewelry. It carries within it the memory of the carved wood, the energy of the stones that compose it, and the intention of the artisan who crafted it. <strong><em>Like our own bodies<\/em><\/strong>, It evolves over time, it breathes, it absorbs the elements and movements of life. To preserve its beauty and strength, it requires special attention.<\/p>\n\n\n\n<h6 class=\"wp-block-heading\">Wood, a living material<\/h6>\n\n\n\n<p>Wood softens and develops a patina when touched by the skin, but can also dry out if left untreated. Pearls, whether mineral or organic, absorb light and the environment, and deserve to be protected from external aggression. Caring for your necklace is not just about extending its life, it's also about respecting the material, <strong><em>honoring what is natural<\/em><\/strong> and allow it to flourish over time.<br>With a few simple gestures, you can accompany your jewel on its journey, giving it what it needs to endure the years with elegance and authenticity. <br>Find out here how to preserve and care for your wood and pearl necklace so that it stays with you for a long time.<\/p>\n<\/div>\n<\/div>\n\n\n\n<h6 class=\"wp-block-heading\"><strong>Avoid water and humidity<\/strong><\/h6>\n\n\n\n<p>Wood and certain types of natural stone can be <strong><em>water-sensitive<\/em><\/strong>. It is recommended to :<br>Remove your collar before showering, bathing or swimming.<br>To preserve wood and pearls, avoid very humid environments.<\/p>\n\n\n\n<h6 class=\"wp-block-heading\"><strong>Gentle, natural cleaning<\/strong><\/h6>\n\n\n\n<p>Use a <strong><em>soft, dry cloth<\/em><\/strong> to regularly remove dust from the collar.<br>For wood, apply a drop of natural oil (jojoba, sweet almond). <strong><em>once or twice a year<\/em><\/strong> to nourish and protect the material.<br>For stones, a light wipe with a slightly damp cloth may suffice.<\/p>\n\n\n\n<h6 class=\"wp-block-heading\"><strong>Protection against heat and chemicals<\/strong><\/h6>\n\n\n\n<p>Do not expose the collar to <strong><em>extreme temperatures<\/em><\/strong> or a <em><strong>prolonged sunlight<\/strong><\/em>.<br>Avoid contact with perfume, chemicals or make-up that could damage the stones and wood.<\/p>\n\n\n\n<h6 class=\"wp-block-heading\"><strong>Energetic recharging of stones <\/strong><\/h6>\n\n\n\n<p>Place the stones under the <strong><em>full moon<\/em><\/strong> for natural recharging.<br>For certain stones, such as labradorite, recharging on a <strong><em>quartz cluster<\/em><\/strong> or a <strong><em>amethyst geode<\/em><\/strong> can be beneficial.<\/p>\n\n\n\n<div class=\"wp-block-columns is-layout-flex wp-container-core-columns-is-layout-9d6595d7 wp-block-columns-is-layout-flex\">\n<div class=\"wp-block-column is-layout-flow wp-block-column-is-layout-flow\">\n<p>The <strong>Padouk wood<\/strong> is an exotic species renowned for its <strong>sturdiness, durability and an orange-red hue that changes over time<\/strong>. It has one notable feature: it <strong>sweat<\/strong> under the influence of heat and humidity. This &quot;transpiration&quot; corresponds to the exudation of natural resins contained in the wood.<\/p>\n\n\n\n<h6 class=\"wp-block-heading\"><strong>Special features of Padouk wood<\/strong><\/h6>\n\n\n\n<p><strong>Why does Padouk sweat?<\/strong><\/p>\n\n\n\n<ul class=\"wp-block-list\">\n<li>Padouk is rich in resins and natural oils, which protect it from external aggressions (insects, fungi, humidity).<\/li>\n\n\n\n<li>When wood is exposed to rising temperatures or humidity, these substances rise to the surface in the form of micro-exudations.<\/li>\n\n\n\n<li>This is particularly visible on smooth or varnished surfaces, where exudation sometimes creates a sticky film.<\/li>\n<\/ul>\n\n\n\n<p><strong>How to care for Padouk wood<\/strong><\/p>\n\n\n\n<ul class=\"wp-block-list\">\n<li><strong><em>Cleaning <\/em><\/strong>Regular: Wipe the surface with a soft, clean cloth to remove excess resin.<\/li>\n\n\n\n<li>Use of a <strong><em>degreaser <\/em><\/strong>Gentle: diluted spirit or vinegar can help remove resin without damaging the wood.<\/li>\n\n\n\n<li><em><strong>Oiling<\/strong> <\/em>(optional): A specific oil for exotic woods can help stabilize the surface and reduce rising.<\/li>\n\n\n\n<li><strong><em>Sanding <\/em><\/strong>Light sanding if necessary: If the exudation becomes too significant, light sanding with an abrasive sponge can help open the pores of the wood and limit the phenomenon.<\/li>\n<\/ul>\n<\/div>\n<\/div>\n\n\n\n<h6 class=\"wp-block-heading\">Practical info<\/h6>\n\n\n\n<p>You can discover our collections of handcrafted creations by following this link <a href=\"https:\/\/valwicz.com\/en\/creations\/\">link<\/a>. Furthermore, if you would like to discuss the care of a wooden and stone necklace or ask a question, we invite you to join our <a href=\"https:\/\/valwicz.com\/en\/contact\/\">space for exchange<\/a> dedicated.<\/p>\n\n\n\n<p>Finally, <a href=\"https:\/\/valwicz.com\/en\/atelier-valwicz-handcrafted-creations-and-unique-jewelry\/\">Workshop<\/a> also opens its doors for a total immersion in the world of Valwicz.<\/p>\n\n\n\n<div class=\"wp-block-columns is-layout-flex wp-container-core-columns-is-layout-9d6595d7 wp-block-columns-is-layout-flex\">\n<div class=\"wp-block-column is-layout-flow wp-block-column-is-layout-flow\"><\/div>\n\n\n\n<div class=\"wp-block-column is-vertically-aligned-center is-layout-flow wp-block-column-is-layout-flow\"><div class=\"sfsi_plus_widget\"><div id=\"sfsi_plus_wDiv\"><\/div><div class=\"sfsiplus_norm_row sfsi_plus_wDiv\"  style=\"width:270px;position:absolute;;text-align:center\"><div style='width:40px; height:auto;margin-left:5px;margin-bottom:5px;' class='sfsi_plus_wicons shuffeldiv1'><div class='sfsiplus_inerCnt'><a class='sficn1' data-effect='scale' target='_blank' rel='noopener'  href='https:\/\/valwicz.com\/en\/feed\/'  style='width:40px; height:40px;opacity:1;' ><img alt='RSS' title='RSS' src='https:\/\/valwicz.com\/wp-content\/plugins\/ultimate-social-media-plus\/images\/icons_theme\/thin\/thin_rss.png' width='40' height='40' style='' class='sfcm sfsi_wicon sfsiplusid_round_icon_rss' data-effect='scale'  \/><\/a><\/div><\/div><div style='width:40px; height:auto;margin-left:5px;margin-bottom:5px;' class='sfsi_plus_wicons shuffeldiv1'><div class='sfsiplus_inerCnt'><a class='sficn1' data-effect='scale'   href='javascript:void(0);'  style='width:40px; height:40px;opacity:1;' ><img alt='Pinterest' title='Pinterest' src='https:\/\/valwicz.com\/wp-content\/plugins\/ultimate-social-media-plus\/images\/icons_theme\/thin\/thin_pinterest.png' width='40' height='40' style='' class='sfcm sfsi_wicon sfsiplusid_round_icon_pinterest' data-effect='scale'  \/><\/a><div class=\"sfsi_plus_tool_tip_2 sfsi_plus_printst_tool_bdr sfsi_plus_Tlleft sfsiplusid_pinterest\" style=\"display:block;width:73px;opacity:0;z-index:-1;\"><span class=\"bot_arow bot_pintst_arow\"><\/span><div class=\"sfsi_plus_inside\"><div  class='icon1'><a href='https:\/\/fr.pinterest.com\/Valwicz\/' target='_blank' rel='noopener'><img data-pin-nopin='true' class='sfsi_wicon'  alt='Pinterest' title='Pinterest' src='https:\/\/valwicz.com\/wp-content\/plugins\/ultimate-social-media-plus\/images\/visit_icons\/pinterest.png' \/><\/a><\/div><div  class='icon2'><a data-pin-custom='true' href='https:\/\/www.pinterest.com\/pin\/create\/button\/?url=https:\/\/valwicz.com\/en\/wp-json\/wp\/v2\/pages\/4144' target='_blank' rel='noopener'><img class='sfsi_wicon' data-pin-nopin='true' alt='fb-share-icon' title='Pin Share' src='https:\/\/valwicz.com\/wp-content\/plugins\/ultimate-social-media-plus\/images\/share_icons\/Pinterest_Save\/fr_FR_save.svg' \/><\/a><\/div><\/div><\/div><\/div><\/div><div style='width:40px; height:auto;margin-left:5px;margin-bottom:5px;' class='sfsi_plus_wicons shuffeldiv1'><div class='sfsiplus_inerCnt'><a class='sficn1' data-effect='scale' target='_blank' rel='noopener'  href='https:\/\/www.facebook.com\/profile.php?id=61573895648767'  style='width:40px; height:40px;opacity:1;' ><img alt='Facebook' title='Facebook' src='https:\/\/valwicz.com\/wp-content\/plugins\/ultimate-social-media-plus\/images\/icons_theme\/thin\/thin_fb.png' width='40' height='40' style='' class='sfcm sfsi_wicon sfsiplusid_round_icon_facebook' data-effect='scale'  \/><\/a><div class=\"sfsi_plus_tool_tip_2 sfsi_plus_fb_tool_bdr sfsi_plus_Tlleft sfsiplusid_facebook\" style=\"display:block;width:62px;opacity:0;z-index:-1;\"><span class=\"bot_arow bot_fb_arow\"><\/span><div class=\"sfsi_plus_inside\"><div  class='icon1'><a href='https:\/\/www.facebook.com\/profile.php?id=61573895648767' target='_blank' rel='noopener'><img class='sfsi_plus_wicon' alt='Facebook' title='Facebook' src='https:\/\/valwicz.com\/wp-content\/plugins\/ultimate-social-media-plus\/images\/visit_icons\/Visit_us_fb\/icon_Visit_us_en_US.png'  \/><\/a><\/div><div  class='icon2'><div class=\"fb-like\" data-width=\"180\" data-show-faces=\"false\" data-href=\"https%3A%2F%2Fvalwicz.com%2Fen%2Fwp-json%2Fwp%2Fv2%2Fpages%2F4144%2F\" data-layout=\"button\" data-action=\"like\" data-share=\"false\" ><\/div><\/div><div  class='icon3'><a target='_blank' href='https:\/\/www.facebook.com\/sharer\/sharer.php?u=https%3A%2F%2Fvalwicz.com%2Fen%2Fwp-json%2Fwp%2Fv2%2Fpages%2F4144' style='display:inline-block;'> <img class='sfsi_wicon'  data-pin-nopin='true' width='auto' height='auto' alt='fb-share-icon' title='Facebook Share' src='https:\/\/valwicz.com\/wp-content\/plugins\/ultimate-social-media-plus\/images\/share_icons\/fb_icons\/fr_FR.svg'' \/><\/a><\/div><\/div><\/div><\/div><\/div><div style='width:40px; height:auto;margin-left:5px;margin-bottom:5px;' class='sfsi_plus_wicons shuffeldiv1'><div class='sfsiplus_inerCnt'><a class='sficn1' data-effect='scale' target='_blank' rel='noopener'  href='https:\/\/www.instagram.com\/valwicz__\/'  style='width:40px; height:40px;opacity:1;' ><img alt='Instagram' title='Instagram' src='https:\/\/valwicz.com\/wp-content\/plugins\/ultimate-social-media-plus\/images\/icons_theme\/thin\/thin_instagram.png' width='40' height='40' style='' class='sfcm sfsi_wicon sfsiplusid_round_icon_instagram' data-effect='scale'  \/><\/a><\/div><\/div><div style='width:40px; height:auto;margin-left:5px;margin-bottom:5px;' class='sfsi_plus_wicons shuffeldiv1'><div class='sfsiplus_inerCnt'><a class='sficn1' data-effect='scale' target='_blank' rel='noopener'  href='https:\/\/x.com\/Valwicz_'  style='width:40px; height:40px;opacity:1;' ><img alt='X (Twitter)' title='X (Twitter)' src='https:\/\/valwicz.com\/wp-content\/plugins\/ultimate-social-media-plus\/images\/icons_theme\/thin\/thin_twitter.png' width='40' height='40' style='' class='sfcm sfsi_wicon sfsiplusid_round_icon_twitter' data-effect='scale'  \/><\/a><div class=\"sfsi_plus_tool_tip_2 sfsi_plus_twt_tool_bdr sfsi_plus_Tlleft sfsiplusid_twitter\" style=\"display:block;width:59px;opacity:0;z-index:-1;\"><span class=\"bot_arow bot_twt_arow\"><\/span><div class=\"sfsi_plus_inside\"><style>#sfsi_plus_floater .sfsi_plus_twt_tool_bdr .sfsi_plus_inside{margin-top: -18px;}<\/style><div  class='cstmicon1'><a href='https:\/\/x.com\/Valwicz_' target='_blank' rel='noopener'><img class='sfsi_plus_wicon' alt='Visit Us' title='Visit Us' src='https:\/\/valwicz.com\/wp-content\/plugins\/ultimate-social-media-plus\/images\/visit_icons\/Visit_us_twitter\/icon_Visit_us_en_US.png'  \/><\/a><\/div><div  class='icon1'><a target='_blank' rel='noopener' href='https:\/\/twitter.com\/intent\/user?screen_name=Valwicz'><img nopin='nopin' width='auto' src='https:\/\/valwicz.com\/wp-content\/plugins\/ultimate-social-media-plus\/images\/share_icons\/Twitter_Follow\/fr_FR_Follow.svg' class='sfsi_premium_wicon' alt='Follow Me' title='Follow Me' style='opacity: 1;''><\/a><\/div><div  class='icon2'><div class='sf_twiter' style='display: inline-block;vertical-align: middle;width: auto;'>\n\t\t\t\t\t\t<a target='_blank' href='https:\/\/x.com\/intent\/post?text=site+de+vente+de+bijou+artisanal%3A+valwicz.com+%23BijouxArtisanal+via%40Valwicz https:\/\/valwicz.com\/en\/wp-json\/wp\/v2\/pages\/4144'style='display:inline-block' >\n\t\t\t\t\t\t\t<img nopin=\"nopin\" width='auto' class='sfsi_plus_wicon' src='https:\/\/valwicz.com\/wp-content\/plugins\/ultimate-social-media-plus\/images\/share_icons\/Twitter_Tweet\/fr_FR_Tweet.svg' alt='Tweet' title='Tweet' >\n\t\t\t\t\t\t<\/a>\n\t\t\t\t\t<\/div><\/div><\/div><\/div><\/div><\/div><div style='width:40px; height:auto;margin-left:5px;margin-bottom:5px;' class='sfsi_plus_wicons shuffeldiv1'><div class='sfsiplus_inerCnt'><a class='sficn1' data-effect='scale' target='_blank' rel='noopener'  href='https:\/\/www.youtube.com\/@Valwicz-Les-Colliers'  style='width:40px; height:40px;opacity:1;' ><img alt='YouTube' title='YouTube' src='https:\/\/valwicz.com\/wp-content\/plugins\/ultimate-social-media-plus\/images\/icons_theme\/thin\/thin_youtube.png' width='40' height='40' style='' class='sfcm sfsi_wicon sfsiplusid_round_icon_youtube' data-effect='scale'  \/><\/a><div class=\"sfsi_plus_tool_tip_2 utube_tool_bdr sfsi_plus_Tlleft sfsiplusid_youtube\" style=\"display:block;width:96px;opacity:0;z-index:-1;\"><span class=\"bot_arow bot_utube_arow\"><\/span><div class=\"sfsi_plus_inside\"><div  class='icon1'><a href='https:\/\/www.youtube.com\/@Valwicz-Les-Colliers'  target='_blank' rel='noopener'><img class='sfsi_plus_wicon' alt='YouTube' title='YouTube' src='https:\/\/valwicz.com\/wp-content\/plugins\/ultimate-social-media-plus\/images\/visit_icons\/youtube.png'  \/><\/a><\/div><div  class='icon2'><div class=\"g-ytsubscribe\" data-channelid=\"UCu4iaWzioeUxGWQGAxdJGeQ\" data-layout=\"default\" data-count=\"hidden\"><\/div><\/div><\/div><\/div><\/div><\/div><\/div><div id=\"sfsi_holder\" class=\"sfsi_plus_holders\" style=\"position: relative; float: left;width:100%;z-index:-1;\"><\/div><script><\/script><div style=\"clear: both;\"><\/div><\/div>\n<\/div>\n\n\n\n<div class=\"wp-block-column is-layout-flow wp-block-column-is-layout-flow\"><\/div>\n<\/div>\n\n\n\n<p><\/p>\n\n\n\n<p><\/p>","protected":false},"excerpt":{"rendered":"<p>Comment entretenir votre collier artisanal en bois et perles ? Prendre soin de son collier, comme on prend soin de soi Je vous rassure Mesdames, l&rsquo;entretien d&rsquo;un collier en bois et en pierres ne n\u00e9cessite que peu de temps ! Il est bien plus qu\u2019un simple bijou. Il porte en lui la m\u00e9moire du bois sculpt\u00e9, l\u2019\u00e9nergie des pierres qui le composent et l\u2019intention de l\u2019artisan qui l\u2019a fa\u00e7onn\u00e9. Comme notre propre corps, il \u00e9volue&#8230;<\/p>","protected":false},"author":3,"featured_media":0,"parent":0,"menu_order":0,"comment_status":"closed","ping_status":"closed","template":"","meta":{"sfsi_plus_gutenberg_text_before_share":"","sfsi_plus_gutenberg_show_text_before_share":"","sfsi_plus_gutenberg_icon_type":"","sfsi_plus_gutenberg_icon_alignemt":"","sfsi_plus_gutenburg_max_per_row":"","footnotes":""},"categories":[1312],"tags":[],"class_list":["post-4144","page","type-page","status-publish","hentry","category-francais"],"yoast_head":"<!-- This site is optimized with the Yoast SEO plugin v27.3 - https:\/\/yoast.com\/product\/yoast-seo-wordpress\/ -->\n<title>Entretien collier bois et pierres | conseils et astuces - Valwicz<\/title>\n<meta name=\"description\" content=\"D\u00e9couvrez nos conseils d&#039;entretien du collier en bois et pierres naturelles : nettoyage, protection, astuces pour pr\u00e9server sa beaut\u00e9.\" \/>\n<meta name=\"robots\" content=\"noindex, follow\" \/>\n<meta property=\"og:locale\" content=\"en_US\" \/>\n<meta property=\"og:type\" content=\"article\" \/>\n<meta property=\"og:title\" content=\"Entretien collier bois et pierres | conseils et astuces - Valwicz\" \/>\n<meta property=\"og:description\" content=\"D\u00e9couvrez nos conseils d&#039;entretien du collier en bois et pierres naturelles : nettoyage, protection, astuces pour pr\u00e9server sa beaut\u00e9.\" \/>\n<meta property=\"og:url\" content=\"https:\/\/valwicz.com\/en\/care-of-your-wooden-and-natural-stone-necklace\/\" \/>\n<meta property=\"og:site_name\" content=\"Valwicz\" \/>\n<meta property=\"article:modified_time\" content=\"2025-11-30T11:37:07+00:00\" \/>\n<meta name=\"twitter:card\" content=\"summary_large_image\" \/>\n<meta name=\"twitter:site\" content=\"@Valwicz_\" \/>\n<script type=\"application\/ld+json\" class=\"yoast-schema-graph\">{\"@context\":\"https:\\\/\\\/schema.org\",\"@graph\":[{\"@type\":\"WebPage\",\"@id\":\"https:\\\/\\\/valwicz.com\\\/entretien-de-votre-collier-en-bois-et-pierres-naturelles\\\/\",\"url\":\"https:\\\/\\\/valwicz.com\\\/entretien-de-votre-collier-en-bois-et-pierres-naturelles\\\/\",\"name\":\"Entretien collier bois et pierres | conseils et astuces - Valwicz\",\"isPartOf\":{\"@id\":\"https:\\\/\\\/valwicz.com\\\/#website\"},\"datePublished\":\"2025-03-01T18:30:04+00:00\",\"dateModified\":\"2025-11-30T11:37:07+00:00\",\"description\":\"D\u00e9couvrez nos conseils d'entretien du collier en bois et pierres naturelles : nettoyage, protection, astuces pour pr\u00e9server sa beaut\u00e9.\",\"breadcrumb\":{\"@id\":\"https:\\\/\\\/valwicz.com\\\/entretien-de-votre-collier-en-bois-et-pierres-naturelles\\\/#breadcrumb\"},\"inLanguage\":\"en-US\",\"potentialAction\":[{\"@type\":\"ReadAction\",\"target\":[\"https:\\\/\\\/valwicz.com\\\/entretien-de-votre-collier-en-bois-et-pierres-naturelles\\\/\"]}]},{\"@type\":\"BreadcrumbList\",\"@id\":\"https:\\\/\\\/valwicz.com\\\/entretien-de-votre-collier-en-bois-et-pierres-naturelles\\\/#breadcrumb\",\"itemListElement\":[{\"@type\":\"ListItem\",\"position\":1,\"name\":\"Accueil\",\"item\":\"https:\\\/\\\/valwicz.com\\\/\"},{\"@type\":\"ListItem\",\"position\":2,\"name\":\"Entretien des colliers en bois et pierres naturelles : conseils et astuces\"}]},{\"@type\":\"WebSite\",\"@id\":\"https:\\\/\\\/valwicz.com\\\/#website\",\"url\":\"https:\\\/\\\/valwicz.com\\\/\",\"name\":\"Valwicz\",\"description\":\"Audace | El\u00e9gance | D\u00e9sinvolture\",\"publisher\":{\"@id\":\"https:\\\/\\\/valwicz.com\\\/#organization\"},\"potentialAction\":[{\"@type\":\"SearchAction\",\"target\":{\"@type\":\"EntryPoint\",\"urlTemplate\":\"https:\\\/\\\/valwicz.com\\\/?s={search_term_string}\"},\"query-input\":{\"@type\":\"PropertyValueSpecification\",\"valueRequired\":true,\"valueName\":\"search_term_string\"}}],\"inLanguage\":\"en-US\"},{\"@type\":\"Organization\",\"@id\":\"https:\\\/\\\/valwicz.com\\\/#organization\",\"name\":\"Valwicz\",\"url\":\"https:\\\/\\\/valwicz.com\\\/\",\"logo\":{\"@type\":\"ImageObject\",\"inLanguage\":\"en-US\",\"@id\":\"https:\\\/\\\/valwicz.com\\\/#\\\/schema\\\/logo\\\/image\\\/\",\"url\":\"https:\\\/\\\/valwicz.com\\\/wp-content\\\/uploads\\\/2024\\\/10\\\/cropped-logo-Valwicz.jpg\",\"contentUrl\":\"https:\\\/\\\/valwicz.com\\\/wp-content\\\/uploads\\\/2024\\\/10\\\/cropped-logo-Valwicz.jpg\",\"width\":500,\"height\":234,\"caption\":\"Valwicz\"},\"image\":{\"@id\":\"https:\\\/\\\/valwicz.com\\\/#\\\/schema\\\/logo\\\/image\\\/\"},\"sameAs\":[\"https:\\\/\\\/x.com\\\/Valwicz_\",\"https:\\\/\\\/www.instagram.com\\\/_valwicz\\\/\",\"https:\\\/\\\/fr.pinterest.com\\\/Valwicz\\\/\",\"https:\\\/\\\/www.tiktok.com\\\/@_valwicz\"]}]}<\/script>\n<!-- \/ Yoast SEO plugin. -->","yoast_head_json":{"title":"Caring for a wooden and stone necklace | Tips and tricks - Valwicz","description":"Discover our care tips for your wooden and natural stone necklace: cleaning, protection, tips to preserve its beauty.","robots":{"index":"noindex","follow":"follow"},"og_locale":"en_US","og_type":"article","og_title":"Entretien collier bois et pierres | conseils et astuces - Valwicz","og_description":"D\u00e9couvrez nos conseils d'entretien du collier en bois et pierres naturelles : nettoyage, protection, astuces pour pr\u00e9server sa beaut\u00e9.","og_url":"https:\/\/valwicz.com\/en\/care-of-your-wooden-and-natural-stone-necklace\/","og_site_name":"Valwicz","article_modified_time":"2025-11-30T11:37:07+00:00","twitter_card":"summary_large_image","twitter_site":"@Valwicz_","schema":{"@context":"https:\/\/schema.org","@graph":[{"@type":"WebPage","@id":"https:\/\/valwicz.com\/entretien-de-votre-collier-en-bois-et-pierres-naturelles\/","url":"https:\/\/valwicz.com\/entretien-de-votre-collier-en-bois-et-pierres-naturelles\/","name":"Caring for a wooden and stone necklace | Tips and tricks - Valwicz","isPartOf":{"@id":"https:\/\/valwicz.com\/#website"},"datePublished":"2025-03-01T18:30:04+00:00","dateModified":"2025-11-30T11:37:07+00:00","description":"Discover our care tips for your wooden and natural stone necklace: cleaning, protection, tips to preserve its beauty.","breadcrumb":{"@id":"https:\/\/valwicz.com\/entretien-de-votre-collier-en-bois-et-pierres-naturelles\/#breadcrumb"},"inLanguage":"en-US","potentialAction":[{"@type":"ReadAction","target":["https:\/\/valwicz.com\/entretien-de-votre-collier-en-bois-et-pierres-naturelles\/"]}]},{"@type":"BreadcrumbList","@id":"https:\/\/valwicz.com\/entretien-de-votre-collier-en-bois-et-pierres-naturelles\/#breadcrumb","itemListElement":[{"@type":"ListItem","position":1,"name":"Accueil","item":"https:\/\/valwicz.com\/"},{"@type":"ListItem","position":2,"name":"Entretien des colliers en bois et pierres naturelles : conseils et astuces"}]},{"@type":"WebSite","@id":"https:\/\/valwicz.com\/#website","url":"https:\/\/valwicz.com\/","name":"Valwicz","description":"Boldness | Elegance | Casualness","publisher":{"@id":"https:\/\/valwicz.com\/#organization"},"potentialAction":[{"@type":"SearchAction","target":{"@type":"EntryPoint","urlTemplate":"https:\/\/valwicz.com\/?s={search_term_string}"},"query-input":{"@type":"PropertyValueSpecification","valueRequired":true,"valueName":"search_term_string"}}],"inLanguage":"en-US"},{"@type":"Organization","@id":"https:\/\/valwicz.com\/#organization","name":"Valwicz","url":"https:\/\/valwicz.com\/","logo":{"@type":"ImageObject","inLanguage":"en-US","@id":"https:\/\/valwicz.com\/#\/schema\/logo\/image\/","url":"https:\/\/valwicz.com\/wp-content\/uploads\/2024\/10\/cropped-logo-Valwicz.jpg","contentUrl":"https:\/\/valwicz.com\/wp-content\/uploads\/2024\/10\/cropped-logo-Valwicz.jpg","width":500,"height":234,"caption":"Valwicz"},"image":{"@id":"https:\/\/valwicz.com\/#\/schema\/logo\/image\/"},"sameAs":["https:\/\/x.com\/Valwicz_","https:\/\/www.instagram.com\/_valwicz\/","https:\/\/fr.pinterest.com\/Valwicz\/","https:\/\/www.tiktok.com\/@_valwicz"]}]}},"_links":{"self":[{"href":"https:\/\/valwicz.com\/en\/wp-json\/wp\/v2\/pages\/4144","targetHints":{"allow":["GET"]}}],"collection":[{"href":"https:\/\/valwicz.com\/en\/wp-json\/wp\/v2\/pages"}],"about":[{"href":"https:\/\/valwicz.com\/en\/wp-json\/wp\/v2\/types\/page"}],"author":[{"embeddable":true,"href":"https:\/\/valwicz.com\/en\/wp-json\/wp\/v2\/users\/3"}],"replies":[{"embeddable":true,"href":"https:\/\/valwicz.com\/en\/wp-json\/wp\/v2\/comments?post=4144"}],"version-history":[{"count":2,"href":"https:\/\/valwicz.com\/en\/wp-json\/wp\/v2\/pages\/4144\/revisions"}],"predecessor-version":[{"id":6727,"href":"https:\/\/valwicz.com\/en\/wp-json\/wp\/v2\/pages\/4144\/revisions\/6727"}],"wp:attachment":[{"href":"https:\/\/valwicz.com\/en\/wp-json\/wp\/v2\/media?parent=4144"}],"wp:term":[{"taxonomy":"category","embeddable":true,"href":"https:\/\/valwicz.com\/en\/wp-json\/wp\/v2\/categories?post=4144"},{"taxonomy":"post_tag","embeddable":true,"href":"https:\/\/valwicz.com\/en\/wp-json\/wp\/v2\/tags?post=4144"}],"curies":[{"name":"wp","href":"https:\/\/api.w.org\/{rel}","templated":true}]}}