{"id":1862,"date":"2024-10-26T00:19:06","date_gmt":"2024-10-25T22:19:06","guid":{"rendered":"https:\/\/valwicz.com\/a-propos-de\/"},"modified":"2026-01-27T12:40:26","modified_gmt":"2026-01-27T11:40:26","slug":"about","status":"publish","type":"page","link":"https:\/\/valwicz.com\/en\/a-propos-de\/","title":{"rendered":"About Valwicz"},"content":{"rendered":"<h2 class=\"wp-block-heading\"><strong>The story of Valwicz<\/strong><\/h2>\n\n\n\n<p>Since 1994, an evolving artistic path: passing through 3D, fine art, video editing and web development. In 2011, a fascination with bamboo marked a turning point, leading to an in-depth exploration of its potential. In 2017, an inspiring encounter revealed the essence of the feminine, guiding the artistic vision towards the creation of unique jewelry.<\/p>\n\n\n\n<h2 class=\"wp-block-heading\"><strong>Vision<\/strong><\/h2>\n\n\n\n<p>At Valwicz, each piece of jewelry tells a story. Inspired by the natural beauty of materials and feminine curves. <\/p>\n\n\n\n<p class=\"darklup-observer--node darklup--observed\" data-start=\"375\" data-end=\"741\">The carved wood already carries a memory: the warmth of the sun, the slowness of the seasons, the patience of nature. <br class=\"darklup--observed\" \/>The stones, however, bear traces of earth, water, and fire. <br class=\"darklup--observed\" \/>When these two worlds meet, something else appears: an object that is no longer just a necklace, but a fragment of ritual.<\/p>\n<p class=\"darklup-observer--node darklup--observed\" data-start=\"743\" data-end=\"1047\">The <strong class=\"darklup--observed\" data-start=\"746\" data-end=\"768\">temple of women<\/strong>, It is not a place of stone, but a living space where one remembers who one is. A gentle strength, an unadorned beauty, a grounded presence. Valwicz&#039;s creations seek to clothe this invisible temple: they do not follow trends, they are rooted in timelessness.<\/p>\n<p class=\"darklup-observer--node darklup--observed\" data-start=\"1049\" data-end=\"1236\">Wearing a Valwicz jewel is like surrounding yourself with a talisman. It&#039;s letting the wood and stone resonate with your own body, like a silent dialogue between the visible and the invisible.<\/p>\n\n\n\n<h2 class=\"wp-block-heading\"><strong>Creations<\/strong><\/h2>\n\n\n\n<p>At Valwicz, necklaces combine boldness, elegance and casualness. Each piece is handcrafted in the workshop, using noble materials such as precious wood, semi-precious stones, natural seeds and crystal. The collections come in a variety of shapes, including :<\/p>\n\n\n\n<ul class=\"wp-block-list\">\n<li><strong>Lavalli\u00e8res&nbsp;<\/strong>Long, elegant necklaces that enhance d\u00e9collet\u00e9.<\/li>\n\n\n\n<li><strong>Chokers&nbsp;<\/strong>Choker necklaces add a modern, sophisticated touch.<\/li>\n\n\n\n<li><strong>Princesses<\/strong> Authentic chic necklaces with a unique and refined design, handcrafted elegance.<\/li>\n\n\n\n<li><strong>Tie<\/strong>s: Necklaces inspired by the traditional tie, offering a unique look.<\/li>\n\n\n\n<li><strong>Silk scarves<\/strong>&nbsp;Lightweight scarves adorned with pearls and stones, combining comfort and style.<\/li>\n\n\n\n<li><strong>Crew neck<\/strong> : custom-made, alternating between delicacy and ornamentation to enhance the neck.<\/li>\n\n\n\n<li><strong>Lariats<\/strong> Necklaces to enhance your look, in a fairly wide range of styles, made of pearls and crystals.<\/li>\n<\/ul>\n\n\n\n<p>The \u00abWood, stones and pearls\u00bb collection features wood species such as Ebony, Amaranth and Ziricote, combined with stones such as Jasper, Garnet and Hematite. The \u00abStones and Pearls\u00bb collection features silk scarves adorned with stones such as mica, pyrite and obsidian.&nbsp;<\/p>\n\n\n\n<h2 class=\"wp-block-heading\"><strong>The Valwicz workshop<\/strong><\/h2>\n\n\n\n<p>It is in this workshop that the magic happens. Each piece begins with a meticulous selection of materials:<\/p>\n\n\n\n<ul class=\"wp-block-list\">\n<li><strong>The wood<\/strong>, Chosen for its unique colours, density and veining, it is carefully sculpted to reveal its full depth and character.<\/li>\n\n\n\n<li><strong>Pearls and stones<\/strong>, Stringed together one by one, they bring nuances and textures that enhance each creation.<\/li>\n<\/ul>\n\n\n\n<p>The creative process is a constant dialogue with the material, where every detail counts. Innovative clasps, whether magnetic or puzzle-like, extend this sensory experience by combining aesthetics and practicality.<\/p>\n\n\n\n<h3 class=\"wp-block-heading\"><strong>Craftsmanship<\/strong><\/h3>\n\n\n\n<p>For years, Valwicz has been committed to offering handcrafted jewelry, where every detail is carefully considered to reflect authenticity and elegance. Whether it&#039;s a custom-fitted choker or a unique piece designed collaboratively, we strive to make each piece a true personal signature.<\/p>\n\n\n\n<h2 class=\"wp-block-heading\"><strong>Valwicz&#039;s Philosophy<\/strong><\/h2>\n\n\n\n<p>A belief in the timeless beauty of natural materials and their ability to tell a story. Each creation is an invitation to discover the harmony between nature and craftsmanship, reflecting a commitment to authenticity and quality.<\/p>\n\n\n\n<h2 class=\"wp-block-heading\"><strong>Contact us<\/strong><\/h2>\n\n\n\n<p>Valwicz is based in Montpellier, France. <br>For any questions or specific requests, please do not hesitate to contact us:<\/p>\n\n\n\n<ul class=\"wp-block-list\">\n<li><strong>Phone<\/strong>&nbsp;+33 6 64 40 46 63<\/li>\n\n\n\n<li><strong>Email<\/strong>&nbsp;:&nbsp;<a href=\"mailto:contact@valwicz.com\" target=\"_blank\" rel=\"noreferrer noopener\">contact@valwicz.com<\/a><\/li>\n\n\n\n<li><strong>Contact form<\/strong>&nbsp;Available on our page&nbsp;<a href=\"https:\/\/valwicz.com\/en\/contact\/\" target=\"_blank\" rel=\"noreferrer noopener\">Contact<\/a><\/li>\n<\/ul>\n\n\n\n<div class=\"wp-block-columns is-layout-flex wp-container-core-columns-is-layout-9d6595d7 wp-block-columns-is-layout-flex\">\n<div class=\"wp-block-column is-layout-flow wp-block-column-is-layout-flow\"><\/div>\n\n\n\n<div class=\"wp-block-column is-vertically-aligned-center is-layout-flow wp-block-column-is-layout-flow\"><div class=\"sfsi_plus_widget\"><div id=\"sfsi_plus_wDiv\"><\/div><div class=\"sfsiplus_norm_row sfsi_plus_wDiv\"  style=\"width:270px;position:absolute;;text-align:center\"><div style='width:40px; height:auto;margin-left:5px;margin-bottom:5px;' class='sfsi_plus_wicons shuffeldiv1'><div class='sfsiplus_inerCnt'><a class='sficn1' data-effect='scale' target='_blank' rel='noopener'  href='https:\/\/valwicz.com\/en\/feed\/'  style='width:40px; height:40px;opacity:1;' ><img alt='RSS' title='RSS' src='https:\/\/valwicz.com\/wp-content\/plugins\/ultimate-social-media-plus\/images\/icons_theme\/thin\/thin_rss.png' width='40' height='40' style='' class='sfcm sfsi_wicon sfsiplusid_round_icon_rss' data-effect='scale'  \/><\/a><\/div><\/div><div style='width:40px; height:auto;margin-left:5px;margin-bottom:5px;' class='sfsi_plus_wicons shuffeldiv1'><div class='sfsiplus_inerCnt'><a class='sficn1' data-effect='scale'   href='javascript:void(0);'  style='width:40px; height:40px;opacity:1;' ><img alt='Pinterest' title='Pinterest' src='https:\/\/valwicz.com\/wp-content\/plugins\/ultimate-social-media-plus\/images\/icons_theme\/thin\/thin_pinterest.png' width='40' height='40' style='' class='sfcm sfsi_wicon sfsiplusid_round_icon_pinterest' data-effect='scale'  \/><\/a><div class=\"sfsi_plus_tool_tip_2 sfsi_plus_printst_tool_bdr sfsi_plus_Tlleft sfsiplusid_pinterest\" style=\"display:block;width:73px;opacity:0;z-index:-1;\"><span class=\"bot_arow bot_pintst_arow\"><\/span><div class=\"sfsi_plus_inside\"><div  class='icon1'><a href='https:\/\/fr.pinterest.com\/Valwicz\/' target='_blank' rel='noopener'><img data-pin-nopin='true' class='sfsi_wicon'  alt='Pinterest' title='Pinterest' src='https:\/\/valwicz.com\/wp-content\/plugins\/ultimate-social-media-plus\/images\/visit_icons\/pinterest.png' \/><\/a><\/div><div  class='icon2'><a data-pin-custom='true' href='https:\/\/www.pinterest.com\/pin\/create\/button\/?url=https:\/\/valwicz.com\/en\/wp-json\/wp\/v2\/pages\/1862' target='_blank' rel='noopener'><img class='sfsi_wicon' data-pin-nopin='true' alt='fb-share-icon' title='Pin Share' src='https:\/\/valwicz.com\/wp-content\/plugins\/ultimate-social-media-plus\/images\/share_icons\/Pinterest_Save\/fr_FR_save.svg' \/><\/a><\/div><\/div><\/div><\/div><\/div><div style='width:40px; height:auto;margin-left:5px;margin-bottom:5px;' class='sfsi_plus_wicons shuffeldiv1'><div class='sfsiplus_inerCnt'><a class='sficn1' data-effect='scale' target='_blank' rel='noopener'  href='https:\/\/www.facebook.com\/profile.php?id=61573895648767'  style='width:40px; height:40px;opacity:1;' ><img alt='Facebook' title='Facebook' src='https:\/\/valwicz.com\/wp-content\/plugins\/ultimate-social-media-plus\/images\/icons_theme\/thin\/thin_fb.png' width='40' height='40' style='' class='sfcm sfsi_wicon sfsiplusid_round_icon_facebook' data-effect='scale'  \/><\/a><div class=\"sfsi_plus_tool_tip_2 sfsi_plus_fb_tool_bdr sfsi_plus_Tlleft sfsiplusid_facebook\" style=\"display:block;width:62px;opacity:0;z-index:-1;\"><span class=\"bot_arow bot_fb_arow\"><\/span><div class=\"sfsi_plus_inside\"><div  class='icon1'><a href='https:\/\/www.facebook.com\/profile.php?id=61573895648767' target='_blank' rel='noopener'><img class='sfsi_plus_wicon' alt='Facebook' title='Facebook' src='https:\/\/valwicz.com\/wp-content\/plugins\/ultimate-social-media-plus\/images\/visit_icons\/Visit_us_fb\/icon_Visit_us_en_US.png'  \/><\/a><\/div><div  class='icon2'><div class=\"fb-like\" data-width=\"180\" data-show-faces=\"false\" data-href=\"https%3A%2F%2Fvalwicz.com%2Fen%2Fwp-json%2Fwp%2Fv2%2Fpages%2F1862%2F\" data-layout=\"button\" data-action=\"like\" data-share=\"false\" ><\/div><\/div><div  class='icon3'><a target='_blank' href='https:\/\/www.facebook.com\/sharer\/sharer.php?u=https%3A%2F%2Fvalwicz.com%2Fen%2Fwp-json%2Fwp%2Fv2%2Fpages%2F1862' style='display:inline-block;'> <img class='sfsi_wicon'  data-pin-nopin='true' width='auto' height='auto' alt='fb-share-icon' title='Facebook Share' src='https:\/\/valwicz.com\/wp-content\/plugins\/ultimate-social-media-plus\/images\/share_icons\/fb_icons\/fr_FR.svg'' \/><\/a><\/div><\/div><\/div><\/div><\/div><div style='width:40px; height:auto;margin-left:5px;margin-bottom:5px;' class='sfsi_plus_wicons shuffeldiv1'><div class='sfsiplus_inerCnt'><a class='sficn1' data-effect='scale' target='_blank' rel='noopener'  href='https:\/\/www.instagram.com\/valwicz__\/'  style='width:40px; height:40px;opacity:1;' ><img alt='Instagram' title='Instagram' src='https:\/\/valwicz.com\/wp-content\/plugins\/ultimate-social-media-plus\/images\/icons_theme\/thin\/thin_instagram.png' width='40' height='40' style='' class='sfcm sfsi_wicon sfsiplusid_round_icon_instagram' data-effect='scale'  \/><\/a><\/div><\/div><div style='width:40px; height:auto;margin-left:5px;margin-bottom:5px;' class='sfsi_plus_wicons shuffeldiv1'><div class='sfsiplus_inerCnt'><a class='sficn1' data-effect='scale' target='_blank' rel='noopener'  href='https:\/\/x.com\/Valwicz_'  style='width:40px; height:40px;opacity:1;' ><img alt='X (Twitter)' title='X (Twitter)' src='https:\/\/valwicz.com\/wp-content\/plugins\/ultimate-social-media-plus\/images\/icons_theme\/thin\/thin_twitter.png' width='40' height='40' style='' class='sfcm sfsi_wicon sfsiplusid_round_icon_twitter' data-effect='scale'  \/><\/a><div class=\"sfsi_plus_tool_tip_2 sfsi_plus_twt_tool_bdr sfsi_plus_Tlleft sfsiplusid_twitter\" style=\"display:block;width:59px;opacity:0;z-index:-1;\"><span class=\"bot_arow bot_twt_arow\"><\/span><div class=\"sfsi_plus_inside\"><style>#sfsi_plus_floater .sfsi_plus_twt_tool_bdr .sfsi_plus_inside{margin-top: -18px;}<\/style><div  class='cstmicon1'><a href='https:\/\/x.com\/Valwicz_' target='_blank' rel='noopener'><img class='sfsi_plus_wicon' alt='Visit Us' title='Visit Us' src='https:\/\/valwicz.com\/wp-content\/plugins\/ultimate-social-media-plus\/images\/visit_icons\/Visit_us_twitter\/icon_Visit_us_en_US.png'  \/><\/a><\/div><div  class='icon1'><a target='_blank' rel='noopener' href='https:\/\/twitter.com\/intent\/user?screen_name=Valwicz'><img nopin='nopin' width='auto' src='https:\/\/valwicz.com\/wp-content\/plugins\/ultimate-social-media-plus\/images\/share_icons\/Twitter_Follow\/fr_FR_Follow.svg' class='sfsi_premium_wicon' alt='Follow Me' title='Follow Me' style='opacity: 1;''><\/a><\/div><div  class='icon2'><div class='sf_twiter' style='display: inline-block;vertical-align: middle;width: auto;'>\n\t\t\t\t\t\t<a target='_blank' href='https:\/\/x.com\/intent\/post?text=site+de+vente+de+bijou+artisanal%3A+valwicz.com+%23BijouxArtisanal+via%40Valwicz https:\/\/valwicz.com\/en\/wp-json\/wp\/v2\/pages\/1862'style='display:inline-block' >\n\t\t\t\t\t\t\t<img nopin=\"nopin\" width='auto' class='sfsi_plus_wicon' src='https:\/\/valwicz.com\/wp-content\/plugins\/ultimate-social-media-plus\/images\/share_icons\/Twitter_Tweet\/fr_FR_Tweet.svg' alt='Tweet' title='Tweet' >\n\t\t\t\t\t\t<\/a>\n\t\t\t\t\t<\/div><\/div><\/div><\/div><\/div><\/div><div style='width:40px; height:auto;margin-left:5px;margin-bottom:5px;' class='sfsi_plus_wicons shuffeldiv1'><div class='sfsiplus_inerCnt'><a class='sficn1' data-effect='scale' target='_blank' rel='noopener'  href='https:\/\/www.youtube.com\/@Valwicz-Les-Colliers'  style='width:40px; height:40px;opacity:1;' ><img alt='YouTube' title='YouTube' src='https:\/\/valwicz.com\/wp-content\/plugins\/ultimate-social-media-plus\/images\/icons_theme\/thin\/thin_youtube.png' width='40' height='40' style='' class='sfcm sfsi_wicon sfsiplusid_round_icon_youtube' data-effect='scale'  \/><\/a><div class=\"sfsi_plus_tool_tip_2 utube_tool_bdr sfsi_plus_Tlleft sfsiplusid_youtube\" style=\"display:block;width:96px;opacity:0;z-index:-1;\"><span class=\"bot_arow bot_utube_arow\"><\/span><div class=\"sfsi_plus_inside\"><div  class='icon1'><a href='https:\/\/www.youtube.com\/@Valwicz-Les-Colliers'  target='_blank' rel='noopener'><img class='sfsi_plus_wicon' alt='YouTube' title='YouTube' src='https:\/\/valwicz.com\/wp-content\/plugins\/ultimate-social-media-plus\/images\/visit_icons\/youtube.png'  \/><\/a><\/div><div  class='icon2'><div class=\"g-ytsubscribe\" data-channelid=\"UCu4iaWzioeUxGWQGAxdJGeQ\" data-layout=\"default\" data-count=\"hidden\"><\/div><\/div><\/div><\/div><\/div><\/div><\/div><div id=\"sfsi_holder\" class=\"sfsi_plus_holders\" style=\"position: relative; float: left;width:100%;z-index:-1;\"><\/div><script><\/script><div style=\"clear: both;\"><\/div><\/div>\n<\/div>\n\n\n\n<div class=\"wp-block-column is-layout-flow wp-block-column-is-layout-flow\"><\/div>\n<\/div>","protected":false},"excerpt":{"rendered":"<p>L&rsquo;histoire de Valwicz Depuis 1994, un parcours artistique \u00e9volutif : passant par la 3D, les beaux-arts, le montage vid\u00e9o et le d\u00e9veloppement web.&nbsp;En 2011, une fascination pour le bambou a marqu\u00e9 un tournant, menant \u00e0 une exploration approfondie de ses potentialit\u00e9s.&nbsp;En 2017, une rencontre inspirante a r\u00e9v\u00e9l\u00e9 l&rsquo;essence du f\u00e9minin, guidant la vision artistique vers la cr\u00e9ation de bijoux uniques. Vision Chez Valwicz, chaque bijou raconte une histoire. Inspir\u00e9 par la beaut\u00e9 naturelle des mat\u00e9riaux&#8230;<\/p>","protected":false},"author":4,"featured_media":0,"parent":0,"menu_order":1,"comment_status":"closed","ping_status":"closed","template":"","meta":{"sfsi_plus_gutenberg_text_before_share":"","sfsi_plus_gutenberg_show_text_before_share":"","sfsi_plus_gutenberg_icon_type":"","sfsi_plus_gutenberg_icon_alignemt":"","sfsi_plus_gutenburg_max_per_row":"","footnotes":""},"categories":[1312],"tags":[],"class_list":["post-1862","page","type-page","status-publish","hentry","category-francais"],"yoast_head":"<!-- This site is optimized with the Yoast SEO plugin v27.3 - https:\/\/yoast.com\/product\/yoast-seo-wordpress\/ -->\n<title>\u00c0 propos de Valwicz - Valwicz<\/title>\n<meta name=\"robots\" content=\"index, follow, max-snippet:-1, max-image-preview:large, max-video-preview:-1\" \/>\n<link rel=\"canonical\" href=\"https:\/\/valwicz.com\/en\/about\/\" \/>\n<meta property=\"og:locale\" content=\"en_US\" \/>\n<meta property=\"og:type\" content=\"article\" \/>\n<meta property=\"og:title\" content=\"\u00c0 propos de Valwicz - Valwicz\" \/>\n<meta property=\"og:description\" content=\"L&rsquo;histoire de Valwicz Depuis 1994, un parcours artistique \u00e9volutif : passant par la 3D, les beaux-arts, le montage vid\u00e9o et le d\u00e9veloppement web.&nbsp;En 2011, une fascination pour le bambou a marqu\u00e9 un tournant, menant \u00e0 une exploration approfondie de ses potentialit\u00e9s.&nbsp;En 2017, une rencontre inspirante a r\u00e9v\u00e9l\u00e9 l&rsquo;essence du f\u00e9minin, guidant la vision artistique vers la cr\u00e9ation de bijoux uniques. Vision Chez Valwicz, chaque bijou raconte une histoire. Inspir\u00e9 par la beaut\u00e9 naturelle des mat\u00e9riaux...\" \/>\n<meta property=\"og:url\" content=\"https:\/\/valwicz.com\/en\/about\/\" \/>\n<meta property=\"og:site_name\" content=\"Valwicz\" \/>\n<meta property=\"article:modified_time\" content=\"2026-01-27T11:40:26+00:00\" \/>\n<meta name=\"twitter:card\" content=\"summary_large_image\" \/>\n<meta name=\"twitter:site\" content=\"@Valwicz_\" \/>\n<script type=\"application\/ld+json\" class=\"yoast-schema-graph\">{\"@context\":\"https:\\\/\\\/schema.org\",\"@graph\":[{\"@type\":\"WebPage\",\"@id\":\"https:\\\/\\\/valwicz.com\\\/a-propos-de\\\/\",\"url\":\"https:\\\/\\\/valwicz.com\\\/a-propos-de\\\/\",\"name\":\"\u00c0 propos de Valwicz - Valwicz\",\"isPartOf\":{\"@id\":\"https:\\\/\\\/valwicz.com\\\/#website\"},\"datePublished\":\"2024-10-25T22:19:06+00:00\",\"dateModified\":\"2026-01-27T11:40:26+00:00\",\"breadcrumb\":{\"@id\":\"https:\\\/\\\/valwicz.com\\\/a-propos-de\\\/#breadcrumb\"},\"inLanguage\":\"en-US\",\"potentialAction\":[{\"@type\":\"ReadAction\",\"target\":[\"https:\\\/\\\/valwicz.com\\\/a-propos-de\\\/\"]}]},{\"@type\":\"BreadcrumbList\",\"@id\":\"https:\\\/\\\/valwicz.com\\\/a-propos-de\\\/#breadcrumb\",\"itemListElement\":[{\"@type\":\"ListItem\",\"position\":1,\"name\":\"Accueil\",\"item\":\"https:\\\/\\\/valwicz.com\\\/\"},{\"@type\":\"ListItem\",\"position\":2,\"name\":\"\u00c0 propos de Valwicz\"}]},{\"@type\":\"WebSite\",\"@id\":\"https:\\\/\\\/valwicz.com\\\/#website\",\"url\":\"https:\\\/\\\/valwicz.com\\\/\",\"name\":\"Valwicz\",\"description\":\"Audace | El\u00e9gance | D\u00e9sinvolture\",\"publisher\":{\"@id\":\"https:\\\/\\\/valwicz.com\\\/#organization\"},\"potentialAction\":[{\"@type\":\"SearchAction\",\"target\":{\"@type\":\"EntryPoint\",\"urlTemplate\":\"https:\\\/\\\/valwicz.com\\\/?s={search_term_string}\"},\"query-input\":{\"@type\":\"PropertyValueSpecification\",\"valueRequired\":true,\"valueName\":\"search_term_string\"}}],\"inLanguage\":\"en-US\"},{\"@type\":\"Organization\",\"@id\":\"https:\\\/\\\/valwicz.com\\\/#organization\",\"name\":\"Valwicz\",\"url\":\"https:\\\/\\\/valwicz.com\\\/\",\"logo\":{\"@type\":\"ImageObject\",\"inLanguage\":\"en-US\",\"@id\":\"https:\\\/\\\/valwicz.com\\\/#\\\/schema\\\/logo\\\/image\\\/\",\"url\":\"https:\\\/\\\/valwicz.com\\\/wp-content\\\/uploads\\\/2024\\\/10\\\/cropped-logo-Valwicz.jpg\",\"contentUrl\":\"https:\\\/\\\/valwicz.com\\\/wp-content\\\/uploads\\\/2024\\\/10\\\/cropped-logo-Valwicz.jpg\",\"width\":500,\"height\":234,\"caption\":\"Valwicz\"},\"image\":{\"@id\":\"https:\\\/\\\/valwicz.com\\\/#\\\/schema\\\/logo\\\/image\\\/\"},\"sameAs\":[\"https:\\\/\\\/x.com\\\/Valwicz_\",\"https:\\\/\\\/www.instagram.com\\\/_valwicz\\\/\",\"https:\\\/\\\/fr.pinterest.com\\\/Valwicz\\\/\",\"https:\\\/\\\/www.tiktok.com\\\/@_valwicz\"]}]}<\/script>\n<!-- \/ Yoast SEO plugin. -->","yoast_head_json":{"title":"About Valwicz - Valwicz","robots":{"index":"index","follow":"follow","max-snippet":"max-snippet:-1","max-image-preview":"max-image-preview:large","max-video-preview":"max-video-preview:-1"},"canonical":"https:\/\/valwicz.com\/en\/about\/","og_locale":"en_US","og_type":"article","og_title":"\u00c0 propos de Valwicz - Valwicz","og_description":"L&rsquo;histoire de Valwicz Depuis 1994, un parcours artistique \u00e9volutif : passant par la 3D, les beaux-arts, le montage vid\u00e9o et le d\u00e9veloppement web.&nbsp;En 2011, une fascination pour le bambou a marqu\u00e9 un tournant, menant \u00e0 une exploration approfondie de ses potentialit\u00e9s.&nbsp;En 2017, une rencontre inspirante a r\u00e9v\u00e9l\u00e9 l&rsquo;essence du f\u00e9minin, guidant la vision artistique vers la cr\u00e9ation de bijoux uniques. Vision Chez Valwicz, chaque bijou raconte une histoire. Inspir\u00e9 par la beaut\u00e9 naturelle des mat\u00e9riaux...","og_url":"https:\/\/valwicz.com\/en\/about\/","og_site_name":"Valwicz","article_modified_time":"2026-01-27T11:40:26+00:00","twitter_card":"summary_large_image","twitter_site":"@Valwicz_","schema":{"@context":"https:\/\/schema.org","@graph":[{"@type":"WebPage","@id":"https:\/\/valwicz.com\/a-propos-de\/","url":"https:\/\/valwicz.com\/a-propos-de\/","name":"About Valwicz - Valwicz","isPartOf":{"@id":"https:\/\/valwicz.com\/#website"},"datePublished":"2024-10-25T22:19:06+00:00","dateModified":"2026-01-27T11:40:26+00:00","breadcrumb":{"@id":"https:\/\/valwicz.com\/a-propos-de\/#breadcrumb"},"inLanguage":"en-US","potentialAction":[{"@type":"ReadAction","target":["https:\/\/valwicz.com\/a-propos-de\/"]}]},{"@type":"BreadcrumbList","@id":"https:\/\/valwicz.com\/a-propos-de\/#breadcrumb","itemListElement":[{"@type":"ListItem","position":1,"name":"Accueil","item":"https:\/\/valwicz.com\/"},{"@type":"ListItem","position":2,"name":"\u00c0 propos de Valwicz"}]},{"@type":"WebSite","@id":"https:\/\/valwicz.com\/#website","url":"https:\/\/valwicz.com\/","name":"Valwicz","description":"Boldness | Elegance | Casualness","publisher":{"@id":"https:\/\/valwicz.com\/#organization"},"potentialAction":[{"@type":"SearchAction","target":{"@type":"EntryPoint","urlTemplate":"https:\/\/valwicz.com\/?s={search_term_string}"},"query-input":{"@type":"PropertyValueSpecification","valueRequired":true,"valueName":"search_term_string"}}],"inLanguage":"en-US"},{"@type":"Organization","@id":"https:\/\/valwicz.com\/#organization","name":"Valwicz","url":"https:\/\/valwicz.com\/","logo":{"@type":"ImageObject","inLanguage":"en-US","@id":"https:\/\/valwicz.com\/#\/schema\/logo\/image\/","url":"https:\/\/valwicz.com\/wp-content\/uploads\/2024\/10\/cropped-logo-Valwicz.jpg","contentUrl":"https:\/\/valwicz.com\/wp-content\/uploads\/2024\/10\/cropped-logo-Valwicz.jpg","width":500,"height":234,"caption":"Valwicz"},"image":{"@id":"https:\/\/valwicz.com\/#\/schema\/logo\/image\/"},"sameAs":["https:\/\/x.com\/Valwicz_","https:\/\/www.instagram.com\/_valwicz\/","https:\/\/fr.pinterest.com\/Valwicz\/","https:\/\/www.tiktok.com\/@_valwicz"]}]}},"_links":{"self":[{"href":"https:\/\/valwicz.com\/en\/wp-json\/wp\/v2\/pages\/1862","targetHints":{"allow":["GET"]}}],"collection":[{"href":"https:\/\/valwicz.com\/en\/wp-json\/wp\/v2\/pages"}],"about":[{"href":"https:\/\/valwicz.com\/en\/wp-json\/wp\/v2\/types\/page"}],"author":[{"embeddable":true,"href":"https:\/\/valwicz.com\/en\/wp-json\/wp\/v2\/users\/4"}],"replies":[{"embeddable":true,"href":"https:\/\/valwicz.com\/en\/wp-json\/wp\/v2\/comments?post=1862"}],"version-history":[{"count":13,"href":"https:\/\/valwicz.com\/en\/wp-json\/wp\/v2\/pages\/1862\/revisions"}],"predecessor-version":[{"id":6861,"href":"https:\/\/valwicz.com\/en\/wp-json\/wp\/v2\/pages\/1862\/revisions\/6861"}],"wp:attachment":[{"href":"https:\/\/valwicz.com\/en\/wp-json\/wp\/v2\/media?parent=1862"}],"wp:term":[{"taxonomy":"category","embeddable":true,"href":"https:\/\/valwicz.com\/en\/wp-json\/wp\/v2\/categories?post=1862"},{"taxonomy":"post_tag","embeddable":true,"href":"https:\/\/valwicz.com\/en\/wp-json\/wp\/v2\/tags?post=1862"}],"curies":[{"name":"wp","href":"https:\/\/api.w.org\/{rel}","templated":true}]}}