{"id":4237,"date":"2025-03-10T01:13:03","date_gmt":"2025-03-10T00:13:03","guid":{"rendered":"https:\/\/valwicz.com\/?page_id=4237"},"modified":"2025-11-30T12:38:48","modified_gmt":"2025-11-30T11:38:48","slug":"lieferpolitik","status":"publish","type":"page","link":"https:\/\/valwicz.com\/de\/politique-de-livraison\/","title":{"rendered":"Richtlinien f\u00fcr die Lieferung"},"content":{"rendered":"<h4 class=\"wp-block-heading\"><strong>Versandrichtlinien \u2013 Valwicz.com<\/strong><\/h4>\n\n\n\n<p>Willkommen bei <a href=\"https:\/\/valwicz.com\/de\/\">Valwicz.com<\/a>, Ihr Online-Shop f\u00fcr handgefertigten Schmuck. Wir setzen alles daran, Ihre Bestellungen schnell und sicher zuzustellen. Details zu unseren Lieferbedingungen finden Sie weiter unten.<\/p>\n\n\n\n<hr class=\"wp-block-separator has-alpha-channel-opacity\"\/>\n\n\n\n<h3 class=\"wp-block-heading\"><strong>1. Lieferzonen<\/strong><\/h3>\n\n\n\n<p>Wir liefern in Frankreich, Europa und weltweit.<br>F\u00fcr Lieferungen in franz\u00f6sische \u00dcberseegebiete und -departements nutzen wir ausschlie\u00dflich Colissimo.<\/p>\n\n\n\n<hr class=\"wp-block-separator has-alpha-channel-opacity\"\/>\n\n\n\n<h3 class=\"wp-block-heading\"><strong>2. Lieferzeiten und -kosten<\/strong><\/h3>\n\n\n\n<p>Lieferzeiten und -kosten variieren je nach Bestimmungsort und gew\u00e4hltem Transportunternehmen. Hier eine \u00dcbersicht: <\/p>\n\n\n\n<figure class=\"wp-block-table\"><table class=\"has-fixed-layout\"><tbody><tr><td>Zonen<\/td><td>Land<\/td><td>Tr\u00e4ger<\/td><td>Lieferzeit<\/td><td>Kosten<\/td><\/tr><tr><td>Frankreich (Festland)<\/td><td>Frankreich, Monaco, Andorra<\/td><td>Colissimo<\/td><td>2 bis 7 Werktage<\/td><td>5,25\u20ac<\/td><\/tr><tr><td>Europa (EU)<\/td><td>Belgien, Deutschland, Luxemburg, Niederlande, \u00d6sterreich, Tschechien, D\u00e4nemark, Finnland, Italien, Griechenland, Ungarn, Irland, Polen, Portugal, Rum\u00e4nien, Russland, Slowakei, Spanien, Schweden, Schweiz, T\u00fcrkei<\/td><td>Delivengo<\/td><td>3 bis 8 Werktage<\/td><td>8,30\u20ac<\/td><\/tr><tr><td>Europa (Gro\u00dfbritannien)<\/td><td>Vereinigtes K\u00f6nigreich (UK)<\/td><td>Delivengo<\/td><td>3 bis 18 Werktage<\/td><td>8,30\u20ac<\/td><\/tr><tr><td>Europa (au\u00dferhalb der EU)<\/td><td>Norwegen, Russland, Serbien, Ukraine, Algerien, Libyen, Westsahara, Mauretanien, Albanien, Bosnien und Herzegowina, Guernsey, Gibraltar, Irland, Island, Jersey, Liechtenstein, Luxemburg, Nordmazedonien, Moldawien<\/td><td>Delivengo<\/td><td>3 bis 18 Werktage<\/td><td>15,30\u20ac<\/td><\/tr><tr><td>\u00dcbersee1<\/td><td>Saint Barth\u00e9lemy, Franz\u00f6sisch-Guayana, Guadeloupe, Martinique, Saint Pierre und Miquelon, R\u00e9union, Mayotte<\/td><td>Colissimo<\/td><td>5 bis 22 Werktage<\/td><td>12,65\u20ac<\/td><\/tr><tr><td>Ausland 2<\/td><td>Neukaledonien, Franz\u00f6sisch-Polynesien, Franz\u00f6sische S\u00fcd- und Antarktisgebiete, Wallis und Futuna<\/td><td>Colissimo<\/td><td>5 bis 22 Werktage<\/td><td>12,85\u20ac<\/td><\/tr><tr><td>Afrika<\/td><td>Angola, Kamerun, Elfenbeink\u00fcste, \u00c4gypten, \u00c4thiopien, Ghana, Kenia, Madagaskar, Mauritius, Mosambik, Nigeria, Senegal, S\u00fcdafrika, Tansania, Sambia, Simbabwe<\/td><td>Delivengo<\/td><td>7 bis 13 Werktage<\/td><td>15,30\u20ac<\/td><\/tr><tr><td>Asien<\/td><td>China, Hongkong, Indien, Japan, Thailand, Taiwan, Vietnam, Bahrain, Bangladesch, Kambodscha, Vereinigte Arabische Emirate, Indonesien, Iran, Irak, Israel, Jordanien, Kasachstan, Kuwait, Laos, Libanon, Malaysia, Mongolei, Nepal, Saudi-Arabien, Oman, Pakistan, Philippinen, Singapur, Katar, Sri Lanka, Usbekistan<\/td><td>Delivengo<\/td><td>7 bis 13 Werktage<\/td><td>15,30\u20ac<\/td><\/tr><tr><td>Nordamerika<\/td><td><br>Belize, Kanada, Costa Rica, Kuba, Dominica, Vereinigte Staaten (USA), Guatemala, Jamaika, Mexiko, Nicaragua, Panama, Puerto Rico, Dominikanische Republik, El Salvador<\/td><td>Colissimo<\/td><td>5 bis 13 Werktage<\/td><td>33,50\u20ac<\/td><\/tr><tr><td>S\u00fcdamerika<\/td><td>Argentinien, Bolivien, Brasilien, Chile, Kolumbien, Ecuador, Paraguay, Peru, Uruguay, Venezuela<\/td><td>Delivengo<\/td><td>7 bis 13 Werktage<\/td><td>15,30\u20ac<\/td><\/tr><tr><td rowspan=\"2\">Ozeanien<\/td><td rowspan=\"2\">Australien, Neuseeland, Neukaledonien, Franz\u00f6sisch-Polynesien<\/td><td>Delivengo<\/td><td>7 bis 13 Werktage<\/td><td>15,30\u20ac<\/td><\/tr><tr><td>Colissimo<\/td><td>5 bis 13 Werktage<\/td><td>33,50\u20ac<\/td><\/tr><\/tbody><\/table><\/figure>\n\n\n\n<p><br><\/p>\n\n\n\n<hr class=\"wp-block-separator has-alpha-channel-opacity\"\/>\n\n\n\n<h3 class=\"wp-block-heading\"><strong>3. Auftragsabwicklung<\/strong><\/h3>\n\n\n\n<ul class=\"wp-block-list\">\n<li>Bestellungen werden vorbereitet gem\u00e4\u00df <strong>2 Werktage<\/strong> f\u00fcr Standardartikel.<\/li>\n\n\n\n<li>Bei individuell angefertigten Halsketten (insbesondere Chokern) kann sich die Bearbeitungszeit verl\u00e4ngern auf <strong>5 Werktage<\/strong>.<\/li>\n\n\n\n<li>Der Versand erfolgt von Montag bis Freitag (ausgenommen Feiertage), Bestellungen werden an Wochenenden und Feiertagen nicht bearbeitet.<\/li>\n<\/ul>\n\n\n\n<hr class=\"wp-block-separator has-alpha-channel-opacity\"\/>\n\n\n\n<h3 class=\"wp-block-heading\"><strong>4. Fluggesellschaften<\/strong><\/h3>\n\n\n\n<p>Wir arbeiten mit <strong>Colissimo<\/strong> Und <strong>Delivengo<\/strong>, Wir versenden mit zwei zuverl\u00e4ssigen Versanddienstleistern. Sie erhalten eine Sendungsnummer, sobald Ihre Bestellung versandt wurde.<\/p>\n\n\n\n<hr class=\"wp-block-separator has-alpha-channel-opacity\"\/>\n\n\n\n<h3 class=\"wp-block-heading\"><strong>5. Lieferprobleme<\/strong><\/h3>\n\n\n\n<p>Wir haften nicht f\u00fcr Verz\u00f6gerungen, Verluste oder Sch\u00e4den, die durch die Transportunternehmen verursacht werden. Wir unterst\u00fctzen Sie jedoch gerne bei der Geltendmachung eines Anspruchs gegen\u00fcber dem betreffenden Transportunternehmen.<br>Bei Beschwerden kontaktieren Sie uns bitte innerhalb einer bestimmten Frist. <strong>14 Tage<\/strong> nach dem geplanten Liefertermin.<\/p>\n\n\n\n<hr class=\"wp-block-separator has-alpha-channel-opacity\"\/>\n\n\n\n<h3 class=\"wp-block-heading\"><strong>6. R\u00fccksendungen im Zusammenhang mit der Lieferung<\/strong><\/h3>\n\n\n\n<p>Wird ein Paket an uns zur\u00fcckgesandt (zum Beispiel wegen einer falschen Adresse oder weil es nicht abgeholt wurde), tr\u00e4gt der Kunde die Kosten f\u00fcr den erneuten Versand.<\/p>\n\n\n\n<hr class=\"wp-block-separator has-alpha-channel-opacity\"\/>\n\n\n\n<h3 class=\"wp-block-heading\"><strong>7. Verpackung<\/strong><\/h3>\n\n\n\n<p>Ihr Schmuck wird sorgf\u00e4ltig in Holzkisten verpackt, mit Stroh oder Filz ausgepolstert, um ihn w\u00e4hrend des Transports zu sch\u00fctzen.<\/p>\n\n\n\n<p><\/p>","protected":false},"excerpt":{"rendered":"<p>Politique de livraison &#8211; Valwicz.com Bienvenue sur Valwicz.com, votre boutique en ligne de bijoux artisanaux. Nous mettons tout en \u0153uvre pour que vos commandes soient livr\u00e9es rapidement et en toute s\u00e9curit\u00e9. Vous trouverez ci-apr\u00e8s les d\u00e9tails de notre politique de livraison. 1. Zones de livraison Nous livrons en France, en Europe et \u00e0 l\u2019international.Pour les livraisons vers les DOM-TOM, nous utilisons exclusivement Colissimo. 2. D\u00e9lais et frais de livraison Les d\u00e9lais et frais de livraison&#8230;<\/p>","protected":false},"author":4,"featured_media":0,"parent":0,"menu_order":0,"comment_status":"closed","ping_status":"closed","template":"","meta":{"sfsi_plus_gutenberg_text_before_share":"","sfsi_plus_gutenberg_show_text_before_share":"","sfsi_plus_gutenberg_icon_type":"","sfsi_plus_gutenberg_icon_alignemt":"","sfsi_plus_gutenburg_max_per_row":"","footnotes":""},"categories":[1312],"tags":[],"class_list":["post-4237","page","type-page","status-publish","hentry","category-francais"],"yoast_head":"<!-- This site is optimized with the Yoast SEO plugin v27.3 - https:\/\/yoast.com\/product\/yoast-seo-wordpress\/ -->\n<title>Politique de Livraison - Valwicz<\/title>\n<meta name=\"robots\" content=\"noindex, follow\" \/>\n<meta property=\"og:locale\" content=\"de_DE\" \/>\n<meta property=\"og:type\" content=\"article\" \/>\n<meta property=\"og:title\" content=\"Politique de Livraison - Valwicz\" \/>\n<meta property=\"og:description\" content=\"Politique de livraison &#8211; Valwicz.com Bienvenue sur Valwicz.com, votre boutique en ligne de bijoux artisanaux. Nous mettons tout en \u0153uvre pour que vos commandes soient livr\u00e9es rapidement et en toute s\u00e9curit\u00e9. Vous trouverez ci-apr\u00e8s les d\u00e9tails de notre politique de livraison. 1. Zones de livraison Nous livrons en France, en Europe et \u00e0 l\u2019international.Pour les livraisons vers les DOM-TOM, nous utilisons exclusivement Colissimo. 2. D\u00e9lais et frais de livraison Les d\u00e9lais et frais de livraison...\" \/>\n<meta property=\"og:url\" content=\"https:\/\/valwicz.com\/de\/lieferpolitik\/\" \/>\n<meta property=\"og:site_name\" content=\"Valwicz\" \/>\n<meta property=\"article:modified_time\" content=\"2025-11-30T11:38:48+00:00\" \/>\n<meta name=\"twitter:card\" content=\"summary_large_image\" \/>\n<meta name=\"twitter:site\" content=\"@Valwicz_\" \/>\n<script type=\"application\/ld+json\" class=\"yoast-schema-graph\">{\"@context\":\"https:\\\/\\\/schema.org\",\"@graph\":[{\"@type\":\"WebPage\",\"@id\":\"https:\\\/\\\/valwicz.com\\\/politique-de-livraison\\\/\",\"url\":\"https:\\\/\\\/valwicz.com\\\/politique-de-livraison\\\/\",\"name\":\"Politique de Livraison - Valwicz\",\"isPartOf\":{\"@id\":\"https:\\\/\\\/valwicz.com\\\/#website\"},\"datePublished\":\"2025-03-10T00:13:03+00:00\",\"dateModified\":\"2025-11-30T11:38:48+00:00\",\"breadcrumb\":{\"@id\":\"https:\\\/\\\/valwicz.com\\\/politique-de-livraison\\\/#breadcrumb\"},\"inLanguage\":\"de\",\"potentialAction\":[{\"@type\":\"ReadAction\",\"target\":[\"https:\\\/\\\/valwicz.com\\\/politique-de-livraison\\\/\"]}]},{\"@type\":\"BreadcrumbList\",\"@id\":\"https:\\\/\\\/valwicz.com\\\/politique-de-livraison\\\/#breadcrumb\",\"itemListElement\":[{\"@type\":\"ListItem\",\"position\":1,\"name\":\"Accueil\",\"item\":\"https:\\\/\\\/valwicz.com\\\/\"},{\"@type\":\"ListItem\",\"position\":2,\"name\":\"Politique de Livraison\"}]},{\"@type\":\"WebSite\",\"@id\":\"https:\\\/\\\/valwicz.com\\\/#website\",\"url\":\"https:\\\/\\\/valwicz.com\\\/\",\"name\":\"Valwicz\",\"description\":\"Audace | El\u00e9gance | D\u00e9sinvolture\",\"publisher\":{\"@id\":\"https:\\\/\\\/valwicz.com\\\/#organization\"},\"potentialAction\":[{\"@type\":\"SearchAction\",\"target\":{\"@type\":\"EntryPoint\",\"urlTemplate\":\"https:\\\/\\\/valwicz.com\\\/?s={search_term_string}\"},\"query-input\":{\"@type\":\"PropertyValueSpecification\",\"valueRequired\":true,\"valueName\":\"search_term_string\"}}],\"inLanguage\":\"de\"},{\"@type\":\"Organization\",\"@id\":\"https:\\\/\\\/valwicz.com\\\/#organization\",\"name\":\"Valwicz\",\"url\":\"https:\\\/\\\/valwicz.com\\\/\",\"logo\":{\"@type\":\"ImageObject\",\"inLanguage\":\"de\",\"@id\":\"https:\\\/\\\/valwicz.com\\\/#\\\/schema\\\/logo\\\/image\\\/\",\"url\":\"https:\\\/\\\/valwicz.com\\\/wp-content\\\/uploads\\\/2024\\\/10\\\/cropped-logo-Valwicz.jpg\",\"contentUrl\":\"https:\\\/\\\/valwicz.com\\\/wp-content\\\/uploads\\\/2024\\\/10\\\/cropped-logo-Valwicz.jpg\",\"width\":500,\"height\":234,\"caption\":\"Valwicz\"},\"image\":{\"@id\":\"https:\\\/\\\/valwicz.com\\\/#\\\/schema\\\/logo\\\/image\\\/\"},\"sameAs\":[\"https:\\\/\\\/x.com\\\/Valwicz_\",\"https:\\\/\\\/www.instagram.com\\\/_valwicz\\\/\",\"https:\\\/\\\/fr.pinterest.com\\\/Valwicz\\\/\",\"https:\\\/\\\/www.tiktok.com\\\/@_valwicz\"]}]}<\/script>\n<!-- \/ Yoast SEO plugin. -->","yoast_head_json":{"title":"Lieferrichtlinien - Valwicz","robots":{"index":"noindex","follow":"follow"},"og_locale":"de_DE","og_type":"article","og_title":"Politique de Livraison - Valwicz","og_description":"Politique de livraison &#8211; Valwicz.com Bienvenue sur Valwicz.com, votre boutique en ligne de bijoux artisanaux. Nous mettons tout en \u0153uvre pour que vos commandes soient livr\u00e9es rapidement et en toute s\u00e9curit\u00e9. Vous trouverez ci-apr\u00e8s les d\u00e9tails de notre politique de livraison. 1. Zones de livraison Nous livrons en France, en Europe et \u00e0 l\u2019international.Pour les livraisons vers les DOM-TOM, nous utilisons exclusivement Colissimo. 2. D\u00e9lais et frais de livraison Les d\u00e9lais et frais de livraison...","og_url":"https:\/\/valwicz.com\/de\/lieferpolitik\/","og_site_name":"Valwicz","article_modified_time":"2025-11-30T11:38:48+00:00","twitter_card":"summary_large_image","twitter_site":"@Valwicz_","schema":{"@context":"https:\/\/schema.org","@graph":[{"@type":"WebPage","@id":"https:\/\/valwicz.com\/politique-de-livraison\/","url":"https:\/\/valwicz.com\/politique-de-livraison\/","name":"Lieferrichtlinien - Valwicz","isPartOf":{"@id":"https:\/\/valwicz.com\/#website"},"datePublished":"2025-03-10T00:13:03+00:00","dateModified":"2025-11-30T11:38:48+00:00","breadcrumb":{"@id":"https:\/\/valwicz.com\/politique-de-livraison\/#breadcrumb"},"inLanguage":"de","potentialAction":[{"@type":"ReadAction","target":["https:\/\/valwicz.com\/politique-de-livraison\/"]}]},{"@type":"BreadcrumbList","@id":"https:\/\/valwicz.com\/politique-de-livraison\/#breadcrumb","itemListElement":[{"@type":"ListItem","position":1,"name":"Accueil","item":"https:\/\/valwicz.com\/"},{"@type":"ListItem","position":2,"name":"Politique de Livraison"}]},{"@type":"WebSite","@id":"https:\/\/valwicz.com\/#website","url":"https:\/\/valwicz.com\/","name":"Valwicz","description":"K\u00fchnheit | Eleganz | Ungezwungenheit","publisher":{"@id":"https:\/\/valwicz.com\/#organization"},"potentialAction":[{"@type":"SearchAction","target":{"@type":"EntryPoint","urlTemplate":"https:\/\/valwicz.com\/?s={search_term_string}"},"query-input":{"@type":"PropertyValueSpecification","valueRequired":true,"valueName":"search_term_string"}}],"inLanguage":"de"},{"@type":"Organization","@id":"https:\/\/valwicz.com\/#organization","name":"Valwicz","url":"https:\/\/valwicz.com\/","logo":{"@type":"ImageObject","inLanguage":"de","@id":"https:\/\/valwicz.com\/#\/schema\/logo\/image\/","url":"https:\/\/valwicz.com\/wp-content\/uploads\/2024\/10\/cropped-logo-Valwicz.jpg","contentUrl":"https:\/\/valwicz.com\/wp-content\/uploads\/2024\/10\/cropped-logo-Valwicz.jpg","width":500,"height":234,"caption":"Valwicz"},"image":{"@id":"https:\/\/valwicz.com\/#\/schema\/logo\/image\/"},"sameAs":["https:\/\/x.com\/Valwicz_","https:\/\/www.instagram.com\/_valwicz\/","https:\/\/fr.pinterest.com\/Valwicz\/","https:\/\/www.tiktok.com\/@_valwicz"]}]}},"_links":{"self":[{"href":"https:\/\/valwicz.com\/de\/wp-json\/wp\/v2\/pages\/4237","targetHints":{"allow":["GET"]}}],"collection":[{"href":"https:\/\/valwicz.com\/de\/wp-json\/wp\/v2\/pages"}],"about":[{"href":"https:\/\/valwicz.com\/de\/wp-json\/wp\/v2\/types\/page"}],"author":[{"embeddable":true,"href":"https:\/\/valwicz.com\/de\/wp-json\/wp\/v2\/users\/4"}],"replies":[{"embeddable":true,"href":"https:\/\/valwicz.com\/de\/wp-json\/wp\/v2\/comments?post=4237"}],"version-history":[{"count":2,"href":"https:\/\/valwicz.com\/de\/wp-json\/wp\/v2\/pages\/4237\/revisions"}],"predecessor-version":[{"id":6732,"href":"https:\/\/valwicz.com\/de\/wp-json\/wp\/v2\/pages\/4237\/revisions\/6732"}],"wp:attachment":[{"href":"https:\/\/valwicz.com\/de\/wp-json\/wp\/v2\/media?parent=4237"}],"wp:term":[{"taxonomy":"category","embeddable":true,"href":"https:\/\/valwicz.com\/de\/wp-json\/wp\/v2\/categories?post=4237"},{"taxonomy":"post_tag","embeddable":true,"href":"https:\/\/valwicz.com\/de\/wp-json\/wp\/v2\/tags?post=4237"}],"curies":[{"name":"wp","href":"https:\/\/api.w.org\/{rel}","templated":true}]}}