{"id":4144,"date":"2025-03-01T19:30:04","date_gmt":"2025-03-01T18:30:04","guid":{"rendered":"https:\/\/valwicz.com\/?page_id=4144"},"modified":"2025-11-30T12:37:07","modified_gmt":"2025-11-30T11:37:07","slug":"pflege-ihrer-halskette-aus-holz-und-naturstein","status":"publish","type":"page","link":"https:\/\/valwicz.com\/de\/entretien-de-votre-collier-en-bois-et-pierres-naturelles\/","title":{"rendered":"Pflegehinweise f\u00fcr Halsketten aus Holz und Natursteinen: Tipps und Tricks"},"content":{"rendered":"<h2 class=\"wp-block-heading\">Wie pflegt man eine handgefertigte Halskette aus Holz und Perlen?<\/h2>\n\n\n\n<div class=\"wp-block-columns is-layout-flex wp-container-core-columns-is-layout-9d6595d7 wp-block-columns-is-layout-flex\">\n<div class=\"wp-block-column is-layout-flow wp-block-column-is-layout-flow\" style=\"flex-basis:100%\">\n<h3 class=\"wp-block-heading\"><strong>Sich um seine Halskette k\u00fcmmern, wie man sich selbst pflegt<\/strong><\/h3>\n<\/div>\n<\/div>\n\n\n\n<div class=\"wp-block-columns is-layout-flex wp-container-core-columns-is-layout-9d6595d7 wp-block-columns-is-layout-flex\">\n<div class=\"wp-block-column is-layout-flow wp-block-column-is-layout-flow\">\n<p>Seien Sie unbesorgt, meine Damen, die Pflege einer Holz- und Edelsteinkette ist kinderleicht! Sie ist weit mehr als nur ein Schmuckst\u00fcck. Sie tr\u00e4gt die Erinnerung an das geschnitzte Holz, die Energie der Steine und die Intention des Kunsthandwerkers in sich. <strong><em>Wie unser eigener K\u00f6rper<\/em><\/strong>, Es entwickelt sich mit der Zeit, es atmet, es nimmt die Elemente und Bewegungen des Lebens auf. Um seine Sch\u00f6nheit und Kraft zu bewahren, bedarf es besonderer Pflege.<\/p>\n\n\n\n<h6 class=\"wp-block-heading\">Holz, ein lebendiges Material<\/h6>\n\n\n\n<p>Holz wird durch den Kontakt mit der Haut weich und bekommt eine Patina, kann aber auch austrocknen, wenn es nicht gepflegt wird. Perlen, ob mineralisch oder organisch, absorbieren Licht und Umwelteinfl\u00fcsse und verdienen es, vor \u00e4u\u00dferen Einfl\u00fcssen gesch\u00fctzt zu werden. Eine Kette zu pflegen bedeutet nicht nur, ihre Lebensdauer zu verl\u00e4ngern, sondern auch, das Material zu respektieren, <strong><em>das Nat\u00fcrliche ehren<\/em><\/strong> und es ihm erm\u00f6glichen, im Laufe der Zeit zu strahlen.<br>Mit ein paar einfachen Handgriffen k\u00f6nnen Sie Ihr Schmuckst\u00fcck auf seiner Reise begleiten und ihm das geben, was es braucht, um die Jahre mit Eleganz und Authentizit\u00e4t zu \u00fcberdauern. <br>Hier erfahren Sie, wie Sie Ihre Holz- und Perlenkette erhalten und pflegen k\u00f6nnen, damit sie Ihnen lange erhalten bleibt.<\/p>\n<\/div>\n<\/div>\n\n\n\n<h6 class=\"wp-block-heading\"><strong>Vermeiden Sie Wasser und Feuchtigkeit<\/strong><\/h6>\n\n\n\n<p>Holz und einige Natursteine k\u00f6nnen <strong><em>wasserempfindlich<\/em><\/strong>. Es wird empfohlen, :<br>Nehmen Sie das Halsband vor dem Duschen, Baden oder Schwimmen ab.<br>Vermeiden Sie Umgebungen mit hoher Luftfeuchtigkeit, um das Holz und die Perlen zu schonen.<\/p>\n\n\n\n<h6 class=\"wp-block-heading\"><strong>Sanfte und nat\u00fcrliche Reinigung<\/strong><\/h6>\n\n\n\n<p>Verwenden Sie einen <strong><em>weicher, trockener Lappen<\/em><\/strong> um den Kragen regelm\u00e4\u00dfig zu entstauben.<br>F\u00fcr Holz einen Tropfen nat\u00fcrliches \u00d6l (Jojoba, S\u00fc\u00dfmandel) auftragen. <strong><em>ein- bis zweimal im Jahr<\/em><\/strong> um das Material zu n\u00e4hren und zu sch\u00fctzen.<br>Bei Steinen kann ein leichtes Wischen mit einem leicht angefeuchteten Tuch ausreichen.<\/p>\n\n\n\n<h6 class=\"wp-block-heading\"><strong>Schutz vor Hitze und Chemikalien<\/strong><\/h6>\n\n\n\n<p>Setzen Sie das Halsband nicht <strong><em>Extremtemperaturen<\/em><\/strong> oder an eine <em><strong>l\u00e4ngeres Sonnenlicht<\/strong><\/em>.<br>Vermeiden Sie den Kontakt mit Parf\u00fcm, Chemikalien oder Make-up, die die Steine und das Holz ver\u00e4ndern k\u00f6nnten.<\/p>\n\n\n\n<h6 class=\"wp-block-heading\"><strong>Energetische Aufladung von Steinen <\/strong><\/h6>\n\n\n\n<p>Legen Sie die Steine unter das Licht der <strong><em>Vollmond<\/em><\/strong> f\u00fcr ein nat\u00fcrliches Nachf\u00fcllen.<br>Bei einigen Steinen wie dem Labradorit ist eine Aufladung auf einem <strong><em>Quarzcluster<\/em><\/strong> oder eine <strong><em>Amethystgeode<\/em><\/strong> kann von Vorteil sein.<\/p>\n\n\n\n<div class=\"wp-block-columns is-layout-flex wp-container-core-columns-is-layout-9d6595d7 wp-block-columns-is-layout-flex\">\n<div class=\"wp-block-column is-layout-flow wp-block-column-is-layout-flow\">\n<p>Der <strong>Padouk-Holz<\/strong> ist eine exotische Holzart, die f\u00fcr ihre <strong>Robustheit, Langlebigkeit und der orangerote Farbton, der sich mit der Zeit ver\u00e4ndert.<\/strong>. Er hat eine bemerkenswerte Besonderheit: Er <strong>schwitzt<\/strong> unter dem Einfluss von W\u00e4rme und Feuchtigkeit. Diese \u00abTranspiration\u00bb entspricht dem Austreten nat\u00fcrlicher Harze, die im Holz enthalten sind.<\/p>\n\n\n\n<h6 class=\"wp-block-heading\"><strong>Besonderheit von Padouk-Holz<\/strong><\/h6>\n\n\n\n<p><strong>Warum schwitzt der Padouk?<\/strong><\/p>\n\n\n\n<ul class=\"wp-block-list\">\n<li>Padouk ist reich an nat\u00fcrlichen Harzen und \u00d6len, die es vor \u00e4u\u00dferen Einfl\u00fcssen (Insekten, Pilze, Feuchtigkeit) sch\u00fctzen.<\/li>\n\n\n\n<li>Wenn das Holz steigenden Temperaturen oder Feuchtigkeit ausgesetzt ist, treten diese Stoffe in Form von Mikroausschwitzungen an die Oberfl\u00e4che.<\/li>\n\n\n\n<li>Dies ist besonders gut auf glatten oder lackierten Oberfl\u00e4chen zu sehen, wo durch Ausscheidungen manchmal ein klebriger Film entsteht.<\/li>\n<\/ul>\n\n\n\n<p><strong>Wie pflegt man Padouk-Holz?<\/strong><\/p>\n\n\n\n<ul class=\"wp-block-list\">\n<li><strong><em>Reinigung <\/em><\/strong>Regelm\u00e4\u00dfige Anwendung: \u00dcbersch\u00fcssiges Harz mit einem weichen, sauberen Tuch abwischen.<\/li>\n\n\n\n<li>Verwendung eines <strong><em>entfetter <\/em><\/strong>sanft: Verd\u00fcnnter Haushaltsalkohol oder Essig k\u00f6nnen helfen, das Harz zu entfernen, ohne das Holz anzugreifen.<\/li>\n\n\n\n<li><em><strong>\u00d6len<\/strong> <\/em>(optional) : Ein spezielles \u00d6l f\u00fcr exotische H\u00f6lzer kann helfen, die Oberfl\u00e4che zu stabilisieren und das Aufsteigen zu reduzieren.<\/li>\n\n\n\n<li><strong><em>Schleifen <\/em><\/strong>Bei Bedarf leichtes Anschleifen: Wenn die Exsudation zu stark wird, kann leichtes Anschleifen mit einem Schleifschwamm helfen, die Poren des Holzes zu \u00f6ffnen und das Ph\u00e4nomen einzud\u00e4mmen.<\/li>\n<\/ul>\n<\/div>\n<\/div>\n\n\n\n<h6 class=\"wp-block-heading\">Praktische Infos<\/h6>\n\n\n\n<p>Sie k\u00f6nnen unsere Sammlungen von handgefertigten Kreationen entdecken, indem Sie diesem Link folgen. <a href=\"https:\/\/valwicz.com\/de\/kreationen\/\">Link<\/a>. Wenn Sie au\u00dferdem die Pflege einer Halskette aus Holz und Stein besprechen oder eine Frage stellen m\u00f6chten, laden wir Sie herzlich ein, unserer Gruppe beizutreten. <a href=\"https:\/\/valwicz.com\/de\/kontakt\/\">Austauschraum<\/a> dediziert.<\/p>\n\n\n\n<p>Endlich, <a href=\"https:\/\/valwicz.com\/de\/werkstatt-valwicz-handgefertigte-kreationen-und-einzigartiger-schmuck\/\">die Werkstatt<\/a> \u00f6ffnet ebenfalls seine T\u00fcren f\u00fcr Sie, damit Sie ganz in die Welt von Valwicz eintauchen k\u00f6nnen.<\/p>\n\n\n\n<div class=\"wp-block-columns is-layout-flex wp-container-core-columns-is-layout-9d6595d7 wp-block-columns-is-layout-flex\">\n<div class=\"wp-block-column is-layout-flow wp-block-column-is-layout-flow\"><\/div>\n\n\n\n<div class=\"wp-block-column is-vertically-aligned-center is-layout-flow wp-block-column-is-layout-flow\"><div class=\"sfsi_plus_widget\"><div id=\"sfsi_plus_wDiv\"><\/div><div class=\"sfsiplus_norm_row sfsi_plus_wDiv\"  style=\"width:270px;position:absolute;;text-align:center\"><div style='width:40px; height:auto;margin-left:5px;margin-bottom:5px;' class='sfsi_plus_wicons shuffeldiv1'><div class='sfsiplus_inerCnt'><a class='sficn1' data-effect='scale' target='_blank' rel='noopener'  href='https:\/\/valwicz.com\/de\/feed\/'  style='width:40px; height:40px;opacity:1;' ><img alt='RSS' title='RSS' src='https:\/\/valwicz.com\/wp-content\/plugins\/ultimate-social-media-plus\/images\/icons_theme\/thin\/thin_rss.png' width='40' height='40' style='' class='sfcm sfsi_wicon sfsiplusid_round_icon_rss' data-effect='scale'  \/><\/a><\/div><\/div><div style='width:40px; height:auto;margin-left:5px;margin-bottom:5px;' class='sfsi_plus_wicons shuffeldiv1'><div class='sfsiplus_inerCnt'><a class='sficn1' data-effect='scale'   href='javascript:void(0);'  style='width:40px; height:40px;opacity:1;' ><img alt='Pinterest' title='Pinterest' src='https:\/\/valwicz.com\/wp-content\/plugins\/ultimate-social-media-plus\/images\/icons_theme\/thin\/thin_pinterest.png' width='40' height='40' style='' class='sfcm sfsi_wicon sfsiplusid_round_icon_pinterest' data-effect='scale'  \/><\/a><div class=\"sfsi_plus_tool_tip_2 sfsi_plus_printst_tool_bdr sfsi_plus_Tlleft sfsiplusid_pinterest\" style=\"display:block;width:73px;opacity:0;z-index:-1;\"><span class=\"bot_arow bot_pintst_arow\"><\/span><div class=\"sfsi_plus_inside\"><div  class='icon1'><a href='https:\/\/fr.pinterest.com\/Valwicz\/' target='_blank' rel='noopener'><img data-pin-nopin='true' class='sfsi_wicon'  alt='Pinterest' title='Pinterest' src='https:\/\/valwicz.com\/wp-content\/plugins\/ultimate-social-media-plus\/images\/visit_icons\/pinterest.png' \/><\/a><\/div><div  class='icon2'><a data-pin-custom='true' href='https:\/\/www.pinterest.com\/pin\/create\/button\/?url=https:\/\/valwicz.com\/de\/wp-json\/wp\/v2\/pages\/4144' target='_blank' rel='noopener'><img class='sfsi_wicon' data-pin-nopin='true' alt='fb-share-icon' title='Pin Share' src='https:\/\/valwicz.com\/wp-content\/plugins\/ultimate-social-media-plus\/images\/share_icons\/Pinterest_Save\/fr_FR_save.svg' \/><\/a><\/div><\/div><\/div><\/div><\/div><div style='width:40px; height:auto;margin-left:5px;margin-bottom:5px;' class='sfsi_plus_wicons shuffeldiv1'><div class='sfsiplus_inerCnt'><a class='sficn1' data-effect='scale' target='_blank' rel='noopener'  href='https:\/\/www.facebook.com\/profile.php?id=61573895648767'  style='width:40px; height:40px;opacity:1;' ><img alt='Facebook' title='Facebook' src='https:\/\/valwicz.com\/wp-content\/plugins\/ultimate-social-media-plus\/images\/icons_theme\/thin\/thin_fb.png' width='40' height='40' style='' class='sfcm sfsi_wicon sfsiplusid_round_icon_facebook' data-effect='scale'  \/><\/a><div class=\"sfsi_plus_tool_tip_2 sfsi_plus_fb_tool_bdr sfsi_plus_Tlleft sfsiplusid_facebook\" style=\"display:block;width:62px;opacity:0;z-index:-1;\"><span class=\"bot_arow bot_fb_arow\"><\/span><div class=\"sfsi_plus_inside\"><div  class='icon1'><a href='https:\/\/www.facebook.com\/profile.php?id=61573895648767' target='_blank' rel='noopener'><img class='sfsi_plus_wicon' alt='Facebook' title='Facebook' src='https:\/\/valwicz.com\/wp-content\/plugins\/ultimate-social-media-plus\/images\/visit_icons\/Visit_us_fb\/icon_Visit_us_en_US.png'  \/><\/a><\/div><div  class='icon2'><div class=\"fb-like\" data-width=\"180\" data-show-faces=\"false\" data-href=\"https%3A%2F%2Fvalwicz.com%2Fde%2Fwp-json%2Fwp%2Fv2%2Fpages%2F4144%2F\" data-layout=\"button\" data-action=\"like\" data-share=\"false\" ><\/div><\/div><div  class='icon3'><a target='_blank' href='https:\/\/www.facebook.com\/sharer\/sharer.php?u=https%3A%2F%2Fvalwicz.com%2Fde%2Fwp-json%2Fwp%2Fv2%2Fpages%2F4144' style='display:inline-block;'> <img class='sfsi_wicon'  data-pin-nopin='true' width='auto' height='auto' alt='fb-share-icon' title='Facebook Share' src='https:\/\/valwicz.com\/wp-content\/plugins\/ultimate-social-media-plus\/images\/share_icons\/fb_icons\/fr_FR.svg'' \/><\/a><\/div><\/div><\/div><\/div><\/div><div style='width:40px; height:auto;margin-left:5px;margin-bottom:5px;' class='sfsi_plus_wicons shuffeldiv1'><div class='sfsiplus_inerCnt'><a class='sficn1' data-effect='scale' target='_blank' rel='noopener'  href='https:\/\/www.instagram.com\/valwicz__\/'  style='width:40px; height:40px;opacity:1;' ><img alt='Instagram' title='Instagram' src='https:\/\/valwicz.com\/wp-content\/plugins\/ultimate-social-media-plus\/images\/icons_theme\/thin\/thin_instagram.png' width='40' height='40' style='' class='sfcm sfsi_wicon sfsiplusid_round_icon_instagram' data-effect='scale'  \/><\/a><\/div><\/div><div style='width:40px; height:auto;margin-left:5px;margin-bottom:5px;' class='sfsi_plus_wicons shuffeldiv1'><div class='sfsiplus_inerCnt'><a class='sficn1' data-effect='scale' target='_blank' rel='noopener'  href='https:\/\/x.com\/Valwicz_'  style='width:40px; height:40px;opacity:1;' ><img alt='X (Twitter)' title='X (Twitter)' src='https:\/\/valwicz.com\/wp-content\/plugins\/ultimate-social-media-plus\/images\/icons_theme\/thin\/thin_twitter.png' width='40' height='40' style='' class='sfcm sfsi_wicon sfsiplusid_round_icon_twitter' data-effect='scale'  \/><\/a><div class=\"sfsi_plus_tool_tip_2 sfsi_plus_twt_tool_bdr sfsi_plus_Tlleft sfsiplusid_twitter\" style=\"display:block;width:59px;opacity:0;z-index:-1;\"><span class=\"bot_arow bot_twt_arow\"><\/span><div class=\"sfsi_plus_inside\"><style>#sfsi_plus_floater .sfsi_plus_twt_tool_bdr .sfsi_plus_inside{margin-top: -18px;}<\/style><div  class='cstmicon1'><a href='https:\/\/x.com\/Valwicz_' target='_blank' rel='noopener'><img class='sfsi_plus_wicon' alt='Besuchen Sie uns' title='Besuchen Sie uns' src='https:\/\/valwicz.com\/wp-content\/plugins\/ultimate-social-media-plus\/images\/visit_icons\/Visit_us_twitter\/icon_Visit_us_en_US.png'  \/><\/a><\/div><div  class='icon1'><a target='_blank' rel='noopener' href='https:\/\/twitter.com\/intent\/user?screen_name=Valwicz'><img nopin='nopin' width='auto' src='https:\/\/valwicz.com\/wp-content\/plugins\/ultimate-social-media-plus\/images\/share_icons\/Twitter_Follow\/fr_FR_Follow.svg' class='sfsi_premium_wicon' alt='Follow Me' title='Follow Me' style='opacity: 1;''><\/a><\/div><div  class='icon2'><div class='sf_twiter' style='display: inline-block;vertical-align: middle;width: auto;'>\n\t\t\t\t\t\t<a target='_blank' href='https:\/\/x.com\/intent\/post?text=site+de+vente+de+bijou+artisanal%3A+valwicz.com+%23BijouxArtisanal+via%40Valwicz https:\/\/valwicz.com\/de\/wp-json\/wp\/v2\/pages\/4144'style='display:inline-block' >\n\t\t\t\t\t\t\t<img nopin=\"nopin\" width='auto' class='sfsi_plus_wicon' src='https:\/\/valwicz.com\/wp-content\/plugins\/ultimate-social-media-plus\/images\/share_icons\/Twitter_Tweet\/fr_FR_Tweet.svg' alt='Tweet' title='Tweet' >\n\t\t\t\t\t\t<\/a>\n\t\t\t\t\t<\/div><\/div><\/div><\/div><\/div><\/div><div style='width:40px; height:auto;margin-left:5px;margin-bottom:5px;' class='sfsi_plus_wicons shuffeldiv1'><div class='sfsiplus_inerCnt'><a class='sficn1' data-effect='scale' target='_blank' rel='noopener'  href='https:\/\/www.youtube.com\/@Valwicz-Les-Colliers'  style='width:40px; height:40px;opacity:1;' ><img alt='YouTube' title='YouTube' src='https:\/\/valwicz.com\/wp-content\/plugins\/ultimate-social-media-plus\/images\/icons_theme\/thin\/thin_youtube.png' width='40' height='40' style='' class='sfcm sfsi_wicon sfsiplusid_round_icon_youtube' data-effect='scale'  \/><\/a><div class=\"sfsi_plus_tool_tip_2 utube_tool_bdr sfsi_plus_Tlleft sfsiplusid_youtube\" style=\"display:block;width:96px;opacity:0;z-index:-1;\"><span class=\"bot_arow bot_utube_arow\"><\/span><div class=\"sfsi_plus_inside\"><div  class='icon1'><a href='https:\/\/www.youtube.com\/@Valwicz-Les-Colliers'  target='_blank' rel='noopener'><img class='sfsi_plus_wicon' alt='YouTube' title='YouTube' src='https:\/\/valwicz.com\/wp-content\/plugins\/ultimate-social-media-plus\/images\/visit_icons\/youtube.png'  \/><\/a><\/div><div  class='icon2'><div class=\"g-ytsubscribe\" data-channelid=\"UCu4iaWzioeUxGWQGAxdJGeQ\" data-layout=\"default\" data-count=\"hidden\"><\/div><\/div><\/div><\/div><\/div><\/div><\/div><div id=\"sfsi_holder\" class=\"sfsi_plus_holders\" style=\"position: relative; float: left;width:100%;z-index:-1;\"><\/div><script><\/script><div style=\"clear: both;\"><\/div><\/div>\n<\/div>\n\n\n\n<div class=\"wp-block-column is-layout-flow wp-block-column-is-layout-flow\"><\/div>\n<\/div>\n\n\n\n<p><\/p>\n\n\n\n<p><\/p>","protected":false},"excerpt":{"rendered":"<p>Comment entretenir votre collier artisanal en bois et perles ? Prendre soin de son collier, comme on prend soin de soi Je vous rassure Mesdames, l&rsquo;entretien d&rsquo;un collier en bois et en pierres ne n\u00e9cessite que peu de temps ! Il est bien plus qu\u2019un simple bijou. Il porte en lui la m\u00e9moire du bois sculpt\u00e9, l\u2019\u00e9nergie des pierres qui le composent et l\u2019intention de l\u2019artisan qui l\u2019a fa\u00e7onn\u00e9. Comme notre propre corps, il \u00e9volue&#8230;<\/p>","protected":false},"author":3,"featured_media":0,"parent":0,"menu_order":0,"comment_status":"closed","ping_status":"closed","template":"","meta":{"sfsi_plus_gutenberg_text_before_share":"","sfsi_plus_gutenberg_show_text_before_share":"","sfsi_plus_gutenberg_icon_type":"","sfsi_plus_gutenberg_icon_alignemt":"","sfsi_plus_gutenburg_max_per_row":"","footnotes":""},"categories":[1312],"tags":[],"class_list":["post-4144","page","type-page","status-publish","hentry","category-francais"],"yoast_head":"<!-- This site is optimized with the Yoast SEO plugin v27.3 - https:\/\/yoast.com\/product\/yoast-seo-wordpress\/ -->\n<title>Entretien collier bois et pierres | conseils et astuces - Valwicz<\/title>\n<meta name=\"description\" content=\"D\u00e9couvrez nos conseils d&#039;entretien du collier en bois et pierres naturelles : nettoyage, protection, astuces pour pr\u00e9server sa beaut\u00e9.\" \/>\n<meta name=\"robots\" content=\"noindex, follow\" \/>\n<meta property=\"og:locale\" content=\"de_DE\" \/>\n<meta property=\"og:type\" content=\"article\" \/>\n<meta property=\"og:title\" content=\"Entretien collier bois et pierres | conseils et astuces - Valwicz\" \/>\n<meta property=\"og:description\" content=\"D\u00e9couvrez nos conseils d&#039;entretien du collier en bois et pierres naturelles : nettoyage, protection, astuces pour pr\u00e9server sa beaut\u00e9.\" \/>\n<meta property=\"og:url\" content=\"https:\/\/valwicz.com\/de\/pflege-ihrer-halskette-aus-holz-und-naturstein\/\" \/>\n<meta property=\"og:site_name\" content=\"Valwicz\" \/>\n<meta property=\"article:modified_time\" content=\"2025-11-30T11:37:07+00:00\" \/>\n<meta name=\"twitter:card\" content=\"summary_large_image\" \/>\n<meta name=\"twitter:site\" content=\"@Valwicz_\" \/>\n<script type=\"application\/ld+json\" class=\"yoast-schema-graph\">{\"@context\":\"https:\\\/\\\/schema.org\",\"@graph\":[{\"@type\":\"WebPage\",\"@id\":\"https:\\\/\\\/valwicz.com\\\/entretien-de-votre-collier-en-bois-et-pierres-naturelles\\\/\",\"url\":\"https:\\\/\\\/valwicz.com\\\/entretien-de-votre-collier-en-bois-et-pierres-naturelles\\\/\",\"name\":\"Entretien collier bois et pierres | conseils et astuces - Valwicz\",\"isPartOf\":{\"@id\":\"https:\\\/\\\/valwicz.com\\\/#website\"},\"datePublished\":\"2025-03-01T18:30:04+00:00\",\"dateModified\":\"2025-11-30T11:37:07+00:00\",\"description\":\"D\u00e9couvrez nos conseils d'entretien du collier en bois et pierres naturelles : nettoyage, protection, astuces pour pr\u00e9server sa beaut\u00e9.\",\"breadcrumb\":{\"@id\":\"https:\\\/\\\/valwicz.com\\\/entretien-de-votre-collier-en-bois-et-pierres-naturelles\\\/#breadcrumb\"},\"inLanguage\":\"de\",\"potentialAction\":[{\"@type\":\"ReadAction\",\"target\":[\"https:\\\/\\\/valwicz.com\\\/entretien-de-votre-collier-en-bois-et-pierres-naturelles\\\/\"]}]},{\"@type\":\"BreadcrumbList\",\"@id\":\"https:\\\/\\\/valwicz.com\\\/entretien-de-votre-collier-en-bois-et-pierres-naturelles\\\/#breadcrumb\",\"itemListElement\":[{\"@type\":\"ListItem\",\"position\":1,\"name\":\"Accueil\",\"item\":\"https:\\\/\\\/valwicz.com\\\/\"},{\"@type\":\"ListItem\",\"position\":2,\"name\":\"Entretien des colliers en bois et pierres naturelles : conseils et astuces\"}]},{\"@type\":\"WebSite\",\"@id\":\"https:\\\/\\\/valwicz.com\\\/#website\",\"url\":\"https:\\\/\\\/valwicz.com\\\/\",\"name\":\"Valwicz\",\"description\":\"Audace | El\u00e9gance | D\u00e9sinvolture\",\"publisher\":{\"@id\":\"https:\\\/\\\/valwicz.com\\\/#organization\"},\"potentialAction\":[{\"@type\":\"SearchAction\",\"target\":{\"@type\":\"EntryPoint\",\"urlTemplate\":\"https:\\\/\\\/valwicz.com\\\/?s={search_term_string}\"},\"query-input\":{\"@type\":\"PropertyValueSpecification\",\"valueRequired\":true,\"valueName\":\"search_term_string\"}}],\"inLanguage\":\"de\"},{\"@type\":\"Organization\",\"@id\":\"https:\\\/\\\/valwicz.com\\\/#organization\",\"name\":\"Valwicz\",\"url\":\"https:\\\/\\\/valwicz.com\\\/\",\"logo\":{\"@type\":\"ImageObject\",\"inLanguage\":\"de\",\"@id\":\"https:\\\/\\\/valwicz.com\\\/#\\\/schema\\\/logo\\\/image\\\/\",\"url\":\"https:\\\/\\\/valwicz.com\\\/wp-content\\\/uploads\\\/2024\\\/10\\\/cropped-logo-Valwicz.jpg\",\"contentUrl\":\"https:\\\/\\\/valwicz.com\\\/wp-content\\\/uploads\\\/2024\\\/10\\\/cropped-logo-Valwicz.jpg\",\"width\":500,\"height\":234,\"caption\":\"Valwicz\"},\"image\":{\"@id\":\"https:\\\/\\\/valwicz.com\\\/#\\\/schema\\\/logo\\\/image\\\/\"},\"sameAs\":[\"https:\\\/\\\/x.com\\\/Valwicz_\",\"https:\\\/\\\/www.instagram.com\\\/_valwicz\\\/\",\"https:\\\/\\\/fr.pinterest.com\\\/Valwicz\\\/\",\"https:\\\/\\\/www.tiktok.com\\\/@_valwicz\"]}]}<\/script>\n<!-- \/ Yoast SEO plugin. -->","yoast_head_json":{"title":"Pflege einer Halskette aus Holz und Stein | Tipps und Tricks - Valwicz","description":"Entdecken Sie unsere Pflegetipps f\u00fcr Ihre Halskette aus Holz und Naturstein: Reinigung, Schutz, Tipps zur Erhaltung ihrer Sch\u00f6nheit.","robots":{"index":"noindex","follow":"follow"},"og_locale":"de_DE","og_type":"article","og_title":"Entretien collier bois et pierres | conseils et astuces - Valwicz","og_description":"D\u00e9couvrez nos conseils d'entretien du collier en bois et pierres naturelles : nettoyage, protection, astuces pour pr\u00e9server sa beaut\u00e9.","og_url":"https:\/\/valwicz.com\/de\/pflege-ihrer-halskette-aus-holz-und-naturstein\/","og_site_name":"Valwicz","article_modified_time":"2025-11-30T11:37:07+00:00","twitter_card":"summary_large_image","twitter_site":"@Valwicz_","schema":{"@context":"https:\/\/schema.org","@graph":[{"@type":"WebPage","@id":"https:\/\/valwicz.com\/entretien-de-votre-collier-en-bois-et-pierres-naturelles\/","url":"https:\/\/valwicz.com\/entretien-de-votre-collier-en-bois-et-pierres-naturelles\/","name":"Pflege einer Halskette aus Holz und Stein | Tipps und Tricks - Valwicz","isPartOf":{"@id":"https:\/\/valwicz.com\/#website"},"datePublished":"2025-03-01T18:30:04+00:00","dateModified":"2025-11-30T11:37:07+00:00","description":"Entdecken Sie unsere Pflegetipps f\u00fcr Ihre Halskette aus Holz und Naturstein: Reinigung, Schutz, Tipps zur Erhaltung ihrer Sch\u00f6nheit.","breadcrumb":{"@id":"https:\/\/valwicz.com\/entretien-de-votre-collier-en-bois-et-pierres-naturelles\/#breadcrumb"},"inLanguage":"de","potentialAction":[{"@type":"ReadAction","target":["https:\/\/valwicz.com\/entretien-de-votre-collier-en-bois-et-pierres-naturelles\/"]}]},{"@type":"BreadcrumbList","@id":"https:\/\/valwicz.com\/entretien-de-votre-collier-en-bois-et-pierres-naturelles\/#breadcrumb","itemListElement":[{"@type":"ListItem","position":1,"name":"Accueil","item":"https:\/\/valwicz.com\/"},{"@type":"ListItem","position":2,"name":"Entretien des colliers en bois et pierres naturelles : conseils et astuces"}]},{"@type":"WebSite","@id":"https:\/\/valwicz.com\/#website","url":"https:\/\/valwicz.com\/","name":"Valwicz","description":"K\u00fchnheit | Eleganz | Ungezwungenheit","publisher":{"@id":"https:\/\/valwicz.com\/#organization"},"potentialAction":[{"@type":"SearchAction","target":{"@type":"EntryPoint","urlTemplate":"https:\/\/valwicz.com\/?s={search_term_string}"},"query-input":{"@type":"PropertyValueSpecification","valueRequired":true,"valueName":"search_term_string"}}],"inLanguage":"de"},{"@type":"Organization","@id":"https:\/\/valwicz.com\/#organization","name":"Valwicz","url":"https:\/\/valwicz.com\/","logo":{"@type":"ImageObject","inLanguage":"de","@id":"https:\/\/valwicz.com\/#\/schema\/logo\/image\/","url":"https:\/\/valwicz.com\/wp-content\/uploads\/2024\/10\/cropped-logo-Valwicz.jpg","contentUrl":"https:\/\/valwicz.com\/wp-content\/uploads\/2024\/10\/cropped-logo-Valwicz.jpg","width":500,"height":234,"caption":"Valwicz"},"image":{"@id":"https:\/\/valwicz.com\/#\/schema\/logo\/image\/"},"sameAs":["https:\/\/x.com\/Valwicz_","https:\/\/www.instagram.com\/_valwicz\/","https:\/\/fr.pinterest.com\/Valwicz\/","https:\/\/www.tiktok.com\/@_valwicz"]}]}},"_links":{"self":[{"href":"https:\/\/valwicz.com\/de\/wp-json\/wp\/v2\/pages\/4144","targetHints":{"allow":["GET"]}}],"collection":[{"href":"https:\/\/valwicz.com\/de\/wp-json\/wp\/v2\/pages"}],"about":[{"href":"https:\/\/valwicz.com\/de\/wp-json\/wp\/v2\/types\/page"}],"author":[{"embeddable":true,"href":"https:\/\/valwicz.com\/de\/wp-json\/wp\/v2\/users\/3"}],"replies":[{"embeddable":true,"href":"https:\/\/valwicz.com\/de\/wp-json\/wp\/v2\/comments?post=4144"}],"version-history":[{"count":2,"href":"https:\/\/valwicz.com\/de\/wp-json\/wp\/v2\/pages\/4144\/revisions"}],"predecessor-version":[{"id":6727,"href":"https:\/\/valwicz.com\/de\/wp-json\/wp\/v2\/pages\/4144\/revisions\/6727"}],"wp:attachment":[{"href":"https:\/\/valwicz.com\/de\/wp-json\/wp\/v2\/media?parent=4144"}],"wp:term":[{"taxonomy":"category","embeddable":true,"href":"https:\/\/valwicz.com\/de\/wp-json\/wp\/v2\/categories?post=4144"},{"taxonomy":"post_tag","embeddable":true,"href":"https:\/\/valwicz.com\/de\/wp-json\/wp\/v2\/tags?post=4144"}],"curies":[{"name":"wp","href":"https:\/\/api.w.org\/{rel}","templated":true}]}}