{"id":3,"date":"2023-11-08T16:25:17","date_gmt":"2023-11-08T15:25:17","guid":{"rendered":"https:\/\/valwicz.com\/\/?page_id=3"},"modified":"2025-11-30T12:38:26","modified_gmt":"2025-11-30T11:38:26","slug":"datenschutzrichtlinie","status":"publish","type":"page","link":"https:\/\/valwicz.com\/de\/politique-de-confidentialite\/","title":{"rendered":"Datenschutzrichtlinie"},"content":{"rendered":"<h2 class=\"wp-block-heading\">Wer sind wir?<\/h2>\n\n\n\n<p>Valwicz.com ist ein Service der Firma Valwicz, vertreten durch Jean-Val\u00e9ry THORAVAL, dem Leiter der Publikationsabteilung.<\/p>\n\n\n\n<p>Hauptsitz: 6, Rue Guillaume d&#039;Autignac 34070 MONTPELLIER<\/p>\n\n\n\n<p>Kontaktadresse: contact@valwicz.com<\/p>\n\n\n\n<p>Telefon: 06 64 40 46 63<\/p>\n\n\n\n<p>Titel, Design, Form und Inhalt der Website&nbsp;<a href=\"https:\/\/valwicz.com\/de\/\">https:\/\/valwicz.com<\/a>&nbsp;sind sein Eigentum.<\/p>\n\n\n\n<p>Informationen \u00fcber Sie werden durch Registrierung und Cookies gesammelt.<br>Die Datenerhebung erfolgt unter Beachtung der Bestimmungen zum Schutz personenbezogener Daten.<\/p>\n\n\n\n<p>Sie haben das Recht auf Auskunft, \u00c4nderung, Berichtigung und L\u00f6schung Ihrer personenbezogenen Daten (franz\u00f6sisches Datenschutzgesetz vom 6. Januar 1978).<br>Bei Fragen wenden Sie sich bitte \u00fcber die Kontaktseite an uns.<\/p>\n\n\n\n<p>Gastgeber: LWS \u2013 10, RUE PENTHIEVRE 75008 PARIS FRANKREICH<\/p>\n\n\n\n<h2 class=\"wp-block-heading\">Kommentare<\/h2>\n\n\n\n<p>Wenn Sie einen Kommentar auf unserer Website hinterlassen, werden die im Kommentarformular eingegebenen Daten sowie Ihre IP-Adresse und Ihr Browser-User-Agent erfasst, um uns bei der Erkennung von Spam zu unterst\u00fctzen.<\/p>\n\n\n\n<p>Eine anonymisierte Zeichenfolge, die aus Ihrer E-Mail-Adresse erstellt wird (auch Hash genannt), kann an den Gravatar-Dienst gesendet werden, um zu pr\u00fcfen, ob Sie diesen nutzen. Die Datenschutzrichtlinie von Gravatar finden Sie hier: https:\/\/automattic.com\/privacy\/. Nach Freigabe Ihres Kommentars wird Ihr Profilbild \u00f6ffentlich neben Ihrem Kommentar angezeigt.<\/p>\n\n\n\n<h2 class=\"wp-block-heading\">Medien<\/h2>\n\n\n\n<p>Wenn Sie Bilder auf die Website hochladen, raten wir Ihnen davon ab, Bilder mit EXIF-GPS-Koordinatendaten hochzuladen. Besucher Ihrer Website k\u00f6nnen Standortdaten aus diesen Bildern extrahieren.<\/p>\n\n\n\n<h2 class=\"wp-block-heading\">Cookies<\/h2>\n\n\n\n<p>Wenn Sie einen Kommentar auf unserer Website hinterlassen, haben Sie die M\u00f6glichkeit, Ihren Namen, Ihre E-Mail-Adresse und Ihre Website-Adresse in Cookies zu speichern. Dies dient ausschlie\u00dflich Ihrem Komfort, damit Sie diese Informationen nicht erneut eingeben m\u00fcssen, wenn Sie sp\u00e4ter einen weiteren Kommentar verfassen. Diese Cookies sind ein Jahr g\u00fcltig.<\/p>\n\n\n\n<p>Beim Besuch der Anmeldeseite wird ein tempor\u00e4rer Cookie erstellt, um festzustellen, ob Ihr Browser Cookies akzeptiert. Dieser Cookie enth\u00e4lt keine personenbezogenen Daten und wird beim Schlie\u00dfen des Browsers automatisch gel\u00f6scht.<\/p>\n\n\n\n<p>Beim Anmelden werden mehrere Cookies gesetzt, um Ihre Anmeldeinformationen und Bildschirmeinstellungen zu speichern. Anmelde-Cookies sind zwei Tage g\u00fcltig, Cookies f\u00fcr Bildschirmeinstellungen ein Jahr. Wenn Sie \u00abAngemeldet bleiben\u00bb ausw\u00e4hlen, wird Ihr Anmelde-Cookie zwei Wochen lang gespeichert. Wenn Sie sich von Ihrem Konto abmelden, wird der Anmelde-Cookie gel\u00f6scht.<\/p>\n\n\n\n<p>Wenn Sie einen Beitrag bearbeiten oder ver\u00f6ffentlichen, wird ein zus\u00e4tzlicher Cookie in Ihrem Browser gespeichert. Dieser Cookie enth\u00e4lt keine personenbezogenen Daten. Er speichert lediglich die ID des bearbeiteten Beitrags und l\u00e4uft nach einem Tag ab.<\/p>\n\n\n\n<h2 class=\"wp-block-heading\">Eingebettete Inhalte von anderen Websites<\/h2>\n\n\n\n<p>Artikel auf dieser Website k\u00f6nnen eingebettete Inhalte (z. B. Videos, Bilder, Artikel usw.) enthalten. Eingebettete Inhalte von anderen Websites verhalten sich so, als ob der Besucher diese andere Website besucht h\u00e4tte.<\/p>\n\n\n\n<p>Diese Websites k\u00f6nnen Daten \u00fcber Sie sammeln, Cookies verwenden, Tracking-Tools von Drittanbietern einbetten und Ihre Interaktionen mit diesen eingebetteten Inhalten \u00fcberwachen, wenn Sie ein Konto besitzen und auf deren Website angemeldet sind.<\/p>\n\n\n\n<h2 class=\"wp-block-heading\">Nutzung und \u00dcbermittlung Ihrer personenbezogenen Daten<\/h2>\n\n\n\n<p>Wenn Sie eine Passwortzur\u00fccksetzung anfordern, wird Ihre IP-Adresse in die E-Mail zur Passwortzur\u00fccksetzung aufgenommen.<\/p>\n\n\n\n<h2 class=\"wp-block-heading\">Datenspeicherungszeitr\u00e4ume<\/h2>\n\n\n\n<p>Wenn Sie einen Kommentar hinterlassen, werden dieser und seine Metadaten dauerhaft gespeichert. Dadurch k\u00f6nnen nachfolgende Kommentare automatisch erkannt und freigegeben werden, anstatt in der Moderationswarteschlange zu verbleiben.<\/p>\n\n\n\n<p>F\u00fcr Konten, die sich auf unserer Website registrieren (sofern zutreffend), speichern wir die von ihnen angegebenen pers\u00f6nlichen Daten in ihrem Profil. Alle Konten k\u00f6nnen ihre pers\u00f6nlichen Daten jederzeit einsehen, bearbeiten oder l\u00f6schen (mit Ausnahme des Benutzernamens). Website-Administratoren k\u00f6nnen diese Informationen ebenfalls einsehen und bearbeiten.<\/p>\n\n\n\n<h2 class=\"wp-block-heading\">Ihre Rechte an Ihren Daten<\/h2>\n\n\n\n<p>Wenn Sie ein Konto auf der Website haben oder Kommentare hinterlassen haben, k\u00f6nnen Sie eine Datei mit all Ihren bei uns gespeicherten personenbezogenen Daten anfordern, einschlie\u00dflich aller Daten, die Sie uns bereitgestellt haben. Sie k\u00f6nnen auch die L\u00f6schung Ihrer personenbezogenen Daten beantragen. Dies gilt nicht f\u00fcr Daten, die aus administrativen, rechtlichen oder Sicherheitsgr\u00fcnden gespeichert werden.<\/p>\n\n\n\n<h2 class=\"wp-block-heading\">Wohin Ihre Daten gesendet werden<\/h2>\n\n\n\n<p>Besucherkommentare k\u00f6nnen mithilfe eines automatisierten Spam-Erkennungsdienstes \u00fcberpr\u00fcft werden.<\/p>","protected":false},"excerpt":{"rendered":"<p>Qui sommes-nous&nbsp;? Valwicz.com est un service \u00e9dit\u00e9 par la soci\u00e9t\u00e9 Valwicz, repr\u00e9sent\u00e9e par Jean-Val\u00e9ry THORAVAL, directeur de la publication. Si\u00e8ge social : 6, Rue Guillaume d&rsquo;Autignac 34070 MONTPELLIER Adresse de contact : contact@valwicz.com T\u00e9l\u00e9phone : 06 64 40 46 63 Le titre, la conception, la forme et le contenu du site internet&nbsp;https:\/\/valwicz.com&nbsp;sont sa propri\u00e9t\u00e9. Un recueil d&rsquo; informations vous concernant a lieu gr\u00e2ce aux inscriptions et \u00e0 des cookies.Ce recueil est fait dans le respect&#8230;<\/p>","protected":false},"author":4,"featured_media":0,"parent":0,"menu_order":0,"comment_status":"closed","ping_status":"closed","template":"","meta":{"sfsi_plus_gutenberg_text_before_share":"","sfsi_plus_gutenberg_show_text_before_share":"","sfsi_plus_gutenberg_icon_type":"","sfsi_plus_gutenberg_icon_alignemt":"","sfsi_plus_gutenburg_max_per_row":"","footnotes":""},"categories":[1312],"tags":[],"class_list":["post-3","page","type-page","status-publish","hentry","category-francais"],"yoast_head":"<!-- This site is optimized with the Yoast SEO plugin v27.3 - https:\/\/yoast.com\/product\/yoast-seo-wordpress\/ -->\n<title>Politique de confidentialit\u00e9 - Valwicz<\/title>\n<meta name=\"robots\" content=\"noindex, follow\" \/>\n<meta property=\"og:locale\" content=\"de_DE\" \/>\n<meta property=\"og:type\" content=\"article\" \/>\n<meta property=\"og:title\" content=\"Politique de confidentialit\u00e9 - Valwicz\" \/>\n<meta property=\"og:description\" content=\"Qui sommes-nous&nbsp;? Valwicz.com est un service \u00e9dit\u00e9 par la soci\u00e9t\u00e9 Valwicz, repr\u00e9sent\u00e9e par Jean-Val\u00e9ry THORAVAL, directeur de la publication. Si\u00e8ge social : 6, Rue Guillaume d&rsquo;Autignac 34070 MONTPELLIER Adresse de contact : contact@valwicz.com T\u00e9l\u00e9phone : 06 64 40 46 63 Le titre, la conception, la forme et le contenu du site internet&nbsp;https:\/\/valwicz.com&nbsp;sont sa propri\u00e9t\u00e9. Un recueil d&rsquo; informations vous concernant a lieu gr\u00e2ce aux inscriptions et \u00e0 des cookies.Ce recueil est fait dans le respect...\" \/>\n<meta property=\"og:url\" content=\"https:\/\/valwicz.com\/de\/datenschutzrichtlinie\/\" \/>\n<meta property=\"og:site_name\" content=\"Valwicz\" \/>\n<meta property=\"article:modified_time\" content=\"2025-11-30T11:38:26+00:00\" \/>\n<meta name=\"twitter:card\" content=\"summary_large_image\" \/>\n<meta name=\"twitter:site\" content=\"@Valwicz_\" \/>\n<script type=\"application\/ld+json\" class=\"yoast-schema-graph\">{\"@context\":\"https:\\\/\\\/schema.org\",\"@graph\":[{\"@type\":\"WebPage\",\"@id\":\"https:\\\/\\\/valwicz.com\\\/politique-de-confidentialite\\\/\",\"url\":\"https:\\\/\\\/valwicz.com\\\/politique-de-confidentialite\\\/\",\"name\":\"Politique de confidentialit\u00e9 - Valwicz\",\"isPartOf\":{\"@id\":\"https:\\\/\\\/valwicz.com\\\/#website\"},\"datePublished\":\"2023-11-08T15:25:17+00:00\",\"dateModified\":\"2025-11-30T11:38:26+00:00\",\"breadcrumb\":{\"@id\":\"https:\\\/\\\/valwicz.com\\\/politique-de-confidentialite\\\/#breadcrumb\"},\"inLanguage\":\"de\",\"potentialAction\":[{\"@type\":\"ReadAction\",\"target\":[\"https:\\\/\\\/valwicz.com\\\/politique-de-confidentialite\\\/\"]}]},{\"@type\":\"BreadcrumbList\",\"@id\":\"https:\\\/\\\/valwicz.com\\\/politique-de-confidentialite\\\/#breadcrumb\",\"itemListElement\":[{\"@type\":\"ListItem\",\"position\":1,\"name\":\"Accueil\",\"item\":\"https:\\\/\\\/valwicz.com\\\/\"},{\"@type\":\"ListItem\",\"position\":2,\"name\":\"Politique de confidentialit\u00e9\"}]},{\"@type\":\"WebSite\",\"@id\":\"https:\\\/\\\/valwicz.com\\\/#website\",\"url\":\"https:\\\/\\\/valwicz.com\\\/\",\"name\":\"Valwicz\",\"description\":\"Audace | El\u00e9gance | D\u00e9sinvolture\",\"publisher\":{\"@id\":\"https:\\\/\\\/valwicz.com\\\/#organization\"},\"potentialAction\":[{\"@type\":\"SearchAction\",\"target\":{\"@type\":\"EntryPoint\",\"urlTemplate\":\"https:\\\/\\\/valwicz.com\\\/?s={search_term_string}\"},\"query-input\":{\"@type\":\"PropertyValueSpecification\",\"valueRequired\":true,\"valueName\":\"search_term_string\"}}],\"inLanguage\":\"de\"},{\"@type\":\"Organization\",\"@id\":\"https:\\\/\\\/valwicz.com\\\/#organization\",\"name\":\"Valwicz\",\"url\":\"https:\\\/\\\/valwicz.com\\\/\",\"logo\":{\"@type\":\"ImageObject\",\"inLanguage\":\"de\",\"@id\":\"https:\\\/\\\/valwicz.com\\\/#\\\/schema\\\/logo\\\/image\\\/\",\"url\":\"https:\\\/\\\/valwicz.com\\\/wp-content\\\/uploads\\\/2024\\\/10\\\/cropped-logo-Valwicz.jpg\",\"contentUrl\":\"https:\\\/\\\/valwicz.com\\\/wp-content\\\/uploads\\\/2024\\\/10\\\/cropped-logo-Valwicz.jpg\",\"width\":500,\"height\":234,\"caption\":\"Valwicz\"},\"image\":{\"@id\":\"https:\\\/\\\/valwicz.com\\\/#\\\/schema\\\/logo\\\/image\\\/\"},\"sameAs\":[\"https:\\\/\\\/x.com\\\/Valwicz_\",\"https:\\\/\\\/www.instagram.com\\\/_valwicz\\\/\",\"https:\\\/\\\/fr.pinterest.com\\\/Valwicz\\\/\",\"https:\\\/\\\/www.tiktok.com\\\/@_valwicz\"]}]}<\/script>\n<!-- \/ Yoast SEO plugin. -->","yoast_head_json":{"title":"Datenschutzrichtlinie - Valwicz","robots":{"index":"noindex","follow":"follow"},"og_locale":"de_DE","og_type":"article","og_title":"Politique de confidentialit\u00e9 - Valwicz","og_description":"Qui sommes-nous&nbsp;? Valwicz.com est un service \u00e9dit\u00e9 par la soci\u00e9t\u00e9 Valwicz, repr\u00e9sent\u00e9e par Jean-Val\u00e9ry THORAVAL, directeur de la publication. Si\u00e8ge social : 6, Rue Guillaume d&rsquo;Autignac 34070 MONTPELLIER Adresse de contact : contact@valwicz.com T\u00e9l\u00e9phone : 06 64 40 46 63 Le titre, la conception, la forme et le contenu du site internet&nbsp;https:\/\/valwicz.com&nbsp;sont sa propri\u00e9t\u00e9. Un recueil d&rsquo; informations vous concernant a lieu gr\u00e2ce aux inscriptions et \u00e0 des cookies.Ce recueil est fait dans le respect...","og_url":"https:\/\/valwicz.com\/de\/datenschutzrichtlinie\/","og_site_name":"Valwicz","article_modified_time":"2025-11-30T11:38:26+00:00","twitter_card":"summary_large_image","twitter_site":"@Valwicz_","schema":{"@context":"https:\/\/schema.org","@graph":[{"@type":"WebPage","@id":"https:\/\/valwicz.com\/politique-de-confidentialite\/","url":"https:\/\/valwicz.com\/politique-de-confidentialite\/","name":"Datenschutzrichtlinie - Valwicz","isPartOf":{"@id":"https:\/\/valwicz.com\/#website"},"datePublished":"2023-11-08T15:25:17+00:00","dateModified":"2025-11-30T11:38:26+00:00","breadcrumb":{"@id":"https:\/\/valwicz.com\/politique-de-confidentialite\/#breadcrumb"},"inLanguage":"de","potentialAction":[{"@type":"ReadAction","target":["https:\/\/valwicz.com\/politique-de-confidentialite\/"]}]},{"@type":"BreadcrumbList","@id":"https:\/\/valwicz.com\/politique-de-confidentialite\/#breadcrumb","itemListElement":[{"@type":"ListItem","position":1,"name":"Accueil","item":"https:\/\/valwicz.com\/"},{"@type":"ListItem","position":2,"name":"Politique de confidentialit\u00e9"}]},{"@type":"WebSite","@id":"https:\/\/valwicz.com\/#website","url":"https:\/\/valwicz.com\/","name":"Valwicz","description":"K\u00fchnheit | Eleganz | Ungezwungenheit","publisher":{"@id":"https:\/\/valwicz.com\/#organization"},"potentialAction":[{"@type":"SearchAction","target":{"@type":"EntryPoint","urlTemplate":"https:\/\/valwicz.com\/?s={search_term_string}"},"query-input":{"@type":"PropertyValueSpecification","valueRequired":true,"valueName":"search_term_string"}}],"inLanguage":"de"},{"@type":"Organization","@id":"https:\/\/valwicz.com\/#organization","name":"Valwicz","url":"https:\/\/valwicz.com\/","logo":{"@type":"ImageObject","inLanguage":"de","@id":"https:\/\/valwicz.com\/#\/schema\/logo\/image\/","url":"https:\/\/valwicz.com\/wp-content\/uploads\/2024\/10\/cropped-logo-Valwicz.jpg","contentUrl":"https:\/\/valwicz.com\/wp-content\/uploads\/2024\/10\/cropped-logo-Valwicz.jpg","width":500,"height":234,"caption":"Valwicz"},"image":{"@id":"https:\/\/valwicz.com\/#\/schema\/logo\/image\/"},"sameAs":["https:\/\/x.com\/Valwicz_","https:\/\/www.instagram.com\/_valwicz\/","https:\/\/fr.pinterest.com\/Valwicz\/","https:\/\/www.tiktok.com\/@_valwicz"]}]}},"_links":{"self":[{"href":"https:\/\/valwicz.com\/de\/wp-json\/wp\/v2\/pages\/3","targetHints":{"allow":["GET"]}}],"collection":[{"href":"https:\/\/valwicz.com\/de\/wp-json\/wp\/v2\/pages"}],"about":[{"href":"https:\/\/valwicz.com\/de\/wp-json\/wp\/v2\/types\/page"}],"author":[{"embeddable":true,"href":"https:\/\/valwicz.com\/de\/wp-json\/wp\/v2\/users\/4"}],"replies":[{"embeddable":true,"href":"https:\/\/valwicz.com\/de\/wp-json\/wp\/v2\/comments?post=3"}],"version-history":[{"count":1,"href":"https:\/\/valwicz.com\/de\/wp-json\/wp\/v2\/pages\/3\/revisions"}],"predecessor-version":[{"id":4972,"href":"https:\/\/valwicz.com\/de\/wp-json\/wp\/v2\/pages\/3\/revisions\/4972"}],"wp:attachment":[{"href":"https:\/\/valwicz.com\/de\/wp-json\/wp\/v2\/media?parent=3"}],"wp:term":[{"taxonomy":"category","embeddable":true,"href":"https:\/\/valwicz.com\/de\/wp-json\/wp\/v2\/categories?post=3"},{"taxonomy":"post_tag","embeddable":true,"href":"https:\/\/valwicz.com\/de\/wp-json\/wp\/v2\/tags?post=3"}],"curies":[{"name":"wp","href":"https:\/\/api.w.org\/{rel}","templated":true}]}}