{"id":1960,"date":"2024-10-26T15:53:10","date_gmt":"2024-10-26T13:53:10","guid":{"rendered":"https:\/\/valwicz.com\/?page_id=1960"},"modified":"2025-11-30T12:36:19","modified_gmt":"2025-11-30T11:36:19","slug":"allgemeine-geschaftsbedingungen","status":"publish","type":"page","link":"https:\/\/valwicz.com\/de\/conditions-generales-de-vente\/","title":{"rendered":"Allgemeine Gesch\u00e4ftsbedingungen"},"content":{"rendered":"<p>Definition der Teile<\/p>\n\n\n\n<p>Zwischen der Valwicz Company,<br>6 rue Guillaume d&#039;Autignac 34070 Montpellier<br>vertreten durch Jean-Val\u00e9ry THORAVAL (SIRET-Nummer: 525 234 621 00023)<br>F\u00fcr die hierin genannten Zwecke ordnungsgem\u00e4\u00df erm\u00e4chtigt.<br>Das Unternehmen kann per E-Mail kontaktiert werden, indem man auf das Kontaktformular klickt, das \u00fcber die Startseite der Website zug\u00e4nglich ist.<br>Im Folgenden als \u00abVerk\u00e4ufer\u00bb oder \u00abUnternehmen\u00bb bezeichnet.<br>Einerseits,<br>Und die nat\u00fcrliche oder juristische Person, die Produkte oder Dienstleistungen von dem Unternehmen erwirbt,<br>Im Folgenden als \u00abK\u00e4ufer\u00bb oder \u00abKunde\u00bb bezeichnet\u00bb<br>Auf der anderen Seite,<\/p>\n\n\n\n<h4 class=\"wp-block-heading\">PR\u00c4AMBEL<\/h4>\n\n\n\n<p>Der Verk\u00e4ufer ist ein Herausgeber von Produkten und Dienstleistungen, die \u00fcber seine Website vermarktet werden (<a href=\"https:\/\/valwicz.com\/de\/\">valwicz.com<\/a>Die Liste und Beschreibung der vom Unternehmen angebotenen Waren und Dienstleistungen k\u00f6nnen auf der oben genannten Website und deren Verkaufsseiten eingesehen werden.<\/p>\n\n\n\n<h4 class=\"wp-block-heading\">ARTIKEL 1 \u2013 ZWECK<\/h4>\n\n\n\n<p>Diese Allgemeinen Verkaufsbedingungen definieren die Rechte und Pflichten der Parteien im Rahmen des Online-Verkaufs von Produkten und Dienstleistungen, die vom Verk\u00e4ufer angeboten werden.<\/p>\n\n\n\n<h4 class=\"wp-block-heading\">ARTIKEL 2 \u2013 ALLGEMEINE BESTIMMUNGEN<\/h4>\n\n\n\n<p>Diese Allgemeinen Gesch\u00e4ftsbedingungen (AGB) gelten f\u00fcr alle Verk\u00e4ufe von Produkten oder Dienstleistungen \u00fcber die Website des Unternehmens und sind integraler Bestandteil des Vertrags zwischen K\u00e4ufer und Verk\u00e4ufer. Der Verk\u00e4ufer beh\u00e4lt sich das Recht vor, diese Bedingungen jederzeit durch Ver\u00f6ffentlichung einer neuen Version auf seiner Website zu \u00e4ndern. Es gelten die AGB in ihrer Fassung zum Zeitpunkt der Zahlung (bzw. der ersten Zahlung bei mehreren Zahlungen). Diese AGB sind auf der Website des Unternehmens unter folgender Adresse abrufbar: <a href=\"https:\/\/valwicz.com\/de\/\">valwicz.com<\/a>. Das Unternehmen stellt sicher, dass die Annahme zum Zeitpunkt des Kaufs eindeutig und bedingungslos erfolgt. Der Kunde erkl\u00e4rt, die vorliegenden Allgemeinen Gesch\u00e4ftsbedingungen sowie gegebenenfalls die f\u00fcr ein Produkt oder eine Dienstleistung geltenden Besonderen Gesch\u00e4ftsbedingungen gelesen zu haben und diese vorbehaltlos zu akzeptieren. Der Kunde best\u00e4tigt, die notwendige Beratung und Information erhalten zu haben, um die Eignung des Angebots f\u00fcr seine Bed\u00fcrfnisse sicherzustellen. Der Kunde erkl\u00e4rt, nach franz\u00f6sischem Recht gesch\u00e4ftsf\u00e4hig zu sein oder ordnungsgem\u00e4\u00df bevollm\u00e4chtigt zu sein, die nat\u00fcrliche oder juristische Person zu vertreten, in deren Namen er handelt. Sofern nichts anderes nachgewiesen wird, gelten die vom Unternehmen erfassten Daten als Nachweis f\u00fcr alle Transaktionen.<\/p>\n\n\n\n<p><strong>ARTIKEL 3 \u2013 PREIS<\/strong><\/p>\n\n\n\n<p>Die Preise f\u00fcr den Verkauf der Produkte sind in Euro angegeben und verstehen sich inklusive aller Steuern (inkl. MwSt.). <strong>Gem\u00e4\u00df Artikel 293 B des franz\u00f6sischen Steuergesetzbuchs (Code G\u00e9n\u00e9ral des Imp\u00f4ts, CGI) f\u00e4llt keine Mehrwertsteuer an.<\/strong> Die Preise beinhalten nicht die Versandkosten, die zus\u00e4tzlich berechnet werden und vor der Best\u00e4tigung des Vertrags angegeben werden. Der Verk\u00e4ufer fordert den K\u00e4ufer in diesem Zusammenhang auf, sich bei den entsprechenden lokalen Beh\u00f6rden \u00fcber diese Aspekte zu informieren. Das Unternehmen beh\u00e4lt sich das Recht vor, seine Preise jederzeit mit Wirkung f\u00fcr die Zukunft zu \u00e4ndern. Die Telekommunikationskosten, die f\u00fcr den Zugang zu den Internetseiten des Unternehmens erforderlich sind, gehen zu Lasten des Kunden.\u00a0<\/p>\n\n\n\n<h4 class=\"wp-block-heading\">ARTIKEL 4 \u2013 ABSCHLUSS DES ONLINE-VERTRAGS<\/h4>\n\n\n\n<p>Um eine Bestellung aufzugeben, muss der Kunde eine Reihe von Schritten befolgen, die f\u00fcr jedes vom Verk\u00e4ufer angebotene Produkt oder jede Dienstleistung spezifisch sind. <br>Die nachfolgend beschriebenen Schritte sind jedoch systematisch: <br>\u2013 Informationen \u00fcber die wesentlichen Eigenschaften des Produkts; ; <br>\u2013 Auswahl des Produkts, gegebenenfalls dessen Optionen und Angabe der wesentlichen Kundendaten (Identifikation, Adresse usw.); ; <br>\u2013 Annahme dieser Allgemeinen Verkaufsbedingungen. <br>\u2013 \u00dcberpr\u00fcfung der Bestelldetails und gegebenenfalls Korrektur von Fehlern. <br>\u2013 Befolgen der Zahlungsanweisungen und Bezahlung der Produkte. <br>\u2013 Produktlieferung. <br>Der Kunde erh\u00e4lt anschlie\u00dfend eine E-Mail-Best\u00e4tigung \u00fcber die Zahlung der Bestellung sowie eine Auftragsbest\u00e4tigung. Zus\u00e4tzlich erh\u00e4lt er eine PDF-Kopie dieser Verkaufsbedingungen. Die Lieferung der Produkte erfolgt an die vom Kunden angegebene Adresse. Um eine reibungslose Auftragsabwicklung zu gew\u00e4hrleisten, verpflichtet sich der Kunde zur Angabe korrekter Identifikationsdaten. Der Verk\u00e4ufer beh\u00e4lt sich das Recht vor, die Bestellung abzulehnen, beispielsweise bei ungew\u00f6hnlichen W\u00fcnschen, Bestellungen in b\u00f6ser Absicht oder aus anderen berechtigten Gr\u00fcnden.<br>Mit der Aufgabe einer Bestellung erkl\u00e4rt sich der Kunde damit einverstanden, dass Valwicz.com seine E-Mail-Adresse, die w\u00e4hrend der Transaktion erhoben wird, f\u00fcr den Versand einer automatisierten Einladung zur Bewertung seiner Bestellung und der gekauften Produkte verwendet. Diese E-Mail wird 5 Tage nach Ausf\u00fchrung der Bestellung versandt und ist strikt auf die Bewertung der Dienstleistungen\/Produkte beschr\u00e4nkt.<\/p>\n\n\n\n<p>HAT<strong>ARTIKEL 5 \u2013 PRODUKTE UND DIENSTLEISTUNGEN<\/strong><\/p>\n\n\n\n<p>Die wesentlichen Merkmale der Waren und Dienstleistungen sowie deren Preise sind auf der Website des Unternehmens einsehbar. Der Kunde best\u00e4tigt, die Informationen zu den Lieferkosten sowie den Zahlungs-, Liefer- und Vertragsbedingungen erhalten zu haben. Der Verk\u00e4ufer verpflichtet sich, die Bestellung des Kunden nur im Rahmen des verf\u00fcgbaren Lagerbestands auszuf\u00fchren. Sollten die Waren oder Dienstleistungen nicht verf\u00fcgbar sein, wird der Verk\u00e4ufer den Kunden informieren. Diese Vertragsinformationen werden detailliert und in franz\u00f6sischer Sprache dargestellt. Gem\u00e4\u00df franz\u00f6sischem Recht werden sie bei Best\u00e4tigung der Bestellung zusammengefasst und best\u00e4tigt. Die Parteien vereinbaren, dass Abbildungen oder Fotos der angebotenen Produkte nicht vertraglich bindend sind. Die G\u00fcltigkeitsdauer der Produktangebote und deren Preise sowie die Mindestlaufzeit von Vertr\u00e4gen \u00fcber die kontinuierliche oder periodische Lieferung von Produkten oder Dienstleistungen sind auf den jeweiligen Produktseiten angegeben. Sofern nicht anders angegeben, stehen die hierin gew\u00e4hrten Rechte ausschlie\u00dflich der Person zu, die die Bestellung aufgegeben hat (bzw. der Person, deren E-Mail-Adresse angegeben wurde). Gem\u00e4\u00df den gesetzlichen Bestimmungen zu Konformit\u00e4t und versteckten M\u00e4ngeln erstattet der Verk\u00e4ufer mangelhafte oder nicht der Bestellung entsprechende Produkte oder tauscht diese um. R\u00fcckerstattungen k\u00f6nnen durch Kontaktaufnahme mit dem Verk\u00e4ufer per E-Mail oder Post beantragt werden.<\/p>\n\n\n\n<h4 class=\"wp-block-heading\">ARTIKEL 6 \u2013 BEIBEHALT DER TITELKLAUSEL<\/h4>\n\n\n\n<p>Die Produkte bleiben bis zur vollst\u00e4ndigen Bezahlung des Preises Eigentum des Unternehmens.<\/p>\n\n\n\n<h4 class=\"wp-block-heading\">ARTIKEL 7 \u2013 LIEFERBEDINGUNGEN<\/h4>\n\n\n\n<p>Die Produkte werden innerhalb des angegebenen Zeitraums an die w\u00e4hrend des Bestellvorgangs angegebene Lieferadresse geliefert. Die Bearbeitungszeit ist in diesem Zeitraum nicht enthalten. Bestellt ein Kunde mehrere Produkte gleichzeitig, k\u00f6nnen die Lieferzeiten und Versandarten unterschiedlich sein. Der Verk\u00e4ufer stellt in der Bestellbest\u00e4tigungs-E-Mail eine Telefonnummer zur Verf\u00fcgung (es gelten die Ortsgeb\u00fchren aus dem Festnetz), um die Sendungsverfolgung zu erleichtern. Der Verk\u00e4ufer weist darauf hin, dass die Gefahr des Verlusts oder der Besch\u00e4digung der Produkte mit der physischen \u00dcbergabe der Ware auf den Kunden \u00fcbergeht.<\/p>\n\n\n\n<h4 class=\"wp-block-heading\">ARTIKEL 8 \u2013 VERF\u00dcGBARKEIT UND PR\u00c4SENTATION<\/h4>\n\n\n\n<p>Bestellungen werden vorbehaltlich unseres verf\u00fcgbaren Lagerbestands bzw. der Verf\u00fcgbarkeit der Ware bei unseren Lieferanten bearbeitet.<\/p>\n\n\n\n<h4 class=\"wp-block-heading\">ARTIKEL 9 \u2013 ZAHLUNG<\/h4>\n\n\n\n<p>Die Zahlung ist sofort nach der Bestellung f\u00e4llig, auch bei vorbestellten Produkten. Der Kunde kann per Kreditkarte \u00fcber PayPal, per Bank\u00fcberweisung oder per Scheck bezahlen. Sichere Online-Kreditkartenzahlungen werden von unserem Zahlungsdienstleister abgewickelt. Die \u00fcbermittelten Daten werden mit modernster Technologie verschl\u00fcsselt und sind w\u00e4hrend der \u00dcbertragung \u00fcber das Netzwerk nicht lesbar. Nach erfolgter Zahlung und \u00dcberpr\u00fcfung der Daten wird der Betrag umgehend abgebucht. Gem\u00e4\u00df den Bestimmungen des franz\u00f6sischen W\u00e4hrungs- und Finanzgesetzes ist die Zahlungsverpflichtung per Karte unwiderruflich. Mit der Angabe seiner Bankdaten w\u00e4hrend des Kaufvorgangs erm\u00e4chtigt der Kunde den Verk\u00e4ufer, seine Karte mit dem entsprechenden Betrag zu belasten. Der Kunde best\u00e4tigt, dass er der rechtm\u00e4\u00dfige Karteninhaber und zur Nutzung der Karte berechtigt ist. Im Falle eines Fehlers oder falls die Karte nicht belastet werden kann, wird der Kauf automatisch abgebrochen und die Bestellung storniert.<\/p>\n\n\n\n<h4 class=\"wp-block-heading\">ARTIKEL 10 \u2013 WIDERRUFSRECHT UND R\u00dcCKERSTATTUNGSRICHTLINIEN<\/h4>\n\n\n\n<p>Die 14-t\u00e4gige Zufriedenheitsgarantie erm\u00f6glicht es Ihnen, Ihr Produkt innerhalb von 14 Tagen ab Erhalt zur\u00fcckzusenden.<\/p>\n\n\n\n<p>Das\/Die Produkt(e) muss\/m\u00fcssen innerhalb von 14 Tagen nach dem Datum der Reklamation an die folgende Adresse zur\u00fcckgesendet werden:<\/p>\n\n\n\n<p><em>Valwicz<\/em><\/p>\n\n\n\n<p>Jean-Val\u00e9ry Thoraval<\/p>\n\n\n\n<p>6 rue Guillaume d&#039;Autignac<\/p>\n\n\n\n<p>34070 MONTPELLIER<\/p>\n\n\n\n<p><br>Im Rahmen einer R\u00fccksendung und gem\u00e4\u00df Artikel L. 121-20 des franz\u00f6sischen Verbraucherschutzgesetzes wird Ihnen der Kaufpreis innerhalb von 14 Tagen nach Eingang des Produkts in unserer Logistikabteilung erstattet. <\/p>\n\n\n\n<p>Die R\u00fcckerstattung erfolgt \u00fcber die Zahlungsmethode, die zur Bestellung verwendet wurde.<\/p>\n\n\n\n<p>Das zur\u00fcckgesendete Produkt muss neuwertig sein, sich in der Originalverpackung befinden und die Kaufrechnung muss beigef\u00fcgt sein.<\/p>\n\n\n\n<p>Der Kunde tr\u00e4gt die vollen Lieferkosten im Falle einer vollst\u00e4ndigen R\u00fccksendung der Bestellung, unabh\u00e4ngig vom Grund der R\u00fccksendung, au\u00dfer im Falle versteckter M\u00e4ngel (siehe Abschnitt Garantien).<\/p>\n\n\n\n<h4 class=\"wp-block-heading\">ARTIKEL 11 \u2013 GARANTIEN<\/h4>\n\n\n\n<p>Gem\u00e4\u00df den gesetzlichen Bestimmungen gew\u00e4hrt der Verk\u00e4ufer zwei Garantien: Konformit\u00e4t und Schutz vor versteckten M\u00e4ngeln der Produkte. Der Verk\u00e4ufer erstattet dem K\u00e4ufer den Kaufpreis oder tauscht offensichtlich mangelhafte oder nicht der Bestellung entsprechende Produkte um. R\u00fcckerstattungsantr\u00e4ge sind per E-Mail oder Post an den Verk\u00e4ufer zu richten. Der Verk\u00e4ufer weist den Verbraucher darauf hin, dass: <\/p>\n\n\n\n<p>\u2013 hat ab Lieferung der Ware eine Frist von 2 Jahren, um gegen den Verk\u00e4ufer vorzugehen. <\/p>\n\n\n\n<p>\u2013 dass er vorbehaltlich der in den vorstehenden Bestimmungen festgelegten Bedingungen zwischen Ersatzlieferung und Reparatur des Gegenstands w\u00e4hlen kann, der offensichtlich mangelhaft ist oder nicht den Anforderungen entspricht. <\/p>\n\n\n\n<p>\u2013 dass der Verbraucher auch die Gew\u00e4hrleistung gegen versteckte M\u00e4ngel der verkauften Sache im Sinne des Artikels 1641 des B\u00fcrgerlichen Gesetzbuches geltend machen kann und in diesem Fall zwischen der Aufhebung des Kaufvertrags oder einer Minderung des Kaufpreises w\u00e4hlen kann (Bestimmungen des Artikels 1644 des B\u00fcrgerlichen Gesetzbuches).<\/p>\n\n\n\n<p>Unbeschadet der gesetzlichen Gew\u00e4hrleistungen gem\u00e4\u00df Artikel 1641 ff. des B\u00fcrgerlichen Gesetzbuches und L.211-4 ff. des Verbraucherschutzgesetzbuches genie\u00dfen die auf www.valwicz.com verkauften Artikel eine zweij\u00e4hrige H\u00e4ndlergarantie gegen Konstruktions- oder Materialfehler ab Kaufdatum und gegen Vorlage der Verkaufsrechnung als Nachweis.<\/p>\n\n\n\n<p>Diese Garantie erm\u00f6glicht Ihnen den Zugang zum Kundendienst \u00fcber unsere Kundendienstabteilung. Auch versteckte M\u00e4ngel gem\u00e4\u00df Artikel 1641 des franz\u00f6sischen Zivilgesetzbuches sind von dieser Garantie abgedeckt. Die Garantie gilt jedoch in keinem Fall f\u00fcr Funktionsst\u00f6rungen, Ver\u00e4nderungen, \u00fcberm\u00e4\u00dfigen Verschlei\u00df, Bruch oder sonstige Sch\u00e4den, die eindeutig auf Folgendes zur\u00fcckzuf\u00fchren sind:<\/p>\n\n\n\n<ul class=\"wp-block-list\">\n<li>Schmuck ist von Natur aus zerbrechlich und erfordert daher aufgrund von Missbrauch oder unsachgem\u00e4\u00dfer Pflege eine vorsichtige Behandlung. ;<\/li>\n\n\n\n<li>der Intervention eines von Valwicz nicht beauftragten Bedieners zur Reparatur, Renovierung oder Modifizierung des Gegenstandes; ;<\/li>\n\n\n\n<li>\u00fcbliche Abnutzung, Oxidation oder Patinaver\u00e4nderung aufgrund der Verwendung bestimmter Materialien, die bekannterma\u00dfen von Natur aus ver\u00e4nderlich oder zerbrechlich sind.<\/li>\n<\/ul>\n\n\n\n<p>Im Falle einer Fehlfunktion, Ver\u00e4nderung, eines ungew\u00f6hnlichen Verschlei\u00dfes, Bruchs oder einer anderen Verschlechterung, die durch die oben genannten F\u00e4lle verursacht wird oder nach Ablauf der 2-j\u00e4hrigen Garantiezeit eintritt, beh\u00e4lt sich das Unternehmen das Recht vor, nach Pr\u00fcfung des Antrags zuzustimmen oder abzulehnen, F\u00e4lle abzudecken, die den Kunden nicht zur Inanspruchnahme seiner Garantie berechtigen.<\/p>\n\n\n\n<h4 class=\"wp-block-heading\">ARTIKEL 12 \u2013 ANSPR\u00dcCHE<\/h4>\n\n\n\n<p>Bei Bedarf kann der K\u00e4ufer eine Beschwerde per E-Mail (contact@valwicz.com) oder per Post an Valwicz richten:<br>Jean-Val\u00e9ry Thoraval \u2013 Valwicz 6 rue Guillaume d&#039;Autignac 34070 Montpellier <\/p>\n\n\n\n<p>ARTIKEL 13 \u2013 RECHTE AN GEISTIGEM EIGENTUM<\/p>\n\n\n\n<p>Marken, Domainnamen, Produkte, Software, Bilder, Videos, Texte und allgemein alle Informationen, die dem Schutz des geistigen Eigentums unterliegen, sind und bleiben ausschlie\u00dfliches Eigentum des Verk\u00e4ufers. Durch diese Allgemeinen Gesch\u00e4ftsbedingungen erfolgt keine \u00dcbertragung von Rechten des geistigen Eigentums. Jegliche Vervielf\u00e4ltigung, \u00c4nderung oder Nutzung dieser Inhalte, auch auszugsweise, ist strengstens untersagt.<\/p>\n\n\n\n<h4 class=\"wp-block-heading\">ARTIKEL 14 \u2013 H\u00d6HERE GEWALT<\/h4>\n\n\n\n<p>Die Verpflichtungen des Verk\u00e4ufers aus diesem Vertrag ruhen im Falle h\u00f6herer Gewalt oder unvorhergesehener Ereignisse, die seine Erf\u00fcllung verhindern. Der Verk\u00e4ufer hat den Kunden \u00fcber ein solches Ereignis unverz\u00fcglich zu informieren.<\/p>\n\n\n\n<h4 class=\"wp-block-heading\">ARTIKEL 15 \u2013 NICHTIGKEIT UND \u00c4NDERUNG DES VERTRAGS<\/h4>\n\n\n\n<p>Sollte eine Bestimmung dieses Vertrags f\u00fcr ung\u00fcltig erkl\u00e4rt werden, so ber\u00fchrt dies nicht die G\u00fcltigkeit der \u00fcbrigen Bestimmungen, die weiterhin uneingeschr\u00e4nkt g\u00fcltig bleiben. Vertrags\u00e4nderungen bed\u00fcrfen der Schriftform und der Unterzeichnung durch beide Parteien.<\/p>\n\n\n\n<h4 class=\"wp-block-heading\">ARTIKEL 16 \u2013 DSGVO UND SCHUTZ PERSONENBEZOGENER DATEN<\/h4>\n\n\n\n<p>Gem\u00e4\u00df den europ\u00e4ischen Datenschutzbestimmungen haben Sie das Recht auf Auskunft, Berichtigung, Widerspruch und \u00c4nderung Ihrer personenbezogenen Daten. Mit Ihrer Zustimmung zu diesen Verkaufsbedingungen willigen Sie in die Erhebung und Nutzung dieser Daten zur Vertragserf\u00fcllung ein.<\/p>\n\n\n\n<h4 class=\"wp-block-heading\">ARTIKEL 17 \u2013 ANWENDBARES RECHT<\/h4>\n\n\n\n<p>Alle in diesen Allgemeinen Gesch\u00e4ftsbedingungen enthaltenen Klauseln sowie alle hierin geregelten Kauf- und Verkaufsgesch\u00e4fte unterliegen franz\u00f6sischem Recht.<\/p>","protected":false},"excerpt":{"rendered":"<p>D\u00c9FINITION DES PARTIES Entre la Soci\u00e9t\u00e9 Valwicz,6 rue Guillaume d&rsquo;Autignac 34070 Montpellierrepr\u00e9sent\u00e9e par Jean-Val\u00e9ry THORAVAL (num\u00e9ro de SIRET : 525 234 621 00023)d\u00fbment habilit\u00e9 aux fins des pr\u00e9sentes.La soci\u00e9t\u00e9 peut \u00eatre jointe par e-mail en cliquant sur le formulaire de contact accessible via la page d\u2019accueil du site.Ci-apr\u00e8s le \u00ab Vendeur \u00bb ou la \u00ab Soci\u00e9t\u00e9 \u00bb.D\u2019une part,Et la personne physique ou morale proc\u00e9dant \u00e0 l\u2019achat de produits ou services de la soci\u00e9t\u00e9,Ci-apr\u00e8s, \u00ab l\u2019Acheteur&#8230;<\/p>","protected":false},"author":4,"featured_media":0,"parent":0,"menu_order":0,"comment_status":"closed","ping_status":"closed","template":"","meta":{"sfsi_plus_gutenberg_text_before_share":"","sfsi_plus_gutenberg_show_text_before_share":"","sfsi_plus_gutenberg_icon_type":"","sfsi_plus_gutenberg_icon_alignemt":"","sfsi_plus_gutenburg_max_per_row":"","footnotes":""},"categories":[1312],"tags":[],"class_list":["post-1960","page","type-page","status-publish","hentry","category-francais"],"yoast_head":"<!-- This site is optimized with the Yoast SEO plugin v27.3 - https:\/\/yoast.com\/product\/yoast-seo-wordpress\/ -->\n<title>Conditions g\u00e9n\u00e9rales de vente - Valwicz<\/title>\n<meta name=\"robots\" content=\"noindex, follow\" \/>\n<meta property=\"og:locale\" content=\"de_DE\" \/>\n<meta property=\"og:type\" content=\"article\" \/>\n<meta property=\"og:title\" content=\"Conditions g\u00e9n\u00e9rales de vente - Valwicz\" \/>\n<meta property=\"og:description\" content=\"D\u00c9FINITION DES PARTIES Entre la Soci\u00e9t\u00e9 Valwicz,6 rue Guillaume d&rsquo;Autignac 34070 Montpellierrepr\u00e9sent\u00e9e par Jean-Val\u00e9ry THORAVAL (num\u00e9ro de SIRET : 525 234 621 00023)d\u00fbment habilit\u00e9 aux fins des pr\u00e9sentes.La soci\u00e9t\u00e9 peut \u00eatre jointe par e-mail en cliquant sur le formulaire de contact accessible via la page d\u2019accueil du site.Ci-apr\u00e8s le \u00ab Vendeur \u00bb ou la \u00ab Soci\u00e9t\u00e9 \u00bb.D\u2019une part,Et la personne physique ou morale proc\u00e9dant \u00e0 l\u2019achat de produits ou services de la soci\u00e9t\u00e9,Ci-apr\u00e8s, \u00ab l\u2019Acheteur...\" \/>\n<meta property=\"og:url\" content=\"https:\/\/valwicz.com\/de\/allgemeine-geschaftsbedingungen\/\" \/>\n<meta property=\"og:site_name\" content=\"Valwicz\" \/>\n<meta property=\"article:modified_time\" content=\"2025-11-30T11:36:19+00:00\" \/>\n<meta name=\"twitter:card\" content=\"summary_large_image\" \/>\n<meta name=\"twitter:site\" content=\"@Valwicz_\" \/>\n<script type=\"application\/ld+json\" class=\"yoast-schema-graph\">{\"@context\":\"https:\\\/\\\/schema.org\",\"@graph\":[{\"@type\":\"WebPage\",\"@id\":\"https:\\\/\\\/valwicz.com\\\/conditions-generales-de-vente\\\/\",\"url\":\"https:\\\/\\\/valwicz.com\\\/conditions-generales-de-vente\\\/\",\"name\":\"Conditions g\u00e9n\u00e9rales de vente - Valwicz\",\"isPartOf\":{\"@id\":\"https:\\\/\\\/valwicz.com\\\/#website\"},\"datePublished\":\"2024-10-26T13:53:10+00:00\",\"dateModified\":\"2025-11-30T11:36:19+00:00\",\"breadcrumb\":{\"@id\":\"https:\\\/\\\/valwicz.com\\\/conditions-generales-de-vente\\\/#breadcrumb\"},\"inLanguage\":\"de\",\"potentialAction\":[{\"@type\":\"ReadAction\",\"target\":[\"https:\\\/\\\/valwicz.com\\\/conditions-generales-de-vente\\\/\"]}]},{\"@type\":\"BreadcrumbList\",\"@id\":\"https:\\\/\\\/valwicz.com\\\/conditions-generales-de-vente\\\/#breadcrumb\",\"itemListElement\":[{\"@type\":\"ListItem\",\"position\":1,\"name\":\"Accueil\",\"item\":\"https:\\\/\\\/valwicz.com\\\/\"},{\"@type\":\"ListItem\",\"position\":2,\"name\":\"Conditions g\u00e9n\u00e9rales de vente\"}]},{\"@type\":\"WebSite\",\"@id\":\"https:\\\/\\\/valwicz.com\\\/#website\",\"url\":\"https:\\\/\\\/valwicz.com\\\/\",\"name\":\"Valwicz\",\"description\":\"Audace | El\u00e9gance | D\u00e9sinvolture\",\"publisher\":{\"@id\":\"https:\\\/\\\/valwicz.com\\\/#organization\"},\"potentialAction\":[{\"@type\":\"SearchAction\",\"target\":{\"@type\":\"EntryPoint\",\"urlTemplate\":\"https:\\\/\\\/valwicz.com\\\/?s={search_term_string}\"},\"query-input\":{\"@type\":\"PropertyValueSpecification\",\"valueRequired\":true,\"valueName\":\"search_term_string\"}}],\"inLanguage\":\"de\"},{\"@type\":\"Organization\",\"@id\":\"https:\\\/\\\/valwicz.com\\\/#organization\",\"name\":\"Valwicz\",\"url\":\"https:\\\/\\\/valwicz.com\\\/\",\"logo\":{\"@type\":\"ImageObject\",\"inLanguage\":\"de\",\"@id\":\"https:\\\/\\\/valwicz.com\\\/#\\\/schema\\\/logo\\\/image\\\/\",\"url\":\"https:\\\/\\\/valwicz.com\\\/wp-content\\\/uploads\\\/2024\\\/10\\\/cropped-logo-Valwicz.jpg\",\"contentUrl\":\"https:\\\/\\\/valwicz.com\\\/wp-content\\\/uploads\\\/2024\\\/10\\\/cropped-logo-Valwicz.jpg\",\"width\":500,\"height\":234,\"caption\":\"Valwicz\"},\"image\":{\"@id\":\"https:\\\/\\\/valwicz.com\\\/#\\\/schema\\\/logo\\\/image\\\/\"},\"sameAs\":[\"https:\\\/\\\/x.com\\\/Valwicz_\",\"https:\\\/\\\/www.instagram.com\\\/_valwicz\\\/\",\"https:\\\/\\\/fr.pinterest.com\\\/Valwicz\\\/\",\"https:\\\/\\\/www.tiktok.com\\\/@_valwicz\"]}]}<\/script>\n<!-- \/ Yoast SEO plugin. -->","yoast_head_json":{"title":"Allgemeine Verkaufsbedingungen - Valwicz","robots":{"index":"noindex","follow":"follow"},"og_locale":"de_DE","og_type":"article","og_title":"Conditions g\u00e9n\u00e9rales de vente - Valwicz","og_description":"D\u00c9FINITION DES PARTIES Entre la Soci\u00e9t\u00e9 Valwicz,6 rue Guillaume d&rsquo;Autignac 34070 Montpellierrepr\u00e9sent\u00e9e par Jean-Val\u00e9ry THORAVAL (num\u00e9ro de SIRET : 525 234 621 00023)d\u00fbment habilit\u00e9 aux fins des pr\u00e9sentes.La soci\u00e9t\u00e9 peut \u00eatre jointe par e-mail en cliquant sur le formulaire de contact accessible via la page d\u2019accueil du site.Ci-apr\u00e8s le \u00ab Vendeur \u00bb ou la \u00ab Soci\u00e9t\u00e9 \u00bb.D\u2019une part,Et la personne physique ou morale proc\u00e9dant \u00e0 l\u2019achat de produits ou services de la soci\u00e9t\u00e9,Ci-apr\u00e8s, \u00ab l\u2019Acheteur...","og_url":"https:\/\/valwicz.com\/de\/allgemeine-geschaftsbedingungen\/","og_site_name":"Valwicz","article_modified_time":"2025-11-30T11:36:19+00:00","twitter_card":"summary_large_image","twitter_site":"@Valwicz_","schema":{"@context":"https:\/\/schema.org","@graph":[{"@type":"WebPage","@id":"https:\/\/valwicz.com\/conditions-generales-de-vente\/","url":"https:\/\/valwicz.com\/conditions-generales-de-vente\/","name":"Allgemeine Verkaufsbedingungen - Valwicz","isPartOf":{"@id":"https:\/\/valwicz.com\/#website"},"datePublished":"2024-10-26T13:53:10+00:00","dateModified":"2025-11-30T11:36:19+00:00","breadcrumb":{"@id":"https:\/\/valwicz.com\/conditions-generales-de-vente\/#breadcrumb"},"inLanguage":"de","potentialAction":[{"@type":"ReadAction","target":["https:\/\/valwicz.com\/conditions-generales-de-vente\/"]}]},{"@type":"BreadcrumbList","@id":"https:\/\/valwicz.com\/conditions-generales-de-vente\/#breadcrumb","itemListElement":[{"@type":"ListItem","position":1,"name":"Accueil","item":"https:\/\/valwicz.com\/"},{"@type":"ListItem","position":2,"name":"Conditions g\u00e9n\u00e9rales de vente"}]},{"@type":"WebSite","@id":"https:\/\/valwicz.com\/#website","url":"https:\/\/valwicz.com\/","name":"Valwicz","description":"K\u00fchnheit | Eleganz | Ungezwungenheit","publisher":{"@id":"https:\/\/valwicz.com\/#organization"},"potentialAction":[{"@type":"SearchAction","target":{"@type":"EntryPoint","urlTemplate":"https:\/\/valwicz.com\/?s={search_term_string}"},"query-input":{"@type":"PropertyValueSpecification","valueRequired":true,"valueName":"search_term_string"}}],"inLanguage":"de"},{"@type":"Organization","@id":"https:\/\/valwicz.com\/#organization","name":"Valwicz","url":"https:\/\/valwicz.com\/","logo":{"@type":"ImageObject","inLanguage":"de","@id":"https:\/\/valwicz.com\/#\/schema\/logo\/image\/","url":"https:\/\/valwicz.com\/wp-content\/uploads\/2024\/10\/cropped-logo-Valwicz.jpg","contentUrl":"https:\/\/valwicz.com\/wp-content\/uploads\/2024\/10\/cropped-logo-Valwicz.jpg","width":500,"height":234,"caption":"Valwicz"},"image":{"@id":"https:\/\/valwicz.com\/#\/schema\/logo\/image\/"},"sameAs":["https:\/\/x.com\/Valwicz_","https:\/\/www.instagram.com\/_valwicz\/","https:\/\/fr.pinterest.com\/Valwicz\/","https:\/\/www.tiktok.com\/@_valwicz"]}]}},"_links":{"self":[{"href":"https:\/\/valwicz.com\/de\/wp-json\/wp\/v2\/pages\/1960","targetHints":{"allow":["GET"]}}],"collection":[{"href":"https:\/\/valwicz.com\/de\/wp-json\/wp\/v2\/pages"}],"about":[{"href":"https:\/\/valwicz.com\/de\/wp-json\/wp\/v2\/types\/page"}],"author":[{"embeddable":true,"href":"https:\/\/valwicz.com\/de\/wp-json\/wp\/v2\/users\/4"}],"replies":[{"embeddable":true,"href":"https:\/\/valwicz.com\/de\/wp-json\/wp\/v2\/comments?post=1960"}],"version-history":[{"count":3,"href":"https:\/\/valwicz.com\/de\/wp-json\/wp\/v2\/pages\/1960\/revisions"}],"predecessor-version":[{"id":6788,"href":"https:\/\/valwicz.com\/de\/wp-json\/wp\/v2\/pages\/1960\/revisions\/6788"}],"wp:attachment":[{"href":"https:\/\/valwicz.com\/de\/wp-json\/wp\/v2\/media?parent=1960"}],"wp:term":[{"taxonomy":"category","embeddable":true,"href":"https:\/\/valwicz.com\/de\/wp-json\/wp\/v2\/categories?post=1960"},{"taxonomy":"post_tag","embeddable":true,"href":"https:\/\/valwicz.com\/de\/wp-json\/wp\/v2\/tags?post=1960"}],"curies":[{"name":"wp","href":"https:\/\/api.w.org\/{rel}","templated":true}]}}