{"id":1862,"date":"2024-10-26T00:19:06","date_gmt":"2024-10-25T22:19:06","guid":{"rendered":"https:\/\/valwicz.com\/a-propos-de\/"},"modified":"2026-01-27T12:40:26","modified_gmt":"2026-01-27T11:40:26","slug":"um","status":"publish","type":"page","link":"https:\/\/valwicz.com\/de\/a-propos-de\/","title":{"rendered":"\u00dcber Valwicz"},"content":{"rendered":"<h2 class=\"wp-block-heading\"><strong>Die Geschichte von Valwicz<\/strong><\/h2>\n\n\n\n<p>Seit 1994 ein sich entwickelnder k\u00fcnstlerischer Werdegang: \u00fcber 3D, bildende Kunst, Videoschnitt und Webentwicklung. Im Jahr 2011 markierte eine Faszination f\u00fcr Bambus einen Wendepunkt, der zu einer eingehenden Erforschung seiner M\u00f6glichkeiten f\u00fchrte. Im Jahr 2017 offenbarte eine inspirierende Begegnung das Wesen des Weiblichen und lenkte die k\u00fcnstlerische Vision auf die Kreation einzigartiger Schmuckst\u00fccke.<\/p>\n\n\n\n<h2 class=\"wp-block-heading\"><strong>Vision<\/strong><\/h2>\n\n\n\n<p>Bei Valwicz erz\u00e4hlt jedes Schmuckst\u00fcck eine Geschichte. Inspiriert von der nat\u00fcrlichen Sch\u00f6nheit der Materialien und den Kurven der Weiblichkeit. <\/p>\n\n\n\n<p class=\"darklup-observer--node darklup--observed\" data-start=\"375\" data-end=\"741\">Das geschnitzte Holz tr\u00e4gt bereits eine Erinnerung in sich: die W\u00e4rme der Sonne, die Langsamkeit der Jahreszeiten, die Geduld der Natur. <br class=\"darklup--observed\" \/>Die Steine tragen jedoch Spuren von Erde, Wasser und Feuer. <br class=\"darklup--observed\" \/>Wenn diese beiden Welten aufeinandertreffen, entsteht etwas anderes: ein Objekt, das nicht mehr nur eine Halskette ist, sondern ein Fragment eines Rituals.<\/p>\n<p class=\"darklup-observer--node darklup--observed\" data-start=\"743\" data-end=\"1047\">Der <strong class=\"darklup--observed\" data-start=\"746\" data-end=\"768\">Tempel der Frauen<\/strong>, Es ist kein Ort aus Stein, sondern ein lebendiger Raum, in dem man sich seiner selbst wieder bewusst wird. Eine sanfte St\u00e4rke, eine schlichte Sch\u00f6nheit, eine geerdete Pr\u00e4senz. Valwicz&#039; Kreationen versuchen, diesen unsichtbaren Tempel zu umh\u00fcllen: Sie folgen keinen Trends, sie sind in der Zeitlosigkeit verwurzelt.<\/p>\n<p class=\"darklup-observer--node darklup--observed\" data-start=\"1049\" data-end=\"1236\">Ein Schmuckst\u00fcck von Valwicz zu tragen, ist wie sich mit einem Talisman zu umgeben. Es l\u00e4sst Holz und Stein mit dem eigenen K\u00f6rper in Resonanz treten, wie ein stiller Dialog zwischen dem Sichtbaren und dem Unsichtbaren.<\/p>\n\n\n\n<h2 class=\"wp-block-heading\"><strong>Kreationen<\/strong><\/h2>\n\n\n\n<p>Bei Valwicz vereinen die Halsketten K\u00fchnheit, Eleganz und L\u00e4ssigkeit. Jedes St\u00fcck wird im Atelier von Hand gefertigt, wobei edle Materialien wie Edelholz, Halbedelsteine, nat\u00fcrliche Samen und Kristall verwendet werden. Die Kollektionen gibt es in verschiedenen Formen, darunter :<\/p>\n\n\n\n<ul class=\"wp-block-list\">\n<li><strong>Lavalli\u00e8res&nbsp;<\/strong>: Lange, elegante Halsketten, die das Dekollet\u00e9 betonen.<\/li>\n\n\n\n<li><strong>Halsb\u00e4nder&nbsp;<\/strong>: Halsketten mit Rundhalsausschnitt, die einen modernen und raffinierten Touch verleihen.<\/li>\n\n\n\n<li><strong>Prinzessinnen<\/strong> Authentisch-schicke Halsketten mit einzigartigem und raffiniertem Design, handgefertigte Eleganz.<\/li>\n\n\n\n<li><strong>Krawatte<\/strong>s: Halsketten, die von der traditionellen Krawatte inspiriert sind und einen einzigartigen Look bieten.<\/li>\n\n\n\n<li><strong>Seidenschals<\/strong>&nbsp;Leichte Schals, verziert mit Perlen und Steinen, die Komfort und Stil vereinen.<\/li>\n\n\n\n<li><strong>Neckholder<\/strong> Ma\u00dfgefertigt, abwechselnd filigran und verziert, um den Hals zu betonen.<\/li>\n\n\n\n<li><strong>Lassos<\/strong> Halsketten zur Versch\u00f6nerung Ihres Looks, in einer breiten Palette von Stilen, aus Perlen und Kristallen.<\/li>\n<\/ul>\n\n\n\n<p>Die Kollektion \u00abHolz, Steine und Perlen\u00bb stellt Holzarten wie Ebenholz, Amaranth und Ziricote in den Vordergrund, die mit Steinen wie Jaspis, Granat und H\u00e4matit kombiniert werden. Die Kollektion \u00abSteine und Perlen\u00bb bietet Seidenschals, die mit Steinen wie Glimmer, Pyrit und Obsidian verziert sind.&nbsp;<\/p>\n\n\n\n<h2 class=\"wp-block-heading\"><strong>Die Valwicz-Werkstatt<\/strong><\/h2>\n\n\n\n<p>In dieser Werkstatt geschieht die Magie. Jedes St\u00fcck beginnt mit einer sorgf\u00e4ltigen Auswahl der Materialien:<\/p>\n\n\n\n<ul class=\"wp-block-list\">\n<li><strong>Das Holz<\/strong>, Ausgew\u00e4hlt aufgrund seiner einzigartigen Farben, Dichte und Maserung, wird es sorgf\u00e4ltig bearbeitet, um seine volle Tiefe und seinen Charakter zu offenbaren.<\/li>\n\n\n\n<li><strong>Perlen und Steine<\/strong>, Aneinandergereiht bringen sie Nuancen und Texturen ein, die jede Kreation bereichern.<\/li>\n<\/ul>\n\n\n\n<p>Der kreative Prozess ist ein st\u00e4ndiger Dialog mit dem Material, bei dem jedes Detail z\u00e4hlt. Innovative Verschl\u00fcsse, ob magnetisch oder puzzleartig, erweitern dieses sinnliche Erlebnis durch die Verbindung von \u00c4sthetik und Funktionalit\u00e4t.<\/p>\n\n\n\n<h3 class=\"wp-block-heading\"><strong>Handwerkskunst<\/strong><\/h3>\n\n\n\n<p>Seit Jahren widmet sich Valwicz der Herstellung von handgefertigtem Schmuck, bei dem jedes Detail sorgf\u00e4ltig durchdacht ist, um Authentizit\u00e4t und Eleganz widerzuspiegeln. Ob ma\u00dfgefertigtes Choker-Halsband oder gemeinsam entworfenes Unikat \u2013 wir streben danach, jedes Schmuckst\u00fcck zu einer echten, pers\u00f6nlichen Signatur zu machen.<\/p>\n\n\n\n<h2 class=\"wp-block-heading\"><strong>Valwicz&#039; Philosophie<\/strong><\/h2>\n\n\n\n<p>Ein Glaube an die zeitlose Sch\u00f6nheit nat\u00fcrlicher Materialien und an ihre F\u00e4higkeit, eine Geschichte zu erz\u00e4hlen. Jede Kreation ist eine Einladung, die Harmonie zwischen Natur und Handwerk zu entdecken, und spiegelt eine Verpflichtung zu Authentizit\u00e4t und Qualit\u00e4t wider.<\/p>\n\n\n\n<h2 class=\"wp-block-heading\"><strong>Kontaktieren Sie uns<\/strong><\/h2>\n\n\n\n<p>Valwicz hat seinen Sitz in Montpellier, Frankreich. <br>Bei Fragen oder speziellen W\u00fcnschen z\u00f6gern Sie bitte nicht, uns zu kontaktieren:<\/p>\n\n\n\n<ul class=\"wp-block-list\">\n<li><strong>Telefon<\/strong>&nbsp;+33 6 64 40 46 63<\/li>\n\n\n\n<li><strong>E-Mail<\/strong>&nbsp;:&nbsp;<a href=\"mailto:contact@valwicz.com\" target=\"_blank\" rel=\"noreferrer noopener\">contact@valwicz.com<\/a><\/li>\n\n\n\n<li><strong>Kontaktformular<\/strong>&nbsp;Verf\u00fcgbar auf unserer Seite&nbsp;<a href=\"https:\/\/valwicz.com\/de\/kontakt\/\" target=\"_blank\" rel=\"noreferrer noopener\">Kontakt<\/a><\/li>\n<\/ul>\n\n\n\n<div class=\"wp-block-columns is-layout-flex wp-container-core-columns-is-layout-9d6595d7 wp-block-columns-is-layout-flex\">\n<div class=\"wp-block-column is-layout-flow wp-block-column-is-layout-flow\"><\/div>\n\n\n\n<div class=\"wp-block-column is-vertically-aligned-center is-layout-flow wp-block-column-is-layout-flow\"><div class=\"sfsi_plus_widget\"><div id=\"sfsi_plus_wDiv\"><\/div><div class=\"sfsiplus_norm_row sfsi_plus_wDiv\"  style=\"width:270px;position:absolute;;text-align:center\"><div style='width:40px; height:auto;margin-left:5px;margin-bottom:5px;' class='sfsi_plus_wicons shuffeldiv1'><div class='sfsiplus_inerCnt'><a class='sficn1' data-effect='scale' target='_blank' rel='noopener'  href='https:\/\/valwicz.com\/de\/feed\/'  style='width:40px; height:40px;opacity:1;' ><img alt='RSS' title='RSS' src='https:\/\/valwicz.com\/wp-content\/plugins\/ultimate-social-media-plus\/images\/icons_theme\/thin\/thin_rss.png' width='40' height='40' style='' class='sfcm sfsi_wicon sfsiplusid_round_icon_rss' data-effect='scale'  \/><\/a><\/div><\/div><div style='width:40px; height:auto;margin-left:5px;margin-bottom:5px;' class='sfsi_plus_wicons shuffeldiv1'><div class='sfsiplus_inerCnt'><a class='sficn1' data-effect='scale'   href='javascript:void(0);'  style='width:40px; height:40px;opacity:1;' ><img alt='Pinterest' title='Pinterest' src='https:\/\/valwicz.com\/wp-content\/plugins\/ultimate-social-media-plus\/images\/icons_theme\/thin\/thin_pinterest.png' width='40' height='40' style='' class='sfcm sfsi_wicon sfsiplusid_round_icon_pinterest' data-effect='scale'  \/><\/a><div class=\"sfsi_plus_tool_tip_2 sfsi_plus_printst_tool_bdr sfsi_plus_Tlleft sfsiplusid_pinterest\" style=\"display:block;width:73px;opacity:0;z-index:-1;\"><span class=\"bot_arow bot_pintst_arow\"><\/span><div class=\"sfsi_plus_inside\"><div  class='icon1'><a href='https:\/\/fr.pinterest.com\/Valwicz\/' target='_blank' rel='noopener'><img data-pin-nopin='true' class='sfsi_wicon'  alt='Pinterest' title='Pinterest' src='https:\/\/valwicz.com\/wp-content\/plugins\/ultimate-social-media-plus\/images\/visit_icons\/pinterest.png' \/><\/a><\/div><div  class='icon2'><a data-pin-custom='true' href='https:\/\/www.pinterest.com\/pin\/create\/button\/?url=https:\/\/valwicz.com\/de\/wp-json\/wp\/v2\/pages\/1862' target='_blank' rel='noopener'><img class='sfsi_wicon' data-pin-nopin='true' alt='fb-share-icon' title='Pin Share' src='https:\/\/valwicz.com\/wp-content\/plugins\/ultimate-social-media-plus\/images\/share_icons\/Pinterest_Save\/fr_FR_save.svg' \/><\/a><\/div><\/div><\/div><\/div><\/div><div style='width:40px; height:auto;margin-left:5px;margin-bottom:5px;' class='sfsi_plus_wicons shuffeldiv1'><div class='sfsiplus_inerCnt'><a class='sficn1' data-effect='scale' target='_blank' rel='noopener'  href='https:\/\/www.facebook.com\/profile.php?id=61573895648767'  style='width:40px; height:40px;opacity:1;' ><img alt='Facebook' title='Facebook' src='https:\/\/valwicz.com\/wp-content\/plugins\/ultimate-social-media-plus\/images\/icons_theme\/thin\/thin_fb.png' width='40' height='40' style='' class='sfcm sfsi_wicon sfsiplusid_round_icon_facebook' data-effect='scale'  \/><\/a><div class=\"sfsi_plus_tool_tip_2 sfsi_plus_fb_tool_bdr sfsi_plus_Tlleft sfsiplusid_facebook\" style=\"display:block;width:62px;opacity:0;z-index:-1;\"><span class=\"bot_arow bot_fb_arow\"><\/span><div class=\"sfsi_plus_inside\"><div  class='icon1'><a href='https:\/\/www.facebook.com\/profile.php?id=61573895648767' target='_blank' rel='noopener'><img class='sfsi_plus_wicon' alt='Facebook' title='Facebook' src='https:\/\/valwicz.com\/wp-content\/plugins\/ultimate-social-media-plus\/images\/visit_icons\/Visit_us_fb\/icon_Visit_us_en_US.png'  \/><\/a><\/div><div  class='icon2'><div class=\"fb-like\" data-width=\"180\" data-show-faces=\"false\" data-href=\"https%3A%2F%2Fvalwicz.com%2Fde%2Fwp-json%2Fwp%2Fv2%2Fpages%2F1862%2F\" data-layout=\"button\" data-action=\"like\" data-share=\"false\" ><\/div><\/div><div  class='icon3'><a target='_blank' href='https:\/\/www.facebook.com\/sharer\/sharer.php?u=https%3A%2F%2Fvalwicz.com%2Fde%2Fwp-json%2Fwp%2Fv2%2Fpages%2F1862' style='display:inline-block;'> <img class='sfsi_wicon'  data-pin-nopin='true' width='auto' height='auto' alt='fb-share-icon' title='Facebook Share' src='https:\/\/valwicz.com\/wp-content\/plugins\/ultimate-social-media-plus\/images\/share_icons\/fb_icons\/fr_FR.svg'' \/><\/a><\/div><\/div><\/div><\/div><\/div><div style='width:40px; height:auto;margin-left:5px;margin-bottom:5px;' class='sfsi_plus_wicons shuffeldiv1'><div class='sfsiplus_inerCnt'><a class='sficn1' data-effect='scale' target='_blank' rel='noopener'  href='https:\/\/www.instagram.com\/valwicz__\/'  style='width:40px; height:40px;opacity:1;' ><img alt='Instagram' title='Instagram' src='https:\/\/valwicz.com\/wp-content\/plugins\/ultimate-social-media-plus\/images\/icons_theme\/thin\/thin_instagram.png' width='40' height='40' style='' class='sfcm sfsi_wicon sfsiplusid_round_icon_instagram' data-effect='scale'  \/><\/a><\/div><\/div><div style='width:40px; height:auto;margin-left:5px;margin-bottom:5px;' class='sfsi_plus_wicons shuffeldiv1'><div class='sfsiplus_inerCnt'><a class='sficn1' data-effect='scale' target='_blank' rel='noopener'  href='https:\/\/x.com\/Valwicz_'  style='width:40px; height:40px;opacity:1;' ><img alt='X (Twitter)' title='X (Twitter)' src='https:\/\/valwicz.com\/wp-content\/plugins\/ultimate-social-media-plus\/images\/icons_theme\/thin\/thin_twitter.png' width='40' height='40' style='' class='sfcm sfsi_wicon sfsiplusid_round_icon_twitter' data-effect='scale'  \/><\/a><div class=\"sfsi_plus_tool_tip_2 sfsi_plus_twt_tool_bdr sfsi_plus_Tlleft sfsiplusid_twitter\" style=\"display:block;width:59px;opacity:0;z-index:-1;\"><span class=\"bot_arow bot_twt_arow\"><\/span><div class=\"sfsi_plus_inside\"><style>#sfsi_plus_floater .sfsi_plus_twt_tool_bdr .sfsi_plus_inside{margin-top: -18px;}<\/style><div  class='cstmicon1'><a href='https:\/\/x.com\/Valwicz_' target='_blank' rel='noopener'><img class='sfsi_plus_wicon' alt='Besuchen Sie uns' title='Besuchen Sie uns' src='https:\/\/valwicz.com\/wp-content\/plugins\/ultimate-social-media-plus\/images\/visit_icons\/Visit_us_twitter\/icon_Visit_us_en_US.png'  \/><\/a><\/div><div  class='icon1'><a target='_blank' rel='noopener' href='https:\/\/twitter.com\/intent\/user?screen_name=Valwicz'><img nopin='nopin' width='auto' src='https:\/\/valwicz.com\/wp-content\/plugins\/ultimate-social-media-plus\/images\/share_icons\/Twitter_Follow\/fr_FR_Follow.svg' class='sfsi_premium_wicon' alt='Follow Me' title='Follow Me' style='opacity: 1;''><\/a><\/div><div  class='icon2'><div class='sf_twiter' style='display: inline-block;vertical-align: middle;width: auto;'>\n\t\t\t\t\t\t<a target='_blank' href='https:\/\/x.com\/intent\/post?text=site+de+vente+de+bijou+artisanal%3A+valwicz.com+%23BijouxArtisanal+via%40Valwicz https:\/\/valwicz.com\/de\/wp-json\/wp\/v2\/pages\/1862'style='display:inline-block' >\n\t\t\t\t\t\t\t<img nopin=\"nopin\" width='auto' class='sfsi_plus_wicon' src='https:\/\/valwicz.com\/wp-content\/plugins\/ultimate-social-media-plus\/images\/share_icons\/Twitter_Tweet\/fr_FR_Tweet.svg' alt='Tweet' title='Tweet' >\n\t\t\t\t\t\t<\/a>\n\t\t\t\t\t<\/div><\/div><\/div><\/div><\/div><\/div><div style='width:40px; height:auto;margin-left:5px;margin-bottom:5px;' class='sfsi_plus_wicons shuffeldiv1'><div class='sfsiplus_inerCnt'><a class='sficn1' data-effect='scale' target='_blank' rel='noopener'  href='https:\/\/www.youtube.com\/@Valwicz-Les-Colliers'  style='width:40px; height:40px;opacity:1;' ><img alt='YouTube' title='YouTube' src='https:\/\/valwicz.com\/wp-content\/plugins\/ultimate-social-media-plus\/images\/icons_theme\/thin\/thin_youtube.png' width='40' height='40' style='' class='sfcm sfsi_wicon sfsiplusid_round_icon_youtube' data-effect='scale'  \/><\/a><div class=\"sfsi_plus_tool_tip_2 utube_tool_bdr sfsi_plus_Tlleft sfsiplusid_youtube\" style=\"display:block;width:96px;opacity:0;z-index:-1;\"><span class=\"bot_arow bot_utube_arow\"><\/span><div class=\"sfsi_plus_inside\"><div  class='icon1'><a href='https:\/\/www.youtube.com\/@Valwicz-Les-Colliers'  target='_blank' rel='noopener'><img class='sfsi_plus_wicon' alt='YouTube' title='YouTube' src='https:\/\/valwicz.com\/wp-content\/plugins\/ultimate-social-media-plus\/images\/visit_icons\/youtube.png'  \/><\/a><\/div><div  class='icon2'><div class=\"g-ytsubscribe\" data-channelid=\"UCu4iaWzioeUxGWQGAxdJGeQ\" data-layout=\"default\" data-count=\"hidden\"><\/div><\/div><\/div><\/div><\/div><\/div><\/div><div id=\"sfsi_holder\" class=\"sfsi_plus_holders\" style=\"position: relative; float: left;width:100%;z-index:-1;\"><\/div><script><\/script><div style=\"clear: both;\"><\/div><\/div>\n<\/div>\n\n\n\n<div class=\"wp-block-column is-layout-flow wp-block-column-is-layout-flow\"><\/div>\n<\/div>","protected":false},"excerpt":{"rendered":"<p>L&rsquo;histoire de Valwicz Depuis 1994, un parcours artistique \u00e9volutif : passant par la 3D, les beaux-arts, le montage vid\u00e9o et le d\u00e9veloppement web.&nbsp;En 2011, une fascination pour le bambou a marqu\u00e9 un tournant, menant \u00e0 une exploration approfondie de ses potentialit\u00e9s.&nbsp;En 2017, une rencontre inspirante a r\u00e9v\u00e9l\u00e9 l&rsquo;essence du f\u00e9minin, guidant la vision artistique vers la cr\u00e9ation de bijoux uniques. Vision Chez Valwicz, chaque bijou raconte une histoire. Inspir\u00e9 par la beaut\u00e9 naturelle des mat\u00e9riaux&#8230;<\/p>","protected":false},"author":4,"featured_media":0,"parent":0,"menu_order":1,"comment_status":"closed","ping_status":"closed","template":"","meta":{"sfsi_plus_gutenberg_text_before_share":"","sfsi_plus_gutenberg_show_text_before_share":"","sfsi_plus_gutenberg_icon_type":"","sfsi_plus_gutenberg_icon_alignemt":"","sfsi_plus_gutenburg_max_per_row":"","footnotes":""},"categories":[1312],"tags":[],"class_list":["post-1862","page","type-page","status-publish","hentry","category-francais"],"yoast_head":"<!-- This site is optimized with the Yoast SEO plugin v27.3 - https:\/\/yoast.com\/product\/yoast-seo-wordpress\/ -->\n<title>\u00c0 propos de Valwicz - Valwicz<\/title>\n<meta name=\"robots\" content=\"index, follow, max-snippet:-1, max-image-preview:large, max-video-preview:-1\" \/>\n<link rel=\"canonical\" href=\"https:\/\/valwicz.com\/de\/um\/\" \/>\n<meta property=\"og:locale\" content=\"de_DE\" \/>\n<meta property=\"og:type\" content=\"article\" \/>\n<meta property=\"og:title\" content=\"\u00c0 propos de Valwicz - Valwicz\" \/>\n<meta property=\"og:description\" content=\"L&rsquo;histoire de Valwicz Depuis 1994, un parcours artistique \u00e9volutif : passant par la 3D, les beaux-arts, le montage vid\u00e9o et le d\u00e9veloppement web.&nbsp;En 2011, une fascination pour le bambou a marqu\u00e9 un tournant, menant \u00e0 une exploration approfondie de ses potentialit\u00e9s.&nbsp;En 2017, une rencontre inspirante a r\u00e9v\u00e9l\u00e9 l&rsquo;essence du f\u00e9minin, guidant la vision artistique vers la cr\u00e9ation de bijoux uniques. Vision Chez Valwicz, chaque bijou raconte une histoire. Inspir\u00e9 par la beaut\u00e9 naturelle des mat\u00e9riaux...\" \/>\n<meta property=\"og:url\" content=\"https:\/\/valwicz.com\/de\/um\/\" \/>\n<meta property=\"og:site_name\" content=\"Valwicz\" \/>\n<meta property=\"article:modified_time\" content=\"2026-01-27T11:40:26+00:00\" \/>\n<meta name=\"twitter:card\" content=\"summary_large_image\" \/>\n<meta name=\"twitter:site\" content=\"@Valwicz_\" \/>\n<script type=\"application\/ld+json\" class=\"yoast-schema-graph\">{\"@context\":\"https:\\\/\\\/schema.org\",\"@graph\":[{\"@type\":\"WebPage\",\"@id\":\"https:\\\/\\\/valwicz.com\\\/a-propos-de\\\/\",\"url\":\"https:\\\/\\\/valwicz.com\\\/a-propos-de\\\/\",\"name\":\"\u00c0 propos de Valwicz - Valwicz\",\"isPartOf\":{\"@id\":\"https:\\\/\\\/valwicz.com\\\/#website\"},\"datePublished\":\"2024-10-25T22:19:06+00:00\",\"dateModified\":\"2026-01-27T11:40:26+00:00\",\"breadcrumb\":{\"@id\":\"https:\\\/\\\/valwicz.com\\\/a-propos-de\\\/#breadcrumb\"},\"inLanguage\":\"de\",\"potentialAction\":[{\"@type\":\"ReadAction\",\"target\":[\"https:\\\/\\\/valwicz.com\\\/a-propos-de\\\/\"]}]},{\"@type\":\"BreadcrumbList\",\"@id\":\"https:\\\/\\\/valwicz.com\\\/a-propos-de\\\/#breadcrumb\",\"itemListElement\":[{\"@type\":\"ListItem\",\"position\":1,\"name\":\"Accueil\",\"item\":\"https:\\\/\\\/valwicz.com\\\/\"},{\"@type\":\"ListItem\",\"position\":2,\"name\":\"\u00c0 propos de Valwicz\"}]},{\"@type\":\"WebSite\",\"@id\":\"https:\\\/\\\/valwicz.com\\\/#website\",\"url\":\"https:\\\/\\\/valwicz.com\\\/\",\"name\":\"Valwicz\",\"description\":\"Audace | El\u00e9gance | D\u00e9sinvolture\",\"publisher\":{\"@id\":\"https:\\\/\\\/valwicz.com\\\/#organization\"},\"potentialAction\":[{\"@type\":\"SearchAction\",\"target\":{\"@type\":\"EntryPoint\",\"urlTemplate\":\"https:\\\/\\\/valwicz.com\\\/?s={search_term_string}\"},\"query-input\":{\"@type\":\"PropertyValueSpecification\",\"valueRequired\":true,\"valueName\":\"search_term_string\"}}],\"inLanguage\":\"de\"},{\"@type\":\"Organization\",\"@id\":\"https:\\\/\\\/valwicz.com\\\/#organization\",\"name\":\"Valwicz\",\"url\":\"https:\\\/\\\/valwicz.com\\\/\",\"logo\":{\"@type\":\"ImageObject\",\"inLanguage\":\"de\",\"@id\":\"https:\\\/\\\/valwicz.com\\\/#\\\/schema\\\/logo\\\/image\\\/\",\"url\":\"https:\\\/\\\/valwicz.com\\\/wp-content\\\/uploads\\\/2024\\\/10\\\/cropped-logo-Valwicz.jpg\",\"contentUrl\":\"https:\\\/\\\/valwicz.com\\\/wp-content\\\/uploads\\\/2024\\\/10\\\/cropped-logo-Valwicz.jpg\",\"width\":500,\"height\":234,\"caption\":\"Valwicz\"},\"image\":{\"@id\":\"https:\\\/\\\/valwicz.com\\\/#\\\/schema\\\/logo\\\/image\\\/\"},\"sameAs\":[\"https:\\\/\\\/x.com\\\/Valwicz_\",\"https:\\\/\\\/www.instagram.com\\\/_valwicz\\\/\",\"https:\\\/\\\/fr.pinterest.com\\\/Valwicz\\\/\",\"https:\\\/\\\/www.tiktok.com\\\/@_valwicz\"]}]}<\/script>\n<!-- \/ Yoast SEO plugin. -->","yoast_head_json":{"title":"\u00dcber Valwicz - Valwicz","robots":{"index":"index","follow":"follow","max-snippet":"max-snippet:-1","max-image-preview":"max-image-preview:large","max-video-preview":"max-video-preview:-1"},"canonical":"https:\/\/valwicz.com\/de\/um\/","og_locale":"de_DE","og_type":"article","og_title":"\u00c0 propos de Valwicz - Valwicz","og_description":"L&rsquo;histoire de Valwicz Depuis 1994, un parcours artistique \u00e9volutif : passant par la 3D, les beaux-arts, le montage vid\u00e9o et le d\u00e9veloppement web.&nbsp;En 2011, une fascination pour le bambou a marqu\u00e9 un tournant, menant \u00e0 une exploration approfondie de ses potentialit\u00e9s.&nbsp;En 2017, une rencontre inspirante a r\u00e9v\u00e9l\u00e9 l&rsquo;essence du f\u00e9minin, guidant la vision artistique vers la cr\u00e9ation de bijoux uniques. Vision Chez Valwicz, chaque bijou raconte une histoire. Inspir\u00e9 par la beaut\u00e9 naturelle des mat\u00e9riaux...","og_url":"https:\/\/valwicz.com\/de\/um\/","og_site_name":"Valwicz","article_modified_time":"2026-01-27T11:40:26+00:00","twitter_card":"summary_large_image","twitter_site":"@Valwicz_","schema":{"@context":"https:\/\/schema.org","@graph":[{"@type":"WebPage","@id":"https:\/\/valwicz.com\/a-propos-de\/","url":"https:\/\/valwicz.com\/a-propos-de\/","name":"\u00dcber Valwicz - Valwicz","isPartOf":{"@id":"https:\/\/valwicz.com\/#website"},"datePublished":"2024-10-25T22:19:06+00:00","dateModified":"2026-01-27T11:40:26+00:00","breadcrumb":{"@id":"https:\/\/valwicz.com\/a-propos-de\/#breadcrumb"},"inLanguage":"de","potentialAction":[{"@type":"ReadAction","target":["https:\/\/valwicz.com\/a-propos-de\/"]}]},{"@type":"BreadcrumbList","@id":"https:\/\/valwicz.com\/a-propos-de\/#breadcrumb","itemListElement":[{"@type":"ListItem","position":1,"name":"Accueil","item":"https:\/\/valwicz.com\/"},{"@type":"ListItem","position":2,"name":"\u00c0 propos de Valwicz"}]},{"@type":"WebSite","@id":"https:\/\/valwicz.com\/#website","url":"https:\/\/valwicz.com\/","name":"Valwicz","description":"K\u00fchnheit | Eleganz | Ungezwungenheit","publisher":{"@id":"https:\/\/valwicz.com\/#organization"},"potentialAction":[{"@type":"SearchAction","target":{"@type":"EntryPoint","urlTemplate":"https:\/\/valwicz.com\/?s={search_term_string}"},"query-input":{"@type":"PropertyValueSpecification","valueRequired":true,"valueName":"search_term_string"}}],"inLanguage":"de"},{"@type":"Organization","@id":"https:\/\/valwicz.com\/#organization","name":"Valwicz","url":"https:\/\/valwicz.com\/","logo":{"@type":"ImageObject","inLanguage":"de","@id":"https:\/\/valwicz.com\/#\/schema\/logo\/image\/","url":"https:\/\/valwicz.com\/wp-content\/uploads\/2024\/10\/cropped-logo-Valwicz.jpg","contentUrl":"https:\/\/valwicz.com\/wp-content\/uploads\/2024\/10\/cropped-logo-Valwicz.jpg","width":500,"height":234,"caption":"Valwicz"},"image":{"@id":"https:\/\/valwicz.com\/#\/schema\/logo\/image\/"},"sameAs":["https:\/\/x.com\/Valwicz_","https:\/\/www.instagram.com\/_valwicz\/","https:\/\/fr.pinterest.com\/Valwicz\/","https:\/\/www.tiktok.com\/@_valwicz"]}]}},"_links":{"self":[{"href":"https:\/\/valwicz.com\/de\/wp-json\/wp\/v2\/pages\/1862","targetHints":{"allow":["GET"]}}],"collection":[{"href":"https:\/\/valwicz.com\/de\/wp-json\/wp\/v2\/pages"}],"about":[{"href":"https:\/\/valwicz.com\/de\/wp-json\/wp\/v2\/types\/page"}],"author":[{"embeddable":true,"href":"https:\/\/valwicz.com\/de\/wp-json\/wp\/v2\/users\/4"}],"replies":[{"embeddable":true,"href":"https:\/\/valwicz.com\/de\/wp-json\/wp\/v2\/comments?post=1862"}],"version-history":[{"count":13,"href":"https:\/\/valwicz.com\/de\/wp-json\/wp\/v2\/pages\/1862\/revisions"}],"predecessor-version":[{"id":6861,"href":"https:\/\/valwicz.com\/de\/wp-json\/wp\/v2\/pages\/1862\/revisions\/6861"}],"wp:attachment":[{"href":"https:\/\/valwicz.com\/de\/wp-json\/wp\/v2\/media?parent=1862"}],"wp:term":[{"taxonomy":"category","embeddable":true,"href":"https:\/\/valwicz.com\/de\/wp-json\/wp\/v2\/categories?post=1862"},{"taxonomy":"post_tag","embeddable":true,"href":"https:\/\/valwicz.com\/de\/wp-json\/wp\/v2\/tags?post=1862"}],"curies":[{"name":"wp","href":"https:\/\/api.w.org\/{rel}","templated":true}]}}